{"id":2033810,"date":"2024-02-07T11:34:53","date_gmt":"2024-02-07T09:34:53","guid":{"rendered":"https:\/\/romfilatelia.ro\/magazin\/?post_type=product&#038;p=2033810"},"modified":"2024-02-07T11:34:53","modified_gmt":"2024-02-07T09:34:53","slug":"zodiacul-chinezesc-anul-dragonului-de-lemn","status":"publish","type":"product","link":"https:\/\/romfilatelia.ro\/magazin\/produs\/colectii-anuale\/2024\/zodiacul-chinezesc-anul-dragonului-de-lemn\/","title":{"rendered":"ZODIACUL CHINEZESC.  ANUL DRAGONULUI DE LEMN"},"content":{"rendered":"<p><a href=\"https:\/\/www.romfilatelia.ro\/wp-content\/uploads\/2024\/02\/SITE_mc_Zodiacul-chinezesc-jpg.webp\"><img decoding=\"async\" loading=\"lazy\" class=\"alignleft wp-image-2044128\" src=\"https:\/\/www.romfilatelia.ro\/wp-content\/uploads\/2024\/02\/SITE_mc_Zodiacul-chinezesc-jpg.webp\" alt=\"\" width=\"450\" height=\"472\" \/><\/a>Pentru colec\u021bionarii de m\u0103rci po\u0219tale \u0219i pentru amatorii de previziuni ale destinelor personale, <strong>Romfilatelia<\/strong> introduce \u00een circula\u021bie o emisiune filatelic\u0103 tradi\u021bional\u0103, <strong><em>Zodiacul chinezesc. Anul Dragonului de lemn<\/em><\/strong>, compus\u0103 dintr-o marc\u0103 po\u0219tal\u0103 cu valoarea de <strong>25 lei<\/strong> \u0219i un plic \u201eprima zi\u201d. Emisiunea se va afla la dispozi\u021bia celor doritori \u00eencep\u00e2nd cu data de <em>joi, 8 februarie 2024<\/em>.<\/p>\n<p>Spre deosebire de Zodiacul european, Zodiacul chinezesc corespunde unei perioade de aproximativ un an. Zodiile \u00eencep cu Anul Nou chinezesc, \u00een a doua Lun\u0103 Nou\u0103 dup\u0103 solsti\u021biul de iarn\u0103, de aceea nu este s\u0103rb\u0103torit\u0103 mereu la aceea\u0219i dat\u0103. Este divizat \u00een 12 sec\u021biuni, dar fiecare dintre acestea apar\u021bine unui animal: tigru, iepure, dragon, \u0219arpe, cal, capr\u0103, maimu\u021b\u0103, coco\u0219, c\u00e2ine, porc, \u0219obolan, bou. Un ciclu al Zodiacului chinezesc dureaz\u0103 60 de ani. \u00cen acest timp, toate zodiile trec, pe r\u00e2nd, prin fiecare dintre urm\u0103toarele cinci elemente: metal, ap\u0103, lemn, foc \u0219i p\u0103m\u00e2nt.<\/p>\n<p>Anul Nou chinezesc 2024 \u00eencepe la 10 februarie 2024 \u0219i se \u00eencheie la 28 ianuarie 2025. Este <em>Anul Dragonului de lemn<\/em>.<\/p>\n<p>Dragonul este considerat cel mai puternic semn din zodiacul chinezesc \u0219i este considerat simbol al puterii \u0219i energiei. Elementul lemn, asociat semnului Dragonului, ilustreaz\u0103 \u00eenflorirea \u0219i revigorarea naturii, ini\u021biind o perioad\u0103 a unui \u00eenceput plin de vitalitate. Conform prezicerilor, Anul 2024 va fi caracterizat de aspecte practice \u0219i bog\u0103\u021bie material\u0103.<\/p>\n<p>Dragonul, creatur\u0103 mitologic\u0103, este \u00eenzestrat cu puteri extraordinare \u0219i este perceput \u00een tradi\u021bia chinezeasc\u0103, drept simbol al puterii imperiale \u0219i al principiului masculin, Yang, asociat cu stabilitatea \u0219i fiabilitatea. Drept consecin\u021b\u0103, se anun\u021b\u0103 un an de progres sesizabil \u00een care elementul <em>P\u0103m\u00e2nt<\/em>, nutritiv \u0219i sus\u021bin\u0103tor, va stimula cre\u0219terea \u0219i dezvoltarea.<\/p>\n<p>Anul Dragonului de lemn poate aduce \u0219i provoc\u0103ri, \u00een special, legate de m\u00e2ndrie. De\u0219i inteligent \u0219i creativ, Dragonul, poate deveni sensibil \u0219i \u00eenc\u0103p\u0103\u021b\u00e2nat, \u00eendeosebi \u00een situa\u021bie de conflict.<\/p>\n<p>Copiii n\u0103scu\u021bi \u00een anul 2024 se vor remarca printr-o personalitate puternic\u0103 \u0219i independent\u0103. Ace\u0219ti mici dragoni, \u00eencrez\u0103tori \u0219i curajo\u0219i, nu vor recunoa\u0219te autoritatea, baz\u00e2ndu-se doar pe fapte \u0219i vor fi eviden\u021bia\u021bi pentru curiozitatea lor, abilitatea de a aplana st\u0103ri conflictuale \u0219i lipsa de team\u0103 \u00een fa\u021ba concuren\u021bei.<\/p>\n<p>Potrivit astrologilor, Anul 2024 va oferi fiec\u0103ruia \u0219ansa de a-\u0219i sim\u021bi propria for\u021b\u0103 \u0219i de a participa la evenimente de amploare, \u00eentr-o lume reg\u0103sit\u0103 \u00eentr-un mediu de progres vizibil \u00een toate domeniile vie\u021bii la care ad\u0103ug\u0103m o \u00eendeplinit\u0103 speran\u021b\u0103 de pace \u0219i concordie.<\/p>\n<p><a href=\"https:\/\/www.romfilatelia.ro\/wp-content\/uploads\/2024\/02\/caract_Zodiac-Chinezesc_Dragonul-de-lemn-jpg.webp\"><img decoding=\"async\" loading=\"lazy\" class=\"alignnone size-full wp-image-2044121\" src=\"https:\/\/www.romfilatelia.ro\/wp-content\/uploads\/2024\/02\/caract_Zodiac-Chinezesc_Dragonul-de-lemn-jpg.webp\" alt=\"\" width=\"1757\" height=\"1185\" \/><\/a><\/p>\n","protected":false},"excerpt":{"rendered":"<p>Pentru colec\u021bionarii de m\u0103rci po\u0219tale \u0219i pentru amatorii de previziuni ale destinelor personale, Romfilatelia introduce \u00een circula\u021bie o emisiune filatelic\u0103 tradi\u021bional\u0103, Zodiacul chinezesc. Anul Dragonului de lemn, compus\u0103 dintr-o marc\u0103 po\u0219tal\u0103 cu valoarea de 25 lei \u0219i un plic \u201eprima zi\u201d. Emisiunea se va afla la dispozi\u021bia celor doritori \u00eencep\u00e2nd cu data de joi, 8&hellip;&nbsp;<a href=\"https:\/\/romfilatelia.ro\/magazin\/produs\/colectii-anuale\/2024\/zodiacul-chinezesc-anul-dragonului-de-lemn\/\" class=\"\" rel=\"bookmark\">Cite\u0219te mai mult &raquo;<span class=\"screen-reader-text\">ZODIACUL CHINEZESC.  ANUL DRAGONULUI DE LEMN<\/span><\/a><\/p>\n","protected":false},"featured_media":2033816,"template":"","meta":{"neve_meta_sidebar":"","neve_meta_container":"","neve_meta_enable_content_width":"off","neve_meta_content_width":100,"neve_meta_title_alignment":"","neve_meta_author_avatar":"","neve_post_elements_order":"","neve_meta_disable_header":"","neve_meta_disable_footer":"","neve_meta_disable_title":""},"product_cat":[333,6],"product_tag":[],"_links":{"self":[{"href":"https:\/\/romfilatelia.ro\/magazin\/wp-json\/wp\/v2\/product\/2033810"}],"collection":[{"href":"https:\/\/romfilatelia.ro\/magazin\/wp-json\/wp\/v2\/product"}],"about":[{"href":"https:\/\/romfilatelia.ro\/magazin\/wp-json\/wp\/v2\/types\/product"}],"wp:featuredmedia":[{"embeddable":true,"href":"https:\/\/romfilatelia.ro\/magazin\/wp-json\/wp\/v2\/media\/2033816"}],"wp:attachment":[{"href":"https:\/\/romfilatelia.ro\/magazin\/wp-json\/wp\/v2\/media?parent=2033810"}],"wp:term":[{"taxonomy":"product_cat","embeddable":true,"href":"https:\/\/romfilatelia.ro\/magazin\/wp-json\/wp\/v2\/product_cat?post=2033810"},{"taxonomy":"product_tag","embeddable":true,"href":"https:\/\/romfilatelia.ro\/magazin\/wp-json\/wp\/v2\/product_tag?post=2033810"}],"curies":[{"name":"wp","href":"https:\/\/api.w.org\/{rel}","templated":true}]}}