{"id":2033763,"date":"2024-01-25T22:31:32","date_gmt":"2024-01-25T20:31:32","guid":{"rendered":"https:\/\/romfilatelia.ro\/magazin\/?post_type=product&#038;p=2033763"},"modified":"2024-01-26T11:48:15","modified_gmt":"2024-01-26T09:48:15","slug":"mari-artisti-romani-ion-alin-gheorghiu","status":"publish","type":"product","link":"https:\/\/romfilatelia.ro\/magazin\/produs\/colectii-anuale\/2024\/mari-artisti-romani-ion-alin-gheorghiu\/","title":{"rendered":"MARI ARTI\u0218TI ROM\u00c2NI. ION ALIN GHEORGHIU"},"content":{"rendered":"<p><strong><a href=\"https:\/\/www.romfilatelia.ro\/wp-content\/uploads\/2024\/01\/SITE_mc_Mari-artisti-romani-jpg.webp\"><img decoding=\"async\" loading=\"lazy\" class=\"alignleft wp-image-2043986\" src=\"https:\/\/www.romfilatelia.ro\/wp-content\/uploads\/2024\/01\/SITE_mc_Mari-artisti-romani-jpg.webp\" alt=\"\" width=\"450\" height=\"490\" \/><\/a>Romfilatelia<\/strong> ofer\u0103 colec\u021bionarilor pasiona\u021bi \u0219i marelui public, o emisiune de m\u0103rci po\u0219tale av\u00e2nd ca subiect <em>pictura<\/em>, compus\u0103 din 3 timbre, o coli\u021b\u0103 filatelic\u0103 \u0219i un plic \u201eprima zi\u201d. Imaginile reproduc lucr\u0103ri apar\u021bin\u00e2nd unui mare artist rom\u00e2n, Ion Alin Gheorghiu. Sub titlul <strong><em>\u201eMari arti\u0219ti rom\u00e2ni. Ion Alin Gheorghiu\u201d<\/em><\/strong> emisiunea va fi introdus\u0103 \u00een circula\u021bie <em>vineri, 26 ianuarie a.c<\/em>.<\/p>\n<p>Unul dintre cei mai importan\u021bi arti\u0219ti postmoderni\u0219ti, Ion Gheorghiu, (1929-2001), Alin pentru prieteni, timp de 45 de ani s-a impus \u00een elita plasticii rom\u00e2ne\u0219ti \u0219i interna\u021bionale, exprim\u00e2ndu-se \u00een pictur\u0103, sculptur\u0103, art\u0103 decorativ\u0103 \u0219i, c\u00e2teodat\u0103, \u00een scris. A fost membru titular al Academiei Rom\u00e2ne.<\/p>\n<p>Un artist original, pentru care talentul \u00eenseamn\u0103, \u00eenainte de toate, o mare r\u0103spundere, inteligent \u0219i cultivat, harnic \u0219i laborios, cu o necru\u021b\u0103toare disciplin\u0103 a lucrului zilnic (\u201eInspira\u021bia, dac\u0103 exist\u0103, trebuie s\u0103 te g\u0103seasc\u0103 la \u0219evalet cu pensula \u00een m\u00e2n\u0103\u201d) folosind numai, mijloace tradi\u021bionale, a dezvoltat o tehnic\u0103 des\u0103v\u00e2r\u0219it\u0103 de glasiuri, frotiuri, suprapuneri savante \u2013 un centimetru p\u0103trat din oricare p\u00e2nz\u0103 a sa e o nestemat\u0103. A trecut natural de la figurativ la non-figurativ, treptat, f\u0103r\u0103 salturi surprinz\u0103toare, fiecare etap\u0103 din crea\u021bia sa fiind la fel de cuceritoare \u0219i recognoscibil\u0103.<\/p>\n<p>Lucr\u0103rile lui Alin Gheorghiu confer\u0103 imaginilor un permanent nimb de noutate, surprinz\u0103toare. \u201eLabirintul\u201d p\u00e2nzelor sale scoate \u00een eviden\u021b\u0103, simultan misterul \u0219i calea. Ca orice mare artist, Alin Gheorghiu este greu de \u00eencadrat didactic. E original f\u0103r\u0103 ostenta\u021bie, e cultivat stilistic \u0219i istoric. Arta lui Gheorghiu este greu de definit. E de admirat, de savurat ca o c\u0103l\u0103uz\u0103 \u00een miracolul vizualit\u0103\u021bii.<\/p>\n<p>Art\u0103 care nu descrie, ci reface, pictura lui Gheorghiu, generic denumit\u0103, de la o vreme (1970) <strong>GR\u0102DINA SUSPENDAT\u0102<\/strong>, unde morfologii \u0219i forme naturale \u2013 s\u0103m\u00e2n\u021b\u0103, floare, fruct \u2013 explodeaz\u0103 \u00een deform\u0103ri de structuri antren\u00e2nd concentric unde de propagare infinit reverberate, se adun\u0103 mai apoi, dup\u0103 1985, \u00een <strong>COMPOZI\u021aII<\/strong> f\u0103r\u0103 titlu, alc\u0103tuiri organice din acelea\u0219i forme-arhetip adunate \u00eentr-un tot unitar, cu sentiment sacru, o variant\u0103 a muntelui ca imagine a lumii, ca imagine a leg\u0103turii p\u0103m\u00e2nt-cer. Aceast\u0103 serie inspirat\u0103 de icoana Maicii Domnului \u0219i de interpret\u0103rile sale dup\u0103 portretele pictorului italian Giuseppe Arcimboldo, f\u0103r\u0103 voin\u021ba pictorului, au c\u0103p\u0103tat \u00een timp numele de MADONE. Filia\u021bia din icoan\u0103 pe sticl\u0103 e o eviden\u021b\u0103 nu numai prin cromatic\u0103, c\u00e2t \u0219i prin desenul prezent mereu, osatur\u0103 coordonatoare a formelor sale. Candoarea umilului iconar anonim, \u201eb\u0103t\u0103ile lui de inim\u0103\u201d, se simt \u00een pictura lui Gheorghiu, auresc imaginea cu lirism \u0219i armonie.<\/p>\n<p>Sculpturile \u2013 <strong>HIMERE<\/strong> \u2013 un \u00eendr\u0103zne\u021b salt \u00een spa\u021biu, nu \u00eemplinesc numai ideea fundamental\u0103 a formelor picturale, ci tr\u0103iesc cu o for\u021b\u0103 monumental\u0103 neobi\u0219nuit\u0103. Ion Alin Gheorghiu nu poate fi \u00eencadrat \u00een niciun curent, printr-o oper\u0103 de o vastitate cople\u0219itoare el a zidit o lume paralel\u0103, credibil\u0103, o alt\u0103 realitate bazat\u0103 pe legi precise, ruptur\u0103 \u0219i echilibru.<\/p>\n<p>M\u0103rcile po\u0219tale cu valorile de <strong>2 lei<\/strong> \u0219i <strong>4 lei<\/strong> reproduc dou\u0103 picturi apar\u021bin\u00e2nd unui concept artistic personal cunoscut ca domeniul \u201egr\u0103dinilor suspendate\u201d. Marca po\u0219tal\u0103 cu valoarea nominal\u0103 de <strong>22 lei<\/strong>, reproduce o pictur\u0103 cunoscut\u0103 sub denumirea \u201eCompozi\u021bie\u201d. Marca po\u0219tal\u0103 a coli\u021bei filatelice cu valoarea nominal\u0103 <strong>de 33 lei<\/strong> reproduce o sculptur\u0103 a lui Ion Alin Gheorghiu, intitulat\u0103 \u201eHimera\u201d. Plicul \u201eprima zi\u201d prezint\u0103 o compozi\u021bie care \u00eembin\u0103 imaginea portretului pictorului cu o crea\u021bie artistic\u0103 reprezentativ\u0103 pentru stilul caracteristic lucr\u0103rilor sale.<\/p>\n<p><em>Romfilatelia mul\u021bume\u0219te doamnei Anamaria Smigelschi, so\u021bia pictorului, pentru sprijinul documentar acordat la realizarea acestei emisiuni de m\u0103rci po\u0219tale.<\/em><\/p>\n<p><a href=\"https:\/\/www.romfilatelia.ro\/wp-content\/uploads\/2024\/01\/caract_Mari-artisti-romani_Ion-ALin-Gheorghiu-jpg.webp\"><img decoding=\"async\" loading=\"lazy\" class=\"aligncenter wp-image-2043987 size-full\" src=\"https:\/\/www.romfilatelia.ro\/wp-content\/uploads\/2024\/01\/caract_Mari-artisti-romani_Ion-ALin-Gheorghiu-jpg.webp\" alt=\"\" width=\"1749\" height=\"1140\" \/><\/a><\/p>\n","protected":false},"excerpt":{"rendered":"<p>Romfilatelia ofer\u0103 colec\u021bionarilor pasiona\u021bi \u0219i marelui public, o emisiune de m\u0103rci po\u0219tale av\u00e2nd ca subiect pictura, compus\u0103 din 3 timbre, o coli\u021b\u0103 filatelic\u0103 \u0219i un plic \u201eprima zi\u201d. Imaginile reproduc lucr\u0103ri apar\u021bin\u00e2nd unui mare artist rom\u00e2n, Ion Alin Gheorghiu. Sub titlul \u201eMari arti\u0219ti rom\u00e2ni. Ion Alin Gheorghiu\u201d emisiunea va fi introdus\u0103 \u00een circula\u021bie vineri, 26&hellip;&nbsp;<a href=\"https:\/\/romfilatelia.ro\/magazin\/produs\/colectii-anuale\/2024\/mari-artisti-romani-ion-alin-gheorghiu\/\" class=\"\" rel=\"bookmark\">Cite\u0219te mai mult &raquo;<span class=\"screen-reader-text\">MARI ARTI\u0218TI ROM\u00c2NI. ION ALIN GHEORGHIU<\/span><\/a><\/p>\n","protected":false},"featured_media":2033767,"template":"","meta":{"neve_meta_sidebar":"","neve_meta_container":"","neve_meta_enable_content_width":"off","neve_meta_content_width":100,"neve_meta_title_alignment":"","neve_meta_author_avatar":"","neve_post_elements_order":"","neve_meta_disable_header":"","neve_meta_disable_footer":"","neve_meta_disable_title":""},"product_cat":[333,6],"product_tag":[],"_links":{"self":[{"href":"https:\/\/romfilatelia.ro\/magazin\/wp-json\/wp\/v2\/product\/2033763"}],"collection":[{"href":"https:\/\/romfilatelia.ro\/magazin\/wp-json\/wp\/v2\/product"}],"about":[{"href":"https:\/\/romfilatelia.ro\/magazin\/wp-json\/wp\/v2\/types\/product"}],"wp:featuredmedia":[{"embeddable":true,"href":"https:\/\/romfilatelia.ro\/magazin\/wp-json\/wp\/v2\/media\/2033767"}],"wp:attachment":[{"href":"https:\/\/romfilatelia.ro\/magazin\/wp-json\/wp\/v2\/media?parent=2033763"}],"wp:term":[{"taxonomy":"product_cat","embeddable":true,"href":"https:\/\/romfilatelia.ro\/magazin\/wp-json\/wp\/v2\/product_cat?post=2033763"},{"taxonomy":"product_tag","embeddable":true,"href":"https:\/\/romfilatelia.ro\/magazin\/wp-json\/wp\/v2\/product_tag?post=2033763"}],"curies":[{"name":"wp","href":"https:\/\/api.w.org\/{rel}","templated":true}]}}