{"id":2033430,"date":"2023-11-10T11:12:35","date_gmt":"2023-11-10T09:12:35","guid":{"rendered":"https:\/\/romfilatelia.ro\/magazin\/?post_type=product&#038;p=2033430"},"modified":"2023-11-10T11:12:36","modified_gmt":"2023-11-10T09:12:36","slug":"muzeul-national-peles-colectii","status":"publish","type":"product","link":"https:\/\/romfilatelia.ro\/magazin\/produs\/colectii-anuale\/2023\/muzeul-national-peles-colectii\/","title":{"rendered":"MUZEUL NA\u021aIONAL PELE\u0218. COLEC\u021aII"},"content":{"rendered":"<p><strong><a href=\"https:\/\/www.romfilatelia.ro\/wp-content\/uploads\/2023\/11\/SITE_mc_Colectii-Pelesului_3-jpg.webp\"><img decoding=\"async\" loading=\"lazy\" class=\"alignleft wp-image-2043533\" src=\"https:\/\/www.romfilatelia.ro\/wp-content\/uploads\/2023\/11\/SITE_mc_Colectii-Pelesului_3-jpg.webp\" alt=\"\" width=\"500\" height=\"674\" \/><\/a>Romfilatelia<\/strong> dedic\u0103 un nou proiect filatelic bogatului patrimoniu muzeal din Rom\u00e2nia, introduc\u00e2nd \u00een circula\u021bie, <em>vineri, 10 noiembrie 2023<\/em>, emisiunea de m\u0103rci po\u0219tale <strong><em>Muzeul Na\u021bional Pele\u0219. Colec\u021bii<\/em><\/strong>, alc\u0103tuit\u0103 din 4 timbre, 2 plicuri \u201eprima zi\u201d \u0219i un set de 4 c\u0103r\u021bi po\u0219tale maxime pentru pasiona\u021bii de maximafilie.<\/p>\n<p>Cele patru timbre ale emisiunii ilustreaz\u0103 piese reprezentative, de mare valoare artistic\u0103, din colec\u021biile Muzeului Na\u021bional Pele\u0219.<\/p>\n<p>Colec\u021bia de orologerie a muzeului Na\u021bional Pele\u0219 este alc\u0103tuit\u0103 din peste cincizeci de piese, variate ca tipologie, acoperind o gam\u0103 larg\u0103 de modele, de la ceasurile pendule \u2013 de podea sau de perete \u2013 p\u00e2n\u0103 la ceasurile-cartel, ceasurile de consol\u0103, de \u0219emineu \u0219i de mas\u0103, ceasuri de\u0219tept\u0103toare \u0219i de buzunar.<\/p>\n<p>Ceasul de mas\u0103 cu pendul de pe biroul cabinetului de lucru al regelui Carol I a fost fabricat \u00een Germania, la sf\u00e2r\u0219itul secolului al XIX-lea.<\/p>\n<p>De\u0219i fidel tradi\u021biei germane, sub semnul c\u0103reia a a\u0219ezat \u00eentregul proiect arhitectonic \u0219i decorativ al re\u0219edin\u021bei de var\u0103 de la Sinaia, regele Carol I a abordat, \u00een materie de orologerie, produc\u021bia \u201enobil\u0103\u201d a epocii, piesele \u201ede Curte\u201d, mai precis, acele tipologii inspirate de recuren\u021ba modelelor istoriste.<\/p>\n<p>\u00cen cadrul colec\u021biei, un segment important \u00eel reprezint\u0103 cele zece ceasuri fran\u021buze\u0219ti, variate ca material, cu carcase elegante, realizate \u00een stiluri diverse. Unul dintre ele este ceasul de mas\u0103 din bronz aurit \u0219i marmur\u0103, pe al c\u0103rui mecanism apare marca firmei de orologerie \u0219i inscrip\u021bia \u201eSamuel Marti. Medaille d\u2019or. Paris. 1900\u201d (timbrul cu valoarea nominal\u0103 de <strong>3,10 lei<\/strong>).<\/p>\n<p>Un ceas de mas\u0103 cu pendul, aflat \u00een colec\u021bie, cunoscut ca \u201eamora\u0219ul\u201d, datorit\u0103 personajului statuar din bronz, \u00eembin\u0103 \u00een ansamblul s\u0103u bronzul auriu rafinat cu marmura \u0219i emailul. Apar\u021bine sf\u00e2r\u0219itului celui de al XIX-lea secol \u0219i a fost realizat \u00eentr-un atelier englez din Londra (timbrul cu valoarea nominal\u0103 de <strong>4,70 lei<\/strong>).<\/p>\n<p>Muzeul Na\u021bional Pele\u0219 de\u021bine \u00een patrimoniul s\u0103u de orologerie un interesant serviciu de \u0219emineu, unic ca abordare stilistic\u0103, oper\u0103 a atelierului Commun &amp; Manceau din Paris. Inspirat de stilul <em>retour d\u2019Egypte<\/em>, ceasul din metal comun \u0219i soclu de marmur\u0103 neagr\u0103 are corp piramidal, sprijinit de doi sfinc\u0219i adosa\u021bi, \u0219i este decorat cu zeit\u0103\u021bi, animale sacre \u0219i hieroglife egiptene (timbrul cu valoarea nominal\u0103 de <strong>9 lei<\/strong>).<\/p>\n<p>Ceasul francez din bronz aurit, din budoarul reginei Elisabeta, este o pies\u0103 elegant\u0103, cu cadran circular, pe care \u00ee\u0219i sprijin\u0103 m\u00e2na dreapt\u0103, ce \u021bine gra\u021bios un r\u0103va\u0219, personajul feminin \u00eenve\u0219m\u00e2ntat \u00een costum din epoca <em>Louis-Philippe<\/em> (1830-1848) (timbrul cu valoarea nominal\u0103 de <strong>22 lei<\/strong>).<\/p>\n<p><em>Romfilatelia mul\u021bume\u0219te domnului director Narcis-Dorin Ion \u0219i echipei de documentare a Muzeului Na\u021bional Pele\u0219 pentru sprijinul oferit la realizarea acestei emisiuni de m\u0103rci po\u0219tale.<\/em><\/p>\n<p><a href=\"https:\/\/www.romfilatelia.ro\/wp-content\/uploads\/2023\/11\/caract_Colectii-Pelesului_3-jpg.webp\"><img decoding=\"async\" loading=\"lazy\" class=\"aligncenter size-full wp-image-2043534\" src=\"https:\/\/www.romfilatelia.ro\/wp-content\/uploads\/2023\/11\/caract_Colectii-Pelesului_3-jpg.webp\" alt=\"\" width=\"1662\" height=\"1143\" \/><\/a><\/p>\n","protected":false},"excerpt":{"rendered":"<p>Romfilatelia dedic\u0103 un nou proiect filatelic bogatului patrimoniu muzeal din Rom\u00e2nia, introduc\u00e2nd \u00een circula\u021bie, vineri, 10 noiembrie 2023, emisiunea de m\u0103rci po\u0219tale Muzeul Na\u021bional Pele\u0219. Colec\u021bii, alc\u0103tuit\u0103 din 4 timbre, 2 plicuri \u201eprima zi\u201d \u0219i un set de 4 c\u0103r\u021bi po\u0219tale maxime pentru pasiona\u021bii de maximafilie. Cele patru timbre ale emisiunii ilustreaz\u0103 piese reprezentative, de&hellip;&nbsp;<a href=\"https:\/\/romfilatelia.ro\/magazin\/produs\/colectii-anuale\/2023\/muzeul-national-peles-colectii\/\" class=\"\" rel=\"bookmark\">Cite\u0219te mai mult &raquo;<span class=\"screen-reader-text\">MUZEUL NA\u021aIONAL PELE\u0218. COLEC\u021aII<\/span><\/a><\/p>\n","protected":false},"featured_media":2033434,"template":"","meta":{"neve_meta_sidebar":"","neve_meta_container":"","neve_meta_enable_content_width":"off","neve_meta_content_width":100,"neve_meta_title_alignment":"","neve_meta_author_avatar":"","neve_post_elements_order":"","neve_meta_disable_header":"","neve_meta_disable_footer":"","neve_meta_disable_title":""},"product_cat":[330,6],"product_tag":[],"_links":{"self":[{"href":"https:\/\/romfilatelia.ro\/magazin\/wp-json\/wp\/v2\/product\/2033430"}],"collection":[{"href":"https:\/\/romfilatelia.ro\/magazin\/wp-json\/wp\/v2\/product"}],"about":[{"href":"https:\/\/romfilatelia.ro\/magazin\/wp-json\/wp\/v2\/types\/product"}],"wp:featuredmedia":[{"embeddable":true,"href":"https:\/\/romfilatelia.ro\/magazin\/wp-json\/wp\/v2\/media\/2033434"}],"wp:attachment":[{"href":"https:\/\/romfilatelia.ro\/magazin\/wp-json\/wp\/v2\/media?parent=2033430"}],"wp:term":[{"taxonomy":"product_cat","embeddable":true,"href":"https:\/\/romfilatelia.ro\/magazin\/wp-json\/wp\/v2\/product_cat?post=2033430"},{"taxonomy":"product_tag","embeddable":true,"href":"https:\/\/romfilatelia.ro\/magazin\/wp-json\/wp\/v2\/product_tag?post=2033430"}],"curies":[{"name":"wp","href":"https:\/\/api.w.org\/{rel}","templated":true}]}}