{"id":2033350,"date":"2023-10-23T08:41:46","date_gmt":"2023-10-23T06:41:46","guid":{"rendered":"https:\/\/romfilatelia.ro\/magazin\/?post_type=product&#038;p=2033350"},"modified":"2023-10-23T08:41:47","modified_gmt":"2023-10-23T06:41:47","slug":"artisti-romani-contemporani-stefan-caltia","status":"publish","type":"product","link":"https:\/\/romfilatelia.ro\/magazin\/produs\/colectii-anuale\/2023\/artisti-romani-contemporani-stefan-caltia\/","title":{"rendered":"ARTI\u0218TI ROM\u00c2NI CONTEMPORANI.  \u0218TEFAN C\u00c2L\u021aIA"},"content":{"rendered":"<p><strong><a href=\"https:\/\/www.romfilatelia.ro\/wp-content\/uploads\/2023\/10\/SITE_mc_Caltia-jpg.webp\"><img decoding=\"async\" loading=\"lazy\" class=\"alignleft wp-image-2043371\" src=\"https:\/\/www.romfilatelia.ro\/wp-content\/uploads\/2023\/10\/SITE_mc_Caltia-jpg.webp\" alt=\"\" width=\"500\" height=\"460\" \/><\/a>Romfilatelia<\/strong> introduce \u00een circula\u021bie <em>luni, 23 octombrie 2023<\/em>, emisiunea de m\u0103rci po\u0219tale <strong><em>Arti\u0219ti rom\u00e2ni contemporani. \u0218tefan C\u00e2l\u021bia<\/em><\/strong>, aduc\u00e2nd \u00een aten\u021bia colec\u021bionarilor \u0219i iubitorilor de frumos, unul dintre cei mai importan\u021bi creatori de art\u0103 ai momentului.<\/p>\n<p>Biografia lui \u0218tefan C\u00e2l\u021bia se reflect\u0103 \u00een activitatea sa artistic\u0103 prin apartenen\u021ba la loc, formare \u0219i educa\u021bie. \u0218tefan C\u00e2l\u021bia se na\u0219te \u00een 15 mai 1942 \u00een Bra\u0219ov \u0219i este cel de-al doilea copil din cei \u0219ase ai Paraschivei \u0219i ai lui Aurel. \u00cen 1944, familia se mut\u0103 \u00een F\u0103g\u0103ra\u0219, a\u0219adar copil\u0103ria \u0219i-o petrece adesea \u00een \u0218ona, \u00een casa de l\u00e2ng\u0103 biseric\u0103, la bunica Eudochia.<\/p>\n<p>Forma\u021bia artistic\u0103 a pictorului este cl\u0103dit\u0103 la Liceul de Arte Plastice \u0219i Muzic\u0103 din Timi\u0219oara, av\u00e2ndu-l ca profesor pe graficianul Julius Podlipny (1955-1963), respectiv sub \u00eendrumarea lui Corneliu Baba \u00een cadrul Institutului de Arte Plastice \u201eNicolae Grigorescu\u201d (1964-1970). Din anul 1992, \u0218tefan C\u00e2l\u021bia devine profesor la Academia de Arte din Bucure\u0219ti, la sec\u021bia de pictur\u0103, \u00eempreun\u0103 cu al\u021bi colegi de breasl\u0103. \u00cen perioada 1992-1996 este decan al Facult\u0103\u021bii de Arte Plastice, iar dup\u0103 1996, \u0219ef al Catedrei de Pictur\u0103 din cadrul aceleia\u0219i universit\u0103\u021bi.<\/p>\n<p>Odat\u0103 cu \u00eenfiin\u021barea \u201eGaleriei Posibil\u0103\u201d la \u00eenceputul anilor 2000, desf\u0103\u0219oar\u0103 o serie de expozi\u021bii \u00een muzeele de art\u0103 din \u021bar\u0103, \u0219i nu numai (Bucure\u0219ti, Timi\u0219oara, Ia\u0219i, Cluj, Chi\u0219in\u0103u etc.). Din anul 2013, artistul este implicat, al\u0103turi de \u201eGaleria Posibil\u0103\u201d \u0219i Asocia\u021bia S\u0103teasc\u0103 \u201e\u0218ona Noastr\u0103\u201d, \u00een \u00eent\u0103rirea comunit\u0103\u021bii din satul \u0218ona.<\/p>\n<p>Lucr\u0103rile lui \u0218tefan C\u00e2l\u021bia evoc\u0103 farmecul ordinii lume\u0219ti a lucrurilor. Frumuse\u021bea albastrului pe care pictorul \u00eel z\u0103re\u0219te pe dealurile copil\u0103riei transpare \u0219i \u00een lucr\u0103rile sale. Casa p\u0103rin\u021bilor, precum \u0219i alte monumente arhitecturale ridicate \u00een \u0218ona, devin un motiv major \u00een pictura lui C\u00e2l\u021bia: \u201eCasa e locul t\u0103u, locul \u00een care te sim\u021bi ocrotit pentru c\u0103 e\u0219ti \u00eenconjurat de obiecte, dar mai ales \u00een casa ta e\u0219ti \u00eenconjurat de visele tale.\u201d <strong><em>\u0218ura albastr\u0103<\/em><\/strong>, pictur\u0103 reprodus\u0103 pe timbrul cu valoarea nominal\u0103 de <strong>3,50 lei, <\/strong>ocup\u0103 un loc aparte, \u00een Casa albastr\u0103 de la \u0218ona, F\u0103g\u0103ra\u0219.<\/p>\n<p>\u00cen lucrarea <strong><em>Cer alb <\/em><\/strong>(2016), reprodus\u0103 pe marca po\u0219tal\u0103 cu valoarea nominal\u0103 de <strong>35 lei <\/strong>din coli\u021ba emisiunii, prospe\u021bimea cromatic\u0103 a casei complementeaz\u0103 simetria universal\u0103 \u0219i armonizeaz\u0103 rela\u021bia cu brunul p\u0103m\u00e2ntesc. \u00cen coli\u021ba emisiunii este redat \u0219i autoportretul pictorului \u0218tefan C\u00e2l\u021bia.\u00a0 Pentru <strong><em>C\u00e2nt\u0103re\u021bul \u0219i casa albastr\u0103<\/em><\/strong> (2014), lucrare ilustrat\u0103 pe marca po\u0219tal\u0103 cu valoarea nominal\u0103 de <strong>1,60 lei<\/strong>, intuim o integritate a universului \u00eenconjur\u0103tor \u0219i, odat\u0103 cu acesta, un sentiment de ve\u0219nicie a prezentului. <strong><em>Amintiri cu luna (2014)<\/em><\/strong>, pictur\u0103 redat\u0103 pe marca po\u0219tal\u0103 cu valoarea nominal\u0103 de <strong>24 lei<\/strong>, evoc\u0103 sinteza unui univers privit ca metafor\u0103 a lumii, o scen\u0103 de teatru interpretat\u0103 de actorii ei, un organism viu ce p\u0103streaz\u0103 amintirile \u0219i care se transform\u0103 odat\u0103 cu omul.<\/p>\n<p><em>Romfilatelia mul\u021bume\u0219te Funda\u021biei \u0218tefan C\u00e2l\u021bia pentru sprijinul documentar acordat la realizarea acestei emisiuni de m\u0103rci po\u0219tale.<\/em><\/p>\n<p><a href=\"https:\/\/www.romfilatelia.ro\/wp-content\/uploads\/2023\/10\/caract_Caltia-jpg.webp\"><img decoding=\"async\" loading=\"lazy\" class=\"aligncenter size-full wp-image-2043372\" src=\"https:\/\/www.romfilatelia.ro\/wp-content\/uploads\/2023\/10\/caract_Caltia-jpg.webp\" alt=\"\" width=\"1669\" height=\"1239\" \/><\/a><\/p>\n","protected":false},"excerpt":{"rendered":"<p>Romfilatelia introduce \u00een circula\u021bie luni, 23 octombrie 2023, emisiunea de m\u0103rci po\u0219tale Arti\u0219ti rom\u00e2ni contemporani. \u0218tefan C\u00e2l\u021bia, aduc\u00e2nd \u00een aten\u021bia colec\u021bionarilor \u0219i iubitorilor de frumos, unul dintre cei mai importan\u021bi creatori de art\u0103 ai momentului. Biografia lui \u0218tefan C\u00e2l\u021bia se reflect\u0103 \u00een activitatea sa artistic\u0103 prin apartenen\u021ba la loc, formare \u0219i educa\u021bie. \u0218tefan C\u00e2l\u021bia se&hellip;&nbsp;<a href=\"https:\/\/romfilatelia.ro\/magazin\/produs\/colectii-anuale\/2023\/artisti-romani-contemporani-stefan-caltia\/\" class=\"\" rel=\"bookmark\">Cite\u0219te mai mult &raquo;<span class=\"screen-reader-text\">ARTI\u0218TI ROM\u00c2NI CONTEMPORANI.  \u0218TEFAN C\u00c2L\u021aIA<\/span><\/a><\/p>\n","protected":false},"featured_media":2033354,"template":"","meta":{"neve_meta_sidebar":"","neve_meta_container":"","neve_meta_enable_content_width":"off","neve_meta_content_width":100,"neve_meta_title_alignment":"","neve_meta_author_avatar":"","neve_post_elements_order":"","neve_meta_disable_header":"","neve_meta_disable_footer":"","neve_meta_disable_title":""},"product_cat":[330,6],"product_tag":[],"_links":{"self":[{"href":"https:\/\/romfilatelia.ro\/magazin\/wp-json\/wp\/v2\/product\/2033350"}],"collection":[{"href":"https:\/\/romfilatelia.ro\/magazin\/wp-json\/wp\/v2\/product"}],"about":[{"href":"https:\/\/romfilatelia.ro\/magazin\/wp-json\/wp\/v2\/types\/product"}],"wp:featuredmedia":[{"embeddable":true,"href":"https:\/\/romfilatelia.ro\/magazin\/wp-json\/wp\/v2\/media\/2033354"}],"wp:attachment":[{"href":"https:\/\/romfilatelia.ro\/magazin\/wp-json\/wp\/v2\/media?parent=2033350"}],"wp:term":[{"taxonomy":"product_cat","embeddable":true,"href":"https:\/\/romfilatelia.ro\/magazin\/wp-json\/wp\/v2\/product_cat?post=2033350"},{"taxonomy":"product_tag","embeddable":true,"href":"https:\/\/romfilatelia.ro\/magazin\/wp-json\/wp\/v2\/product_tag?post=2033350"}],"curies":[{"name":"wp","href":"https:\/\/api.w.org\/{rel}","templated":true}]}}