{"id":2033236,"date":"2023-09-20T08:11:23","date_gmt":"2023-09-20T06:11:23","guid":{"rendered":"https:\/\/romfilatelia.ro\/magazin\/?post_type=product&#038;p=2033236"},"modified":"2023-09-20T08:15:21","modified_gmt":"2023-09-20T06:15:21","slug":"expozitia-filatelica-nationala-timfilex-2023","status":"publish","type":"product","link":"https:\/\/romfilatelia.ro\/magazin\/produs\/colectii-anuale\/2023\/expozitia-filatelica-nationala-timfilex-2023\/","title":{"rendered":"EXPOZI\u021aIA FILATELIC\u0102 NA\u021aIONAL\u0102 TIMFILEX 2023"},"content":{"rendered":"<p><a href=\"https:\/\/romfilatelia.ro\/magazin\/wp-content\/uploads\/2023\/09\/SITE_mc_Timfilex-2023.jpg\"><img decoding=\"async\" loading=\"lazy\" class=\"wp-image-2033237 size-medium alignleft\" src=\"https:\/\/romfilatelia.ro\/magazin\/wp-content\/uploads\/2023\/09\/SITE_mc_Timfilex-2023-300x141.jpg\" alt=\"\" width=\"300\" height=\"141\" srcset=\"https:\/\/romfilatelia.ro\/magazin\/wp-content\/uploads\/2023\/09\/SITE_mc_Timfilex-2023-300x141.jpg 300w, https:\/\/romfilatelia.ro\/magazin\/wp-content\/uploads\/2023\/09\/SITE_mc_Timfilex-2023-800x377.jpg 800w, https:\/\/romfilatelia.ro\/magazin\/wp-content\/uploads\/2023\/09\/SITE_mc_Timfilex-2023-768x362.jpg 768w, https:\/\/romfilatelia.ro\/magazin\/wp-content\/uploads\/2023\/09\/SITE_mc_Timfilex-2023-1536x723.jpg 1536w, https:\/\/romfilatelia.ro\/magazin\/wp-content\/uploads\/2023\/09\/SITE_mc_Timfilex-2023-500x235.jpg 500w, https:\/\/romfilatelia.ro\/magazin\/wp-content\/uploads\/2023\/09\/SITE_mc_Timfilex-2023-64x30.jpg 64w, https:\/\/romfilatelia.ro\/magazin\/wp-content\/uploads\/2023\/09\/SITE_mc_Timfilex-2023.jpg 1654w\" sizes=\"(max-width: 300px) 100vw, 300px\" \/><\/a><strong>Romfilatelia<\/strong> introduce emisiunea de m\u0103rci po\u0219tale <strong><em>Expozi\u021bia Filatelic\u0103 Na\u021bional\u0103<\/em><\/strong><em> <strong>TimFilEx 2023<\/strong><\/em>. Evenimentul marcheaz\u0103 un secol de la prima expozi\u021bie filatelic\u0103 rom\u00e2n\u0103 \u0219i de la primul congres al filateli\u0219tilor rom\u00e2ni, organizat la Timi\u0219oara \u00een perioada 22-25 septembrie 1923. Expozi\u021bia TimFilEx 2023 se va desf\u0103\u0219ura \u00een perioada 21-24 septembrie a.c.<\/p>\n<p>Emisiunea, alc\u0103tuit\u0103 din 2 m\u0103rci po\u0219tale, 1 coli\u021b\u0103 dantelat\u0103 \u0219i un plic \u201eprima zi\u201d, va intra \u00een circula\u021bie <em>joi, 21 septembrie<\/em> <em>a.c.<\/em>, data deschiderii Expozi\u021biei na\u021bionale, cu participare interna\u021bional\u0103, gazd\u0103 fiind Universitatea de Vest din Timi\u0219oara.<\/p>\n<p>TimFilEx 2023 este organizat\u0103 de Asocia\u021bia Filatelic\u0103 Timi\u0219oara sub patronajul Federa\u021biei Filatelice Rom\u00e2ne \u0219i cu recunoa\u0219terea Federa\u021biei Europene de Filatelie (FEPA), de Universitatea de Vest din Timi\u0219oara \u0219i se ghideaz\u0103 dup\u0103 Regulamentele Federa\u021biei Interna\u021bionale de Filatelie (FIP) \u00een vigoare.<\/p>\n<p>Prima marc\u0103 po\u0219tal\u0103, cu valoarea nominal\u0103<strong> de 9 lei,<\/strong> red\u0103 un detaliu din cl\u0103direa Universit\u0103\u021bii de Vest, asociat\u0103 cu logo-ul Expozi\u021biei.<\/p>\n<p>Universitatea de Vest din Timi\u0219oara a fost \u00eenfiin\u021bat\u0103 prin decret regal la sf\u00e2r\u0219itul anului 1944, \u00een urma unor demersuri ale intelectualilor b\u0103n\u0103\u021beni, concretizate printr-un Memoriu adresat Guvernului \u0219i argument\u00e2nd necesitatea \u00eenfiin\u021b\u0103rii unei Universit\u0103\u021bi \u00een Timi\u0219oara.<\/p>\n<p>\u00cen momentul de fa\u021b\u0103 Universitatea are 11 facult\u0103\u021bi, oferind 75 de programe de studii universitare, peste 90 de programe de masterat \u00een 34 de domenii de studii academice de licen\u021b\u0103.<\/p>\n<p>Holul sediului central al Universit\u0103\u021bii, construit, \u00eencep\u00e2nd cu 1962, sub coordonarea arhitectului Hans Fackelmann, a devenit \u00een ultimii ani, locul predilect unde se desf\u0103\u0219oar\u0103 principalele manifest\u0103ri filatelice \u00een Timi\u0219oara.<\/p>\n<p>Cea de-a doua marc\u0103 po\u0219tal\u0103, cu valoarea nominal\u0103 de<strong> 14 lei<\/strong>, prezint\u0103 afi\u0219ul expozi\u021biei din 1923, precum \u0219i coperta revistei filatelice timi\u0219orene \u201eDer Banater Philatelist\u201d, nr. 8 \/ 1923.<\/p>\n<p>Coli\u021ba dantelat\u0103 a emisiunii av\u00e2nd timbrul cu valoarea nominal\u0103 de <strong>34 lei<\/strong>, prezint\u0103 Prim\u0103ria Veche din Pia\u021ba Libert\u0103\u021bii. Ridicat\u0103 \u00een stil baroc, \u00eentre 1731-1734, dup\u0103 eliberarea de sub st\u0103p\u00e2nirea turceasc\u0103 de c\u0103tre Eugeniu de Savoia, Prim\u0103ria Veche a g\u0103zduit administra\u021bia local\u0103 p\u00e2n\u0103 dup\u0103 al Doilea R\u0103zboi Mondial. La 1923, Camera de Comer\u021b \u0219i Prim\u0103ria reprezentau un sprijin real \u0219i constant al mi\u0219c\u0103rii filatelice timi\u0219orene. Centrul Pie\u021bei Libert\u0103\u021bii (Pia\u021ba de Parad\u0103, Pia\u021ba Prin\u021bul Eugen) este str\u0103juit de statuia Sfintei Maria \u0219i a Sf\u00e2ntului Nepomuk, oper\u0103 a sculptorilor vienezi Blim \u0219i Wasserburger \u00een anul 1756.<\/p>\n<p><strong>V\u0102 A\u0218TEPT\u0102M LA EXPOZI\u021aIA FILATELIC\u0102 TIMFILEX 2023, PENTRU NOUT\u0102\u021aI \u0218I SURPRIZE FILATELICE! <\/strong><strong>\u00a0<\/strong><\/p>\n<p><em>Romfilatelia mul\u021bume\u0219te domnului Marius Muntean, Pre\u0219edintele Asocia\u021biei Filatelice Timi\u0219oara, pentru sprijinul documentar acordat la realizarea acestei emisiuni de m\u0103rci po\u0219tale. <\/em><\/p>\n<p><a href=\"https:\/\/romfilatelia.ro\/magazin\/wp-content\/uploads\/2023\/09\/caract_TIMFILEX_2023-2.jpg\"><img decoding=\"async\" loading=\"lazy\" class=\"aligncenter size-full wp-image-2033238\" src=\"https:\/\/romfilatelia.ro\/magazin\/wp-content\/uploads\/2023\/09\/caract_TIMFILEX_2023-2.jpg\" alt=\"\" width=\"1131\" height=\"859\" srcset=\"https:\/\/romfilatelia.ro\/magazin\/wp-content\/uploads\/2023\/09\/caract_TIMFILEX_2023-2.jpg 1131w, https:\/\/romfilatelia.ro\/magazin\/wp-content\/uploads\/2023\/09\/caract_TIMFILEX_2023-2-300x228.jpg 300w, https:\/\/romfilatelia.ro\/magazin\/wp-content\/uploads\/2023\/09\/caract_TIMFILEX_2023-2-800x608.jpg 800w, https:\/\/romfilatelia.ro\/magazin\/wp-content\/uploads\/2023\/09\/caract_TIMFILEX_2023-2-768x583.jpg 768w, https:\/\/romfilatelia.ro\/magazin\/wp-content\/uploads\/2023\/09\/caract_TIMFILEX_2023-2-500x380.jpg 500w, https:\/\/romfilatelia.ro\/magazin\/wp-content\/uploads\/2023\/09\/caract_TIMFILEX_2023-2-64x49.jpg 64w\" sizes=\"(max-width: 1131px) 100vw, 1131px\" \/><\/a><\/p>\n","protected":false},"excerpt":{"rendered":"<p>Romfilatelia introduce emisiunea de m\u0103rci po\u0219tale Expozi\u021bia Filatelic\u0103 Na\u021bional\u0103 TimFilEx 2023. Evenimentul marcheaz\u0103 un secol de la prima expozi\u021bie filatelic\u0103 rom\u00e2n\u0103 \u0219i de la primul congres al filateli\u0219tilor rom\u00e2ni, organizat la Timi\u0219oara \u00een perioada 22-25 septembrie 1923. Expozi\u021bia TimFilEx 2023 se va desf\u0103\u0219ura \u00een perioada 21-24 septembrie a.c. Emisiunea, alc\u0103tuit\u0103 din 2 m\u0103rci po\u0219tale, 1&hellip;&nbsp;<a href=\"https:\/\/romfilatelia.ro\/magazin\/produs\/colectii-anuale\/2023\/expozitia-filatelica-nationala-timfilex-2023\/\" class=\"\" rel=\"bookmark\">Cite\u0219te mai mult &raquo;<span class=\"screen-reader-text\">EXPOZI\u021aIA FILATELIC\u0102 NA\u021aIONAL\u0102 TIMFILEX 2023<\/span><\/a><\/p>\n","protected":false},"featured_media":2033239,"template":"","meta":{"neve_meta_sidebar":"","neve_meta_container":"","neve_meta_enable_content_width":"off","neve_meta_content_width":100,"neve_meta_title_alignment":"","neve_meta_author_avatar":"","neve_post_elements_order":"","neve_meta_disable_header":"","neve_meta_disable_footer":"","neve_meta_disable_title":""},"product_cat":[330,6],"product_tag":[],"_links":{"self":[{"href":"https:\/\/romfilatelia.ro\/magazin\/wp-json\/wp\/v2\/product\/2033236"}],"collection":[{"href":"https:\/\/romfilatelia.ro\/magazin\/wp-json\/wp\/v2\/product"}],"about":[{"href":"https:\/\/romfilatelia.ro\/magazin\/wp-json\/wp\/v2\/types\/product"}],"wp:featuredmedia":[{"embeddable":true,"href":"https:\/\/romfilatelia.ro\/magazin\/wp-json\/wp\/v2\/media\/2033239"}],"wp:attachment":[{"href":"https:\/\/romfilatelia.ro\/magazin\/wp-json\/wp\/v2\/media?parent=2033236"}],"wp:term":[{"taxonomy":"product_cat","embeddable":true,"href":"https:\/\/romfilatelia.ro\/magazin\/wp-json\/wp\/v2\/product_cat?post=2033236"},{"taxonomy":"product_tag","embeddable":true,"href":"https:\/\/romfilatelia.ro\/magazin\/wp-json\/wp\/v2\/product_tag?post=2033236"}],"curies":[{"name":"wp","href":"https:\/\/api.w.org\/{rel}","templated":true}]}}