{"id":2033213,"date":"2023-09-12T10:37:55","date_gmt":"2023-09-12T08:37:55","guid":{"rendered":"https:\/\/romfilatelia.ro\/magazin\/?post_type=product&#038;p=2033213"},"modified":"2023-09-12T10:37:55","modified_gmt":"2023-09-12T08:37:55","slug":"ziua-pompierilor","status":"publish","type":"product","link":"https:\/\/romfilatelia.ro\/magazin\/produs\/colectii-anuale\/2023\/ziua-pompierilor\/","title":{"rendered":"ZIUA POMPIERILOR"},"content":{"rendered":"<p><a href=\"https:\/\/www.romfilatelia.ro\/wp-content\/uploads\/2023\/09\/SITE_mc_Ziua-Pompierilor-jpg.webp\"><img decoding=\"async\" loading=\"lazy\" class=\"alignleft wp-image-2042995\" src=\"https:\/\/www.romfilatelia.ro\/wp-content\/uploads\/2023\/09\/SITE_mc_Ziua-Pompierilor-jpg.webp\" alt=\"\" width=\"780\" height=\"353\" \/><\/a>Sub \u00eendemnul <em>Deplin respect pentru biruitorii fl\u0103c\u0103rilor<\/em>, <strong>Romfilatelia <\/strong>introduce \u00een circula\u021bie <em>miercuri, 13 septembrie a.c<\/em>., emisiunea de m\u0103rci po\u0219tale intitulat\u0103 <strong><em>ZIUA POMPIERILOR<\/em><\/strong>, alc\u0103tuit\u0103 din dou\u0103 m\u0103rci po\u0219tale (cu valorile nominale de <strong>9 lei<\/strong> \u0219i <strong>10 lei<\/strong>) \u0219i un plic \u201eprima zi\u201d.<\/p>\n<p>Ziua de 13 septembrie face parte din calendarul istoriei pompierilor, fiind marcat\u0103, \u00eencep\u00e2nd cu anul 1953, \u00een amintirea b\u0103t\u0103liei din Dealul Spirii, din 1848, c\u00e2nd eroismul lor, dovedit \u00een confruntarea cu oastea otoman\u0103, a fost recunoscut \u0219i onorat oficial de domnitorul Alexandru Ioan Cuza. \u00cen anul 1863, c\u00e2nd o\u0219tirea rom\u00e2n\u0103 reorganizat\u0103, primea noile drapele na\u021bionale, el a ales pentru festivitate ziua de 13 septembrie.<\/p>\n<p>Pompierii sunt numi\u021bi \u0219i \u201eeroii de fiecare zi\u201d. Munca pompierilor nu se limiteaz\u0103 numai la incendii. Ei sunt salvatorii oamenilor \u0219i bunurilor \u00een caz de inunda\u021bii, cutremure \u0219i dezastre naturale sau provocate.<\/p>\n<p>Cu o preg\u0103tire profesional\u0103 \u0219i practic\u0103 deosebit\u0103, pompierii sunt \u00eentr-o permanent\u0103 stare de alarm\u0103. Disciplina\u021bi \u0219i ac\u021bion\u00e2nd curajos, se constituie ca un scut puternic pentru protejarea vie\u021bii \u0219i bunurilor semenilor lor. Activitatea lor se desf\u0103\u0219oar\u0103, de cele mai multe ori, \u00eentr-o stare de iminent pericol. Din p\u0103cate, unii \u00ee\u0219i pierd via\u021ba. Devin eroii no\u0219tri, p\u0103stra\u021bi permanent \u00een sufletele membrilor comunit\u0103\u021bii pe care i-au salvat \u0219i protejat.<\/p>\n<p>Un pios omagiu eroilor c\u0103zu\u021bi la datorie \u0219i un sincer <strong><em>La mul\u021bi ani!<\/em><\/strong>, \u00een zi de s\u0103rb\u0103toare na\u021bional\u0103, eroilor no\u0219tri din fiecare zi, angaja\u021bi cu devotament \u0219i curaj \u00eentr-o ac\u021biune definit\u0103 ca protec\u021bie \u0219i salvare a semenilor \u0219i bunurilor lor.<\/p>\n<p>&nbsp;<\/p>\n<p><em>Romfilatelia mul\u021bume\u0219te Inspectoratului General pentru Situa\u021bii de Urgen\u021b\u0103 din cadrul Ministerului Afacerilor Interne, pentru sprijinul documentar acordat la realizarea acestei emisiuni de m\u0103rci po\u0219tale. <\/em><\/p>\n<p><a href=\"https:\/\/www.romfilatelia.ro\/wp-content\/uploads\/2023\/09\/caract_Ziua-Pompierilor-jpg.webp\"><img decoding=\"async\" loading=\"lazy\" class=\"aligncenter size-full wp-image-2042987\" src=\"https:\/\/www.romfilatelia.ro\/wp-content\/uploads\/2023\/09\/caract_Ziua-Pompierilor-jpg.webp\" alt=\"\" width=\"1696\" height=\"1301\" \/><\/a><\/p>\n","protected":false},"excerpt":{"rendered":"<p>Sub \u00eendemnul Deplin respect pentru biruitorii fl\u0103c\u0103rilor, Romfilatelia introduce \u00een circula\u021bie miercuri, 13 septembrie a.c., emisiunea de m\u0103rci po\u0219tale intitulat\u0103 ZIUA POMPIERILOR, alc\u0103tuit\u0103 din dou\u0103 m\u0103rci po\u0219tale (cu valorile nominale de 9 lei \u0219i 10 lei) \u0219i un plic \u201eprima zi\u201d. Ziua de 13 septembrie face parte din calendarul istoriei pompierilor, fiind marcat\u0103, \u00eencep\u00e2nd cu&hellip;&nbsp;<a href=\"https:\/\/romfilatelia.ro\/magazin\/produs\/colectii-anuale\/2023\/ziua-pompierilor\/\" class=\"\" rel=\"bookmark\">Cite\u0219te mai mult &raquo;<span class=\"screen-reader-text\">ZIUA POMPIERILOR<\/span><\/a><\/p>\n","protected":false},"featured_media":2033216,"template":"","meta":{"neve_meta_sidebar":"","neve_meta_container":"","neve_meta_enable_content_width":"off","neve_meta_content_width":100,"neve_meta_title_alignment":"","neve_meta_author_avatar":"","neve_post_elements_order":"","neve_meta_disable_header":"","neve_meta_disable_footer":"","neve_meta_disable_title":""},"product_cat":[330,6],"product_tag":[],"_links":{"self":[{"href":"https:\/\/romfilatelia.ro\/magazin\/wp-json\/wp\/v2\/product\/2033213"}],"collection":[{"href":"https:\/\/romfilatelia.ro\/magazin\/wp-json\/wp\/v2\/product"}],"about":[{"href":"https:\/\/romfilatelia.ro\/magazin\/wp-json\/wp\/v2\/types\/product"}],"wp:featuredmedia":[{"embeddable":true,"href":"https:\/\/romfilatelia.ro\/magazin\/wp-json\/wp\/v2\/media\/2033216"}],"wp:attachment":[{"href":"https:\/\/romfilatelia.ro\/magazin\/wp-json\/wp\/v2\/media?parent=2033213"}],"wp:term":[{"taxonomy":"product_cat","embeddable":true,"href":"https:\/\/romfilatelia.ro\/magazin\/wp-json\/wp\/v2\/product_cat?post=2033213"},{"taxonomy":"product_tag","embeddable":true,"href":"https:\/\/romfilatelia.ro\/magazin\/wp-json\/wp\/v2\/product_tag?post=2033213"}],"curies":[{"name":"wp","href":"https:\/\/api.w.org\/{rel}","templated":true}]}}