{"id":2033182,"date":"2023-09-06T09:00:42","date_gmt":"2023-09-06T07:00:42","guid":{"rendered":"https:\/\/romfilatelia.ro\/magazin\/?post_type=product&#038;p=2033182"},"modified":"2023-09-08T08:34:40","modified_gmt":"2023-09-08T06:34:40","slug":"parcul-natural-vacaresti","status":"publish","type":"product","link":"https:\/\/romfilatelia.ro\/magazin\/produs\/colectii-anuale\/2023\/parcul-natural-vacaresti\/","title":{"rendered":"PARCUL NATURAL V\u0102C\u0102RE\u0218TI"},"content":{"rendered":"<p><strong><a href=\"https:\/\/www.romfilatelia.ro\/wp-content\/uploads\/2023\/09\/SITE_mc_Parcul-natural-Vacaresti-jpg.webp\"><img decoding=\"async\" loading=\"lazy\" class=\"alignleft wp-image-2042956\" src=\"https:\/\/www.romfilatelia.ro\/wp-content\/uploads\/2023\/09\/SITE_mc_Parcul-natural-Vacaresti-jpg.webp\" alt=\"\" width=\"525\" height=\"627\" \/><\/a>Romfilateli<\/strong>a dedic\u0103, \u00een premier\u0103, o emisiune de m\u0103rci po\u0219tale <strong><em>Parcului Natural V\u0103c\u0103re\u0219ti<\/em><\/strong>. Emisiunea, alc\u0103tuit\u0103 din 4 m\u0103rci po\u0219tale, un plic \u201eprima zi\u201d, o map\u0103 filatelic\u0103 special\u0103 \u0219i un set de 4 c\u0103r\u021bi po\u0219tale maxime pentru pasiona\u021bii de filatelie, va fi introdus\u0103 \u00een circula\u021bie <em>miercuri, 6 septembrie a.c. <\/em><\/p>\n<p>Parcul Natural V\u0103c\u0103re\u0219ti define\u0219te o arie aflat\u0103 \u00een zona de sud-est a Bucure\u0219tilor, unde un lac antropic existent a fost inclus ca parte a amenaj\u0103rii complexe a r\u00e2ului D\u00e2mbovi\u021ba. Acesta era parte a unui sistem hidrologic de ap\u0103rare a capitalei \u00eempotriva inunda\u021biilor. Lucr\u0103rile, \u00eencepute \u00een anul 1986, \u0219i care au justificat decizia de demolare a M\u0103n\u0103stirii V\u0103c\u0103re\u0219ti, au fost sistate dup\u0103 anul 1989.<\/p>\n<p>\u00cen lipsa interven\u021biei umane zona s-a renaturat, fiind treptat populat\u0103 de numeroase specii de animale \u0219i plante. Semnal\u00e2nd existen\u021ba unui num\u0103r impresionant de specii de p\u0103s\u0103ri, dintre care unele \u00eenscrise \u00een cadrul speciilor rare, \u00een anul 2012, viitoarea Asocia\u021bie Parcul V\u0103c\u0103re\u0219ti \u0219i-a asumat misiunea \u00eenfiin\u021b\u0103rii unui parc natural.<\/p>\n<p>Urmare a unui efort minu\u021bios de cercetare \u0219i documentare, \u00een anul 2016, prin hot\u0103r\u00e2re de guvern, zona natural\u0103 \u201eAcumulare V\u0103c\u0103re\u0219ti\u201d a fost declarat\u0103 <em>Parcul Natural V\u0103c\u0103re\u0219ti<\/em>. S-a instituit regimul de arie natural\u0103 protejat\u0103 pentru o zon\u0103 care a devenit primul parc natural urban din Rom\u00e2nia \u0219i prima arie natural\u0103 protejat\u0103 a municipiului Bucure\u0219ti.<\/p>\n<p>Este regretabil faptul c\u0103, \u00eencep\u00e2nd cu iulie 2016, mai multe incendii au distrus par\u021bial \u0219i vegeta\u021bia stabil\u0103 format\u0103 din arbori maturi. Din fericire impactul asupra faunei a fost diminuat datorit\u0103 perioadelor de manifestare a incendiilor, produse \u00een afara perioadei de migra\u021bie \u0219i cuib\u0103rire a p\u0103s\u0103rilor \u0219i a timpului hibern\u0103rii animalelor sedentare.<\/p>\n<p>Parcul Natural V\u0103c\u0103re\u0219ti, \u00eentins pe circa 180 de hectare, include zone de stuf compacte, lacuri, paji\u0219ti, p\u0103duri \u00een miniatur\u0103, un conglomerat de habitate care favorizeaz\u0103 prezen\u021ba <strong>vidrei &#8211; <\/strong><em>Lutra lutra<\/em> (valoarea nominal\u0103 de <strong>2,30 lei<\/strong>), <strong>\u021bestoasei europene de ap\u0103<\/strong> &#8211; <em>Emys orbicularis<\/em> (valoarea nominal\u0103 de <strong>22 lei<\/strong>), buhaului cu burt\u0103 ro\u0219ie, brot\u0103celului, tritonilor sau a celor peste 190 de specii de p\u0103s\u0103ri s\u0103lbatice, dintre care amintim <strong>chirighi\u021ba cu obraz alb &#8211; <\/strong><em>Chlidonias hybrida<\/em> (valoarea nominal\u0103 de<strong> 9 lei<\/strong>), ra\u021ba ro\u0219ie, st\u00e2rcul pitic sau cormoranul mic.<\/p>\n<p>De remarcat prezen\u021ba speciilor de pe\u0219te \u00eentre care se \u00eent\u00e2lnesc carasul, bibanul, ro\u0219ioara, murgoiul b\u0103l\u021bat, obletele, \u0219tiuca.<\/p>\n<p>Dintre cele 190 de specii de p\u0103s\u0103ri identificate p\u00e2n\u0103 \u00een prezent, cele mai multe sunt declarate ca protejate la nivel na\u021bional, dintre care amintim: leb\u0103da de var\u0103, pi\u021bigoiul, corcodelul, egreta, eretele, pesc\u0103ru\u0219ul. Printre mamifere, al\u0103turi de vidr\u0103, se reg\u0103sesc bizamul, chi\u021bcanul pitic, vulpea, liliacul.<\/p>\n<p>Frumuse\u021bea parcului este \u00eentregit\u0103 de prezen\u021ba speciilor arborescente \u00eentre care predomin\u0103 speciile de salcie (Salix alba, Salix fragolis, Salix cinerea), plopul, precum \u0219i specii exotice ca cenu\u0219arul, frasinul american, ulmul siberian. Dintre arbu\u0219ti sunt prezen\u021bi gl\u0103di\u021ba, m\u0103ce\u0219ul, p\u0103ducelul, socul, murul. Inventarul floristic al parcului num\u0103r\u0103 peste 330 specii \u0219i subspecii, dintre care peste 260 native.<\/p>\n<p>\u00cen Parcul Natural V\u0103c\u0103re\u0219ti mai \u00eent\u00e2lnim <strong>fluturele zebr\u0103 &#8211; <\/strong><em>Neptis sappho<\/em> (valoarea nominal\u0103 de <strong>3,50<\/strong> <strong>lei<\/strong>).<\/p>\n<p>\u00cen situa\u021bia \u00een care un proiect g\u00e2ndit de Prim\u0103ria Capitalei \u0219i Ministerul Mediului, Apelor \u0219i P\u0103durilor ar fi materializat, o amenajare ampl\u0103 \u00een care al\u0103turi de parcul Natural V\u0103c\u0103re\u0219ti se reg\u0103se\u0219te Lacul Morii, ar transforma zona \u00eentr-un Parc urban de excep\u021bie, destinat agrementului \u0219i conserv\u0103rii florei \u0219i faunei.<\/p>\n<p><em>Romfilatelia mul\u021bume\u0219te reprezentan\u021bilor Administra\u021biei Parcului Natural V\u0103c\u0103re\u0219ti \u0219i Muzeului de Istorie Natural\u0103 \u201eGrigore Antipa\u201d, pentru colaborarea \u00een cadrul realiz\u0103rii acestei emisiuni de m\u0103rci po\u0219tale.<\/em><\/p>\n<p><a href=\"https:\/\/www.romfilatelia.ro\/wp-content\/uploads\/2023\/09\/caract_-Parcul-Nat-Vacaresti-2-jpg.webp\"><img decoding=\"async\" loading=\"lazy\" class=\"aligncenter size-full wp-image-2042938\" src=\"https:\/\/www.romfilatelia.ro\/wp-content\/uploads\/2023\/09\/caract_-Parcul-Nat-Vacaresti-2-jpg.webp\" alt=\"\" width=\"1723\" height=\"1654\" \/><\/a><\/p>\n","protected":false},"excerpt":{"rendered":"<p>Romfilatelia dedic\u0103, \u00een premier\u0103, o emisiune de m\u0103rci po\u0219tale Parcului Natural V\u0103c\u0103re\u0219ti. Emisiunea, alc\u0103tuit\u0103 din 4 m\u0103rci po\u0219tale, un plic \u201eprima zi\u201d, o map\u0103 filatelic\u0103 special\u0103 \u0219i un set de 4 c\u0103r\u021bi po\u0219tale maxime pentru pasiona\u021bii de filatelie, va fi introdus\u0103 \u00een circula\u021bie miercuri, 6 septembrie a.c. Parcul Natural V\u0103c\u0103re\u0219ti define\u0219te o arie aflat\u0103 \u00een&hellip;&nbsp;<a href=\"https:\/\/romfilatelia.ro\/magazin\/produs\/colectii-anuale\/2023\/parcul-natural-vacaresti\/\" class=\"\" rel=\"bookmark\">Cite\u0219te mai mult &raquo;<span class=\"screen-reader-text\">PARCUL NATURAL V\u0102C\u0102RE\u0218TI<\/span><\/a><\/p>\n","protected":false},"featured_media":2033186,"template":"","meta":{"neve_meta_sidebar":"","neve_meta_container":"","neve_meta_enable_content_width":"off","neve_meta_content_width":100,"neve_meta_title_alignment":"","neve_meta_author_avatar":"","neve_post_elements_order":"","neve_meta_disable_header":"","neve_meta_disable_footer":"","neve_meta_disable_title":""},"product_cat":[330,6],"product_tag":[],"_links":{"self":[{"href":"https:\/\/romfilatelia.ro\/magazin\/wp-json\/wp\/v2\/product\/2033182"}],"collection":[{"href":"https:\/\/romfilatelia.ro\/magazin\/wp-json\/wp\/v2\/product"}],"about":[{"href":"https:\/\/romfilatelia.ro\/magazin\/wp-json\/wp\/v2\/types\/product"}],"wp:featuredmedia":[{"embeddable":true,"href":"https:\/\/romfilatelia.ro\/magazin\/wp-json\/wp\/v2\/media\/2033186"}],"wp:attachment":[{"href":"https:\/\/romfilatelia.ro\/magazin\/wp-json\/wp\/v2\/media?parent=2033182"}],"wp:term":[{"taxonomy":"product_cat","embeddable":true,"href":"https:\/\/romfilatelia.ro\/magazin\/wp-json\/wp\/v2\/product_cat?post=2033182"},{"taxonomy":"product_tag","embeddable":true,"href":"https:\/\/romfilatelia.ro\/magazin\/wp-json\/wp\/v2\/product_tag?post=2033182"}],"curies":[{"name":"wp","href":"https:\/\/api.w.org\/{rel}","templated":true}]}}