{"id":2033158,"date":"2023-09-01T09:28:38","date_gmt":"2023-09-01T07:28:38","guid":{"rendered":"https:\/\/romfilatelia.ro\/magazin\/?post_type=product&#038;p=2033158"},"modified":"2023-09-01T09:28:39","modified_gmt":"2023-09-01T07:28:39","slug":"romania-pitoreasca","status":"publish","type":"product","link":"https:\/\/romfilatelia.ro\/magazin\/produs\/colectii-anuale\/2023\/romania-pitoreasca\/","title":{"rendered":"ROM\u00c2NIA PITOREASC\u0102"},"content":{"rendered":"<p><a href=\"https:\/\/www.romfilatelia.ro\/wp-content\/uploads\/2023\/09\/SITE_mc-Romania-pitoreasca-jpg.webp\"><img decoding=\"async\" loading=\"lazy\" class=\"alignleft wp-image-2042887\" src=\"https:\/\/www.romfilatelia.ro\/wp-content\/uploads\/2023\/09\/SITE_mc-Romania-pitoreasca-jpg.webp\" alt=\"\" width=\"569\" height=\"539\" \/><\/a>Una dintre cele mai frumoase \u0163\u0103ri din Europa, Rom\u00e2nia ofer\u0103 numeroase experien\u0163e de c\u0103l\u0103torie ce a\u0219teapt\u0103 s\u0103 fie deopotriv\u0103 tr\u0103ite \u0219i descoperite, iar cuvintele care prezint\u0103 cel mai bine esen\u0163a specificului Rom\u00e2niei sunt: <em>autentic, natural <\/em>\u0219i<em> cultural<\/em>.<\/p>\n<p><strong>Romfilatelia<\/strong>, sub \u00eendemnul motto-ului \u201eo lume \u00eentr-un timbru\u201d, introduce \u00een circula\u021bie <em>vineri, 1 septembrie a.c.<\/em>, emisiunea de m\u0103rci po\u0219tale uzuale <strong><em>Rom\u00e2nia pitoreasc\u0103<\/em><\/strong>, invit\u00e2nd iubitorii de filatelie s\u0103 fac\u0103 o plimbare imaginar\u0103 prin \u0163ara noastr\u0103. \u00cen aceast\u0103 emisiune v\u0103 prezent\u0103m o infim\u0103 parte din comorile naturale ale \u0163\u0103rii \u0219i v\u0103 a\u0219tept\u0103m s\u0103 ne fi\u021bi oaspe\u021bi.<\/p>\n<p>\u00cen cadrul emisiunii, alc\u0103tuit\u0103 din 6 m\u0103rci po\u0219tale, 1 bloc de 6 timbre dantelate \u0219i 2 plicuri \u201eprima zi\u201d, ve\u021bi descoperi: <em>bujorul rom\u00e2nesc<\/em> (valoarea nominal\u0103 de <strong>1,60 lei<\/strong>), <em>capra neagr\u0103 <\/em>(valoarea nominal\u0103 de<strong> 2,40 lei<\/strong>), <em>un peisaj din Delta Dun\u0103rii<\/em> (valoarea nominal\u0103 de <strong>2,50 lei<\/strong>), <em>Sfinxul din Bucegi<\/em> (valoarea nominal\u0103 de<strong> 4,70 lei<\/strong>), <em>ceramica de Horezu<\/em> (valoarea nominal\u0103 de<strong> 12 lei<\/strong>) \u0219i <em>viticultura<\/em> (valoarea nominal\u0103 de<strong> 24 lei<\/strong>).<\/p>\n<p><strong>Bujorul<\/strong> constituie emblema floral\u0103 a Rom\u00e2niei care, prin Legea nr. 285 din 26 octombrie 2022, adoptat\u0103 de Parlamentul Rom\u00e2niei, a devenit oficial, <strong>floarea na\u021bional\u0103 a Rom\u00e2niei<\/strong>.<\/p>\n<p><strong>Capra neagr\u0103<\/strong> (<em>Rupicapra rupicapra<\/em>) este protejat\u0103 prin lege \u00een \u0163ara noastr\u0103 \u0219i este una dintre cele mai valoroase specii apar\u0163in\u00e2nd faunei din Rom\u00e2nia. Este considerat\u0103 adev\u0103rata perl\u0103 a mun\u021bilor, \u00eent\u00e2lnit\u0103 pe crestele acestora.<\/p>\n<p><strong>Delta Dun\u0103rii<\/strong>. Cel mai t\u00e2n\u0103r p\u0103m\u00e2nt al Europei a intrat \u00een Patrimoniul Mondial UNESCO \u00een anul 1991 ca Rezerva\u0163ie a Biosferei. Printre alte sute de p\u0103s\u0103ri, aici \u00ee\u0219i face casa egreta mic\u0103 (<em>Egretta garzetta<\/em>), o specie la jum\u0103tate din dimensiunea egretei mari, cu b\u0103t\u0103i de aripi mai rapide.<\/p>\n<p><strong>Zona Bucegi<\/strong>, considerat\u0103 un centru energetic deosebit al spiritelor zeit\u0103\u021bilor dacice, a f\u0103cut din <strong>Sfinx<\/strong>, acest monument al naturii, un simbol al \u021b\u0103rii locuite de str\u0103mo\u0219ii geto-daci. Este tratat ca un simbol al credin\u021bei eterne \u0219i vii, al p\u0103str\u0103rii teritoriului ancestral.<\/p>\n<p>Tehnica <strong>ceramicii de Horezu<\/strong> este un me\u0219te\u0219ug tradi\u0163ional unic, practicat at\u00e2t de b\u0103rba\u0163ii c\u00e2t \u0219i de femeile din partea de nord a jude\u0163ului V\u00e2lcea. Culorile sunt vii \u0219i variaz\u0103 de la maro \u00eenchis, ro\u0219u, verde \u0219i albastru p\u00e2n\u0103 la celebrul ivoriu de Horezu, iar simbolurile reprezentate sunt pe\u0219tele, \u0219arpele, coco\u0219ul, pomul vie\u0163ii, frunza de stejar.<\/p>\n<p>Decizia de a introduce tehnica ceramicii tradi\u0163ionale de Horezu pe Lista reprezentativ\u0103 UNESCO a Patrimoniului Cultural Imaterial este o recunoa\u0219tere a sutelor de ani de tradi\u0163ie nealterat\u0103.<\/p>\n<p>Pe teritoriul actual al Rom\u00e2niei <strong>viticultura<\/strong> a fost o \u00eendeletnicire a c\u0103rei vechime se pierde \u00een negura vremurilor.<\/p>\n<p>\u201ePatria cea veche a Geto-Dacilor, Tracia \u2013 scrie istoricul rom\u00e2n A.D. Xenopol \u2013 era o regiune viticol\u0103, cauz\u0103 pentru care \u0219i era considerat\u0103 ca locul de na\u0219tere al zeului vinului, Dionysos.\u201c<\/p>\n<p>Numeroase descoperiri arheologice atest\u0103 cultivarea vi\u0163ei de vie pe teritoriul Rom\u00e2niei \u00eenc\u0103 din neolitic, iar cuvintele strugure \u0219i butuc au r\u0103mas de la daci.<\/p>\n<p>Zghihara de Hu\u0219i, cunoscut \u0219i ca Poam\u0103 zo\u0219\u0103neasc\u0103, Zghihar\u0103 galben\u0103, Ghihar\u0103, Zghihar\u0103 verde b\u0103tut\u0103, Galben\u0103 de Hu\u0219i, Poam\u0103 vinoas\u0103, Zghihara de Hu\u0219i este un soi cu productivitate ridicat\u0103, cu origini \u00een podgoria Hu\u0219ilor, fiind cultivat din timpuri str\u0103vechi, poate cu 5-6 secole \u00een urm\u0103, pe malul Prutului, chiar \u00eenainte de atestarea ora\u0219ului c\u0103ruia i-a luat numele. \u00cen \u201eDescriptio Moldaviae\u201c, Dimitrie Cantemir a\u0219eza vinul de Hu\u0219i, din \u021binuturile F\u0103lciului, al doilea cel mai bun dup\u0103 Cotnari.<\/p>\n<p><em>Romfilatelia mul\u021bume\u0219te fotografilor Ioana Chiri\u021b\u0103, George Avanu, Octavian Chende \u0219i \u0218erban S\u00eembotelecan, pentru colaborare \u00een cadrul acestei emisiuni de m\u0103rci po\u0219tale.<\/em><\/p>\n<p><a href=\"https:\/\/www.romfilatelia.ro\/wp-content\/uploads\/2023\/09\/caract_Romania-pitoreasca-jpg.webp\"><img decoding=\"async\" loading=\"lazy\" class=\"aligncenter size-full wp-image-2042852\" src=\"https:\/\/www.romfilatelia.ro\/wp-content\/uploads\/2023\/09\/caract_Romania-pitoreasca-jpg.webp\" alt=\"\" width=\"1773\" height=\"1246\" \/><\/a><\/p>\n","protected":false},"excerpt":{"rendered":"<p>Una dintre cele mai frumoase \u0163\u0103ri din Europa, Rom\u00e2nia ofer\u0103 numeroase experien\u0163e de c\u0103l\u0103torie ce a\u0219teapt\u0103 s\u0103 fie deopotriv\u0103 tr\u0103ite \u0219i descoperite, iar cuvintele care prezint\u0103 cel mai bine esen\u0163a specificului Rom\u00e2niei sunt: autentic, natural \u0219i cultural. Romfilatelia, sub \u00eendemnul motto-ului \u201eo lume \u00eentr-un timbru\u201d, introduce \u00een circula\u021bie vineri, 1 septembrie a.c., emisiunea de m\u0103rci&hellip;&nbsp;<a href=\"https:\/\/romfilatelia.ro\/magazin\/produs\/colectii-anuale\/2023\/romania-pitoreasca\/\" class=\"\" rel=\"bookmark\">Cite\u0219te mai mult &raquo;<span class=\"screen-reader-text\">ROM\u00c2NIA PITOREASC\u0102<\/span><\/a><\/p>\n","protected":false},"featured_media":2033162,"template":"","meta":{"neve_meta_sidebar":"","neve_meta_container":"","neve_meta_enable_content_width":"off","neve_meta_content_width":100,"neve_meta_title_alignment":"","neve_meta_author_avatar":"","neve_post_elements_order":"","neve_meta_disable_header":"","neve_meta_disable_footer":"","neve_meta_disable_title":""},"product_cat":[330,6],"product_tag":[],"_links":{"self":[{"href":"https:\/\/romfilatelia.ro\/magazin\/wp-json\/wp\/v2\/product\/2033158"}],"collection":[{"href":"https:\/\/romfilatelia.ro\/magazin\/wp-json\/wp\/v2\/product"}],"about":[{"href":"https:\/\/romfilatelia.ro\/magazin\/wp-json\/wp\/v2\/types\/product"}],"wp:featuredmedia":[{"embeddable":true,"href":"https:\/\/romfilatelia.ro\/magazin\/wp-json\/wp\/v2\/media\/2033162"}],"wp:attachment":[{"href":"https:\/\/romfilatelia.ro\/magazin\/wp-json\/wp\/v2\/media?parent=2033158"}],"wp:term":[{"taxonomy":"product_cat","embeddable":true,"href":"https:\/\/romfilatelia.ro\/magazin\/wp-json\/wp\/v2\/product_cat?post=2033158"},{"taxonomy":"product_tag","embeddable":true,"href":"https:\/\/romfilatelia.ro\/magazin\/wp-json\/wp\/v2\/product_tag?post=2033158"}],"curies":[{"name":"wp","href":"https:\/\/api.w.org\/{rel}","templated":true}]}}