{"id":2033048,"date":"2023-08-03T09:12:12","date_gmt":"2023-08-03T07:12:12","guid":{"rendered":"https:\/\/romfilatelia.ro\/magazin\/?post_type=product&#038;p=2033048"},"modified":"2023-08-03T09:12:12","modified_gmt":"2023-08-03T07:12:12","slug":"in-memoria-eroilor-neamului","status":"publish","type":"product","link":"https:\/\/romfilatelia.ro\/magazin\/produs\/colectii-anuale\/2023\/in-memoria-eroilor-neamului\/","title":{"rendered":"\u00ceN MEMORIA EROILOR NEAMULUI"},"content":{"rendered":"<p><a href=\"https:\/\/www.romfilatelia.ro\/wp-content\/uploads\/2023\/08\/SITE_mc_In-memoria-eroilor-neamului-jpg.webp\"><img decoding=\"async\" loading=\"lazy\" class=\"size-full wp-image-2042397 alignleft\" src=\"https:\/\/www.romfilatelia.ro\/wp-content\/uploads\/2023\/08\/SITE_mc_In-memoria-eroilor-neamului-jpg.webp\" alt=\"\" width=\"658\" height=\"922\" \/><\/a>Pentru cinstirea eroilor c\u0103zu\u021bi \u00een luptele din Moldova \u00een anul 1917, <strong>Romfilatelia <\/strong>a realizat emisiunea de m\u0103rci po\u0219tale aniversar\u0103 dedicat\u0103 Centenarului Mausoleului de la M\u0103r\u0103\u0219e\u0219ti, intitulat\u0103 <strong><em>\u00cen memoria Eroilor neamului<\/em><\/strong>.<\/p>\n<p>Emisiunea, alc\u0103tuit\u0103 din 2 m\u0103rci po\u0219tale, 1 coli\u021b\u0103 dantelat\u0103 \u0219i 1 plic \u201eprima zi\u201d, va fi introdus\u0103 \u00een circula\u021bie <em>vineri, 4 august 2023<\/em>.<\/p>\n<p>Pe primul timbru, cu valoarea nominal\u0103 de <strong>4,70 lei<\/strong>, este redat\u0103 imaginea Mausoleului Eroilor din M\u0103r\u0103\u0219e\u0219ti, al\u0103turi de portretul lui Pimen Georgescu, fostul mitropolit al Moldovei \u00eentre 1909-1934, unul din promotorii ideii pentru construirea mausoleului.<\/p>\n<p>Mausoleul Eroilor din M\u0103r\u0103\u0219e\u0219ti este primul mare proiect na\u021bional \u00eenf\u0103ptuit de societatea rom\u00e2neasc\u0103 dup\u0103 unirea tuturor provinciilor istorice la 1 Decembrie 1918. \u00cen 1919, la Congresul Societ\u0103\u021bii Ortodoxe Na\u021bionale a Femeilor Rom\u00e2ne, mitropolitul a propus ridicarea unei Biserici a Neamului, pe locul luptelor de la M\u0103r\u0103\u0219e\u0219ti, ca un altar unde v\u0103duvele, orfanii de r\u0103zboi \u0219i societatea rom\u00e2nesc\u0103 s\u0103 cinsteasc\u0103 amintirea celor c\u0103zu\u021bi \u00een luptele din Primul R\u0103zboi Mondial.<\/p>\n<p>Propunerea mitropolitului a fost preluat\u0103 de Societatea Ortodox\u0103 Na\u021bional\u0103 a Femeilor Rom\u00e2ne, al c\u0103rei pre\u0219edinte a fost din 1918, ALEXANDRINA GR. CANTACUZINO. Cu sprijinul Bisericii Ortodoxe Rom\u00e2ne s-a desf\u0103\u0219urat o campanie de str\u00e2ngere de fonduri, prin parohii, pe tot cuprinsul \u021b\u0103rii, \u00een toate provinciile rom\u00e2ne\u0219ti, inclusiv \u00een cele revenite la Regatul Rom\u00e2niei la 1918: Transilvania, Basarabia \u0219i Bucovina. La acest proiect a participat \u0219i Biserica Greco-Catolic\u0103 din Transilvania, care a considerat ideea ridic\u0103rii unei Biserici a Neamului, un proiect identitar, dincolo<br \/>\nde diferen\u021bele confesionale. Monumentul nu s-ar fi putut realiza f\u0103r\u0103 sus\u021binerea Ministerului de R\u0103zboi \u0219i a Societ\u0103\u021bii \u201eMormintele Eroilor c\u0103zu\u021bi \u00een R\u0103zboi\u201d, societate \u00eenfiin\u021bat\u0103 \u00een primul an dup\u0103 r\u0103zboi, sub patronajul Reginei Maria \u0219i al mitropolitului primat Miron Cristea, viitorul patriarh.<\/p>\n<p>Pe 14 mai 1923 a avut loc la M\u0103r\u0103\u0219e\u0219ti ceremonia desemn\u0103rii Osta\u0219ului Necunoscut, iar pe 6 august 1923, de s\u0103rb\u0103toarea Schimb\u0103rii la Fa\u021b\u0103, pe terenul donat de George Ulise Negropontes, \u00een fa\u021ba G\u0103rii din localitate, s-a pus piatra de temelie a Bisericii Neamului de la M\u0103r\u0103\u0219e\u0219ti, \u00een prezen\u021ba mitropolitului Pimen Georgescu \u0219i a mii de cre\u0219tini veni\u021bi la procesiune cu carele \u0219i trenul din cele mai \u00eendep\u0103rtate sate. A\u0219a a \u00eenceput construirea celui mai important memorial rom\u00e2nesc \u00eenchinat eroilor din R\u0103zboiul de Re\u00eentregire a Neamului. Anul urm\u0103tor, pe 27 septembrie 1924, a fost sfin\u021bit\u0103 cripta din Mausoleu, iar \u00eentregul edificiu a fost terminat \u00een 1938.<\/p>\n<p>Pe al doilea timbru, cu valoarea nominal\u0103 de <strong>9 lei<\/strong>, este ilustrat portretul generalului Constantin Christescu, unul dintre cei mai importan\u021bi strategi militari din Primul R\u0103zboi Mondial, cel care a g\u00e2ndit planurile celebrei b\u0103t\u0103lii de la M\u0103r\u0103\u0219e\u0219ti din vara anului 1917.<\/p>\n<p>Pe coli\u021ba emisiunii, av\u00e2nd timbrul cu valoarea nominal\u0103 de <strong>34 lei<\/strong>, sunt redate \u00een compozi\u021bia grafic\u0103, urm\u0103toarele elemente: \u00een partea superioar\u0103 \u2013 detaliu din cupola Mausoleului, cu redarea crucii, iar \u00een laterale, medalia (avers \u0219i revers) dedicat\u0103 Eroilor neamului \u0219i Mausoleului, medalie emis\u0103 \u00een perioada Regalit\u0103\u021bii.<\/p>\n<p>Centenarul Mausoleului Eroilor din M\u0103r\u0103\u0219e\u0219ti se \u00eenstituie ca un moment de recuno\u0219tin\u021b\u0103 fa\u021b\u0103 cei care, \u00eentr-o Rom\u00e2nie devastat\u0103 de r\u0103zboi, au reu\u0219it s\u0103 construiasc\u0103 unul dintre cele mai grandioase memoriale de r\u0103zboi din Europa.<\/p>\n<p><em>Romfilatelia mul\u021bume\u0219te reprezentan\u021bilor Muzeului Vrancei \u0219i Consiliului Jude\u021bean Vrancea, pentru colaborarea la realizarea acestei emisiuni de m\u0103rci po\u0219tale.<\/em><\/p>\n<p><a href=\"https:\/\/www.romfilatelia.ro\/wp-content\/uploads\/2023\/08\/caract_pliant-In-memoria-eroilor-neamului-jpg.webp\"><img decoding=\"async\" loading=\"lazy\" class=\"aligncenter size-full wp-image-2042406\" src=\"https:\/\/www.romfilatelia.ro\/wp-content\/uploads\/2023\/08\/caract_pliant-In-memoria-eroilor-neamului-jpg.webp\" alt=\"\" width=\"1705\" height=\"1211\" \/><\/a><\/p>\n","protected":false},"excerpt":{"rendered":"<p>Pentru cinstirea eroilor c\u0103zu\u021bi \u00een luptele din Moldova \u00een anul 1917, Romfilatelia a realizat emisiunea de m\u0103rci po\u0219tale aniversar\u0103 dedicat\u0103 Centenarului Mausoleului de la M\u0103r\u0103\u0219e\u0219ti, intitulat\u0103 \u00cen memoria Eroilor neamului. Emisiunea, alc\u0103tuit\u0103 din 2 m\u0103rci po\u0219tale, 1 coli\u021b\u0103 dantelat\u0103 \u0219i 1 plic \u201eprima zi\u201d, va fi introdus\u0103 \u00een circula\u021bie vineri, 4 august 2023. Pe primul&hellip;&nbsp;<a href=\"https:\/\/romfilatelia.ro\/magazin\/produs\/colectii-anuale\/2023\/in-memoria-eroilor-neamului\/\" class=\"\" rel=\"bookmark\">Cite\u0219te mai mult &raquo;<span class=\"screen-reader-text\">\u00ceN MEMORIA EROILOR NEAMULUI<\/span><\/a><\/p>\n","protected":false},"featured_media":2033052,"template":"","meta":{"neve_meta_sidebar":"","neve_meta_container":"","neve_meta_enable_content_width":"off","neve_meta_content_width":100,"neve_meta_title_alignment":"","neve_meta_author_avatar":"","neve_post_elements_order":"","neve_meta_disable_header":"","neve_meta_disable_footer":"","neve_meta_disable_title":""},"product_cat":[330,6],"product_tag":[],"_links":{"self":[{"href":"https:\/\/romfilatelia.ro\/magazin\/wp-json\/wp\/v2\/product\/2033048"}],"collection":[{"href":"https:\/\/romfilatelia.ro\/magazin\/wp-json\/wp\/v2\/product"}],"about":[{"href":"https:\/\/romfilatelia.ro\/magazin\/wp-json\/wp\/v2\/types\/product"}],"wp:featuredmedia":[{"embeddable":true,"href":"https:\/\/romfilatelia.ro\/magazin\/wp-json\/wp\/v2\/media\/2033052"}],"wp:attachment":[{"href":"https:\/\/romfilatelia.ro\/magazin\/wp-json\/wp\/v2\/media?parent=2033048"}],"wp:term":[{"taxonomy":"product_cat","embeddable":true,"href":"https:\/\/romfilatelia.ro\/magazin\/wp-json\/wp\/v2\/product_cat?post=2033048"},{"taxonomy":"product_tag","embeddable":true,"href":"https:\/\/romfilatelia.ro\/magazin\/wp-json\/wp\/v2\/product_tag?post=2033048"}],"curies":[{"name":"wp","href":"https:\/\/api.w.org\/{rel}","templated":true}]}}