{"id":2032945,"date":"2023-07-13T15:58:41","date_gmt":"2023-07-13T13:58:41","guid":{"rendered":"https:\/\/romfilatelia.ro\/magazin\/?post_type=product&#038;p=2032945"},"modified":"2023-07-21T08:15:03","modified_gmt":"2023-07-21T06:15:03","slug":"ziua-marcii-postale-romanesti-evenimente-muzeul-militar-national-regele-ferdinand-i-100-de-ani","status":"publish","type":"product","link":"https:\/\/romfilatelia.ro\/magazin\/produs\/colectii-anuale\/2023\/ziua-marcii-postale-romanesti-evenimente-muzeul-militar-national-regele-ferdinand-i-100-de-ani\/","title":{"rendered":"ZIUA M\u0102RCII PO\u0218TALE ROM\u00c2NE\u0218TI. EVENIMENTE.MUZEUL MILITAR NA\u021aIONAL \u201eREGELE FERDINAND I\u201d, 100 DE ANI"},"content":{"rendered":"<p><a href=\"https:\/\/romfilatelia.ro\/magazin\/wp-content\/uploads\/2023\/07\/SITE_mc_ZMPR_2023.jpg\"><img decoding=\"async\" loading=\"lazy\" class=\"wp-image-2032946 size-medium alignleft\" src=\"https:\/\/romfilatelia.ro\/magazin\/wp-content\/uploads\/2023\/07\/SITE_mc_ZMPR_2023-300x232.jpg\" alt=\"\" width=\"300\" height=\"232\" srcset=\"https:\/\/romfilatelia.ro\/magazin\/wp-content\/uploads\/2023\/07\/SITE_mc_ZMPR_2023-300x232.jpg 300w, https:\/\/romfilatelia.ro\/magazin\/wp-content\/uploads\/2023\/07\/SITE_mc_ZMPR_2023-800x618.jpg 800w, https:\/\/romfilatelia.ro\/magazin\/wp-content\/uploads\/2023\/07\/SITE_mc_ZMPR_2023-768x593.jpg 768w, https:\/\/romfilatelia.ro\/magazin\/wp-content\/uploads\/2023\/07\/SITE_mc_ZMPR_2023-500x386.jpg 500w, https:\/\/romfilatelia.ro\/magazin\/wp-content\/uploads\/2023\/07\/SITE_mc_ZMPR_2023-64x49.jpg 64w, https:\/\/romfilatelia.ro\/magazin\/wp-content\/uploads\/2023\/07\/SITE_mc_ZMPR_2023.jpg 1194w\" sizes=\"(max-width: 300px) 100vw, 300px\" \/><\/a><strong>Romfilatelia <\/strong>pune la dispozi\u0163ia publicului larg \u015fi a colec\u0163ionarilor pasiona\u0163i, emisiunea de m\u0103rci po\u0219tale prezentat\u0103 sub titlul generic <strong><em>Ziua M\u0103rcii Po\u015ftale Rom\u00e2ne\u0219ti. Evenimente<\/em>. <em>Muzeul Militar Na\u021bional \u201eRegele Ferdinand I\u201d, 100 de ani<\/em><\/strong><em>,<\/em> care va fi introdus\u0103 \u00een circula\u0163ie <em>vineri, 14 iulie a.c. <\/em><\/p>\n<p><em>Ziua M\u0103rcii Po\u0219tale Rom\u00e2ne\u0219ti \u2013 2023<\/em> eviden\u021biaz\u0103 \u00een imaginile m\u0103rcilor po\u0219tale mai multe evenimente legate de istorie \u0219i filatelie: Al\u0103turi de \u00eemplinirea a 165 de ani de la apari\u021bia primului timbru rom\u00e2nesc, \u201eCap de bour\u201d, emisiunea filatelic\u0103 dedicat\u0103 s\u0103rb\u0103torii m\u0103rcii po\u0219tale adaug\u0103 Centenarul Muzeului Militar Na\u021bional \u201eRegele Ferdinand I\u201d. Complet\u00e2nd grafica celor patru timbre, se reg\u0103sesc imagini ale unor m\u0103rci po\u0219tale vechi, premiere filatelice: prima efigie reprodus\u0103 pe timbre (Alexandru Ioan Cuza, 1864), prima inscrip\u021bionare ROM\u00c2NIA pe m\u0103rcile po\u0219tale (1872), primele m\u0103rci po\u0219tale Ferdinand I (1919) \u0219i unica emisiune aniversar\u0103 Ferdinand I (60 de ani, 1926).<\/p>\n<p>Muzeul Militar Na\u021bional \u201eRegele Ferdinand I\u201d reprezint\u0103 materializarea str\u0103daniei depuse de-a lungul a zeci de ani de personalit\u0103\u021bi marcante ale elitei rom\u00e2ne\u0219ti \u00eencep\u00e2nd cu Alexandru Ioan Cuza, Vasile P\u00e2rvan, Nicolae Iorga, Radu R. Rosetti, Constantin \u0218tef\u0103nescu Amza \u0219i \u00eencheind cu Regele Ferdinand I, care \u00een anul 1923 a decis prin \u00cenalt Decret Regal \u00eenfiin\u021barea Muzeului Militar Na\u021bional ca institu\u021bie de sine st\u0103t\u0103toare.<\/p>\n<p>\u00cen 1906, \u00een urma organiz\u0103rii la Bucure\u0219ti a Marii Expozi\u021bii Na\u021bionale, prilejuite de aniversarea a 40 de ani de domnie a Regelui Carol I, s-a construit \u00een Parcul Carol (fost Libert\u0103\u021bii), un ansamblu arhitectural menit s\u0103 g\u0103zduiasc\u0103 expozi\u021biile \u0219i evenimentele omagiale care urmau s\u0103 se desf\u0103\u0219oare. Cu acest prilej, obiectele ce aveau caracter militar s-au constituit \u00eentr-o parte distinct\u0103 a expozi\u021biei, sec\u021biunea militar\u0103, bucur\u00e2ndu-se de mare interes \u00een r\u00e2ndul publicului.<\/p>\n<p>\u00cen anul 1924, la Palatul Artelor, muzeul se deschidea publicului oferind spre vizitare 17 s\u0103li \u0219i 8 galerii care prezentau istoria militar\u0103 a rom\u00e2nilor p\u00e2n\u0103 \u00een 1922. Din 1925 \u0219i p\u00e2n\u0103 la declan\u0219area celui de-al Doilea R\u0103zboi Mondial \u00een patrimoniul muzeului au fost incluse obiecte provenite de la Pirotehnica armatei, Depozitul de armament T\u00e2rgovi\u0219te, Depozitul de armament Sibiu, dar \u0219i din achizi\u021bii \u0219i dona\u021bii particulare. \u00centre acestea, un loc special \u00eel aveau dona\u021biile guvernelor statelor cu care Rom\u00e2nia fusese aliat\u0103 \u00een timpul r\u0103zboiului: belgian (1925), francez (1927), italian (1928), britanic (1928), cehoslovac (1928), care au pus la dispozi\u021bia Muzeului Militar Na\u021bional o serie de piese din dotarea armatelor \u021b\u0103rilor respective. Acestea au avut loc \u00een contextul preconiz\u0103rii deschiderii \u00een cadrul muzeului a unei s\u0103li a alia\u021bilor Rom\u00e2niei din Primul R\u0103zboi Mondial.<\/p>\n<p>Dup\u0103 ce a func\u021bionat \u00een mai multe sedii, fosta cazarm\u0103 a Regimentului IV Ilfov, devine gazda patrimoniului muzeului militar, redeschis pentru public \u00een luna octombrie 1988. Din anul 2006, prelu\u00e2nd numele celui care a promulgat actul s\u0103u de fondare, muzeul devine Muzeul Militar Na\u021bional \u201eRegele Ferdinand I\u201d.<\/p>\n<p>Al\u0103turi de m\u0103rcile po\u0219tale care prezint\u0103 momente ale istoriei filatelice, imaginile celor patru timbre care alc\u0103tuiesc emisiunea dedicat\u0103 Centenarului muzeului, reproduc arhitectura construc\u021biilor celor mai importante: primul sediu din Parcul Carol \u0219i cel actual ilustrate pe timbrele cu valorile nominale de <strong>1,40 Lei<\/strong>, respectiv <strong>19,50 Lei<\/strong> \u0219i imaginile a dou\u0103 exponate din patrimoniul muzeal: Ceasul lui Alexandru Ioan Cuza \u0219i un detaliu al unei cromolitografii cu imaginea Regelui Carol I pe c\u00e2mpul de lupt\u0103 al R\u0103zboiului de Independen\u021b\u0103 din anul 1877 reproduse pe timbrele cu valorile nominale <strong>2,30 Lei<\/strong>, respectiv <strong>2,90 Lei<\/strong>.<\/p>\n<p><em>Romfilatelia multume\u0219te reprezentan\u021bilor Muzeului Militar Na\u021bional \u201eRegele Ferdinand I\u201d \u0219i Bibliotecii Academiei Rom\u00e2ne pentru frumoasa colaborare \u00een cadrul acestei emisiuni de m\u0103rci po\u0219tale. <\/em><\/p>\n<p><strong><em>Albumul filatelic<\/em><\/strong><em> este realizat \u00een tiraj limitat de <strong>268<\/strong> exemplare \u0219i este echipat cu blocul filatelic special de patru timbre nedantelate al emisiunii <strong>Ziua M\u0103rcii Po\u015ftale Rom\u00e2ne\u015fti. Evenimente. Muzeul Miliitar Na\u021bional \u201eRegele Ferdinand I\u201d,<\/strong><strong> 100 de ani<\/strong>, av\u00e2nd dou\u0103 \u0219tampile \u201eprima zi\u201d aplicate \u00een clar, \u00een folio aur, precum \u0219i blocul filatelic aniversar introdus \u00een circula\u021bie cu ocazia \u00eemplinirii a 80 de ani de la prima Expozi\u021bie Filatelic\u0103 Rom\u00e2n\u0103, av\u00e2nd imprimat cu folio aur textul <strong>165 Ani &#8211; Primul timbru \u201eCap de Bour\u201d<\/strong>. Cele dou\u0103 piese filatelice sunt numerotate de la <strong>001<\/strong> la <strong>268<\/strong>. <\/em><\/p>\n<p><a href=\"https:\/\/romfilatelia.ro\/magazin\/wp-content\/uploads\/2023\/07\/caract_pliant-Ziua-Marcii-Postale-Romanesti.jpg\"><img decoding=\"async\" loading=\"lazy\" class=\"aligncenter size-full wp-image-2032947\" src=\"https:\/\/romfilatelia.ro\/magazin\/wp-content\/uploads\/2023\/07\/caract_pliant-Ziua-Marcii-Postale-Romanesti.jpg\" alt=\"\" width=\"1755\" height=\"1761\" srcset=\"https:\/\/romfilatelia.ro\/magazin\/wp-content\/uploads\/2023\/07\/caract_pliant-Ziua-Marcii-Postale-Romanesti.jpg 1755w, https:\/\/romfilatelia.ro\/magazin\/wp-content\/uploads\/2023\/07\/caract_pliant-Ziua-Marcii-Postale-Romanesti-300x300.jpg 300w, https:\/\/romfilatelia.ro\/magazin\/wp-content\/uploads\/2023\/07\/caract_pliant-Ziua-Marcii-Postale-Romanesti-797x800.jpg 797w, https:\/\/romfilatelia.ro\/magazin\/wp-content\/uploads\/2023\/07\/caract_pliant-Ziua-Marcii-Postale-Romanesti-150x150.jpg 150w, https:\/\/romfilatelia.ro\/magazin\/wp-content\/uploads\/2023\/07\/caract_pliant-Ziua-Marcii-Postale-Romanesti-768x771.jpg 768w, https:\/\/romfilatelia.ro\/magazin\/wp-content\/uploads\/2023\/07\/caract_pliant-Ziua-Marcii-Postale-Romanesti-1531x1536.jpg 1531w, https:\/\/romfilatelia.ro\/magazin\/wp-content\/uploads\/2023\/07\/caract_pliant-Ziua-Marcii-Postale-Romanesti-250x250.jpg 250w, https:\/\/romfilatelia.ro\/magazin\/wp-content\/uploads\/2023\/07\/caract_pliant-Ziua-Marcii-Postale-Romanesti-500x502.jpg 500w, https:\/\/romfilatelia.ro\/magazin\/wp-content\/uploads\/2023\/07\/caract_pliant-Ziua-Marcii-Postale-Romanesti-100x100.jpg 100w, https:\/\/romfilatelia.ro\/magazin\/wp-content\/uploads\/2023\/07\/caract_pliant-Ziua-Marcii-Postale-Romanesti-64x64.jpg 64w\" sizes=\"(max-width: 1755px) 100vw, 1755px\" \/><\/a><\/p>\n<p>&nbsp;<\/p>\n<p>&nbsp;<\/p>\n","protected":false},"excerpt":{"rendered":"<p>Romfilatelia pune la dispozi\u0163ia publicului larg \u015fi a colec\u0163ionarilor pasiona\u0163i, emisiunea de m\u0103rci po\u0219tale prezentat\u0103 sub titlul generic Ziua M\u0103rcii Po\u015ftale Rom\u00e2ne\u0219ti. Evenimente. Muzeul Militar Na\u021bional \u201eRegele Ferdinand I\u201d, 100 de ani, care va fi introdus\u0103 \u00een circula\u0163ie vineri, 14 iulie a.c. Ziua M\u0103rcii Po\u0219tale Rom\u00e2ne\u0219ti \u2013 2023 eviden\u021biaz\u0103 \u00een imaginile m\u0103rcilor po\u0219tale mai multe&hellip;&nbsp;<a href=\"https:\/\/romfilatelia.ro\/magazin\/produs\/colectii-anuale\/2023\/ziua-marcii-postale-romanesti-evenimente-muzeul-militar-national-regele-ferdinand-i-100-de-ani\/\" class=\"\" rel=\"bookmark\">Cite\u0219te mai mult &raquo;<span class=\"screen-reader-text\">ZIUA M\u0102RCII PO\u0218TALE ROM\u00c2NE\u0218TI. EVENIMENTE.MUZEUL MILITAR NA\u021aIONAL \u201eREGELE FERDINAND I\u201d, 100 DE ANI<\/span><\/a><\/p>\n","protected":false},"featured_media":2032948,"template":"","meta":{"neve_meta_sidebar":"","neve_meta_container":"","neve_meta_enable_content_width":"off","neve_meta_content_width":100,"neve_meta_title_alignment":"","neve_meta_author_avatar":"","neve_post_elements_order":"","neve_meta_disable_header":"","neve_meta_disable_footer":"","neve_meta_disable_title":""},"product_cat":[330,6],"product_tag":[],"_links":{"self":[{"href":"https:\/\/romfilatelia.ro\/magazin\/wp-json\/wp\/v2\/product\/2032945"}],"collection":[{"href":"https:\/\/romfilatelia.ro\/magazin\/wp-json\/wp\/v2\/product"}],"about":[{"href":"https:\/\/romfilatelia.ro\/magazin\/wp-json\/wp\/v2\/types\/product"}],"wp:featuredmedia":[{"embeddable":true,"href":"https:\/\/romfilatelia.ro\/magazin\/wp-json\/wp\/v2\/media\/2032948"}],"wp:attachment":[{"href":"https:\/\/romfilatelia.ro\/magazin\/wp-json\/wp\/v2\/media?parent=2032945"}],"wp:term":[{"taxonomy":"product_cat","embeddable":true,"href":"https:\/\/romfilatelia.ro\/magazin\/wp-json\/wp\/v2\/product_cat?post=2032945"},{"taxonomy":"product_tag","embeddable":true,"href":"https:\/\/romfilatelia.ro\/magazin\/wp-json\/wp\/v2\/product_tag?post=2032945"}],"curies":[{"name":"wp","href":"https:\/\/api.w.org\/{rel}","templated":true}]}}