{"id":2032738,"date":"2023-06-15T10:07:32","date_gmt":"2023-06-15T08:07:32","guid":{"rendered":"https:\/\/romfilatelia.ro\/magazin\/?post_type=product&#038;p=2032738"},"modified":"2023-06-15T10:07:33","modified_gmt":"2023-06-15T08:07:33","slug":"universitatea-nationala-de-educatie-fizica-si-sport-din-bucuresti-100-de-ani","status":"publish","type":"product","link":"https:\/\/romfilatelia.ro\/magazin\/produs\/colectii-anuale\/2023\/universitatea-nationala-de-educatie-fizica-si-sport-din-bucuresti-100-de-ani\/","title":{"rendered":"UNIVERSITATEA NA\u021aIONAL\u0102 DE EDUCA\u021aIE FIZIC\u0102 \u0218I SPORT DIN BUCURE\u0218TI, 100 DE ANI"},"content":{"rendered":"<p><a href=\"https:\/\/www.romfilatelia.ro\/wp-content\/uploads\/2023\/06\/SITE_mc_UNEFS-jpg.webp\"><img decoding=\"async\" loading=\"lazy\" class=\"alignleft wp-image-2041824\" src=\"https:\/\/www.romfilatelia.ro\/wp-content\/uploads\/2023\/06\/SITE_mc_UNEFS-jpg.webp\" alt=\"\" width=\"400\" height=\"321\" \/><\/a>Pentru a omagia o institu\u021bie de \u00eenv\u0103\u021b\u0103m\u00e2nt etalon pentru sportul rom\u00e2nesc, Romfilatelia introduce \u00een circula\u021bie vineri, 16 iunie 2023, emisiunea de m\u0103rci po\u0219tale Universitatea Na\u021bional\u0103 de Educa\u021bie Fizic\u0103 \u0219i Sport din Bucure\u0219ti, 100 de ani, alc\u0103tuit\u0103 din un timbru \u0219i o coli\u021b\u0103 dantelat\u0103.<br \/>\nPe timbrul emisiunii cu valoarea nominal\u0103 de 2,90 lei sunt redate elemente grafice care reproduc poarta monumental\u0103 a Universit\u0103\u021bii, laurii \u00eenving\u0103torilor \u0219i flac\u0103ra ce simbolizeaz\u0103 cunoa\u0219terea.<br \/>\n\u00cen compozi\u021bia grafic\u0103 a coli\u021bei dantelate av\u00e2nd timbrul cu valoarea nominal\u0103 de 34 lei este ilustrat bustul Regelui Ferdinand I, semnatarul Legii pentru Educa\u021bie Fizic\u0103, al\u0103turi de un facsimil din textul Legii. \u00cen perforul timbrului coli\u021bei este redat\u0103 sigla aniversar\u0103 a UNEFS.<br \/>\nPe imaginea plicului prima zi a emisiunii este reprodus portretul Generalului Prof. Virgil B\u0103dulescu, Primul Director al Institutului Na\u021bional de Educa\u021bie Fizic\u0103 (INEF), iar timbrului \u00eei sunt asociate \u00een partea superioar\u0103 a plicului, imagini cu loca\u021bii UNEFS &#8211; ONEF-Plaja, Caban\u0103 \u00een Par\u00e2ng, iarna \u0219i silueta unui alerg\u0103tor pe fundal cu sinusiod\u0103, red\u00e2nd dinamica.<br \/>\n\u00cen urm\u0103 cu 100 de ani, Legea pentru Educa\u0163ie Fizic\u0103, promulgat\u0103 la data de 15 iunie 1923 \u015fi publicat\u0103 \u00een Monitorul Oficial nr. 59, din 17 iunie 1923, men\u021biona \u00eenfiin\u021barea Institutului Na\u021bional de Educa\u021bie Fizic\u0103, ca prim\u0103 form\u0103 de organizare \u0219i denumire a universit\u0103\u021bii actuale. Regele Ferdinand I semna legea care consfin\u021bea aceast\u0103 universitate demonstr\u00e2nd un spirit inovator \u0219i adaptat vremurilor respective, dornic de sus\u021binere a afirm\u0103rii na\u021bionale \u00een toate domeniile sociale.<br \/>\nExcelen\u021ba \u0219i performan\u021ba uman\u0103 \u00eenso\u021besc cei 100 de ani de istorie, de-a lungul c\u0103rora prestigiul universit\u0103\u021bii s-a contopit cu cel al unor cadre didactice \u0219i cercet\u0103tori cu rezultate remarcabile, care au cunoscut notorietate na\u021bional\u0103 \u0219i interna\u021bional\u0103. Fiecare epoc\u0103 istoric\u0103 a fost marcat\u0103 de profesioni\u0219ti care au slujit cu pasiune domeniul \u0218tiin\u021ba Sportului \u0219i Educa\u021biei Fizice.<br \/>\nInova\u021biile \u0219tiin\u021bifice s-au f\u0103cut remarcate \u00eencep\u00e2nd cu anii 1950. De men\u021bionat primul instrument care s\u0103 permit\u0103 \u00eenregistrarea fazelor din jocurile sportive (prof. Mihai Epuran), un prototip revolu\u021bionar al suli\u021bei moderne (prof. Nicolae Titus Tatu), integrarea cuno\u0219tin\u021belor medicale \u00een preg\u0103tirea sportiv\u0103 (dr. Mircea Georgescu), prezen\u021ba la conducerea Societ\u0103\u021bii de Medicin\u0103 Sportiv\u0103 din Rom\u00e2nia a medicului Andrei Demeter.<br \/>\n\u00cen mod cert, marile personalit\u0103\u021bi ale corpului profesoral academic au contribuit la valoarea absolven\u021bilor universit\u0103\u021bii. Cei 100 de ani de activitate au \u00eensemnat \u0219i zeci de genera\u021bii care au purtat renumele unei institu\u021bii de educa\u021bie \u0219i cultur\u0103, care \u00een prezent continu\u0103 s\u0103 se afirme \u00een contextul \u00eenv\u0103\u021b\u0103m\u00e2ntului rom\u00e2nesc universitar.<br \/>\nPentru oameni \u0219i fapte, \u00een semn de recuno\u0219tin\u021b\u0103 \u0219i pre\u021buire a valorii umane, \u00een Anul Centenarului, pentru sute de ani de acum \u00eenainte, genera\u021biile de cadre didactice, studen\u021bi \u0219i absolven\u021bi vor r\u0103m\u00e2ne fidele misiunii universit\u0103\u021bii.<\/p>\n<p>La mul\u021bi ani!<br \/>\nVivat, crescat, floreat!<\/p>\n<p>Romfilatelia mul\u021bume\u0219te reprezentan\u021bilor Universit\u0103\u021bii Na\u021bionale de Educa\u021bie Fizic\u0103 \u0219i Sport din Bucure\u0219ti pentru sprijinul documentar \u0219i fotografic acordat la realizarea acestei emisiuni de m\u0103rci po\u0219tale.<\/p>\n<p><a href=\"https:\/\/www.romfilatelia.ro\/wp-content\/uploads\/2023\/06\/caract_-UNEFS_UNIV.-NAT-jpg.webp\"><img decoding=\"async\" loading=\"lazy\" class=\"aligncenter size-full wp-image-2041814\" src=\"https:\/\/www.romfilatelia.ro\/wp-content\/uploads\/2023\/06\/caract_-UNEFS_UNIV.-NAT-jpg.webp\" alt=\"\" width=\"1708\" height=\"1119\" \/><\/a><\/p>\n","protected":false},"excerpt":{"rendered":"<p>Pentru a omagia o institu\u021bie de \u00eenv\u0103\u021b\u0103m\u00e2nt etalon pentru sportul rom\u00e2nesc, Romfilatelia introduce \u00een circula\u021bie vineri, 16 iunie 2023, emisiunea de m\u0103rci po\u0219tale Universitatea Na\u021bional\u0103 de Educa\u021bie Fizic\u0103 \u0219i Sport din Bucure\u0219ti, 100 de ani, alc\u0103tuit\u0103 din un timbru \u0219i o coli\u021b\u0103 dantelat\u0103. Pe timbrul emisiunii cu valoarea nominal\u0103 de 2,90 lei sunt redate elemente&hellip;&nbsp;<a href=\"https:\/\/romfilatelia.ro\/magazin\/produs\/colectii-anuale\/2023\/universitatea-nationala-de-educatie-fizica-si-sport-din-bucuresti-100-de-ani\/\" class=\"\" rel=\"bookmark\">Cite\u0219te mai mult &raquo;<span class=\"screen-reader-text\">UNIVERSITATEA NA\u021aIONAL\u0102 DE EDUCA\u021aIE FIZIC\u0102 \u0218I SPORT DIN BUCURE\u0218TI, 100 DE ANI<\/span><\/a><\/p>\n","protected":false},"featured_media":2032742,"template":"","meta":{"neve_meta_sidebar":"","neve_meta_container":"","neve_meta_enable_content_width":"off","neve_meta_content_width":100,"neve_meta_title_alignment":"","neve_meta_author_avatar":"","neve_post_elements_order":"","neve_meta_disable_header":"","neve_meta_disable_footer":"","neve_meta_disable_title":""},"product_cat":[330,6],"product_tag":[],"_links":{"self":[{"href":"https:\/\/romfilatelia.ro\/magazin\/wp-json\/wp\/v2\/product\/2032738"}],"collection":[{"href":"https:\/\/romfilatelia.ro\/magazin\/wp-json\/wp\/v2\/product"}],"about":[{"href":"https:\/\/romfilatelia.ro\/magazin\/wp-json\/wp\/v2\/types\/product"}],"wp:featuredmedia":[{"embeddable":true,"href":"https:\/\/romfilatelia.ro\/magazin\/wp-json\/wp\/v2\/media\/2032742"}],"wp:attachment":[{"href":"https:\/\/romfilatelia.ro\/magazin\/wp-json\/wp\/v2\/media?parent=2032738"}],"wp:term":[{"taxonomy":"product_cat","embeddable":true,"href":"https:\/\/romfilatelia.ro\/magazin\/wp-json\/wp\/v2\/product_cat?post=2032738"},{"taxonomy":"product_tag","embeddable":true,"href":"https:\/\/romfilatelia.ro\/magazin\/wp-json\/wp\/v2\/product_tag?post=2032738"}],"curies":[{"name":"wp","href":"https:\/\/api.w.org\/{rel}","templated":true}]}}