{"id":2032714,"date":"2023-06-12T15:38:55","date_gmt":"2023-06-12T13:38:55","guid":{"rendered":"https:\/\/romfilatelia.ro\/magazin\/?post_type=product&#038;p=2032714"},"modified":"2023-06-12T15:42:17","modified_gmt":"2023-06-12T13:42:17","slug":"facultatea-de-farmacie-a-universitatii-de-medicina-si-farmacie-carol-davila-100-de-ani","status":"publish","type":"product","link":"https:\/\/romfilatelia.ro\/magazin\/produs\/colectii-anuale\/2023\/facultatea-de-farmacie-a-universitatii-de-medicina-si-farmacie-carol-davila-100-de-ani\/","title":{"rendered":"FACULTATEA DE FARMACIE A UNIVERSIT\u0102\u021aII DE MEDICIN\u0102 \u0218I FARMACIE \u201eCAROL DAVILA\u201d, 100 DE ANI"},"content":{"rendered":"<p><a href=\"https:\/\/romfilatelia.ro\/magazin\/wp-content\/uploads\/2023\/06\/SITE_mc_Fac.-Farrmacie-Carol-Davila.jpg\"><img decoding=\"async\" loading=\"lazy\" class=\"wp-image-2032715 size-medium alignleft\" src=\"https:\/\/romfilatelia.ro\/magazin\/wp-content\/uploads\/2023\/06\/SITE_mc_Fac.-Farrmacie-Carol-Davila-300x241.jpg\" alt=\"\" width=\"300\" height=\"241\" srcset=\"https:\/\/romfilatelia.ro\/magazin\/wp-content\/uploads\/2023\/06\/SITE_mc_Fac.-Farrmacie-Carol-Davila-300x241.jpg 300w, https:\/\/romfilatelia.ro\/magazin\/wp-content\/uploads\/2023\/06\/SITE_mc_Fac.-Farrmacie-Carol-Davila-800x642.jpg 800w, https:\/\/romfilatelia.ro\/magazin\/wp-content\/uploads\/2023\/06\/SITE_mc_Fac.-Farrmacie-Carol-Davila-768x617.jpg 768w, https:\/\/romfilatelia.ro\/magazin\/wp-content\/uploads\/2023\/06\/SITE_mc_Fac.-Farrmacie-Carol-Davila-500x401.jpg 500w, https:\/\/romfilatelia.ro\/magazin\/wp-content\/uploads\/2023\/06\/SITE_mc_Fac.-Farrmacie-Carol-Davila-64x51.jpg 64w, https:\/\/romfilatelia.ro\/magazin\/wp-content\/uploads\/2023\/06\/SITE_mc_Fac.-Farrmacie-Carol-Davila.jpg 948w\" sizes=\"(max-width: 300px) 100vw, 300px\" \/><\/a>Pentru a omagia o institu\u021bie de \u00eenv\u0103\u021b\u0103m\u00e2nt superior rom\u00e2nesc emblematic\u0103, <strong>Romfilatelia<\/strong> introduce \u00een circula\u021bie <em>luni, 12 iunie 2023<\/em>, emisiunea de m\u0103rci po\u0219tale <strong><em>Facultatea de Farmacie a Universit\u0103\u021bii De Medicin\u0103 \u0219i Farmacie \u201eCarol Davila\u201d, 100 de ani<\/em><\/strong>, alc\u0103tuit\u0103 dintr-un timbru \u0219i o coli\u021b\u0103 dantelat\u0103.<\/p>\n<p>O prim\u0103 form\u0103 de \u00eenv\u0103\u0163\u0103m\u00e2nt farmaceutic existent\u0103 \u00eentr-o \u015fcoal\u0103 organizat\u0103 \u015fi reglementat\u0103 de c\u0103tre autorit\u0103\u0163ile statului s-a constituit \u00een anul 1857 c\u00e2nd, prin Jurnalul Consiliului Administrativ al \u0162\u0103rii Rom\u00e2ne\u015fti (29 iulie 1857), \u015ecoala de Mic\u0103 Chirurgie, \u00eenfiin\u0163at\u0103 \u00een 1855 la Bucure\u015fti de Carol Davila \u00eempreun\u0103 cu Nicolae Kretzulescu, a fost transformat\u0103 \u00een \u015ecoala Na\u0163ional\u0103 de Medicin\u0103 \u0219i Farmacie <em>,,marc\u00e2nd \u00eenceputul \u00eenv\u0103\u0163\u0103m\u00e2ntului superior farmaceutic \u00een Rom\u00e2nia\u201d.<\/em><\/p>\n<p>Dup\u0103 anul 1880 au existat ini\u021biative ale farmaci\u0219tilor \u0219i studen\u021bilor farmaci\u0219ti pentru reorganizarea \u00eenv\u0103\u021b\u0103m\u00e2ntului\u00a0 farmaceutic. Aceste ini\u021biative, sus\u021binute de Carol Davila, vizau crearea unei \u0219coli separate de farmacie, ob\u021binerea titlului de licen\u021biat la finalizarea studiilor, crearea doctoratului \u00een farmacie, etc.<\/p>\n<p>Datorit\u0103 eforturilor \u0219i perseveren\u021bei profesorilor \u0218colii Superioare de Farmacie, al organiza\u021biilor farmaceutice profesionale \u0219i \u0219tiin\u021bifice \u0219i al farmaci\u0219tilor practicieni, acest obiectiv a fost atins prin \u00eenfiin\u021barea \u00cenv\u0103\u021b\u0103m\u00e2ntului Universitar Farmaceutic autonom \u00een Rom\u00e2nia, fiind creat\u0103 la Bucure\u0219ti prima Facultate de Farmacie din \u021bar\u0103, \u00een 12 iunie 1923.<\/p>\n<p>Facultatea de Farmacie din cadrul Universit\u0103\u0163ii de Medicin\u0103 \u015fi Farmacie \u201eCarol Davila\u201c este institu\u0163ia de \u00eenv\u0103\u0163\u0103m\u00e2nt farmaceutic cu cea mai veche tradi\u0163ie din Rom\u00e2nia \u015fi una dintre cele mai performante la nivel na\u0163ional.<\/p>\n<p>\u00cen prezent, \u00een cadrul Facult\u0103\u021bii de Farmacie, se deruleaz\u0103 programe de studii universitare de licen\u021b\u0103 \u00een limba rom\u00e2n\u0103 \u0219i \u00een limba francez\u0103. Universitatea de Medicin\u0103 \u0219i Farmacie \u201eCarol Davila\u201d colaboreaz\u0103 cu institu\u021bii membre ale Agen\u021biei Universit\u0103\u021bilor Francofone din Rom\u00e2nia \u0219i str\u0103in\u0103tate, l\u0103rgind astfel orizonturile vorbitorilor de limb\u0103 francez\u0103 \u0219i oferindu-le studii cu solide baze \u0219tiin\u021bifice bio-medicale, respect\u00e2nd \u00een egal\u0103 m\u0103sur\u0103 diversitatea cultural\u0103, etnic\u0103 \u0219i lingvistic\u0103.<\/p>\n<p>Facultatea de Farmacie ofer\u0103 studen\u021bilor o abordare integrat\u0103 a \u0219tiin\u021belor farmaceutice \u0219i a practicii farmaceutice \u00een acord cu tendin\u021bele contemporane, componenta central\u0103 a procesului de \u00eenv\u0103\u0163\u0103m\u00e2nt fiind reprezentat\u0103 de studiile de licen\u0163\u0103.<\/p>\n<p>Pe timbrul cu valoarea nominal\u0103 de <strong>2,90 lei<\/strong> a emisiunii \u0219i pe plicul \u201eprima zi\u201d este reprodus\u0103 imaginea bustului lui \u0218tefan Minovici, primul decan al Facult\u0103\u021bii de Farmacie, cu o contribu\u021bie esen\u021bial\u0103 \u00een \u00eenfiin\u021barea institu\u021biei.<\/p>\n<p>Pe coli\u021ba emisiunii, av\u00e2nd timbrul cu valoarea nominal\u0103 de <strong>34 lei<\/strong>, este redat aversul Medaliei aniversare, \u201eCentenarul Davila 1828-1928\u201d, cu efigia medicului Carol Davila (1828-1884), al\u0103turi de o compozi\u021bie simbolic\u0103 &#8211; pe un piedestal, zei\u021ba s\u0103n\u0103t\u0103\u021bii, Higia, av\u00e2nd \u00een m\u00e2na dreapt\u0103 toiagul lui Asclepios (zeu grec al medicinei), este prezentat\u0103 \u00een ipostaza alin\u0103rii suferin\u021belor unui bolnav. Este cunoscut faptul c\u0103 sora sa, Panaceea, zei\u021ba vindec\u0103rii, \u00eei \u00eengrijea pe bolnavi cu ajutorul leacurilor.<em>\u00a0<\/em><\/p>\n<p><em>La mul\u021bi ani! <\/em><\/p>\n<p><em>Vivat, crescat, floreat! <\/em><em>\u00a0<\/em><\/p>\n<p><em>Romfilatelia mul\u021bume\u0219te speciali\u0219tilor Facult\u0103\u021bii de Farmacie a Universit\u0103\u021bii de Medicin\u0103 \u0219i Farmacie \u201eCarol Davila\u201d pentru sprijinul documentar \u0219i fotografic acordat la realizarea acestei emisiuni de m\u0103rci po\u0219tale.<\/em><\/p>\n<p><a href=\"https:\/\/romfilatelia.ro\/magazin\/wp-content\/uploads\/2023\/06\/caract_Fac.-de-Med.jpg\"><img decoding=\"async\" loading=\"lazy\" class=\"aligncenter size-full wp-image-2032716\" src=\"https:\/\/romfilatelia.ro\/magazin\/wp-content\/uploads\/2023\/06\/caract_Fac.-de-Med.jpg\" alt=\"\" width=\"1731\" height=\"1116\" srcset=\"https:\/\/romfilatelia.ro\/magazin\/wp-content\/uploads\/2023\/06\/caract_Fac.-de-Med.jpg 1731w, https:\/\/romfilatelia.ro\/magazin\/wp-content\/uploads\/2023\/06\/caract_Fac.-de-Med-300x193.jpg 300w, https:\/\/romfilatelia.ro\/magazin\/wp-content\/uploads\/2023\/06\/caract_Fac.-de-Med-800x516.jpg 800w, https:\/\/romfilatelia.ro\/magazin\/wp-content\/uploads\/2023\/06\/caract_Fac.-de-Med-768x495.jpg 768w, https:\/\/romfilatelia.ro\/magazin\/wp-content\/uploads\/2023\/06\/caract_Fac.-de-Med-1536x990.jpg 1536w, https:\/\/romfilatelia.ro\/magazin\/wp-content\/uploads\/2023\/06\/caract_Fac.-de-Med-500x322.jpg 500w, https:\/\/romfilatelia.ro\/magazin\/wp-content\/uploads\/2023\/06\/caract_Fac.-de-Med-64x41.jpg 64w\" sizes=\"(max-width: 1731px) 100vw, 1731px\" \/><\/a><\/p>\n","protected":false},"excerpt":{"rendered":"<p>Pentru a omagia o institu\u021bie de \u00eenv\u0103\u021b\u0103m\u00e2nt superior rom\u00e2nesc emblematic\u0103, Romfilatelia introduce \u00een circula\u021bie luni, 12 iunie 2023, emisiunea de m\u0103rci po\u0219tale Facultatea de Farmacie a Universit\u0103\u021bii De Medicin\u0103 \u0219i Farmacie \u201eCarol Davila\u201d, 100 de ani, alc\u0103tuit\u0103 dintr-un timbru \u0219i o coli\u021b\u0103 dantelat\u0103. O prim\u0103 form\u0103 de \u00eenv\u0103\u0163\u0103m\u00e2nt farmaceutic existent\u0103 \u00eentr-o \u015fcoal\u0103 organizat\u0103 \u015fi reglementat\u0103&hellip;&nbsp;<a href=\"https:\/\/romfilatelia.ro\/magazin\/produs\/colectii-anuale\/2023\/facultatea-de-farmacie-a-universitatii-de-medicina-si-farmacie-carol-davila-100-de-ani\/\" class=\"\" rel=\"bookmark\">Cite\u0219te mai mult &raquo;<span class=\"screen-reader-text\">FACULTATEA DE FARMACIE A UNIVERSIT\u0102\u021aII DE MEDICIN\u0102 \u0218I FARMACIE \u201eCAROL DAVILA\u201d, 100 DE ANI<\/span><\/a><\/p>\n","protected":false},"featured_media":2032717,"template":"","meta":{"neve_meta_sidebar":"","neve_meta_container":"","neve_meta_enable_content_width":"off","neve_meta_content_width":100,"neve_meta_title_alignment":"","neve_meta_author_avatar":"","neve_post_elements_order":"","neve_meta_disable_header":"","neve_meta_disable_footer":"","neve_meta_disable_title":""},"product_cat":[330,6],"product_tag":[],"_links":{"self":[{"href":"https:\/\/romfilatelia.ro\/magazin\/wp-json\/wp\/v2\/product\/2032714"}],"collection":[{"href":"https:\/\/romfilatelia.ro\/magazin\/wp-json\/wp\/v2\/product"}],"about":[{"href":"https:\/\/romfilatelia.ro\/magazin\/wp-json\/wp\/v2\/types\/product"}],"wp:featuredmedia":[{"embeddable":true,"href":"https:\/\/romfilatelia.ro\/magazin\/wp-json\/wp\/v2\/media\/2032717"}],"wp:attachment":[{"href":"https:\/\/romfilatelia.ro\/magazin\/wp-json\/wp\/v2\/media?parent=2032714"}],"wp:term":[{"taxonomy":"product_cat","embeddable":true,"href":"https:\/\/romfilatelia.ro\/magazin\/wp-json\/wp\/v2\/product_cat?post=2032714"},{"taxonomy":"product_tag","embeddable":true,"href":"https:\/\/romfilatelia.ro\/magazin\/wp-json\/wp\/v2\/product_tag?post=2032714"}],"curies":[{"name":"wp","href":"https:\/\/api.w.org\/{rel}","templated":true}]}}