{"id":2032695,"date":"2023-06-09T09:54:42","date_gmt":"2023-06-09T07:54:42","guid":{"rendered":"https:\/\/romfilatelia.ro\/magazin\/?post_type=product&#038;p=2032695"},"modified":"2023-06-09T09:54:42","modified_gmt":"2023-06-09T07:54:42","slug":"ziua-mondiala-a-mediului","status":"publish","type":"product","link":"https:\/\/romfilatelia.ro\/magazin\/produs\/colectii-anuale\/2023\/ziua-mondiala-a-mediului\/","title":{"rendered":"ZIUA MONDIAL\u0102  A MEDIULUI"},"content":{"rendered":"<p><a href=\"https:\/\/www.romfilatelia.ro\/wp-content\/uploads\/2023\/06\/SITE_mc_Ziua-Mediului-jpg.webp\"><img decoding=\"async\" loading=\"lazy\" class=\"alignleft wp-image-2041729\" src=\"https:\/\/www.romfilatelia.ro\/wp-content\/uploads\/2023\/06\/SITE_mc_Ziua-Mediului-jpg.webp\" alt=\"\" width=\"400\" height=\"443\" \/><\/a>Ziua Mondial\u0103 a Mediului, aniversat\u0103 \u00een fiecare an \u00een ziua de 5 iunie, \u00eenscrie pentru anul 2023, un slogan bine definit \u0219i anume: \u201e\u00cenvinge poluarea cu plastic\u201d (Beat Plastic Pollution).<br \/>\nMinisterul Mediului, Apelor \u0219i P\u0103durilor deruleaz\u0103, la nivel na\u021bional, o ampl\u0103 campanie de informare \u0219i educare \u201eRecicl\u0103m \u00een Rom\u00e2nia\u201d. Aceasta \u00ee\u0219i propune s\u0103 responsabilizeze popula\u021bia cu privire la gestionarea \u0219i colectarea separat\u0103 a de\u0219eurilor.<br \/>\nObiectivul principal urm\u0103re\u0219te s\u0103 ofere genera\u021biilor urm\u0103toare un model de bun\u0103 purtare \u0219i responsabilitate cu privire la ziua de m\u00e2ine. Ne dorim o \u021bar\u0103 curat\u0103, cu oameni responsabili \u0219i implica\u021bi activ \u00een respectarea unui stil de via\u021b\u0103 tr\u0103it\u0103 dup\u0103 regulile ecologice ale planetei.<br \/>\nResursele naturale sunt limitate iar modul \u00een care le gestion\u0103m ne afecteaz\u0103 viitorul. Studiile arat\u0103 c\u0103 mai mult de jum\u0103tate dintre rom\u00e2ni nu colecteaz\u0103 separat de\u0219eurile \u00een propriile gospod\u0103rii, f\u0103r\u0103 a con\u0219tientiza impactul negativ asupra mediului. Asumarea unui comportament responsabil privitor la mediul \u00eenconjur\u0103tor este esen\u021bial\u0103 pentru a evita consecin\u021be precum: cre\u0219terea nivelului de poluare, afectarea st\u0103rii de s\u0103n\u0103tate, distrugerea habitatului natural, cre\u0219terea costurilor de produc\u021bie.<br \/>\nPrintre \u00eendemnurile reg\u0103site \u00een Campania \u201eRecicl\u0103m \u00een Rom\u00e2nia!\u201d ini\u021biat\u0103 de Ministerul Mediului, men\u021bion\u0103m:<br \/>\n\u201eInformeaz\u0103-te cu privire la impactul pe care ac\u021biunile noastre \u00eel au asupra mediului \u00eenconjur\u0103tor!<br \/>\nColecteaz\u0103 separat \u0219i cu grij\u0103 pentru natur\u0103!<br \/>\nVorbe\u0219te cu prietenii \u0219i vecinii despre importan\u021ba acestui lucru \u0219i, dac\u0103 este cazul, solicit\u0103 autorit\u0103\u021bilor locale s\u0103 sprijine acest demers!\u201d<br \/>\nAstfel, prin ac\u021biunile tale, vei contribui la:<br \/>\nReintroducerea de\u0219eurilor \u00een circuitul economic<br \/>\nManagementul inteligent al de\u0219eurilor \u00een gospod\u0103rie<br \/>\nProtejarea mediului \u0219i asigurarea unui viitor sustenabil<br \/>\nRomfilatelia se al\u0103tur\u0103 acestor deziderate menite s\u0103 promoveze responsabilitatea privind protejarea mediului, prin tematica emisiunii de m\u0103rci po\u0219tale Ziua Mondial\u0103 a Mediului, ce va fi introdus\u0103 \u00een circula\u021bie \u00eencep\u00e2nd de vineri, 9 iunie a.c.<br \/>\nImaginile ilustrate pe timbrul emisiunii cu valoarea nominal\u0103 de 11 lei \u0219i pe plicul \u201eprima zi\u201d redau vizual elemente grafice sugestive, ce trag un semnal de alarm\u0103 cu privire la problemele de mediu \u0219i, \u00een special la cele legate de poluare, care afecteaz\u0103 at\u00e2t via\u021ba oamenilor, c\u00e2t \u0219i habitatul natural, pun\u00e2nd \u00een pericol via\u021ba animalelor, dispari\u021bia multor specii.<br \/>\nAc\u021biunile excesive ale oamenilor \u2013 redate pe timbru prin simboluri precum poluarea datorat\u0103 arderilor combustibililor fosili \u00een termocentrale \u0219i furnale, autostr\u0103zilor, tunelelor, drujbelor care pun la p\u0103m\u00e2nt p\u0103durile \u2013 pot duce la dezechilibre \u00een ecosistemele naturale, cu efecte negative \u0219i ireversibile pentru via\u021ba pe planeta P\u0103m\u00e2nt.<br \/>\nGrafica plicului \u201eprima zi\u201d a emisiunii ilustreaz\u0103, de asemenea, restr\u00e2ngerea zonelor naturale sub forma simbolic\u0103 a unei insule cu suprafa\u021ba descresc\u00e2nd\u0103 \u00een care animale din diverse habitate \u00eencearc\u0103 s\u0103-\u0219i g\u0103seasc\u0103 salvarea.<\/p>\n<p>Romfilatelia mul\u021bume\u0219te reprezentan\u021bilor Ministerului Mediului, Apelor \u0219i P\u0103durilor pentru sprijinul documentar acordat la realizarea acestei emisiunii de m\u0103rci po\u0219tale.<\/p>\n<p><a href=\"https:\/\/www.romfilatelia.ro\/wp-content\/uploads\/2023\/06\/caract_-Ziua-Mond-a-Mediului-jpg.webp\"><img decoding=\"async\" loading=\"lazy\" class=\"aligncenter size-full wp-image-2041722\" src=\"https:\/\/www.romfilatelia.ro\/wp-content\/uploads\/2023\/06\/caract_-Ziua-Mond-a-Mediului-jpg.webp\" alt=\"\" width=\"1690\" height=\"1011\" \/><\/a><\/p>\n","protected":false},"excerpt":{"rendered":"<p>Ziua Mondial\u0103 a Mediului, aniversat\u0103 \u00een fiecare an \u00een ziua de 5 iunie, \u00eenscrie pentru anul 2023, un slogan bine definit \u0219i anume: \u201e\u00cenvinge poluarea cu plastic\u201d (Beat Plastic Pollution). Ministerul Mediului, Apelor \u0219i P\u0103durilor deruleaz\u0103, la nivel na\u021bional, o ampl\u0103 campanie de informare \u0219i educare \u201eRecicl\u0103m \u00een Rom\u00e2nia\u201d. Aceasta \u00ee\u0219i propune s\u0103 responsabilizeze popula\u021bia&hellip;&nbsp;<a href=\"https:\/\/romfilatelia.ro\/magazin\/produs\/colectii-anuale\/2023\/ziua-mondiala-a-mediului\/\" class=\"\" rel=\"bookmark\">Cite\u0219te mai mult &raquo;<span class=\"screen-reader-text\">ZIUA MONDIAL\u0102  A MEDIULUI<\/span><\/a><\/p>\n","protected":false},"featured_media":2032698,"template":"","meta":{"neve_meta_sidebar":"","neve_meta_container":"","neve_meta_enable_content_width":"off","neve_meta_content_width":100,"neve_meta_title_alignment":"","neve_meta_author_avatar":"","neve_post_elements_order":"","neve_meta_disable_header":"","neve_meta_disable_footer":"","neve_meta_disable_title":""},"product_cat":[330,6],"product_tag":[],"_links":{"self":[{"href":"https:\/\/romfilatelia.ro\/magazin\/wp-json\/wp\/v2\/product\/2032695"}],"collection":[{"href":"https:\/\/romfilatelia.ro\/magazin\/wp-json\/wp\/v2\/product"}],"about":[{"href":"https:\/\/romfilatelia.ro\/magazin\/wp-json\/wp\/v2\/types\/product"}],"wp:featuredmedia":[{"embeddable":true,"href":"https:\/\/romfilatelia.ro\/magazin\/wp-json\/wp\/v2\/media\/2032698"}],"wp:attachment":[{"href":"https:\/\/romfilatelia.ro\/magazin\/wp-json\/wp\/v2\/media?parent=2032695"}],"wp:term":[{"taxonomy":"product_cat","embeddable":true,"href":"https:\/\/romfilatelia.ro\/magazin\/wp-json\/wp\/v2\/product_cat?post=2032695"},{"taxonomy":"product_tag","embeddable":true,"href":"https:\/\/romfilatelia.ro\/magazin\/wp-json\/wp\/v2\/product_tag?post=2032695"}],"curies":[{"name":"wp","href":"https:\/\/api.w.org\/{rel}","templated":true}]}}