{"id":2032648,"date":"2023-05-25T08:49:36","date_gmt":"2023-05-25T06:49:36","guid":{"rendered":"https:\/\/romfilatelia.ro\/magazin\/?post_type=product&#038;p=2032648"},"modified":"2023-05-25T08:49:37","modified_gmt":"2023-05-25T06:49:37","slug":"expozitia-filatelica-internationala-ibra-2023","status":"publish","type":"product","link":"https:\/\/romfilatelia.ro\/magazin\/produs\/colectii-anuale\/2023\/expozitia-filatelica-internationala-ibra-2023\/","title":{"rendered":"EXPOZI\u021aIA FILATELIC\u0102 INTERNA\u021aIONAL\u0102 IBRA 2023"},"content":{"rendered":"<p><a href=\"https:\/\/www.romfilatelia.ro\/wp-content\/uploads\/2023\/05\/SITE_mc-IBRA-jpg.webp\"><img decoding=\"async\" loading=\"lazy\" class=\"alignleft wp-image-2041654\" src=\"https:\/\/www.romfilatelia.ro\/wp-content\/uploads\/2023\/05\/SITE_mc-IBRA-jpg.webp\" alt=\"\" width=\"450\" height=\"319\" \/><\/a>Cu ocazia unui eveniment filatelic a\u0219teptat de colec\u021bionari, Expozi\u021bia IBRA 2023, <strong>Romfilatelia<\/strong> introduce \u00een circula\u021bie <em>joi, 25 mai,<\/em> emisiunea m\u0103rci po\u0219tale <strong><em>\u201eExpozi\u021bia Filatelic\u0103 Interna\u021bional\u0103 IBRA 2023\u201d<\/em><\/strong>.<\/p>\n<p>Expozi\u021bia cu caracter mondial, IBRA 2023, organizat\u0103 sub patronajul Federa\u021biei Interna\u021bionale de Filatelie (FIP), va fi deschis\u0103 la Messe Essen (T\u00e2rgul Essen), Germania, \u00een perioada 25-28 mai 2023. Scopurile definite ale evenimentului au \u00een vedere: promovarea rela\u021biilor de prietenie \u0219i men\u021binerea unei str\u00e2nse cooper\u0103ri \u00eentre filateli\u0219tii \u0219i colec\u021bionarii de timbre din \u00eentreaga lume precum \u0219i promovarea filateliei la cel mai \u00eenalt nivel interna\u021bional. \u0218i-au anun\u021bat participarea peste 750 de expozan\u021bi din \u00eentreaga lume, care vor prezenta aproximativ 3350 de panouri de expunere. Sec\u021biuni speciale vor fi organizate cu \u201eBijuteriile filateliei germane\u201d \u0219i cu exponate reprezent\u00e2nd rarit\u0103\u021bi mondiale, cum sunt primele timbre emise \u00een coloniile britanice.<\/p>\n<p>Romfilatelia, prezent\u0103 la T\u00e2rgul de la Essen, va pune la dispozi\u021bia pasiona\u021bilor de filatelie emisiunea dedicat\u0103 evenimentului <strong>(Expozi\u021bia Filatelic\u0103 Interna\u021bional\u0103 IBRA 2023)<\/strong> al\u0103turi de serii de timbre din alte emisiuni cu tematici apreciate de colec\u021bionari.<\/p>\n<p>Emisiunea de m\u0103rci po\u0219tale <strong><em>Expozi\u021bia Filatelic\u0103 Interna\u021bional\u0103 IBRA 2023<\/em><\/strong> reune\u0219te trei produse filatelice de excep\u021bie: o marc\u0103 po\u0219tal\u0103, o coli\u021b\u0103 filatelic\u0103 dantelat\u0103 \u0219i un bloc de colec\u021bie cu dou\u0103 m\u0103rci po\u0219tale nedantelate (timbrul emisiunii \u0219i timbrul coli\u021bei filatelice).<\/p>\n<p>Marca po\u0219tal\u0103, cu valoarea nominal\u0103 de <strong>11 lei<\/strong>, reproduce sigla oficial\u0103 a Expozi\u021biei IBRA 2023, versiunea german\u0103, al\u0103turi de grafica tradi\u021bional\u0103 a m\u0103rcilor po\u0219tale tip\u0103rite cu ajutorul pl\u0103cilor metalice realizate de arti\u0219ti gravori \u00een perioada de dup\u0103 1872, c\u00e2nd a fost \u00eenfiin\u021bat\u0103 Fabrica de Timbre din Rom\u00e2nia. P\u00e2n\u0103 \u00een 1876, imprimarea s-a realizat \u00een Fran\u021ba.<\/p>\n<p>Timbrul coli\u021bei (valoarea nominal\u0103 <strong>34 lei<\/strong>) adaug\u0103 la grafica m\u0103rcii po\u0219tale efigia Regelui Carol I, imprimat\u0103 dup\u0103 pl\u0103ci gravate artistic, pe prima marc\u0103 po\u0219tal\u0103 tip\u0103rit\u0103 la Fabrica de Timbre (1876). Fundalul coli\u021bei, realizat ca un plic de coresponden\u021b\u0103 de epoc\u0103, confer\u0103 produsului o pre\u021biozitate aparte. De men\u021bionat c\u0103 toate m\u0103rcile po\u0219tale ale emisiunii au elemente grafice identificabile \u00een lumin\u0103 ultraviolet\u0103.<\/p>\n<p>Blocul de colec\u021bie, (\u00eenseriat), cu cele dou\u0103 m\u0103rci po\u0219tale nedantelate, include \u00een grafica lui stema regal\u0103 a Rom\u00e2niei \u0219i un fragment al textului unei scrisori adresat\u0103 de Regele Carol I (la 3 mai 1891) Pre\u0219edintelui Consiliului de Mini\u0219tri Emanoil Florescu, \u00een vederea ob\u021binerii unui sprijin concret privind realizarea proiectului care avea \u00een vedere Funda\u021bia Universitar\u0103 \u201eCarol I\u201d (cunoscut\u0103 ast\u0103zi \u0219i ca Biblioteca Central\u0103 Universitar\u0103 \u201eCarol I\u201d). Semn\u0103tura (reprodus\u0103) Regelui Carol I confer\u0103 produsului un caracter de noble\u021be oficial\u0103.<\/p>\n<p>Minicolile \u0219i colile uzuale de po\u0219t\u0103, reproduc al\u0103turi de timbre, vignete interesante pentru orice colec\u021bionar pasionat.<\/p>\n<p><em>Romfilatelia mul\u021bume\u0219te reprezentan\u021bilor Bibliotecii Centrale Universitare \u201eCarol I\u201d pentru sprijinul documentar acordat la realizarea acestei emisiuni de m\u0103rci po\u0219tale.\u00a0\u00a0 <\/em><\/p>\n<p><a href=\"https:\/\/www.romfilatelia.ro\/wp-content\/uploads\/2023\/05\/caract_pliant_IBRA-jpg.webp\"><img decoding=\"async\" loading=\"lazy\" class=\"aligncenter size-full wp-image-2041644\" src=\"https:\/\/www.romfilatelia.ro\/wp-content\/uploads\/2023\/05\/caract_pliant_IBRA-jpg.webp\" alt=\"\" width=\"1707\" height=\"1350\" \/><\/a><\/p>\n","protected":false},"excerpt":{"rendered":"<p>Cu ocazia unui eveniment filatelic a\u0219teptat de colec\u021bionari, Expozi\u021bia IBRA 2023, Romfilatelia introduce \u00een circula\u021bie joi, 25 mai, emisiunea m\u0103rci po\u0219tale \u201eExpozi\u021bia Filatelic\u0103 Interna\u021bional\u0103 IBRA 2023\u201d. Expozi\u021bia cu caracter mondial, IBRA 2023, organizat\u0103 sub patronajul Federa\u021biei Interna\u021bionale de Filatelie (FIP), va fi deschis\u0103 la Messe Essen (T\u00e2rgul Essen), Germania, \u00een perioada 25-28 mai 2023. Scopurile&hellip;&nbsp;<a href=\"https:\/\/romfilatelia.ro\/magazin\/produs\/colectii-anuale\/2023\/expozitia-filatelica-internationala-ibra-2023\/\" class=\"\" rel=\"bookmark\">Cite\u0219te mai mult &raquo;<span class=\"screen-reader-text\">EXPOZI\u021aIA FILATELIC\u0102 INTERNA\u021aIONAL\u0102 IBRA 2023<\/span><\/a><\/p>\n","protected":false},"featured_media":2032653,"template":"","meta":{"neve_meta_sidebar":"","neve_meta_container":"","neve_meta_enable_content_width":"off","neve_meta_content_width":100,"neve_meta_title_alignment":"","neve_meta_author_avatar":"","neve_post_elements_order":"","neve_meta_disable_header":"","neve_meta_disable_footer":"","neve_meta_disable_title":""},"product_cat":[330,6],"product_tag":[],"_links":{"self":[{"href":"https:\/\/romfilatelia.ro\/magazin\/wp-json\/wp\/v2\/product\/2032648"}],"collection":[{"href":"https:\/\/romfilatelia.ro\/magazin\/wp-json\/wp\/v2\/product"}],"about":[{"href":"https:\/\/romfilatelia.ro\/magazin\/wp-json\/wp\/v2\/types\/product"}],"wp:featuredmedia":[{"embeddable":true,"href":"https:\/\/romfilatelia.ro\/magazin\/wp-json\/wp\/v2\/media\/2032653"}],"wp:attachment":[{"href":"https:\/\/romfilatelia.ro\/magazin\/wp-json\/wp\/v2\/media?parent=2032648"}],"wp:term":[{"taxonomy":"product_cat","embeddable":true,"href":"https:\/\/romfilatelia.ro\/magazin\/wp-json\/wp\/v2\/product_cat?post=2032648"},{"taxonomy":"product_tag","embeddable":true,"href":"https:\/\/romfilatelia.ro\/magazin\/wp-json\/wp\/v2\/product_tag?post=2032648"}],"curies":[{"name":"wp","href":"https:\/\/api.w.org\/{rel}","templated":true}]}}