{"id":2032552,"date":"2023-05-08T18:09:46","date_gmt":"2023-05-08T16:09:46","guid":{"rendered":"https:\/\/romfilatelia.ro\/magazin\/?post_type=product&#038;p=2032552"},"modified":"2023-05-25T08:50:49","modified_gmt":"2023-05-25T06:50:49","slug":"plic-prima-zi-europa-2023-pacea-cea-mai-inalta-valoare-a-umanitatii","status":"publish","type":"product","link":"https:\/\/romfilatelia.ro\/magazin\/produs\/plicuri-prima-zi\/plic-prima-zi-europa-2023-pacea-cea-mai-inalta-valoare-a-umanitatii\/","title":{"rendered":"Plic prima zi Europa 2023 PACEA, cea mai \u00eenalt\u0103 valoare a umanit\u0103\u021bii"},"content":{"rendered":"","protected":false},"excerpt":{"rendered":"","protected":false},"featured_media":2032553,"template":"","meta":{"neve_meta_sidebar":"","neve_meta_container":"","neve_meta_enable_content_width":"off","neve_meta_content_width":100,"neve_meta_title_alignment":"","neve_meta_author_avatar":"","neve_post_elements_order":"","neve_meta_disable_header":"","neve_meta_disable_footer":"","neve_meta_disable_title":""},"product_cat":[9],"product_tag":[],"_links":{"self":[{"href":"https:\/\/romfilatelia.ro\/magazin\/wp-json\/wp\/v2\/product\/2032552"}],"collection":[{"href":"https:\/\/romfilatelia.ro\/magazin\/wp-json\/wp\/v2\/product"}],"about":[{"href":"https:\/\/romfilatelia.ro\/magazin\/wp-json\/wp\/v2\/types\/product"}],"wp:featuredmedia":[{"embeddable":true,"href":"https:\/\/romfilatelia.ro\/magazin\/wp-json\/wp\/v2\/media\/2032553"}],"wp:attachment":[{"href":"https:\/\/romfilatelia.ro\/magazin\/wp-json\/wp\/v2\/media?parent=2032552"}],"wp:term":[{"taxonomy":"product_cat","embeddable":true,"href":"https:\/\/romfilatelia.ro\/magazin\/wp-json\/wp\/v2\/product_cat?post=2032552"},{"taxonomy":"product_tag","embeddable":true,"href":"https:\/\/romfilatelia.ro\/magazin\/wp-json\/wp\/v2\/product_tag?post=2032552"}],"curies":[{"name":"wp","href":"https:\/\/api.w.org\/{rel}","templated":true}]}}