{"id":2032257,"date":"2023-03-09T16:54:45","date_gmt":"2023-03-09T14:54:45","guid":{"rendered":"https:\/\/romfilatelia.ro\/magazin\/?post_type=product&#038;p=2032257"},"modified":"2023-03-21T10:21:57","modified_gmt":"2023-03-21T08:21:57","slug":"sfintele-pasti-2023","status":"publish","type":"product","link":"https:\/\/romfilatelia.ro\/magazin\/produs\/colectii-anuale\/2023\/sfintele-pasti-2023\/","title":{"rendered":"SFINTELE PA\u0218TI 2023"},"content":{"rendered":"<p><a href=\"https:\/\/romfilatelia.ro\/magazin\/wp-content\/uploads\/2023\/03\/SITE_serie_Sf-Pasti-2023.jpg\"><img decoding=\"async\" loading=\"lazy\" class=\"wp-image-2032258 size-medium alignleft\" src=\"https:\/\/romfilatelia.ro\/magazin\/wp-content\/uploads\/2023\/03\/SITE_serie_Sf-Pasti-2023-300x237.jpg\" alt=\"\" width=\"300\" height=\"237\" srcset=\"https:\/\/romfilatelia.ro\/magazin\/wp-content\/uploads\/2023\/03\/SITE_serie_Sf-Pasti-2023-300x237.jpg 300w, https:\/\/romfilatelia.ro\/magazin\/wp-content\/uploads\/2023\/03\/SITE_serie_Sf-Pasti-2023-64x51.jpg 64w, https:\/\/romfilatelia.ro\/magazin\/wp-content\/uploads\/2023\/03\/SITE_serie_Sf-Pasti-2023.jpg 485w\" sizes=\"(max-width: 300px) 100vw, 300px\" \/><\/a><strong>Romfilatelia<\/strong> veste\u0219te \u00cenvierea Domnului printr-o nou\u0103 emisiune de m\u0103rci po\u0219tale intitulat\u0103 <strong><em>Sfintele Pa\u0219ti 2023<\/em><\/strong>, care va fi introdus\u0103 \u00een circula\u021bie <em>vineri,<\/em> <em>10 martie<\/em>. Emisiunea este compus\u0103 din 2 timbre cu aceea\u0219i valoare nominal\u0103, de <strong>2,90 lei<\/strong>, ce ilustreaz\u0103 icoanele \u201eIntrarea Domnului Iisus Hristos \u00een Ierusalim\u201d \u0219i \u201eR\u0103stignirea\u201d \u0219i o coli\u021b\u0103 dantelat\u0103 ce con\u021bine timbrul cu valoarea nominal\u0103 de <strong>34 lei<\/strong> ce red\u0103 imaginea icoanei \u201e\u00cenvierea Domnului\u201d.\u00a0 \u00cen compozi\u021bia grafic\u0103 a coli\u021bei este reprodus\u0103 imaginea icoanei \u201eCina cea de tain\u0103\u201d. Pentru colec\u021bionari va fi pus la dispozi\u021bie un produs special cu timbru de argint.<\/p>\n<p>S\u0103rb\u0103toarea Pa\u0219tilor reprezint\u0103 pentru to\u021bi cre\u0219tinii cea mai frumoas\u0103 \u0219i mai plin\u0103 de semnifica\u021bii s\u0103rb\u0103toare religioas\u0103. Pentru c\u0103 slujba din noaptea \u00cenvierii ne arat\u0103 c\u0103 \u201eTotul este lumin\u0103: Cerul, p\u0103m\u00e2ntul \u0219i iadul\u201d. Ceea ce \u00eenseamn\u0103 c\u0103 \u00eentunericul nu are o existen\u021b\u0103 \u00een sine, ci este, mai degrab\u0103, a\u0219a cum explic\u0103 teologii, o rezisten\u021b\u0103, o opozi\u021bie care apare \u00een momentul \u00een care ni se dezv\u0103luie lumina, \u00eentunecime pe care o sf\u0103r\u00e2m\u0103 Hristos, \u201ecu moartea pre moarte c\u0103lc\u00e2nd\u201d. De aceea se \u00eentreab\u0103 Sf\u00e2ntul Apostol Pavel \u00een scrisoarea \u00eent\u00e2i c\u0103tre Corinteni: \u201eO, moarte, unde-\u021bi este biruin\u021ba?\u201d.<\/p>\n<p>P\u0103catul, care este \u00eentunericul din om, partea \u00eentunecat\u0103 a inimii, e cel care \u00eel \u00eendep\u0103rteaz\u0103 de Dumnezeu. El, p\u0103catul, rezult\u0103 din libertatea omului de a alege, dar st\u0103 m\u0103rturie, \u00een acela\u0219i timp, a libert\u0103\u021bii omului de a-l iubi pe Dumnezeu. Cum? Prin iubire fa\u021b\u0103 de semeni, prin corectitudine, prin iertare, prin d\u0103ruire, urc\u00e2nd din abisurile pr\u0103pastiei acestei lumi pentru a-l \u201eimita\u201d pe Hristos, care n-a \u00eencetat s\u0103 fie Dumnezeu, f\u0103c\u00e2ndu-se om \u0219i oferind \u00eentregii crea\u021bii bucuria \u00cenvierii. Mesajul Lui nu este r\u0103stignirea, ci \u00cenvierea: <em>\u201eE noaptea-nvierii. Tresalt\u0103 f\u0103ptura; \/ T\u0103m\u00e2ie e-n codri \u0219i smirn\u0103-n gr\u0103dini, \/ Spre marea minune se-nal\u0163\u0103 natura \/ Cu ierburi \u0219i arbori schimba\u0163i \u00een lumini. \/ Un clopot r\u0103sun\u0103, r\u0103spund celelalte, \/ Talazuri rotind \u00een eter, \/ Se umplu de vuiet t\u0103cerile-nalte \/ \u0218i sufletul lumii se suie spre cer\u201d<\/em>, scria Radu Gyr, p\u0103trunz\u00e2nd semnifica\u021bia nop\u021bii sfinte.<\/p>\n<p>S\u0103rb\u0103toarea Pa\u0219tilor reprezint\u0103 f\u0103g\u0103duin\u021ba r\u0103scump\u0103r\u0103rii, e momentul \u00een care speran\u021ba devine certitudine, e semn c\u0103 promisiunea a fost \u00eendeplinit\u0103, Cuv\u00e2ntul s-a f\u0103cut trup pentru a-l \u00eendumnezei pe om, p\u0103rta\u0219, martor al triumfului Luminii: <em>\u201eLumin\u0103 lin\u0103 lini lumini \/ R\u0103sar din codri mari de crini \/ Lumin\u0103 lin\u0103, cuib de cear\u0103 \/ Scorburi cu miere milenar\u0103 \/ De dincolo de lumi venind \/ \u0218i niciodat\u0103 poposind \/ Un r\u0103s\u0103rit ce nu se mai termin\u0103 \/ Lin\u0103 lumin\u0103 din lumin\u0103 lin\u0103 \/ Cine te a\u0219teapt\u0103 te iube\u0219te \/ Iubindu-te n\u0103d\u0103jduie\u0219te \/ C\u0103 \u00eentr-o zi lumin\u0103 lin\u0103 \/ Vei r\u0103s\u0103ri la noi deplin\u0103 [\u2026] \/ Lumin\u0103 lin\u0103, nunt\u0103 leac \/ T\u0103m\u0103duind veac dup\u0103 veac \/ Cel \u00eentristat \u0219i s\u0103r\u0103cit \/ Cel pl\u00e2ns \u0219i cel nedrept\u0103\u0163it \/ \u0218i pelerinul \u00eensetat \/ \u00cen vatra ta au \u00eennoptat \/ Lumin\u0103 lin\u0103 leac divin \/ \u00cencunun\u00e2ndu-l pe str\u0103in \/ Deasupra stinsului p\u0103m\u00e2nt \/ Lumin\u0103 lin\u0103 Logos sf\u00e2nt\u201d<\/em>, ad\u0103uga \u0219i Ioan Alexandru, cu bucuria celui care nu-\u0219i mai apar\u021bine.<\/p>\n<p><strong>Romfilatelia<\/strong> v\u0103 ureaz\u0103 ca bucuria \u00cenvierii s\u0103 v\u0103 intre \u00een cas\u0103 \u0219i \u00een suflet, iar via\u021ba s\u0103 v\u0103 fie binecuv\u00e2ntat\u0103 de Sf\u00e2nta Treime! Salutul vostru s\u0103 r\u0103sune \u00een aceast\u0103 Sf\u00e2nt\u0103 S\u0103rb\u0103toare, \u00een formula consacrat\u0103: Hristos a \u00cenviat! Adev\u0103rat a \u00cenviat!<\/p>\n<p><em>Romfilatelia <\/em><em>\u00eei <\/em><em>mul\u021bume\u0219te P\u0103rintelui Arhimandrit Benedict Sauciuc, Stare\u021bul M<\/em><em>\u0103<\/em><em>n<\/em><em>\u0103<\/em><em>stirii Neam<\/em><em>\u021b<\/em><em>, pentru sprijinul documentar \u0219i fotografic acordat la realizarea acestei emisiuni de m\u0103rci po\u0219tale \u0219i pentru binecuv\u00e2ntare. <\/em><\/p>\n<p><strong><em>Produsul special cu timbru de argint<\/em><\/strong><em>, realizat \u00eentr-un tiraj limitat de <strong>201<\/strong> exemplare, reune\u0219te, \u00eentr-o prezentare grafic\u0103 original\u0103, un bloc filatelic de colec\u021bie, \u00eenseriat de la <strong>001<\/strong> la <strong>201<\/strong>, cu dou\u0103 timbre nedantelate \u0219i reproducerea icoanei <strong>\u00cenvierea Domnului<\/strong>, \u00eempreun\u0103 cu replica modelat\u0103 \u00een argint a m\u0103rcii po\u0219tale din coli\u021ba filatelic\u0103 a emisiunii <strong>Sfintele Pa\u0219ti 2023<\/strong> \u0219i Certificatul de Autenticitate eliberat de Monet\u0103ria Statului, \u00eenseriat de la <strong>001<\/strong> la <strong>201<\/strong>. Icoanele reproduse pe m\u0103rcile po\u0219tale ale emisiunii <strong>Sfintele Pa\u0219ti 2023<\/strong> fac parte din patrimoniul M\u0103n\u0103stirii Neam\u021b. <\/em><\/p>\n<p><a href=\"https:\/\/romfilatelia.ro\/magazin\/wp-content\/uploads\/2023\/03\/caract_Sfintele-Pasti-2023.jpg\"><img decoding=\"async\" loading=\"lazy\" class=\"aligncenter size-full wp-image-2032259\" src=\"https:\/\/romfilatelia.ro\/magazin\/wp-content\/uploads\/2023\/03\/caract_Sfintele-Pasti-2023.jpg\" alt=\"\" width=\"1707\" height=\"1776\" srcset=\"https:\/\/romfilatelia.ro\/magazin\/wp-content\/uploads\/2023\/03\/caract_Sfintele-Pasti-2023.jpg 1707w, https:\/\/romfilatelia.ro\/magazin\/wp-content\/uploads\/2023\/03\/caract_Sfintele-Pasti-2023-288x300.jpg 288w, https:\/\/romfilatelia.ro\/magazin\/wp-content\/uploads\/2023\/03\/caract_Sfintele-Pasti-2023-769x800.jpg 769w, https:\/\/romfilatelia.ro\/magazin\/wp-content\/uploads\/2023\/03\/caract_Sfintele-Pasti-2023-768x799.jpg 768w, https:\/\/romfilatelia.ro\/magazin\/wp-content\/uploads\/2023\/03\/caract_Sfintele-Pasti-2023-1476x1536.jpg 1476w, https:\/\/romfilatelia.ro\/magazin\/wp-content\/uploads\/2023\/03\/caract_Sfintele-Pasti-2023-500x520.jpg 500w, https:\/\/romfilatelia.ro\/magazin\/wp-content\/uploads\/2023\/03\/caract_Sfintele-Pasti-2023-64x67.jpg 64w\" sizes=\"(max-width: 1707px) 100vw, 1707px\" \/><\/a><\/p>\n<p>&nbsp;<\/p>\n","protected":false},"excerpt":{"rendered":"<p>Romfilatelia veste\u0219te \u00cenvierea Domnului printr-o nou\u0103 emisiune de m\u0103rci po\u0219tale intitulat\u0103 Sfintele Pa\u0219ti 2023, care va fi introdus\u0103 \u00een circula\u021bie vineri, 10 martie. Emisiunea este compus\u0103 din 2 timbre cu aceea\u0219i valoare nominal\u0103, de 2,90 lei, ce ilustreaz\u0103 icoanele \u201eIntrarea Domnului Iisus Hristos \u00een Ierusalim\u201d \u0219i \u201eR\u0103stignirea\u201d \u0219i o coli\u021b\u0103 dantelat\u0103 ce con\u021bine timbrul cu&hellip;&nbsp;<a href=\"https:\/\/romfilatelia.ro\/magazin\/produs\/colectii-anuale\/2023\/sfintele-pasti-2023\/\" class=\"\" rel=\"bookmark\">Cite\u0219te mai mult &raquo;<span class=\"screen-reader-text\">SFINTELE PA\u0218TI 2023<\/span><\/a><\/p>\n","protected":false},"featured_media":2032258,"template":"","meta":{"neve_meta_sidebar":"","neve_meta_container":"","neve_meta_enable_content_width":"off","neve_meta_content_width":100,"neve_meta_title_alignment":"","neve_meta_author_avatar":"","neve_post_elements_order":"","neve_meta_disable_header":"","neve_meta_disable_footer":"","neve_meta_disable_title":""},"product_cat":[330,6],"product_tag":[],"_links":{"self":[{"href":"https:\/\/romfilatelia.ro\/magazin\/wp-json\/wp\/v2\/product\/2032257"}],"collection":[{"href":"https:\/\/romfilatelia.ro\/magazin\/wp-json\/wp\/v2\/product"}],"about":[{"href":"https:\/\/romfilatelia.ro\/magazin\/wp-json\/wp\/v2\/types\/product"}],"wp:featuredmedia":[{"embeddable":true,"href":"https:\/\/romfilatelia.ro\/magazin\/wp-json\/wp\/v2\/media\/2032258"}],"wp:attachment":[{"href":"https:\/\/romfilatelia.ro\/magazin\/wp-json\/wp\/v2\/media?parent=2032257"}],"wp:term":[{"taxonomy":"product_cat","embeddable":true,"href":"https:\/\/romfilatelia.ro\/magazin\/wp-json\/wp\/v2\/product_cat?post=2032257"},{"taxonomy":"product_tag","embeddable":true,"href":"https:\/\/romfilatelia.ro\/magazin\/wp-json\/wp\/v2\/product_tag?post=2032257"}],"curies":[{"name":"wp","href":"https:\/\/api.w.org\/{rel}","templated":true}]}}