{"id":2032146,"date":"2023-02-16T15:12:26","date_gmt":"2023-02-16T13:12:26","guid":{"rendered":"https:\/\/romfilatelia.ro\/magazin\/?post_type=product&#038;p=2032146"},"modified":"2023-02-17T15:36:28","modified_gmt":"2023-02-17T13:36:28","slug":"timisoara-2023-capitala-europeana-a-culturii-3","status":"publish","type":"product","link":"https:\/\/romfilatelia.ro\/magazin\/produs\/plicuri-prima-zi\/timisoara-2023-capitala-europeana-a-culturii-3\/","title":{"rendered":"TIMI\u015eOARA 2023, CAPITAL\u0102 EUROPEAN\u0102 A CULTURII"},"content":{"rendered":"","protected":false},"excerpt":{"rendered":"","protected":false},"featured_media":2032149,"template":"","meta":{"neve_meta_sidebar":"","neve_meta_container":"","neve_meta_enable_content_width":"off","neve_meta_content_width":100,"neve_meta_title_alignment":"","neve_meta_author_avatar":"","neve_post_elements_order":"","neve_meta_disable_header":"","neve_meta_disable_footer":"","neve_meta_disable_title":""},"product_cat":[9],"product_tag":[],"_links":{"self":[{"href":"https:\/\/romfilatelia.ro\/magazin\/wp-json\/wp\/v2\/product\/2032146"}],"collection":[{"href":"https:\/\/romfilatelia.ro\/magazin\/wp-json\/wp\/v2\/product"}],"about":[{"href":"https:\/\/romfilatelia.ro\/magazin\/wp-json\/wp\/v2\/types\/product"}],"wp:featuredmedia":[{"embeddable":true,"href":"https:\/\/romfilatelia.ro\/magazin\/wp-json\/wp\/v2\/media\/2032149"}],"wp:attachment":[{"href":"https:\/\/romfilatelia.ro\/magazin\/wp-json\/wp\/v2\/media?parent=2032146"}],"wp:term":[{"taxonomy":"product_cat","embeddable":true,"href":"https:\/\/romfilatelia.ro\/magazin\/wp-json\/wp\/v2\/product_cat?post=2032146"},{"taxonomy":"product_tag","embeddable":true,"href":"https:\/\/romfilatelia.ro\/magazin\/wp-json\/wp\/v2\/product_tag?post=2032146"}],"curies":[{"name":"wp","href":"https:\/\/api.w.org\/{rel}","templated":true}]}}