{"id":2032112,"date":"2023-02-08T15:02:03","date_gmt":"2023-02-08T13:02:03","guid":{"rendered":"https:\/\/romfilatelia.ro\/magazin\/?post_type=product&#038;p=2032112"},"modified":"2023-02-08T15:02:32","modified_gmt":"2023-02-08T13:02:32","slug":"casa-artistului","status":"publish","type":"product","link":"https:\/\/romfilatelia.ro\/magazin\/produs\/colectii-anuale\/2023\/casa-artistului\/","title":{"rendered":"Casa Artistului"},"content":{"rendered":"<p><strong><a href=\"https:\/\/www.romfilatelia.ro\/wp-content\/uploads\/2023\/02\/SITE_mc_Casa-artistului-jpg.webp\"><img decoding=\"async\" loading=\"lazy\" class=\"alignleft wp-image-2040530\" src=\"https:\/\/www.romfilatelia.ro\/wp-content\/uploads\/2023\/02\/SITE_mc_Casa-artistului-jpg.webp\" alt=\"\" width=\"350\" height=\"319\" \/><\/a>Romfilatelia<\/strong> a inclus \u00een Planul editorial curent emisiunea de m\u0103rci po\u0219tale <strong><em>Colec\u021bii. Casa artistului<\/em><\/strong>, ce va intra \u00een circula\u021bie <em>joi, 9 februarie a.c<\/em><strong>.<\/strong> Emisiunea, alc\u0103tuit\u0103 din 4 timbre \u0219i un plic <em>prima z<\/em>i, este dedicat\u0103 artistului <strong>Alexandru \u021aipoia<\/strong>.<\/p>\n<p>Contemporan cu Alexandru Ciucurencu (n. 1903), cu Corneliu Baba (n. 1906), cu Ion \u021auculescu (n. 1910), Alexandru \u021aipoia (n. 1914) este, \u00een ordinea v\u00e2rstei, al patrulea pilon spiritual al artei rom\u00e2ne\u0219ti care sus\u021bine \u201earhitectura imaginii\u201d secolului XX.<\/p>\n<p>Opera lui Alexandru \u021aipoia a fost orchestrat\u0103 ca o simfonie. Complex\u0103 prin nelini\u0219ti \u0219i solu\u021bii creatoare, uneori simultan complementare \u0219i contradictorii, contrapunctic\u0103 prin construc\u021bie spiritual\u0103, senin\u0103 prin exprimare plastic\u0103, totdeauna adecvat\u0103 temei, cu un rafinament intelectual al exprim\u0103rii elevat, aristocratic, de la creier la m\u00e2n\u0103, procesul de crea\u021bie trec\u00e2nd prin nenum\u0103rate rafinate filtre cultural-artistice, ea s-a alc\u0103tuit de la sine \u00eentr-un univers aparte, inconfundabil, de o rar\u0103 frumuse\u021be.<\/p>\n<p>\u201eAlexandru \u021aipoia a fost un mare artist, un spirit plural \u00een vaste domenii\u201d, spunea Acad. R\u0103zvan Theodorescu. Artistul s-a stins la Geneva, \u00een anul 1993.<\/p>\n<p>Pe timbrele emisiunii sunt redate urm\u0103toarele opere:<\/p>\n<p>Timbrul cu valoarea nominal\u0103 de <strong>2,20 lei<\/strong> ilustreaz\u0103 lucrarea intitulat\u0103 <strong><em>Tors II<\/em><\/strong>. Cu tema \u201eMuzica\u201d, ce a fost tratat\u0103 pe parcursul \u00eentregii sale cariere, lu\u00e2nd o amploare ie\u0219it\u0103 din comun \u00een ultimii 30 de ani de via\u021b\u0103, este un ulei pe p\u00e2nz\u0103, cu dimensiuni de 50 x 40 cm., aflat \u00een colec\u021bia Casei Memoriale-muzeu \u201eAlexandru \u021aipoia\u201d.<\/p>\n<p>Timbrul cu valoarea nominal\u0103 de <strong>2,30 lei<\/strong> red\u0103 lucrarea intitulat\u0103 <strong><em>Br\u00e2ncu\u0219i<\/em><\/strong>. Preocupat de personalitatea artistului n\u0103scut la Hobi\u021ba, Alexandru \u021aipoia a \u00eentruchipat \u00een c\u00e2teva desene precum \u0219i \u00een aceast\u0103 pictur\u0103 viziunea sa proprie despre personalitatea lui Br\u00e2ncu\u0219i. El \u021bine \u00een m\u00e2n\u0103 un pahar \u0219i parc\u0103 ne spune: <em>\u201eNu c\u0103uta\u021bi formule obscure sau mistere. Eu v\u0103 dau bucurie curat\u0103\u201d. <\/em><\/p>\n<p>Pe timbrul cu valoarea nominal\u0103 de <strong>9 lei<\/strong> este reprezentat\u0103 o <strong><em>Natur\u0103 moart\u0103 cu figur\u0103 antic\u0103<\/em><\/strong>. Este un al doilea subiect drag artistului, cel care i-a permis s\u0103 se exprime \u0219i s\u0103 evolueze c\u0103tre o art\u0103 tot mai conceptual\u0103, sincroniz\u00e2ndu-se, \u00een ciuda interdic\u021biilor politice \u0219i a izol\u0103rii informa\u021bionale a Rom\u00e2niei anilor 50, cu evolu\u021bia artei europene \u0219i mondiale.<\/p>\n<p>Timbrul cu valoarea nominal\u0103 de <strong>19,50 lei<\/strong> red\u0103 o <strong><em>Str\u0103du\u021b\u0103 veche \u00een Bucure\u0219ti<\/em><\/strong>. Pictor, \u00een tinere\u021be, al Bucure\u0219tilor de odinioar\u0103, pasionat de poezia caracteristic\u0103 a vechilor cartiere care ast\u0103zi nu mai exist\u0103, opera sa pictat\u0103 \u0219i desenat\u0103 reprezint\u0103 un document nu numai artistic, legat de Capitala noastr\u0103, dar \u00een egal\u0103 m\u0103sur\u0103 unul istoric \u0219i documentar.<\/p>\n<p>\u00cen cadrul plicului <em>prima zi <\/em>a emisiunii, pe \u0219tampil\u0103 este figurat <strong><em>Portretul lui Alexandru \u021aipoia<\/em><\/strong>, tu\u0219 pe h\u00e2rtie, 1970, de George Tzipoia, fiul s\u0103u. De asemenea, \u00een compozi\u021bia grafic\u0103 a plicului <em>prima zi<\/em> sunt redate: <strong><em>Autoportret<\/em><\/strong>, tu\u0219 pe h\u00e2rtie, 1943, <strong><em>Instrument muzical piramidal<\/em><\/strong>, 1965, lemn de nuc,<em> <strong>Concert \u00een sepia<\/strong><\/em>, tu\u0219 sepia pe h\u00e2rtie, 1978.<\/p>\n<p><em>Romfilatelia \u00eei mul\u021bume\u0219te domnului George Tzipoia pentru sprijinul documentar \u0219i fotografic acordat la realizarea acestei emisiuni de m\u0103rci po\u0219tale<\/em>.<\/p>\n<p><a href=\"https:\/\/www.romfilatelia.ro\/wp-content\/uploads\/2023\/02\/caract_Colectii-Casa-Artistului-jpg.webp\"><img decoding=\"async\" loading=\"lazy\" class=\"aligncenter size-full wp-image-2040522\" src=\"https:\/\/www.romfilatelia.ro\/wp-content\/uploads\/2023\/02\/caract_Colectii-Casa-Artistului-jpg.webp\" alt=\"\" width=\"1694\" height=\"1091\" \/><\/a><\/p>\n","protected":false},"excerpt":{"rendered":"<p>Romfilatelia a inclus \u00een Planul editorial curent emisiunea de m\u0103rci po\u0219tale Colec\u021bii. Casa artistului, ce va intra \u00een circula\u021bie joi, 9 februarie a.c. Emisiunea, alc\u0103tuit\u0103 din 4 timbre \u0219i un plic prima zi, este dedicat\u0103 artistului Alexandru \u021aipoia. Contemporan cu Alexandru Ciucurencu (n. 1903), cu Corneliu Baba (n. 1906), cu Ion \u021auculescu (n. 1910), Alexandru&hellip;&nbsp;<a href=\"https:\/\/romfilatelia.ro\/magazin\/produs\/colectii-anuale\/2023\/casa-artistului\/\" class=\"\" rel=\"bookmark\">Cite\u0219te mai mult &raquo;<span class=\"screen-reader-text\">Casa Artistului<\/span><\/a><\/p>\n","protected":false},"featured_media":2032116,"template":"","meta":{"neve_meta_sidebar":"","neve_meta_container":"","neve_meta_enable_content_width":"off","neve_meta_content_width":100,"neve_meta_title_alignment":"","neve_meta_author_avatar":"","neve_post_elements_order":"","neve_meta_disable_header":"","neve_meta_disable_footer":"","neve_meta_disable_title":""},"product_cat":[330,6],"product_tag":[],"_links":{"self":[{"href":"https:\/\/romfilatelia.ro\/magazin\/wp-json\/wp\/v2\/product\/2032112"}],"collection":[{"href":"https:\/\/romfilatelia.ro\/magazin\/wp-json\/wp\/v2\/product"}],"about":[{"href":"https:\/\/romfilatelia.ro\/magazin\/wp-json\/wp\/v2\/types\/product"}],"wp:featuredmedia":[{"embeddable":true,"href":"https:\/\/romfilatelia.ro\/magazin\/wp-json\/wp\/v2\/media\/2032116"}],"wp:attachment":[{"href":"https:\/\/romfilatelia.ro\/magazin\/wp-json\/wp\/v2\/media?parent=2032112"}],"wp:term":[{"taxonomy":"product_cat","embeddable":true,"href":"https:\/\/romfilatelia.ro\/magazin\/wp-json\/wp\/v2\/product_cat?post=2032112"},{"taxonomy":"product_tag","embeddable":true,"href":"https:\/\/romfilatelia.ro\/magazin\/wp-json\/wp\/v2\/product_tag?post=2032112"}],"curies":[{"name":"wp","href":"https:\/\/api.w.org\/{rel}","templated":true}]}}