{"id":2032079,"date":"2023-02-01T14:47:37","date_gmt":"2023-02-01T12:47:37","guid":{"rendered":"https:\/\/romfilatelia.ro\/magazin\/?post_type=product&#038;p=2032079"},"modified":"2023-02-01T14:47:37","modified_gmt":"2023-02-01T12:47:37","slug":"centenarul-palatului-cercului-militar-national","status":"publish","type":"product","link":"https:\/\/romfilatelia.ro\/magazin\/produs\/colectii-anuale\/2023\/centenarul-palatului-cercului-militar-national\/","title":{"rendered":"CENTENARUL PALATULUI CERCULUI MILITAR NA\u021aIONAL"},"content":{"rendered":"<p><a href=\"https:\/\/www.romfilatelia.ro\/wp-content\/uploads\/2023\/02\/SITE_mc_Cent-Palat-Cerc-Milit-Nat-jpg.webp\"><img decoding=\"async\" loading=\"lazy\" class=\"alignleft wp-image-2040426\" src=\"https:\/\/www.romfilatelia.ro\/wp-content\/uploads\/2023\/02\/SITE_mc_Cent-Palat-Cerc-Milit-Nat-jpg.webp\" alt=\"\" width=\"350\" height=\"458\" \/><\/a><strong>Romfilatelia<\/strong> continu\u0103 seria tematicilor dedicate edificiilor cu valoare de simbol ale Rom\u00e2niei, introduc\u00e2nd \u00een circula\u021bie <em>joi, 2 februarie a.c.<\/em> emisiunea de m\u0103rci po\u0219tale <strong><em>Centenarul Palatului Cercului Militar Na\u021bional<\/em><\/strong>, alc\u0103tuit\u0103 din 4 timbre, un bloc de 4 timbre dantelate \u0219i un plic <em>prima zi<\/em>.<\/p>\n<p>Construit prin contribu\u021bia ofi\u021berilor din garnizoana Bucure\u0219ti, \u00een stil neoclasic eclectic (de inspira\u021bie francez\u0103) ce caracterizeaz\u0103 \u00eentreaga salb\u0103 de palate (Muzeul Na\u021bional de Istorie, Palatul CEC, Palatul de Justi\u021bie etc.) construite la sf\u00e2r\u0219itul sec. al XIX-lea \u0219i \u00eenceputul sec. al XX-lea, care au f\u0103cut ca Bucure\u0219tiul s\u0103-\u0219i merite numele de \u201eMicul Paris\u201d, Palatul Cercului Militar a fost inaugurat duminic\u0103, 4 februarie 1923, \u00een prezen\u021ba regelui Ferdinand \u0219i a reginei Maria. \u201e\u00cen aceast\u0103 diminea\u021b\u0103 am avut inaugurarea Cercului Militar. Mare ceremonie, cu to\u021bi ofi\u021berii din Bucure\u0219ti, mitropolitul etc. Splendid\u0103 cl\u0103dire! A fost \u00eenceput\u0103 cu mul\u021bi ani \u00een urm\u0103 \u0219i resursele au fost \u00eentotdeauna prea reduse ca s\u0103 fie terminat\u0103. \u00cen sf\u00e2r\u0219it, este gata complet\u201d, nota regina \u00een jurnalul s\u0103u.<\/p>\n<p>Proiectul construirii unui palat al o\u0219tirii dateaz\u0103 de la sf\u00e2r\u0219itul sec. al XIX-lea, \u00eens\u0103 s\u0103p\u0103turile funda\u021biei au \u00eenceput \u00een anul 1911, \u00een timpul mandatului ministrului de r\u0103zboi Nicolae Filipescu, pe locul fostei M\u0103n\u0103stiri S\u0103rindar.<\/p>\n<p>Execu\u021bia palatului s-a desf\u0103\u0219urat cu greutate \u00een principal din lipsa fondurilor \u0219i a problemelor de ordin tehnic ap\u0103rute. \u00cen sf\u00e2r\u0219it, \u00een anul 1916, construc\u021bia terminat\u0103 la ro\u0219u, reprezenta un reper urbanistic al Bucure\u0219tiului, lucru consemnat de \u201eGazeta ilustrat\u0103\u201d care considera noul edificiu drept \u201ePodoaba Capitalei\u201d. \u00cen perioada Marelui R\u0103zboi au fost sistate lucr\u0103rile \u0219i dup\u0103 dep\u0103\u0219irea mai multor obstacole, \u00een special de natur\u0103 financiar\u0103 \u0219i organizatoric\u0103, Palatul Cercului Militar era preg\u0103tit pentru inaugurare.<\/p>\n<p>Pe timbrul cu valoarea nominal\u0103 de <strong>2,30 lei<\/strong> este reprezentat\u0103 cl\u0103direa Cercului Militar Na\u021bional, edificiu unicat al patrimoniului na\u021bional, realizat dup\u0103 planurile arhitectului Dimitrie Maimarolu, la sf\u00e2r\u0219itul sec. al XIX-lea.<\/p>\n<p>Timbrul cu valoarea nominal\u0103 de <strong>3 lei<\/strong> red\u0103 intrarea principal\u0103 a Palatului (din str. Constantin Mille, fost\u0103 S\u0103rindar), feroneria fiind achizi\u021bionat\u0103 din Germania. Motivele decorative ale arcadei sunt de ispira\u021bie antic\u0103, iar scara de la intrare face leg\u0103tura cu o alta care conduce spre Salonul Fondatorilor.<\/p>\n<p>Timbrul cu valoarea nominal\u0103 de <strong>9 lei<\/strong> ilustreaz\u0103 pictura\u00a0 \u201eGornistul\u201d ce poart\u0103 semn\u0103tura lui Bella Kromer, reproducere dup\u0103 lucrarea omonim\u0103 a lui Nicolae Grigorescu.<\/p>\n<p>Pe timbrul cu valoarea nominal\u0103 de <strong>19,50 lei<\/strong> sunt reprezentate dou\u0103 perechi de cariatide \u0219i atlan\u021bi care str\u0103juiesc extremit\u0103\u021bile S\u0103lii de Marmur\u0103. Inspirate de arhitectura greceasc\u0103, ele redau tot at\u00e2tea siluete feminine \u0219i masculine ce sus\u021bin greutatea balcoanelor pentru orchestr\u0103.<\/p>\n<p>Blocul de 4 timbre dantelate red\u0103 cl\u0103direa Cercului Militar Na\u021bional, preluat\u0103 dintr-o imagine de epoc\u0103. Ilustra\u021bia eviden\u021biaz\u0103 latura dinspre Bulevardul Regina Elisabeta unde se poate observa \u0219i un tramvai urmat de o ma\u0219in\u0103 de epoc\u0103.<\/p>\n<p>Pe plicul <em>prima zi<\/em> este reprodus\u0103 \u0219tampila <em>prima zi<\/em> a emisiunii \u00een care este \u00eenscris\u0103 sigla-emblem\u0103 a Cercului Militar, al\u0103turi de imaginea arhitecturii monumentului istoric dedicat, dintru \u00eenceput, solemnit\u0103\u021bilor militare.<\/p>\n<p><em>Romfilatelia le mul\u021bume\u0219te reprezentan\u021bilor Cercului Militar Na\u021bional pentru sprijinul documentar \u0219i fotografic acordat la realizarea acestei emisiuni de m\u0103rci po\u0219tale. <\/em><\/p>\n<p><a href=\"https:\/\/www.romfilatelia.ro\/wp-content\/uploads\/2023\/02\/caract_Centenarul-Palatului-Cercul-Militar-National-jpg.webp\"><img decoding=\"async\" loading=\"lazy\" class=\"aligncenter size-full wp-image-2040415\" src=\"https:\/\/www.romfilatelia.ro\/wp-content\/uploads\/2023\/02\/caract_Centenarul-Palatului-Cercul-Militar-National-jpg.webp\" alt=\"\" width=\"1694\" height=\"1189\" \/><\/a><\/p>\n","protected":false},"excerpt":{"rendered":"<p>Romfilatelia continu\u0103 seria tematicilor dedicate edificiilor cu valoare de simbol ale Rom\u00e2niei, introduc\u00e2nd \u00een circula\u021bie joi, 2 februarie a.c. emisiunea de m\u0103rci po\u0219tale Centenarul Palatului Cercului Militar Na\u021bional, alc\u0103tuit\u0103 din 4 timbre, un bloc de 4 timbre dantelate \u0219i un plic prima zi. Construit prin contribu\u021bia ofi\u021berilor din garnizoana Bucure\u0219ti, \u00een stil neoclasic eclectic (de&hellip;&nbsp;<a href=\"https:\/\/romfilatelia.ro\/magazin\/produs\/colectii-anuale\/2023\/centenarul-palatului-cercului-militar-national\/\" class=\"\" rel=\"bookmark\">Cite\u0219te mai mult &raquo;<span class=\"screen-reader-text\">CENTENARUL PALATULUI CERCULUI MILITAR NA\u021aIONAL<\/span><\/a><\/p>\n","protected":false},"featured_media":2032083,"template":"","meta":{"neve_meta_sidebar":"","neve_meta_container":"","neve_meta_enable_content_width":"off","neve_meta_content_width":100,"neve_meta_title_alignment":"","neve_meta_author_avatar":"","neve_post_elements_order":"","neve_meta_disable_header":"","neve_meta_disable_footer":"","neve_meta_disable_title":""},"product_cat":[330,6],"product_tag":[],"_links":{"self":[{"href":"https:\/\/romfilatelia.ro\/magazin\/wp-json\/wp\/v2\/product\/2032079"}],"collection":[{"href":"https:\/\/romfilatelia.ro\/magazin\/wp-json\/wp\/v2\/product"}],"about":[{"href":"https:\/\/romfilatelia.ro\/magazin\/wp-json\/wp\/v2\/types\/product"}],"wp:featuredmedia":[{"embeddable":true,"href":"https:\/\/romfilatelia.ro\/magazin\/wp-json\/wp\/v2\/media\/2032083"}],"wp:attachment":[{"href":"https:\/\/romfilatelia.ro\/magazin\/wp-json\/wp\/v2\/media?parent=2032079"}],"wp:term":[{"taxonomy":"product_cat","embeddable":true,"href":"https:\/\/romfilatelia.ro\/magazin\/wp-json\/wp\/v2\/product_cat?post=2032079"},{"taxonomy":"product_tag","embeddable":true,"href":"https:\/\/romfilatelia.ro\/magazin\/wp-json\/wp\/v2\/product_tag?post=2032079"}],"curies":[{"name":"wp","href":"https:\/\/api.w.org\/{rel}","templated":true}]}}