{"id":2032021,"date":"2023-01-19T21:48:55","date_gmt":"2023-01-19T19:48:55","guid":{"rendered":"https:\/\/romfilatelia.ro\/magazin\/?post_type=product&#038;p=2032021"},"modified":"2023-01-19T21:48:55","modified_gmt":"2023-01-19T19:48:55","slug":"zodiacul-chinezesc-iepurele-de-apa","status":"publish","type":"product","link":"https:\/\/romfilatelia.ro\/magazin\/produs\/colectii-anuale\/2023\/zodiacul-chinezesc-iepurele-de-apa\/","title":{"rendered":"ZODIACUL CHINEZESC.  IEPURELE DE AP\u0102"},"content":{"rendered":"<p><a href=\"https:\/\/www.romfilatelia.ro\/wp-content\/uploads\/2023\/01\/SITE_mc-Iepurele-de-apa-jpg.webp\"><img decoding=\"async\" loading=\"lazy\" class=\"alignleft wp-image-2040276\" src=\"https:\/\/www.romfilatelia.ro\/wp-content\/uploads\/2023\/01\/SITE_mc-Iepurele-de-apa-jpg.webp\" alt=\"\" width=\"350\" height=\"376\" \/><\/a><strong>Romfilatelia<\/strong> adaug\u0103 seriei tematicii filatelice dedicate <strong>Zodiacului Chinezesc<\/strong> o nou\u0103 emisiune de m\u0103rci po\u0219tale av\u00e2nd ca subiect semnul zodiacal al anului 2023, <strong>Iepurele de ap\u0103<\/strong>.<\/p>\n<p>Emisiunea intitulat\u0103<strong> <em>Zodiacul chinezesc. Iepurele de ap\u0103<\/em><\/strong>, alc\u0103tuit\u0103 din un timbru, o minicoal\u0103 \u0219i un plic \u201eprima zi\u201d va intra \u00een circula\u021bie <em>vineri, 20 ianuarie 2023<\/em>. Emisiunea este completat\u0103 \u0219i de o carte po\u0219tal\u0103 maxim\u0103 pentru pasiona\u021bii de maximafilie.<\/p>\n<p>Grafica timbrului emisiunii ilustreaz\u0103 simbolul semnului zodiacal <em>Iepurele<\/em>, desenul reunind \u00eentr-o grafic\u0103 elaborat\u0103 cifrele anului 2023.<\/p>\n<p>Pe plicul \u201eprima zi\u201d este redat\u0103 o ilustra\u021bie modern\u0103 a unui iepure personificat, av\u00e2nd \u00een vedere c\u0103 semnele zodiacale chineze\u0219ti sunt reprezentate de animale, dar se refer\u0103 la calit\u0103\u021bile \u0219i comportamentul oamenilor. Imaginea este o combina\u021bie a unui personaj european tr\u0103dat de hainele sale \u0219i etalat \u00eentr-o manier\u0103 tinereasc\u0103 pe o trotinet\u0103, frecvent \u00eent\u00e2lnit\u0103 \u00een peisajul citadin. Mitologia chinez\u0103 consider\u0103 c\u0103 iepurele este m\u00e2ndru de viteza cu care se mi\u0219c\u0103.<\/p>\n<p>2023, Anul Iepurelui de ap\u0103 \u00eencepe \u00een 22 ianuarie 2023 (Anul Nou Chinezesc) \u0219i se termin\u0103 pe 9 februarie 2024.<\/p>\n<p>Iepurele este al patrulea semn din zodiac. Legenda spune c\u0103 \u00eemp\u0103ratul de jad a decis s\u0103 atribuie zodiacului 12 animale. Ordinea lor a fost stabilit\u0103 dup\u0103 rapiditatea cu care au ajuns la palat. \u0218obolanul, Boul \u0219i Tigrul au fost primii trei care au sosit, iar Iepurele a urmat la scurt timp dup\u0103 ei.<\/p>\n<p>Semnul Iepurelui este un simbol al longevit\u0103\u021bii, p\u0103cii \u0219i prosperit\u0103\u021bii \u00een cultura chinez\u0103, iar 2023 este considerat un an al speran\u021bei. Cei n\u0103scu\u021bi \u00een anul iepurelui se spune c\u0103 sunt vigilen\u021bi, spirituali, ingenio\u0219i.<\/p>\n<p>L\u0103s\u0103m astfel \u00een urm\u0103 tumultuosul an al Tigrului pentru a intra \u00eentr-o perioad\u0103 mai bl\u00e2nd\u0103. Anii anteriori \u0219i urm\u0103torii ai Iepurelui sunt 1927, 1939, 1951, 1963, 1975, 1987, 1999, 2011, 2023 \u0219i 2035. Spre deosebire de astrologia occidental\u0103, individualist\u0103, horoscopul chinezesc este unul care se adreseaz\u0103 colectivit\u0103\u021bii.<\/p>\n<p><a href=\"https:\/\/www.romfilatelia.ro\/wp-content\/uploads\/2023\/01\/caract_Anul-Iepurelui-jpg.webp\"><img decoding=\"async\" loading=\"lazy\" class=\"aligncenter size-full wp-image-2040265\" src=\"https:\/\/www.romfilatelia.ro\/wp-content\/uploads\/2023\/01\/caract_Anul-Iepurelui-jpg.webp\" alt=\"\" width=\"1696\" height=\"1244\" \/><\/a><\/p>\n","protected":false},"excerpt":{"rendered":"<p>Romfilatelia adaug\u0103 seriei tematicii filatelice dedicate Zodiacului Chinezesc o nou\u0103 emisiune de m\u0103rci po\u0219tale av\u00e2nd ca subiect semnul zodiacal al anului 2023, Iepurele de ap\u0103. Emisiunea intitulat\u0103 Zodiacul chinezesc. Iepurele de ap\u0103, alc\u0103tuit\u0103 din un timbru, o minicoal\u0103 \u0219i un plic \u201eprima zi\u201d va intra \u00een circula\u021bie vineri, 20 ianuarie 2023. Emisiunea este completat\u0103 \u0219i&hellip;&nbsp;<a href=\"https:\/\/romfilatelia.ro\/magazin\/produs\/colectii-anuale\/2023\/zodiacul-chinezesc-iepurele-de-apa\/\" class=\"\" rel=\"bookmark\">Cite\u0219te mai mult &raquo;<span class=\"screen-reader-text\">ZODIACUL CHINEZESC.  IEPURELE DE AP\u0102<\/span><\/a><\/p>\n","protected":false},"featured_media":2032025,"template":"","meta":{"neve_meta_sidebar":"","neve_meta_container":"","neve_meta_enable_content_width":"off","neve_meta_content_width":100,"neve_meta_title_alignment":"","neve_meta_author_avatar":"","neve_post_elements_order":"","neve_meta_disable_header":"","neve_meta_disable_footer":"","neve_meta_disable_title":""},"product_cat":[330,6],"product_tag":[],"_links":{"self":[{"href":"https:\/\/romfilatelia.ro\/magazin\/wp-json\/wp\/v2\/product\/2032021"}],"collection":[{"href":"https:\/\/romfilatelia.ro\/magazin\/wp-json\/wp\/v2\/product"}],"about":[{"href":"https:\/\/romfilatelia.ro\/magazin\/wp-json\/wp\/v2\/types\/product"}],"wp:featuredmedia":[{"embeddable":true,"href":"https:\/\/romfilatelia.ro\/magazin\/wp-json\/wp\/v2\/media\/2032025"}],"wp:attachment":[{"href":"https:\/\/romfilatelia.ro\/magazin\/wp-json\/wp\/v2\/media?parent=2032021"}],"wp:term":[{"taxonomy":"product_cat","embeddable":true,"href":"https:\/\/romfilatelia.ro\/magazin\/wp-json\/wp\/v2\/product_cat?post=2032021"},{"taxonomy":"product_tag","embeddable":true,"href":"https:\/\/romfilatelia.ro\/magazin\/wp-json\/wp\/v2\/product_tag?post=2032021"}],"curies":[{"name":"wp","href":"https:\/\/api.w.org\/{rel}","templated":true}]}}