{"id":2031999,"date":"2023-01-16T09:50:28","date_gmt":"2023-01-16T07:50:28","guid":{"rendered":"https:\/\/romfilatelia.ro\/magazin\/?post_type=product&#038;p=2031999"},"modified":"2023-01-16T09:50:28","modified_gmt":"2023-01-16T07:50:28","slug":"dimitrie-cantemir-350-de-ani-de-la-nastere","status":"publish","type":"product","link":"https:\/\/romfilatelia.ro\/magazin\/produs\/colectii-anuale\/2023\/dimitrie-cantemir-350-de-ani-de-la-nastere\/","title":{"rendered":"DIMITRIE CANTEMIR, 350 DE ANI DE LA NA\u0218TERE"},"content":{"rendered":"<p><a href=\"https:\/\/www.romfilatelia.ro\/wp-content\/uploads\/2023\/01\/SITE_mc-Dimitrie-cantemir-jpg.webp\"><img decoding=\"async\" loading=\"lazy\" class=\"alignleft wp-image-2040190\" src=\"https:\/\/www.romfilatelia.ro\/wp-content\/uploads\/2023\/01\/SITE_mc-Dimitrie-cantemir-jpg.webp\" alt=\"\" width=\"350\" height=\"395\" \/><\/a>\u00cen cadrul \u201eAnului cultural Dimitrie Cantemir\u201d, instituit prin lege de Parlamentul Rom\u00e2niei, <strong>Romfilatelia<\/strong> \u00eei aduce drept omagiu savantului, omului politic, eruditului de faim\u0103 european\u0103, Dimitrie Cantemir, o emisiune de m\u0103rci po\u0219tale aniversar\u0103.<\/p>\n<p>Emisiunea intitulat\u0103 <strong><em>\u201eDimitrie Cantemir, 350 de ani de la na\u0219tere\u201d<\/em><\/strong> \u0219i alc\u0103tuit\u0103 din o marc\u0103 po\u0219tal\u0103, o coli\u021b\u0103 dantelat\u0103 \u0219i un plic \u201eprima zi\u201d va intra \u00een circula\u021bie <em>luni, 16 ianuarie 2023. <\/em><\/p>\n<p>Dimitrie Cantemir s-a n\u0103scut \u00een anul 1673 \u0219i a trecut la Domnul \u00een 1723, la v\u00e2rsta de 50 de ani. Anul acesta se \u00eemplinesc 350 de ani de la na\u0219terea lui \u0219i 300 de la trecerea sa \u00een eternitate. A fost domn al Moldovei, un mare c\u0103rturar \u0219i istoric.<\/p>\n<p>Considerat un veritabil <em>homo universalis<\/em>, creator de tip renascentist, a fost recunoscut \u0219i apreciat de contemporaneitatea \u0219tiin\u0163ific\u0103 din \u0163\u0103rile europene. Fiu de domn, el avea s\u0103 fie trimis, la numai 12 ani (1685), la Constantinopol, ca garant al tat\u0103lui s\u0103u, unde r\u0103m\u00e2ne p\u00e2n\u0103 \u00een 1691.<\/p>\n<p>Devenit domn al Moldovei \u00een anul 1710, s-a aliat politic \u0219i militar cu \u0163arul Rusiei, Petru cel Mare, \u00eempotriva turcilor, \u00een anul 1711. Sor\u0163ii i-au fost \u00eens\u0103 nefavorabili. \u00cen b\u0103t\u0103lia de la St\u0103nile\u0219ti, \u00een acela\u0219i an, armata otoman\u0103 ob\u0163ine victoria.<\/p>\n<p>Dimitrie Cantemir este nevoit s\u0103 se stabileasc\u0103 \u00een Rusia, unde se bucur\u0103 de onoruri deosebite, devenind consilier politic al \u0163arului. \u00ce\u0219i continu\u0103 opera \u00eenceput\u0103 la Constantinopol, r\u0103m\u00e2n\u00e2nd credincios ideii scrisului. Prima sa lucrare cunoscut\u0103 a fost <em>Divanul sau g\u00e2lceava \u00een\u0163eleptului cu lumea<\/em>. Urmeaz\u0103 mai multe lucr\u0103ri \u00eentre care\u00a0 <em>Istoria Ieroglific\u0103<\/em>, <em>Istoria cre\u0219terii \u0219i descre\u0219terii Por\u0163ii otomane<\/em> \u0219i <em>Descrierea Moldovei<\/em>; de o valoare deosebit\u0103, <em>Hronicul vechimii a romano \u2013 moldo \u2013 vlahilor<\/em> a fost preluat\u0103 f\u0103r\u0103 rezerve de corifeii \u0218colii Ardelene, ca ghid istoric de mare pre\u0163.<\/p>\n<p>Marele c\u0103rturar \u0219i-a conceput \u00eentreaga oper\u0103 ca fiind necesar\u0103 rom\u00e2nilor pentru a ajunge la con\u0219tiin\u0163a c\u0103 prezentul lor trebuie s\u0103 deprind\u0103 gloria de alt\u0103dat\u0103 a str\u0103mo\u0219ilor. Maxima umanismului s\u0103u este concentrat\u0103 \u00een expresia, devenit\u0103 celebr\u0103, din <em>Divanul<\/em>: \u201eNu rob, ci st\u0103p\u00e2n al lumii te-am l\u0103sat: pentru aceasta, tu pe d\u00e2nsa, nu ea pe tine st\u0103p\u00e2ne\u0219te!\u201d.<\/p>\n<p>Marca po\u0219tal\u0103 a emisiunii, cu valoarea nominal\u0103 de <strong>11 lei<\/strong>, reproduce portretul lui Dimitrie Cantemir, dup\u0103 o gravur\u0103 de epoc\u0103 av\u00e2nd ca insert imaginea stemei familiei Cantemire\u0219tilor.<\/p>\n<p>Coli\u0163a emisiunii are \u00een compozi\u0163ia sa grafic\u0103, al\u0103turi de portretul din marca po\u0219tal\u0103 cu valoarea nominal\u0103 de <strong>34 lei<\/strong>, reproducerea \u00een facsimil a coper\u0163ii lucr\u0103rii <em>Istoria Moldovei <\/em>(versiunea german\u0103, 1771) \u0219i a h\u0103r\u0163ii Moldovei inclus\u0103 \u00een aceea\u0219i lucrare.<\/p>\n<p><em>Romfilatelia mul\u021bume\u0219te Bibliotecii Academiei Rom\u00e2ne \u0219i Arhivelor Na\u021bionale ale Rom\u00e2niei pentru sprijinul documentar \u0219i fotografic acordat la realizarea acestei emisiuni de m\u0103rci po\u0219tale.<\/em><\/p>\n<p><a href=\"https:\/\/www.romfilatelia.ro\/wp-content\/uploads\/2023\/01\/caract_Dimitrie-Cantemir-350-ani-de-la-nastere-jpg.webp\"><img decoding=\"async\" loading=\"lazy\" class=\"aligncenter size-full wp-image-2040191\" src=\"https:\/\/www.romfilatelia.ro\/wp-content\/uploads\/2023\/01\/caract_Dimitrie-Cantemir-350-ani-de-la-nastere-jpg.webp\" alt=\"\" width=\"1674\" height=\"1215\" \/><\/a><\/p>\n","protected":false},"excerpt":{"rendered":"<p>\u00cen cadrul \u201eAnului cultural Dimitrie Cantemir\u201d, instituit prin lege de Parlamentul Rom\u00e2niei, Romfilatelia \u00eei aduce drept omagiu savantului, omului politic, eruditului de faim\u0103 european\u0103, Dimitrie Cantemir, o emisiune de m\u0103rci po\u0219tale aniversar\u0103. Emisiunea intitulat\u0103 \u201eDimitrie Cantemir, 350 de ani de la na\u0219tere\u201d \u0219i alc\u0103tuit\u0103 din o marc\u0103 po\u0219tal\u0103, o coli\u021b\u0103 dantelat\u0103 \u0219i un plic \u201eprima&hellip;&nbsp;<a href=\"https:\/\/romfilatelia.ro\/magazin\/produs\/colectii-anuale\/2023\/dimitrie-cantemir-350-de-ani-de-la-nastere\/\" class=\"\" rel=\"bookmark\">Cite\u0219te mai mult &raquo;<span class=\"screen-reader-text\">DIMITRIE CANTEMIR, 350 DE ANI DE LA NA\u0218TERE<\/span><\/a><\/p>\n","protected":false},"featured_media":2032003,"template":"","meta":{"neve_meta_sidebar":"","neve_meta_container":"","neve_meta_enable_content_width":"off","neve_meta_content_width":100,"neve_meta_title_alignment":"","neve_meta_author_avatar":"","neve_post_elements_order":"","neve_meta_disable_header":"","neve_meta_disable_footer":"","neve_meta_disable_title":""},"product_cat":[330,6],"product_tag":[],"_links":{"self":[{"href":"https:\/\/romfilatelia.ro\/magazin\/wp-json\/wp\/v2\/product\/2031999"}],"collection":[{"href":"https:\/\/romfilatelia.ro\/magazin\/wp-json\/wp\/v2\/product"}],"about":[{"href":"https:\/\/romfilatelia.ro\/magazin\/wp-json\/wp\/v2\/types\/product"}],"wp:featuredmedia":[{"embeddable":true,"href":"https:\/\/romfilatelia.ro\/magazin\/wp-json\/wp\/v2\/media\/2032003"}],"wp:attachment":[{"href":"https:\/\/romfilatelia.ro\/magazin\/wp-json\/wp\/v2\/media?parent=2031999"}],"wp:term":[{"taxonomy":"product_cat","embeddable":true,"href":"https:\/\/romfilatelia.ro\/magazin\/wp-json\/wp\/v2\/product_cat?post=2031999"},{"taxonomy":"product_tag","embeddable":true,"href":"https:\/\/romfilatelia.ro\/magazin\/wp-json\/wp\/v2\/product_tag?post=2031999"}],"curies":[{"name":"wp","href":"https:\/\/api.w.org\/{rel}","templated":true}]}}