{"id":2031519,"date":"2022-10-10T09:37:45","date_gmt":"2022-10-10T07:37:45","guid":{"rendered":"https:\/\/romfilatelia.ro\/magazin\/?post_type=product&#038;p=2031519"},"modified":"2022-10-10T13:09:17","modified_gmt":"2022-10-10T11:09:17","slug":"carti-postale-maxime-regii-romaniei-mari-centenarul-incoronarii","status":"publish","type":"product","link":"https:\/\/romfilatelia.ro\/magazin\/produs\/carti-postale-maxime\/carti-postale-maxime-regii-romaniei-mari-centenarul-incoronarii\/","title":{"rendered":"Carti postale maxime REGII ROM\u00c2NIEI MARI. CENTENARUL \u00ceNCORON\u0102RII"},"content":{"rendered":"","protected":false},"excerpt":{"rendered":"","protected":false},"featured_media":2031524,"template":"","meta":{"neve_meta_sidebar":"","neve_meta_container":"","neve_meta_enable_content_width":"off","neve_meta_content_width":100,"neve_meta_title_alignment":"","neve_meta_author_avatar":"","neve_post_elements_order":"","neve_meta_disable_header":"","neve_meta_disable_footer":"","neve_meta_disable_title":""},"product_cat":[8],"product_tag":[],"_links":{"self":[{"href":"https:\/\/romfilatelia.ro\/magazin\/wp-json\/wp\/v2\/product\/2031519"}],"collection":[{"href":"https:\/\/romfilatelia.ro\/magazin\/wp-json\/wp\/v2\/product"}],"about":[{"href":"https:\/\/romfilatelia.ro\/magazin\/wp-json\/wp\/v2\/types\/product"}],"wp:featuredmedia":[{"embeddable":true,"href":"https:\/\/romfilatelia.ro\/magazin\/wp-json\/wp\/v2\/media\/2031524"}],"wp:attachment":[{"href":"https:\/\/romfilatelia.ro\/magazin\/wp-json\/wp\/v2\/media?parent=2031519"}],"wp:term":[{"taxonomy":"product_cat","embeddable":true,"href":"https:\/\/romfilatelia.ro\/magazin\/wp-json\/wp\/v2\/product_cat?post=2031519"},{"taxonomy":"product_tag","embeddable":true,"href":"https:\/\/romfilatelia.ro\/magazin\/wp-json\/wp\/v2\/product_tag?post=2031519"}],"curies":[{"name":"wp","href":"https:\/\/api.w.org\/{rel}","templated":true}]}}