{"id":2031518,"date":"2022-10-10T09:35:00","date_gmt":"2022-10-10T07:35:00","guid":{"rendered":"https:\/\/romfilatelia.ro\/magazin\/?post_type=product&#038;p=2031518"},"modified":"2023-08-05T12:26:55","modified_gmt":"2023-08-05T10:26:55","slug":"colita-dantalata-regii-romaniei-mari-centenarul-incoronarii","status":"publish","type":"product","link":"https:\/\/romfilatelia.ro\/magazin\/produs\/colita-dantelata\/colita-dantalata-regii-romaniei-mari-centenarul-incoronarii\/","title":{"rendered":"Coli\u021b\u0103 dantalat\u0103 REGII ROM\u00c2NIEI MARI. CENTENARUL \u00ceNCORON\u0102RII"},"content":{"rendered":"","protected":false},"excerpt":{"rendered":"","protected":false},"featured_media":2031522,"template":"","meta":{"neve_meta_sidebar":"","neve_meta_container":"","neve_meta_enable_content_width":"off","neve_meta_content_width":100,"neve_meta_title_alignment":"","neve_meta_author_avatar":"","neve_post_elements_order":"","neve_meta_disable_header":"","neve_meta_disable_footer":"","neve_meta_disable_title":""},"product_cat":[19],"product_tag":[],"_links":{"self":[{"href":"https:\/\/romfilatelia.ro\/magazin\/wp-json\/wp\/v2\/product\/2031518"}],"collection":[{"href":"https:\/\/romfilatelia.ro\/magazin\/wp-json\/wp\/v2\/product"}],"about":[{"href":"https:\/\/romfilatelia.ro\/magazin\/wp-json\/wp\/v2\/types\/product"}],"wp:featuredmedia":[{"embeddable":true,"href":"https:\/\/romfilatelia.ro\/magazin\/wp-json\/wp\/v2\/media\/2031522"}],"wp:attachment":[{"href":"https:\/\/romfilatelia.ro\/magazin\/wp-json\/wp\/v2\/media?parent=2031518"}],"wp:term":[{"taxonomy":"product_cat","embeddable":true,"href":"https:\/\/romfilatelia.ro\/magazin\/wp-json\/wp\/v2\/product_cat?post=2031518"},{"taxonomy":"product_tag","embeddable":true,"href":"https:\/\/romfilatelia.ro\/magazin\/wp-json\/wp\/v2\/product_tag?post=2031518"}],"curies":[{"name":"wp","href":"https:\/\/api.w.org\/{rel}","templated":true}]}}