{"id":2031517,"date":"2022-10-10T09:36:25","date_gmt":"2022-10-10T07:36:25","guid":{"rendered":"https:\/\/romfilatelia.ro\/magazin\/?post_type=product&#038;p=2031517"},"modified":"2022-10-10T11:40:04","modified_gmt":"2022-10-10T09:40:04","slug":"album-filatelic-regii-romaniei-mari-centenarul-incoronarii","status":"publish","type":"product","link":"https:\/\/romfilatelia.ro\/magazin\/produs\/albume\/album-filatelic-regii-romaniei-mari-centenarul-incoronarii\/","title":{"rendered":"Album filatelic REGII ROM\u00c2NIEI MARI. CENTENARUL \u00ceNCORON\u0102RII"},"content":{"rendered":"","protected":false},"excerpt":{"rendered":"","protected":false},"featured_media":2031523,"template":"","meta":{"neve_meta_sidebar":"","neve_meta_container":"","neve_meta_enable_content_width":"off","neve_meta_content_width":100,"neve_meta_title_alignment":"","neve_meta_author_avatar":"","neve_post_elements_order":"","neve_meta_disable_header":"","neve_meta_disable_footer":"","neve_meta_disable_title":""},"product_cat":[7],"product_tag":[],"_links":{"self":[{"href":"https:\/\/romfilatelia.ro\/magazin\/wp-json\/wp\/v2\/product\/2031517"}],"collection":[{"href":"https:\/\/romfilatelia.ro\/magazin\/wp-json\/wp\/v2\/product"}],"about":[{"href":"https:\/\/romfilatelia.ro\/magazin\/wp-json\/wp\/v2\/types\/product"}],"wp:featuredmedia":[{"embeddable":true,"href":"https:\/\/romfilatelia.ro\/magazin\/wp-json\/wp\/v2\/media\/2031523"}],"wp:attachment":[{"href":"https:\/\/romfilatelia.ro\/magazin\/wp-json\/wp\/v2\/media?parent=2031517"}],"wp:term":[{"taxonomy":"product_cat","embeddable":true,"href":"https:\/\/romfilatelia.ro\/magazin\/wp-json\/wp\/v2\/product_cat?post=2031517"},{"taxonomy":"product_tag","embeddable":true,"href":"https:\/\/romfilatelia.ro\/magazin\/wp-json\/wp\/v2\/product_tag?post=2031517"}],"curies":[{"name":"wp","href":"https:\/\/api.w.org\/{rel}","templated":true}]}}