{"id":2031117,"date":"2022-08-30T14:09:25","date_gmt":"2022-08-30T12:09:25","guid":{"rendered":"https:\/\/romfilatelia.ro\/magazin\/?post_type=product&#038;p=2031117"},"modified":"2022-09-01T14:19:29","modified_gmt":"2022-09-01T12:19:29","slug":"fanteziile-faunei","status":"publish","type":"product","link":"https:\/\/romfilatelia.ro\/magazin\/produs\/colectii-anuale\/2022\/fanteziile-faunei\/","title":{"rendered":"FANTEZIILE FAUNEI"},"content":{"rendered":"<div id=\"attachment_2038148\" style=\"width: 360px\" class=\"wp-caption alignleft\"><a href=\"https:\/\/www.romfilatelia.ro\/wp-content\/uploads\/2022\/08\/mc1_FANTEZIILE_FAUNEI-compress.jpg\"><img aria-describedby=\"caption-attachment-2038148\" decoding=\"async\" loading=\"lazy\" class=\"wp-image-2038148\" src=\"https:\/\/www.romfilatelia.ro\/wp-content\/uploads\/2022\/08\/mc1_FANTEZIILE_FAUNEI-compress.jpg\" alt=\"\" width=\"350\" height=\"359\" \/><\/a><p id=\"caption-attachment-2038148\" class=\"wp-caption-text\">image description<\/p><\/div>\n<p><strong>Romfilatelia<\/strong> continu\u0103 seria emisiunilor de m\u0103rci po\u0219tale dedicate <em>Faunei<\/em> \u0219i introduce \u00een circula\u021bie, <em>miercuri, 31 august a.c.<\/em> o emisiune \u00eenscris\u0103 ca <strong>o premier\u0103 filatelic\u0103<\/strong> <strong>tematic\u0103<\/strong> intitulat\u0103 <strong><em>Fanteziile faunei<\/em><\/strong>.<\/p>\n<p>Emisiunea este alc\u0103tuit\u0103 din patru timbre, patru minicoli, un plic \u201eprima zi\u201d \u0219i o map\u0103 filatelic\u0103 special\u0103.<\/p>\n<p>Diversitatea, din mediul natural, se prezint\u0103 uneori, aparent, ca rezultat al unui artist creator de forme \u0219i culori a c\u0103ror perfec\u021biune induce \u00een eroare privitorul care poate atribui unei insecte caracteristici puternic percepute ca apar\u021bin\u00e2nd altei specii, precum o floare.<\/p>\n<p>Avem de-a face cu o interven\u021bie natural\u0103, fantezist\u0103, a mediului ambiant, \u0219i, drept urmare, cele patru m\u0103rci po\u0219tale cu imagini de o rar\u0103 frumuse\u021be sunt prezentate sub un titlu de emisiune definitoriu: <strong>Fanteziile faunei<\/strong>.<\/p>\n<p>Emisiunea este special\u0103 pentru colec\u021bionari \u0219i prin faptul ca abordeaz\u0103 o dubl\u0103 tematic\u0103 \u2013 <em>Flor\u0103<\/em> \u0219i <em>Faun\u0103<\/em>.<\/p>\n<p><strong>C\u0103lug\u0103ri\u021ba orhidee<\/strong> (<em>Hymenopus coronatus<\/em>), prezentat\u0103 ca varietate de culori pe timbrele cu valorile nominale de <strong>4 Lei<\/strong> \u0219i <strong>10,50<\/strong> <strong>Lei<\/strong> \u0219i pe plicul \u201eprima zi<em>\u201d <\/em>a emisiunii, este o specie de c\u0103lug\u0103ri\u021b\u0103 originar\u0103 din p\u0103durile tropicale din sud-estul Asiei. Prezint\u0103 un puternic dimorfism sexual, femelele fiind, uneori, de 2 ori mai mari dec\u00e2t masculii. Coloritul acestei specii, \u00eempreun\u0103 cu forma celor 6 picioare, asem\u0103n\u0103toare unor petale, fac aceast\u0103 specie un v\u00e2n\u0103tor prin ambuscad\u0103 excelent.<\/p>\n<p><strong>C\u0103lug\u0103ri\u021ba frunz\u0103<\/strong> (<em>Deroplatys truncata<\/em>), ilustrat\u0103 pe timbrul cu valoarea nominal\u0103 de <strong>6,50<\/strong> <strong>Lei<\/strong>, este o specie de c\u0103lug\u0103ri\u021b\u0103 originar\u0103, de asemenea, din p\u0103durile tropicale din sud-estul Asiei. Dup\u0103 cum \u00eei spune \u0219i numele, seam\u0103n\u0103 cu o frunz\u0103 moart\u0103, ceea ce o ajut\u0103 at\u00e2t c\u00e2nd vine vorba de a se feri de pr\u0103d\u0103tori, c\u00e2t \u0219i pentru a-\u0219i v\u00e2na prada prin ambuscad\u0103.<\/p>\n<p><strong>C\u0103lug\u0103ri\u021ba floare<\/strong> (<em>Creobroter gemmatus<\/em>), redat\u0103 pe timbrul cu valoarea nominal\u0103 de <strong>10 Lei<\/strong>, este o specie de c\u0103lug\u0103ri\u021b\u0103 originar\u0103 din Asia. Datorit\u0103 coloritului, se camufleaz\u0103 u\u0219or \u00een coronamentul arbu\u0219tilor \u0219i al arborilor, unde \u00ee\u0219i a\u0219teapt\u0103 prada, format\u0103 din insecte.<\/p>\n<p><em>Romfilatelia mul\u021bume\u0219te speciali\u0219tilor de la Muzeul Na\u021bional de Istorie Natural\u0103 \u201eGrigore Antipa\u201d \u0219i domnului Alexandru Pintilioaie, specialist entomolog, pentru sprijinul documentar acordat la realizarea acestei emisiuni de m\u0103rci po\u0219tale. <\/em><\/p>\n<p><a href=\"https:\/\/www.romfilatelia.ro\/wp-content\/uploads\/2022\/08\/caract_Fanteziile-faunei-compress.jpg\"><img decoding=\"async\" loading=\"lazy\" class=\"aligncenter wp-image-2038149 size-full\" src=\"https:\/\/www.romfilatelia.ro\/wp-content\/uploads\/2022\/08\/caract_Fanteziile-faunei-compress.jpg\" alt=\"\" width=\"800\" height=\"800\" \/><\/a><\/p>\n","protected":false},"excerpt":{"rendered":"<p>Romfilatelia continu\u0103 seria emisiunilor de m\u0103rci po\u0219tale dedicate Faunei \u0219i introduce \u00een circula\u021bie, miercuri, 31 august a.c. o emisiune \u00eenscris\u0103 ca o premier\u0103 filatelic\u0103 tematic\u0103 intitulat\u0103 Fanteziile faunei. Emisiunea este alc\u0103tuit\u0103 din patru timbre, patru minicoli, un plic \u201eprima zi\u201d \u0219i o map\u0103 filatelic\u0103 special\u0103. Diversitatea, din mediul natural, se prezint\u0103 uneori, aparent, ca rezultat&hellip;&nbsp;<a href=\"https:\/\/romfilatelia.ro\/magazin\/produs\/colectii-anuale\/2022\/fanteziile-faunei\/\" class=\"\" rel=\"bookmark\">Cite\u0219te mai mult &raquo;<span class=\"screen-reader-text\">FANTEZIILE FAUNEI<\/span><\/a><\/p>\n","protected":false},"featured_media":2031162,"template":"","meta":{"neve_meta_sidebar":"","neve_meta_container":"","neve_meta_enable_content_width":"","neve_meta_content_width":0,"neve_meta_title_alignment":"","neve_meta_author_avatar":"","neve_post_elements_order":"","neve_meta_disable_header":"","neve_meta_disable_footer":"","neve_meta_disable_title":""},"product_cat":[174,6],"product_tag":[],"_links":{"self":[{"href":"https:\/\/romfilatelia.ro\/magazin\/wp-json\/wp\/v2\/product\/2031117"}],"collection":[{"href":"https:\/\/romfilatelia.ro\/magazin\/wp-json\/wp\/v2\/product"}],"about":[{"href":"https:\/\/romfilatelia.ro\/magazin\/wp-json\/wp\/v2\/types\/product"}],"wp:featuredmedia":[{"embeddable":true,"href":"https:\/\/romfilatelia.ro\/magazin\/wp-json\/wp\/v2\/media\/2031162"}],"wp:attachment":[{"href":"https:\/\/romfilatelia.ro\/magazin\/wp-json\/wp\/v2\/media?parent=2031117"}],"wp:term":[{"taxonomy":"product_cat","embeddable":true,"href":"https:\/\/romfilatelia.ro\/magazin\/wp-json\/wp\/v2\/product_cat?post=2031117"},{"taxonomy":"product_tag","embeddable":true,"href":"https:\/\/romfilatelia.ro\/magazin\/wp-json\/wp\/v2\/product_tag?post=2031117"}],"curies":[{"name":"wp","href":"https:\/\/api.w.org\/{rel}","templated":true}]}}