{"id":2030904,"date":"2022-07-05T14:06:30","date_gmt":"2022-07-05T12:06:30","guid":{"rendered":"https:\/\/romfilatelia.ro\/magazin\/?post_type=product&#038;p=2030904"},"modified":"2022-07-06T16:29:38","modified_gmt":"2022-07-06T14:29:38","slug":"animale-inteligente","status":"publish","type":"product","link":"https:\/\/romfilatelia.ro\/magazin\/produs\/colectii-anuale\/2022\/animale-inteligente\/","title":{"rendered":"ANIMALE INTELIGENTE"},"content":{"rendered":"<p><strong><a href=\"https:\/\/www.romfilatelia.ro\/wp-content\/uploads\/2022\/07\/SITE_Mc_Animale-inteligente-compress.jpg\"><img decoding=\"async\" loading=\"lazy\" class=\"alignleft wp-image-2037737\" src=\"https:\/\/www.romfilatelia.ro\/wp-content\/uploads\/2022\/07\/SITE_Mc_Animale-inteligente-compress.jpg\" alt=\"\" width=\"350\" height=\"367\" \/><\/a>Romfilatelia<\/strong> a inclus \u00een tematica filatelic\u0103 o nou\u0103 emisiune care s\u0103 aten\u021bioneze asupra obliga\u021biei de protejare a mediului \u00eenconjur\u0103tor \u00een care vie\u021buiesc specii de animale cu inteligen\u021b\u0103 nativ\u0103 vizibil\u0103. Emisiunea cu titlul generic <strong>\u201eAnimale inteligente\u201d<\/strong>, alc\u0103tuit\u0103 din patru m\u0103rci po\u0219tale, patru minicoli, un plic <em>prima zi <\/em>\u0219i o map\u0103 filatelic\u0103 special\u0103 pentru cole\u021bionari<em>, <\/em>va intra \u00een circula\u021bie <em>miercuri, 6 iulie a.c. <\/em><\/p>\n<p>\u00cen cadrul timbrelor emisiunii sunt ilustrate urm\u0103toarele specii: <strong>cimpanzeul<\/strong>,<strong> delfinul<\/strong>,<strong> elefantul <\/strong>\u0219i<strong> papagalul.<\/strong> Pe plicul <em>prima zi <\/em>este redat\u0103 imaginea unui <strong>leu de mare. <\/strong><\/p>\n<p>Pe timbrul cu valoarea nominal\u0103 de <strong>2,70 Lei <\/strong>este redat <strong>papagalul<\/strong>, deseori preferat ca animal de companie pentru inteligen\u021b\u0103, datorit\u0103 c\u0103reia \u00een\u021belege \u0219i se adapteaz\u0103 mediului \u00eenconjur\u0103tor, dob\u00e2ndind noi abilit\u0103\u021bi. Cea mai apreciat\u0103 r\u0103m\u00e2ne capacitatea de a memora \u0219i reproduce vorbirea uman\u0103, datorit\u0103 abilit\u0103\u021bilor cognitive dezvoltate, unele specii ajung\u00e2nd s\u0103 re\u021bin\u0103 sute de cuvinte \u0219i chiar s\u0103 le asocieze cu obiectele pe care papagalul le recunoa\u0219te distinct, fiind capabil s\u0103 \u00een\u021beleag\u0103 concepte ca form\u0103, num\u0103r \u0219i culoare.<\/p>\n<p>Pe timbrul cu valoarea nominal\u0103 de <strong>3,00 Lei<\/strong> este ilustrat <strong>cimpanzeul<\/strong>, care \u00ee\u0219i dovede\u0219te inteligen\u021ba prin capacitatea de comunicare \u0219i \u00een\u021belegere, fiind capabil s\u0103 \u00eenve\u021be limbajul semnelor, dar \u0219i folosirea mai multor instrumente, \u00eentrec\u00e2nd la \u00eendem\u00e2nare orice alt animal de pe planet\u0103. Folose\u0219te limbajul corpului, expresiile faciale, aplaud\u0103 \u0219i s\u0103rut\u0103 pentru a comunica \u00een cadrul comunit\u0103\u021bii. Considerat cel mai zgomotos animal s\u0103lbatic, are un sistem sofisticat de sunete pentru comunicare. Cea mai apropiat\u0103 rud\u0103 a omului, cimpanzeul r\u0103m\u00e2ne \u00een aten\u021bia cercet\u0103torilor pentru a i se evalua mai bine inteligen\u021ba, comportamentul \u0219i ac\u021biunile.<\/p>\n<p><strong>Delfinul<\/strong>, reprezentat pe timbrul cu valoarea nominal\u0103 de <strong>10 Lei<\/strong>, \u00eendepline\u0219te sarcini dificile, \u00eenva\u021b\u0103 din experien\u021b\u0103 \u0219i transmite cuno\u0219tin\u021bele celorlal\u021bi indivizi din grup. Este foarte sociabil \u0219i are un sistem de comunicare complex bazat pe sunetele sale caracteristice. Delfinii se adreseaz\u0103 unul altuia prin sunete diferite, pentru identificarea fiec\u0103ruia, cu un cod propriu distinctiv. Jocul social, cooperarea reciproc\u0103, \u00eengrijirea descenden\u021bilor celorlal\u021bi \u0219i transmiterea strategiilor de v\u00e2n\u0103toare au fost v\u0103zute ca semne ale unui comportament complex.<\/p>\n<p><strong>Elefantul<\/strong>, ilustrat pe timbrul cu valoarea nominal\u0103 de <strong>16,00 Lei,<\/strong> tr\u0103ie\u0219te \u00een turme, cu un mod de organizare matriarhal. Elefan\u021bii comunic\u0103 unul cu altul \u0219i se pot identifica de la trei kilometri distan\u021b\u0103. Num\u0103rul mare de sinapse din cortexul cerebral \u00eei permite elefantului s\u0103 \u00een\u021beleag\u0103 limbajul non-verbal, dar una dintre remarcabilele expresii ale inteligen\u021bei acestuia se reg\u0103se\u0219te \u00een capacitatea sa de a aborda noile provoc\u0103ri \u0219i de a se adapta, reu\u0219ind o schimbare radical\u0103 de comportament pentru a face fa\u021b\u0103 situa\u021biilor adverse. Memoria specific\u0103 se datoreaz\u0103 unui hipocamp mare \u0219i complex, a c\u0103rui func\u021bie principal\u0103 este asociat\u0103 cu prelucrarea anumitor tipuri de memorie, \u00een principal a celor spa\u021biale.<\/p>\n<p><strong>Leul de mare<\/strong>, redat pe plicul <em>\u201eprima zi\u201d<\/em> a emisiunii, este un animal cu multe abilit\u0103\u021bi \u0219i foarte inteligent, juc\u0103u\u0219, receptiv \u0219i av\u00e2nd abilitatea de a \u00eenv\u0103\u021ba trucuri. Este bine cunoscut pentru spectacolele cu dresori, dar a fost antrenat \u0219i pentru diverse activit\u0103\u021bi acvatice. \u00cen timpul v\u00e2n\u0103torii se poate alia cu delfini sau p\u0103s\u0103ri c\u00e2nd \u00eent\u00e2lnesc bancuri de pe\u0219ti, iar \u00een zonele unde se g\u0103se\u0219te somon, \u00een special la gurile r\u00e2urilor, leii de mare \u00ee\u0219i p\u00e2ndesc prada. Numele s\u0103u provine de la r\u0103cnetul masculului pentru protejarea teritoriului.<\/p>\n<p><em>Romfilatelia mul\u021bume\u0219te reprezentan\u021bilor Muzeului Na\u021bional de Istorie Natural\u0103 \u201eGrigore Antipa\u201d pentru sprijinul documentar acordat la realizarea acestei emisiuni de m\u0103rci po\u0219tale.<\/em><\/p>\n<p><a href=\"https:\/\/www.romfilatelia.ro\/wp-content\/uploads\/2022\/07\/caract_Animale-Inteligente-2-compress.jpg\"><img decoding=\"async\" loading=\"lazy\" class=\"aligncenter wp-image-2037725 \" src=\"https:\/\/www.romfilatelia.ro\/wp-content\/uploads\/2022\/07\/caract_Animale-Inteligente-2-compress.jpg\" alt=\"\" width=\"1137\" height=\"1027\" \/><\/a><\/p>\n","protected":false},"excerpt":{"rendered":"<p>Romfilatelia a inclus \u00een tematica filatelic\u0103 o nou\u0103 emisiune care s\u0103 aten\u021bioneze asupra obliga\u021biei de protejare a mediului \u00eenconjur\u0103tor \u00een care vie\u021buiesc specii de animale cu inteligen\u021b\u0103 nativ\u0103 vizibil\u0103. Emisiunea cu titlul generic \u201eAnimale inteligente\u201d, alc\u0103tuit\u0103 din patru m\u0103rci po\u0219tale, patru minicoli, un plic prima zi \u0219i o map\u0103 filatelic\u0103 special\u0103 pentru cole\u021bionari, va intra&hellip;&nbsp;<a href=\"https:\/\/romfilatelia.ro\/magazin\/produs\/colectii-anuale\/2022\/animale-inteligente\/\" class=\"\" rel=\"bookmark\">Cite\u0219te mai mult &raquo;<span class=\"screen-reader-text\">ANIMALE INTELIGENTE<\/span><\/a><\/p>\n","protected":false},"featured_media":2030908,"template":"","meta":{"neve_meta_sidebar":"","neve_meta_container":"","neve_meta_enable_content_width":"","neve_meta_content_width":0,"neve_meta_title_alignment":"","neve_meta_author_avatar":"","neve_post_elements_order":"","neve_meta_disable_header":"","neve_meta_disable_footer":"","neve_meta_disable_title":""},"product_cat":[174,6],"product_tag":[],"_links":{"self":[{"href":"https:\/\/romfilatelia.ro\/magazin\/wp-json\/wp\/v2\/product\/2030904"}],"collection":[{"href":"https:\/\/romfilatelia.ro\/magazin\/wp-json\/wp\/v2\/product"}],"about":[{"href":"https:\/\/romfilatelia.ro\/magazin\/wp-json\/wp\/v2\/types\/product"}],"wp:featuredmedia":[{"embeddable":true,"href":"https:\/\/romfilatelia.ro\/magazin\/wp-json\/wp\/v2\/media\/2030908"}],"wp:attachment":[{"href":"https:\/\/romfilatelia.ro\/magazin\/wp-json\/wp\/v2\/media?parent=2030904"}],"wp:term":[{"taxonomy":"product_cat","embeddable":true,"href":"https:\/\/romfilatelia.ro\/magazin\/wp-json\/wp\/v2\/product_cat?post=2030904"},{"taxonomy":"product_tag","embeddable":true,"href":"https:\/\/romfilatelia.ro\/magazin\/wp-json\/wp\/v2\/product_tag?post=2030904"}],"curies":[{"name":"wp","href":"https:\/\/api.w.org\/{rel}","templated":true}]}}