{"id":2030852,"date":"2022-06-23T13:03:28","date_gmt":"2022-06-23T11:03:28","guid":{"rendered":"https:\/\/romfilatelia.ro\/magazin\/?post_type=product&#038;p=2030852"},"modified":"2022-06-24T08:39:13","modified_gmt":"2022-06-24T06:39:13","slug":"specii-invazive","status":"publish","type":"product","link":"https:\/\/romfilatelia.ro\/magazin\/produs\/colectii-anuale\/2022\/specii-invazive\/","title":{"rendered":"SPECII INVAZIVE"},"content":{"rendered":"<p><a href=\"https:\/\/romfilatelia.ro\/magazin\/wp-content\/uploads\/2022\/06\/SITE_Mc_Specii-invazive.jpg\"><img decoding=\"async\" loading=\"lazy\" class=\"wp-image-2030853 size-medium alignleft\" src=\"https:\/\/romfilatelia.ro\/magazin\/wp-content\/uploads\/2022\/06\/SITE_Mc_Specii-invazive-279x300.jpg\" alt=\"\" width=\"279\" height=\"300\" \/><\/a>O nou\u0103 emisiune filatelic\u0103 cu tematica <strong>Flor\u0103<\/strong>, va fi introdus\u0103 \u00een circula\u021bie <em>vineri, 24 iunie a.c.<\/em> av\u00e2nd ca titlu generic <strong><em>\u201eSpecii invazive\u201d<\/em><\/strong>. Imaginile reproduse pe m\u0103rcile po\u0219tale apar\u021bin plantelor care se reg\u0103sesc \u00een afara ariei lor naturale de r\u0103sp\u00e2ndire, av\u00e2nd un efect d\u0103un\u0103tor asupra ecosistemului \u00een care \u00ee\u0219i g\u0103sesc un nou mediu de reproducere \u0219i \u00eenmul\u021bire.<\/p>\n<p>M\u0103rcile po\u0219tale ale emisiunii prezint\u0103 cinci specii apar\u021bin\u00e2nd speciilor invazive:<\/p>\n<p><em>Pontederia crassipes <\/em>Mart. <strong>(Zambila de ap\u0103)<\/strong>, ilustrat\u0103 pe timbrul cu valoarea nominal\u0103 de <strong>3 Lei<\/strong>, este o plant\u0103 originar\u0103 din zona tropical\u0103 \u0219i subtropical\u0103 a Americii de Sud, preferat\u0103 \u00een \u00eentreaga lume ca plant\u0103 ornamental\u0103, datorit\u0103 florilor asem\u0103n\u0103toare cu cele ale zambilelor. Zambila de ap\u0103 este o plant\u0103 natant\u0103, care poate atinge p\u00e2n\u0103 la un metru \u00een\u0103l\u021bime. \u00cen condi\u021bii favorabile, se r\u0103sp\u00e2nde\u0219te rapid afect\u00e2nd activit\u0103\u021bile umane \u0219i biodiversitatea.<\/p>\n<p><em>Heracleum mantegazzianum <\/em>Sommier &amp; Levier <strong>(Crucea p\u0103m\u00e2ntului)<\/strong>, reprezentat\u0103 pe timbrul cu valoarea nominal\u0103 de <strong>6,50 Lei<\/strong>, este o plant\u0103 erbacee, peren\u0103, monocarpic\u0103, provenit\u0103 din Caucaz. Numele s\u0103u este un omagiu dat antropologului Paolo Mantegazza. Seva plantei este periculoas\u0103 pentru ochi \u0219i piele, provoc\u00e2nd arsuri. Se r\u0103sp\u00e2nde\u0219te rapid \u0219i este una dintre cele mai d\u0103un\u0103toare specii \u00een Insulele Britanice \u0219i \u00een Europa de Est.<\/p>\n<p><em>Elodea nuttallii <\/em>(Planch.) H.St.John <strong>(Ciuma apelor cu frunze \u00eenguste)<\/strong>, redat\u0103 pe timbrul cu valoarea nominal\u0103 de <strong>10 Lei<\/strong>, este o plant\u0103 erbacee, peren\u0103, acvatic\u0103 submers\u0103. Tulpina este sub\u021bire \u0219i ramificat\u0103, iar frunzele sunt scurte, \u00eenguste, de culoare verde pal. Elimin\u0103 alte plante acvatice, produce fenomenul de umbrire, consum\u0103 oxigenul din ap\u0103 \u0219i reduce viteza de curgere a apei. Provoac\u0103 eutrofizare secundar\u0103 prin descompunerea plantelor la sf\u00e2r\u0219itul sezonului de vegeta\u021bie.<\/p>\n<p><em>Baccharis halimifolia <\/em>Moench <strong>(Mirt de mare)<\/strong>, ilustrat\u0103 pe timbrul cu valoarea nominal\u0103 de <strong>10,50 Lei<\/strong>, este o specie nord-american\u0103 de arbu\u0219ti din familia <em>Asteraceae<\/em>. Numele s\u0103u este dat \u00een onoarea zeului vinului, Bacchus. Extrem de tolerant\u0103 la sare, este prezent\u0103 de-a lungul celor mai multe \u021b\u0103rmuri s\u0103r\u0103turoase sau salmastre ale mla\u0219tinilor \u0219i estuarelor. Ramurile sunt rigide \u0219i dense, iar frunzi\u0219ul gri-argintiu, gri-verde, devine ro\u0219u-violet \u00een toamn\u0103. Frunzele sunt toxice pentru animale dac\u0103 sunt ingerate \u00een cantit\u0103\u021bi mari.<\/p>\n<p><em>Lysichiton americanus <\/em>Hult\u00e9n &amp; H.St. John<em>, <\/em>cu denumirea popular\u0103 <strong>\u201eFelinarul mla\u0219tinii\u201d<\/strong>, redat\u0103 pe plicul \u201eprima zi\u201d a emisiunii, este o plant\u0103 erbacee peren\u0103 care face parte din familia <em>Araceae<\/em>. Este \u00eenrudit\u0103 cu \u201erodul p\u0103m\u00e2ntului\u201d, \u00eent\u00e2lnit\u0103 \u00een p\u0103durile din \u021bara noastr\u0103. Prefer\u0103 solurile umede, fertile \u0219i cre\u0219te cel mai bine pe l\u00e2ng\u0103 ap\u0103, at\u00e2t \u00een zone cu soare, dar \u0219i \u00een cele cu semi-umbr\u0103 sau umbr\u0103. Din 2016, \u00een Uniunea European\u0103, sunt prev\u0103zute m\u0103suri speciale de prevenire a invaziei \u0219i m\u0103suri de control a popula\u021biilor deja stabilite ale acestei plante.<\/p>\n<p><em>Romfilatelia mul\u021bume\u0219te Prof. univ. dr. Paulina Anastasiu, Directorul Gr\u0103dinii Botanice \u201eDimitrie Brandza\u201d a Universit\u0103\u021bii din Bucure\u0219ti, pentru sprijinul documentar acordat la realizarea acestei emisiuni de m\u0103rci po\u0219tale.<\/em><\/p>\n<p><a href=\"https:\/\/romfilatelia.ro\/magazin\/wp-content\/uploads\/2022\/06\/caract_Specii-invazive.jpg\"><img decoding=\"async\" loading=\"lazy\" class=\"aligncenter size-full wp-image-2030854\" src=\"https:\/\/romfilatelia.ro\/magazin\/wp-content\/uploads\/2022\/06\/caract_Specii-invazive.jpg\" alt=\"\" width=\"1109\" height=\"781\" srcset=\"https:\/\/romfilatelia.ro\/magazin\/wp-content\/uploads\/2022\/06\/caract_Specii-invazive.jpg 1109w, https:\/\/romfilatelia.ro\/magazin\/wp-content\/uploads\/2022\/06\/caract_Specii-invazive-500x352.jpg 500w, https:\/\/romfilatelia.ro\/magazin\/wp-content\/uploads\/2022\/06\/caract_Specii-invazive-64x45.jpg 64w\" sizes=\"(max-width: 1109px) 100vw, 1109px\" \/><\/a><\/p>\n","protected":false},"excerpt":{"rendered":"<p>O nou\u0103 emisiune filatelic\u0103 cu tematica Flor\u0103, va fi introdus\u0103 \u00een circula\u021bie vineri, 24 iunie a.c. av\u00e2nd ca titlu generic \u201eSpecii invazive\u201d. Imaginile reproduse pe m\u0103rcile po\u0219tale apar\u021bin plantelor care se reg\u0103sesc \u00een afara ariei lor naturale de r\u0103sp\u00e2ndire, av\u00e2nd un efect d\u0103un\u0103tor asupra ecosistemului \u00een care \u00ee\u0219i g\u0103sesc un nou mediu de reproducere \u0219i&hellip;&nbsp;<a href=\"https:\/\/romfilatelia.ro\/magazin\/produs\/colectii-anuale\/2022\/specii-invazive\/\" class=\"\" rel=\"bookmark\">Cite\u0219te mai mult &raquo;<span class=\"screen-reader-text\">SPECII INVAZIVE<\/span><\/a><\/p>\n","protected":false},"featured_media":2030855,"template":"","meta":{"neve_meta_sidebar":"","neve_meta_container":"","neve_meta_enable_content_width":"","neve_meta_content_width":0,"neve_meta_title_alignment":"","neve_meta_author_avatar":"","neve_post_elements_order":"","neve_meta_disable_header":"","neve_meta_disable_footer":"","neve_meta_disable_title":""},"product_cat":[174,6],"product_tag":[],"_links":{"self":[{"href":"https:\/\/romfilatelia.ro\/magazin\/wp-json\/wp\/v2\/product\/2030852"}],"collection":[{"href":"https:\/\/romfilatelia.ro\/magazin\/wp-json\/wp\/v2\/product"}],"about":[{"href":"https:\/\/romfilatelia.ro\/magazin\/wp-json\/wp\/v2\/types\/product"}],"wp:featuredmedia":[{"embeddable":true,"href":"https:\/\/romfilatelia.ro\/magazin\/wp-json\/wp\/v2\/media\/2030855"}],"wp:attachment":[{"href":"https:\/\/romfilatelia.ro\/magazin\/wp-json\/wp\/v2\/media?parent=2030852"}],"wp:term":[{"taxonomy":"product_cat","embeddable":true,"href":"https:\/\/romfilatelia.ro\/magazin\/wp-json\/wp\/v2\/product_cat?post=2030852"},{"taxonomy":"product_tag","embeddable":true,"href":"https:\/\/romfilatelia.ro\/magazin\/wp-json\/wp\/v2\/product_tag?post=2030852"}],"curies":[{"name":"wp","href":"https:\/\/api.w.org\/{rel}","templated":true}]}}