{"id":2030760,"date":"2022-06-02T09:18:42","date_gmt":"2022-06-02T07:18:42","guid":{"rendered":"https:\/\/romfilatelia.ro\/magazin\/?post_type=product&#038;p=2030760"},"modified":"2022-06-03T13:26:52","modified_gmt":"2022-06-03T11:26:52","slug":"monitorul-oficial-190-de-ani","status":"publish","type":"product","link":"https:\/\/romfilatelia.ro\/magazin\/produs\/colectii-anuale\/2022\/monitorul-oficial-190-de-ani\/","title":{"rendered":"MONITORUL OFICIAL, 190 DE ANI"},"content":{"rendered":"<p><strong><a href=\"https:\/\/romfilatelia.ro\/magazin\/wp-content\/uploads\/2022\/06\/SITE_mc_Monitorul-Oficial.jpg\"><img decoding=\"async\" loading=\"lazy\" class=\"alignleft wp-image-2030764 size-medium\" src=\"https:\/\/romfilatelia.ro\/magazin\/wp-content\/uploads\/2022\/06\/SITE_mc_Monitorul-Oficial-291x300.jpg\" alt=\"\" width=\"291\" height=\"300\" srcset=\"https:\/\/romfilatelia.ro\/magazin\/wp-content\/uploads\/2022\/06\/SITE_mc_Monitorul-Oficial-291x300.jpg 291w, https:\/\/romfilatelia.ro\/magazin\/wp-content\/uploads\/2022\/06\/SITE_mc_Monitorul-Oficial-500x515.jpg 500w, https:\/\/romfilatelia.ro\/magazin\/wp-content\/uploads\/2022\/06\/SITE_mc_Monitorul-Oficial-64x66.jpg 64w, https:\/\/romfilatelia.ro\/magazin\/wp-content\/uploads\/2022\/06\/SITE_mc_Monitorul-Oficial.jpg 740w\" sizes=\"(max-width: 291px) 100vw, 291px\" \/><\/a><\/strong><strong>Romfilatelia<\/strong> \u00eenscrie \u00een tematica filatelic\u0103 a evenimentelor aniversare institu\u021bionale o nou\u0103 emisiune de m\u0103rci po\u0219tale <strong><em>\u201eMonitorul Oficial, 190 de ani\u201d<\/em><\/strong> care va fi introdus\u0103 \u00een circula\u021bie <em>joi, 2 iunie a.c. <\/em><\/p>\n<p>Elementele filatelice ale emisiunii sunt reprezentate de o marc\u0103 po\u0219tal\u0103 cu valoarea nominal\u0103 de <strong>10 Lei<\/strong>, o coli\u021b\u0103 filatelic\u0103 dantelat\u0103 cu marca po\u0219tal\u0103 cu valoarea nominal\u0103 de <strong>32 Lei<\/strong> \u0219i un plic \u201eprima zi\u201d. Elementele grafice ale timbrului \u0219i coli\u021bei filatelice prezint\u0103 portretul primului redactor al Monitorului Oficial, Ion Heliade R\u0103dulescu, al\u0103turi de facsimile ale primului num\u0103r al publica\u021biei \u0219i, respectiv, al documentului de \u00eenfiin\u021bare al acesteia, redactat \u00een limba francez\u0103.<\/p>\n<p>De\u0219i \u00een 1832 rom\u00e2nii nu se aflau \u00een grani\u021bele unui singur stat, ci numai o parte dintre ei se g\u0103seau \u00een hotarele celor dou\u0103 principate, \u021aara Rom\u00e2neasc\u0103 \u0219i Moldova, imperativele politice, economice, administrative \u0219i chiar culturale ale vremii au impus apari\u021bia primei foi oficiale a statului,\u00a0 materializat\u0103 la data de 18 noiembrie a aceluia\u0219i an.<\/p>\n<p>Trecerea c\u0103tre ziarul oficial al statului s-a f\u0103cut \u00een \u0162ara Rom\u00e2neasc\u0103 la 8\/20 decembrie 1832, iar \u00een Moldova la 22 iunie\/4 iulie 1833, prin punerea \u00een aplicare a dispozi\u0163iilor Regulamentelor Organice. \u00cen aceste condi\u021bii apare primul num\u0103r din <em>Buletin gazet\u0103 administrativ\u0103<\/em>, cu un program semnat de nimeni altul dec\u00e2t Ion Heliade R\u0103dulescu.<\/p>\n<p>\u00cencep\u00e2nd cu nr. 3, publica\u021bia \u00ee\u0219i schimb\u0103 titlul \u00een <em>Buletin gazet\u0103 oficial\u0103<\/em> \u0219i i se adaug\u0103 stema \u021b\u0103rii.<\/p>\n<p>Istoricul documentar al \u021b\u0103rii s-a reflectat fidel 190 de ani \u00een pagini de Monitor Oficial, caz singular \u00een presa rom\u00e2neasc\u0103: apari\u021bie ne\u00eentrerupt\u0103. El este completat armonios cu trecutul institu\u021biei, care, \u00een afar\u0103 de publicarea P\u0103r\u021bii I, ce con\u021bine legisla\u021bie, \u00eensemna \u0219i apari\u021bia p\u0103r\u021bilor neoficiale, deosebit de interesante din perspectiva anun\u021burilor con\u021binute: dezbateri parlamentare, proiectele guvernului, \u0219tiri din str\u0103in\u0103tate, critic\u0103 literar\u0103 \u0219i de teatru, studii \u0219i dizerta\u021bii \u0219tiin\u021bifice \u0219i istorice, anun\u021buri administrative, judec\u0103tore\u0219ti \u0219.a.<\/p>\n<p>De asemenea, \u00eenceputurile Editurii se contopesc cu cele ale publica\u021biei Monitorul Oficial. Chiar de la \u00eenfiin\u021bare, atribu\u021biile redactorului dep\u0103\u0219eau substan\u021bial stricta verificare redac\u021bional\u0103 a textului. De altfel, Regulamentul de organizare din 1873 stabilea, printre altele, c\u0103 acesta urma s\u0103 redacteze un buletin politic dup\u0103 gazetele str\u0103ine, s\u0103 traduc\u0103 depe\u0219ele din str\u0103in\u0103tate, s\u0103 citeasc\u0103 toate ziarele din \u021bar\u0103 \u0219i s\u0103 noteze pasajele care priveau probleme administrative, pe care le supunea ministrului de resort spre analiz\u0103.<\/p>\n<p>Editura Monitorului Oficial public\u0103 \u0219i \u00een prezent lucr\u0103ri care promoveaz\u0103 cultura na\u021bional\u0103, m\u00e2ndria anilor \u201930-\u201940: publica\u021biile sunt din domenii diverse, precum drept, art\u0103, istorie, diploma\u021bie etc. Prin titluri av\u00e2nd o grafic\u0103 deosebit\u0103, inclusiv \u00een edi\u021bii bilingve sau trilingve, realizate la tipografia proprie, una dintre cele mai performante din \u021bar\u0103, continu\u0103 s\u0103 redea fidel pulsul societ\u0103\u021bii \u0219i s\u0103 \u00eei \u00eenfrumuse\u021beze ritmul.<\/p>\n<p><em>Romfilatelia mul\u021bume\u0219te reprezentan\u021bilor Editurii Monitorul Oficial pentru sprijinul documentar \u0219i fotografic acordat la realizarea acestei emisiuni de m\u0103rci po\u0219tale. <\/em><\/p>\n<p><a href=\"https:\/\/romfilatelia.ro\/magazin\/wp-content\/uploads\/2022\/06\/caract_Monitorul-Oficial-190-de-ani.jpg\"><img decoding=\"async\" loading=\"lazy\" class=\"aligncenter wp-image-2030765 size-full\" src=\"https:\/\/romfilatelia.ro\/magazin\/wp-content\/uploads\/2022\/06\/caract_Monitorul-Oficial-190-de-ani.jpg\" alt=\"\" width=\"1677\" height=\"1145\" srcset=\"https:\/\/romfilatelia.ro\/magazin\/wp-content\/uploads\/2022\/06\/caract_Monitorul-Oficial-190-de-ani.jpg 1677w, https:\/\/romfilatelia.ro\/magazin\/wp-content\/uploads\/2022\/06\/caract_Monitorul-Oficial-190-de-ani-500x341.jpg 500w, https:\/\/romfilatelia.ro\/magazin\/wp-content\/uploads\/2022\/06\/caract_Monitorul-Oficial-190-de-ani-64x44.jpg 64w, https:\/\/romfilatelia.ro\/magazin\/wp-content\/uploads\/2022\/06\/caract_Monitorul-Oficial-190-de-ani-300x205.jpg 300w, https:\/\/romfilatelia.ro\/magazin\/wp-content\/uploads\/2022\/06\/caract_Monitorul-Oficial-190-de-ani-800x546.jpg 800w, https:\/\/romfilatelia.ro\/magazin\/wp-content\/uploads\/2022\/06\/caract_Monitorul-Oficial-190-de-ani-768x524.jpg 768w, https:\/\/romfilatelia.ro\/magazin\/wp-content\/uploads\/2022\/06\/caract_Monitorul-Oficial-190-de-ani-1536x1049.jpg 1536w\" sizes=\"(max-width: 1677px) 100vw, 1677px\" \/><\/a><\/p>\n","protected":false},"excerpt":{"rendered":"<p>Romfilatelia \u00eenscrie \u00een tematica filatelic\u0103 a evenimentelor aniversare institu\u021bionale o nou\u0103 emisiune de m\u0103rci po\u0219tale \u201eMonitorul Oficial, 190 de ani\u201d care va fi introdus\u0103 \u00een circula\u021bie joi, 2 iunie a.c. Elementele filatelice ale emisiunii sunt reprezentate de o marc\u0103 po\u0219tal\u0103 cu valoarea nominal\u0103 de 10 Lei, o coli\u021b\u0103 filatelic\u0103 dantelat\u0103 cu marca po\u0219tal\u0103 cu valoarea&hellip;&nbsp;<a href=\"https:\/\/romfilatelia.ro\/magazin\/produs\/colectii-anuale\/2022\/monitorul-oficial-190-de-ani\/\" class=\"\" rel=\"bookmark\">Cite\u0219te mai mult &raquo;<span class=\"screen-reader-text\">MONITORUL OFICIAL, 190 DE ANI<\/span><\/a><\/p>\n","protected":false},"featured_media":2030766,"template":"","meta":{"neve_meta_sidebar":"","neve_meta_container":"","neve_meta_enable_content_width":"","neve_meta_content_width":0,"neve_meta_title_alignment":"","neve_meta_author_avatar":"","neve_post_elements_order":"","neve_meta_disable_header":"","neve_meta_disable_footer":"","neve_meta_disable_title":""},"product_cat":[174,6],"product_tag":[],"_links":{"self":[{"href":"https:\/\/romfilatelia.ro\/magazin\/wp-json\/wp\/v2\/product\/2030760"}],"collection":[{"href":"https:\/\/romfilatelia.ro\/magazin\/wp-json\/wp\/v2\/product"}],"about":[{"href":"https:\/\/romfilatelia.ro\/magazin\/wp-json\/wp\/v2\/types\/product"}],"wp:featuredmedia":[{"embeddable":true,"href":"https:\/\/romfilatelia.ro\/magazin\/wp-json\/wp\/v2\/media\/2030766"}],"wp:attachment":[{"href":"https:\/\/romfilatelia.ro\/magazin\/wp-json\/wp\/v2\/media?parent=2030760"}],"wp:term":[{"taxonomy":"product_cat","embeddable":true,"href":"https:\/\/romfilatelia.ro\/magazin\/wp-json\/wp\/v2\/product_cat?post=2030760"},{"taxonomy":"product_tag","embeddable":true,"href":"https:\/\/romfilatelia.ro\/magazin\/wp-json\/wp\/v2\/product_tag?post=2030760"}],"curies":[{"name":"wp","href":"https:\/\/api.w.org\/{rel}","templated":true}]}}