{"id":2030716,"date":"2022-05-26T14:40:21","date_gmt":"2022-05-26T12:40:21","guid":{"rendered":"https:\/\/romfilatelia.ro\/magazin\/?post_type=product&#038;p=2030716"},"modified":"2022-05-26T14:40:21","modified_gmt":"2022-05-26T12:40:21","slug":"ciuperci-necomestibile","status":"publish","type":"product","link":"https:\/\/romfilatelia.ro\/magazin\/produs\/colectii-anuale\/2022\/ciuperci-necomestibile\/","title":{"rendered":"CIUPERCI NECOMESTIBILE"},"content":{"rendered":"<p><strong><a href=\"https:\/\/www.romfilatelia.ro\/wp-content\/uploads\/2022\/05\/SITE_mc_Ciuperci-necomestibile-compress.jpg\"><img decoding=\"async\" loading=\"lazy\" class=\"alignleft wp-image-2037239\" src=\"https:\/\/www.romfilatelia.ro\/wp-content\/uploads\/2022\/05\/SITE_mc_Ciuperci-necomestibile-compress.jpg\" alt=\"\" width=\"350\" height=\"300\" \/><\/a>Romfilatelia <\/strong>dedic\u0103 colec\u021bionarilor \u0219i pasiona\u0163ilor de micologie noua emisiune de m\u0103rci po\u015ftale intitulat\u0103 <strong><em>\u201eCiuperci necomestibile\u201d<\/em><\/strong>, ce va intra \u00een circula\u021bie <em>joi, 26 mai a.c. <\/em><\/p>\n<p>Emisiunea, format\u0103 din patru timbre, este completat\u0103 de un plic \u201eprima zi\u201d \u0219i un set de patru c\u0103r\u021bi po\u0219tale maxime, pentru pasiona\u021bii de maximafilie.<\/p>\n<p>Pe timbrele emisiunii sunt ilustrate cele mai toxice specii de ciuperci din Rom\u00e2nia:<\/p>\n<p><em>Paxillus involutus<\/em> (Batsch) Fr. (<strong>burete porcesc<\/strong>), ilustrat\u0103 pe timbrul cu valoarea nominal\u0103 de <strong>3,90 Lei,<\/strong> este o specie r\u0103sp\u00e2ndit\u0103 \u00een p\u0103duri de foioase \u0219i conifere, pe soluri acide. Corpul sporifer poate fi observat \u00een perioada iulie-octombrie \u0219i este recunoscut prin p\u0103l\u0103ria concav\u0103 la maturitate, brun-ro\u0219cat\u0103 sau brun-g\u0103lbuie, cu marginea rulat\u0103 spre interior. Lamele sunt dese, u\u0219or decurente, galben-maronii. Piciorul este cilindric, cu lungimea de p\u00e2n\u0103 la 6 cm, de aceea\u0219i culoare ca p\u0103l\u0103ria. C\u00e2nd este atins sau r\u0103nit, corpul sporifer se brunific\u0103 sau se \u00eennegre\u0219te. Buretele porcesc este o specie toxic\u0103; un antigen din structura corpului sporifer determin\u00e2nd sistemul imunitar s\u0103 atace \u0219i s\u0103 distrug\u0103 eritrocitele.<\/p>\n<p><em>Amanita phalloides<\/em> (Vaill.) Link. (<strong>buretele viperei<\/strong>), redat\u0103 pe timbrul cu valoarea nominal\u0103 de<strong> 4 Lei<\/strong>, este o specie r\u0103sp\u00e2ndit\u0103 \u00een p\u0103duri de foioase, al c\u0103rui corp sporifer poate fi observat \u00een perioada iulie-octombrie. P\u0103l\u0103ria este de culoare verde-cenu\u0219ie, verde-oliv sau verde-g\u0103lbuie, cu striuri de culoare brun\u0103 dispuse radiar dinspre centru spre marginile p\u0103l\u0103riei \u0219i poate atinge diametrul de 15 cm. Lamele sunt libere, albe, inegale. Piciorul este cilindric, de culoare alb\u0103, cu ornamenta\u021bii ce imit\u0103 pielea de \u0219arpe, prev\u0103zut cu un inel membranos \u0219i la baz\u0103 cu o volv\u0103 dep\u0103rtat\u0103 de picior, alb\u0103, bine dezvoltat\u0103. Buretele viperei este o specie mortal\u0103. Dac\u0103 este ingerat\u0103, aceasta induce sindromul faloidian, cu tulbur\u0103ri ale sistemelor digestiv \u0219i nervos, ce converg spre com\u0103 \u0219i \u00een final, deces.<\/p>\n<p><em>Gyromitra infula<\/em> (Schaeff.) Qu\u00e9l (<strong>mitra episcopului<\/strong>), reprezentat\u0103 grafic pe timbrul cu valoarea nominal\u0103 de<strong> 6,50 Lei<\/strong>, este o specie r\u0103sp\u00e2ndit\u0103 \u00een p\u0103duri de conifere, pe lemn mort sau sol bogat \u00een substan\u021be organice. Corpul sporifer poate fi observat \u00een perioada iulie-octombrie \u0219i este recunoscut pentru p\u0103l\u0103ria \u00een form\u0103 de \u0219a sau mitr\u0103, cu 2 sau 4 lobi, de culoare brun\u0103 sau brun-ro\u0219cat\u0103, cu un picior gol la interior, brun sau brun-cenu\u0219iu, cu lungimea de p\u00e2n\u0103 la 6 cm. Este o specie toxic\u0103, ce induce sindromul giromitrian, cu efecte nocive asupra sistemelor digestiv, renal \u0219i nervos, ce pot induce st\u0103ri comatoase.<\/p>\n<p><em>Amanita muscaria<\/em> (L.) Lam. (<strong>musc\u0103ri\u021b\u0103, p\u0103l\u0103ria \u0219arpelui<\/strong>), ilustrat\u0103 pe timbrul cu valoarea nominal\u0103 de <strong>16 Lei<\/strong>, este o specie comun\u0103, r\u0103sp\u00e2ndit\u0103 \u00een p\u0103duri de conifere \u0219i foioase. Corpul sporifer poate fi observat \u00een perioada iulie-octombrie \u0219i este u\u0219or de recunoscut datorit\u0103 culorii ro\u0219ii sau ro\u0219u-portocalii a p\u0103l\u0103riei, care prezint\u0103 numeroase scvame de culoare alb\u0103 \u0219i care poate atinge diametrul de 20 cm. Lamele sunt libere, albe, inegale. Piciorul este cilindric, alb \u0219i prezint\u0103 superior un inel membranos \u0219i la baz\u0103 o volv\u0103 aderent\u0103, bine dezvoltat\u0103, sub form\u0103 de burele\u021bi concentrici. Musc\u0103ri\u021ba este o specie toxic\u0103, induc\u00e2nd sindromul muscarinic, cu tulbur\u0103ri ale sistemelor digestiv \u0219i nervos (halucina\u021bii, delir).<\/p>\n<p><em>Pleurocybella porrigens<\/em> (Pers.) Sing. (<strong>aripi de \u00eenger<\/strong>), redat\u0103 pe plicul \u201eprima zi\u201d a emisiunii, este o specie r\u0103sp\u00e2ndit\u0103 \u00een p\u0103durile de conifere, pe lemn mort aflat \u00een diferite stadii de degradare. Corpul sporifer poate fi observat \u00een perioada august-octombrie \u0219i este recunoscut dup\u0103 forma de scoic\u0103 (similar\u0103 cu cea a indivizilor de <em>Pleurotus<\/em>, gen cu care poate fi confundat\u0103), de culoare alb\u0103, cu lame decurente pe piciorul acentric. Specia este toxic\u0103, mortal\u0103 dac\u0103 este ingerat\u0103, cu efecte nocive ireversibile asupra sistemului nervos, duc\u00e2nd \u00een unele cazuri la encefalopatie.<\/p>\n<p><em>Romfilatelia mul\u0163ume\u0219te biologilor principali din cadrul Gr\u0103dinii Botanice \u201eAnastasie F\u0103tu\u201d a Universit\u0103\u021bii \u201eAlexandru Ioan Cuza\u201d din Ia\u0219i, dr. Ana Cojocariu \u0219i dr. Cristiana Virginia Petre,<br \/>\npentru sprijinul documentar \u0219i fotografic acordat la realizarea acestei emisiuni de m\u0103rci po\u0219tale. <\/em><\/p>\n<p><a href=\"https:\/\/www.romfilatelia.ro\/wp-content\/uploads\/2022\/05\/caract-Ciuperci-necomestibile-compress.jpg\"><img decoding=\"async\" loading=\"lazy\" class=\"aligncenter wp-image-2037245 size-full\" src=\"https:\/\/www.romfilatelia.ro\/wp-content\/uploads\/2022\/05\/caract-Ciuperci-necomestibile-compress.jpg\" alt=\"\" width=\"800\" height=\"788\" \/><\/a><\/p>\n","protected":false},"excerpt":{"rendered":"<p>Romfilatelia dedic\u0103 colec\u021bionarilor \u0219i pasiona\u0163ilor de micologie noua emisiune de m\u0103rci po\u015ftale intitulat\u0103 \u201eCiuperci necomestibile\u201d, ce va intra \u00een circula\u021bie joi, 26 mai a.c. Emisiunea, format\u0103 din patru timbre, este completat\u0103 de un plic \u201eprima zi\u201d \u0219i un set de patru c\u0103r\u021bi po\u0219tale maxime, pentru pasiona\u021bii de maximafilie. Pe timbrele emisiunii sunt ilustrate cele mai&hellip;&nbsp;<a href=\"https:\/\/romfilatelia.ro\/magazin\/produs\/colectii-anuale\/2022\/ciuperci-necomestibile\/\" class=\"\" rel=\"bookmark\">Cite\u0219te mai mult &raquo;<span class=\"screen-reader-text\">CIUPERCI NECOMESTIBILE<\/span><\/a><\/p>\n","protected":false},"featured_media":2030720,"template":"","meta":{"neve_meta_sidebar":"","neve_meta_container":"","neve_meta_enable_content_width":"","neve_meta_content_width":0,"neve_meta_title_alignment":"","neve_meta_author_avatar":"","neve_post_elements_order":"","neve_meta_disable_header":"","neve_meta_disable_footer":"","neve_meta_disable_title":""},"product_cat":[174,6],"product_tag":[],"_links":{"self":[{"href":"https:\/\/romfilatelia.ro\/magazin\/wp-json\/wp\/v2\/product\/2030716"}],"collection":[{"href":"https:\/\/romfilatelia.ro\/magazin\/wp-json\/wp\/v2\/product"}],"about":[{"href":"https:\/\/romfilatelia.ro\/magazin\/wp-json\/wp\/v2\/types\/product"}],"wp:featuredmedia":[{"embeddable":true,"href":"https:\/\/romfilatelia.ro\/magazin\/wp-json\/wp\/v2\/media\/2030720"}],"wp:attachment":[{"href":"https:\/\/romfilatelia.ro\/magazin\/wp-json\/wp\/v2\/media?parent=2030716"}],"wp:term":[{"taxonomy":"product_cat","embeddable":true,"href":"https:\/\/romfilatelia.ro\/magazin\/wp-json\/wp\/v2\/product_cat?post=2030716"},{"taxonomy":"product_tag","embeddable":true,"href":"https:\/\/romfilatelia.ro\/magazin\/wp-json\/wp\/v2\/product_tag?post=2030716"}],"curies":[{"name":"wp","href":"https:\/\/api.w.org\/{rel}","templated":true}]}}