{"id":2030412,"date":"2022-03-25T15:29:33","date_gmt":"2022-03-25T13:29:33","guid":{"rendered":"https:\/\/romfilatelia.ro\/magazin\/?post_type=product&#038;p=2030412"},"modified":"2022-03-25T15:29:33","modified_gmt":"2022-03-25T13:29:33","slug":"fanteziile-florei","status":"publish","type":"product","link":"https:\/\/romfilatelia.ro\/magazin\/produs\/uncategorized\/fanteziile-florei\/","title":{"rendered":"FANTEZIILE FLOREI"},"content":{"rendered":"<p><img decoding=\"async\" loading=\"lazy\" class=\"size-medium wp-image-2030416 alignleft\" src=\"https:\/\/romfilatelia.ro\/magazin\/wp-content\/uploads\/2022\/03\/SITE_mc_fanteziile-florei-280x300.jpg\" alt=\"\" width=\"280\" height=\"300\" srcset=\"https:\/\/romfilatelia.ro\/magazin\/wp-content\/uploads\/2022\/03\/SITE_mc_fanteziile-florei-280x300.jpg 280w, https:\/\/romfilatelia.ro\/magazin\/wp-content\/uploads\/2022\/03\/SITE_mc_fanteziile-florei-500x535.jpg 500w, https:\/\/romfilatelia.ro\/magazin\/wp-content\/uploads\/2022\/03\/SITE_mc_fanteziile-florei-64x69.jpg 64w, https:\/\/romfilatelia.ro\/magazin\/wp-content\/uploads\/2022\/03\/SITE_mc_fanteziile-florei-747x800.jpg 747w, https:\/\/romfilatelia.ro\/magazin\/wp-content\/uploads\/2022\/03\/SITE_mc_fanteziile-florei-768x822.jpg 768w, https:\/\/romfilatelia.ro\/magazin\/wp-content\/uploads\/2022\/03\/SITE_mc_fanteziile-florei-1435x1536.jpg 1435w, https:\/\/romfilatelia.ro\/magazin\/wp-content\/uploads\/2022\/03\/SITE_mc_fanteziile-florei.jpg 1575w\" sizes=\"(max-width: 280px) 100vw, 280px\" \/><\/p>\n<p><strong>Romfilatelia<\/strong> continu\u0103 seria emisiunilor de m\u0103rci po\u0219tale dedicate <strong><em>Florei<\/em> <\/strong>\u0219i introduce \u00een circula\u021bie, <em>mar\u021bi, 29 martie a.c.<\/em> o emisiune \u00eenscris\u0103 ca o premier\u0103 filatelic\u0103 tematic\u0103.<\/p>\n<p>Emisiunea este alc\u0103tuit\u0103 din patru timbre, patru minicoli, un plic \u201eprima zi\u201d \u0219i o map\u0103 filatelic\u0103 special\u0103.<\/p>\n<p>Diversitatea, din mediul natural, se prezint\u0103 uneori, aparent, ca rezultat al unui artist creator de forme \u0219i culori a c\u0103ror perfec\u021biune induce \u00een eroare privitorul care poate atribui unei flori caracteristici puternic percepute ca apar\u021bin\u00e2nd altei specii, precum p\u0103s\u0103rile.<\/p>\n<p>Avem de-a face cu o interven\u021bie natural\u0103, fantezist\u0103, a mediului ambiant, \u0219i, drept urmare, cele patru m\u0103rci po\u0219tale cu imagini de o rar\u0103 frumuse\u021be sunt prezentate sub un titlu de emisiune definitoriu: <strong><em>Fanteziile florei<\/em><\/strong>.<\/p>\n<p>Egreta, r\u0103\u021bu\u0219ca zbur\u0103toare, papagalul \u0219i \u00eengerul sunt imagini reale ale unor specii de flori cunoscute<br \/>\n\u00een lumea botani\u0219tilor ca fiind: Orhideea egret\u0103, Orhideea r\u0103\u021bu\u0219c\u0103 zbur\u0103toare, Floarea \u00eengerului sau Floarea porumbel, Floarea papagalului. La acestea se adaug\u0103 \u0219i o floare de o frumuse\u021be aparte Pas\u0103rea paradisului.<\/p>\n<p>&nbsp;<\/p>\n<p><strong>Orhideea egret\u0103 <\/strong><em>(Habenaria radiata)<\/em>, ilustrat\u0103 pe timbrul cu valoarea nominal\u0103 de <strong>4 lei<\/strong>, cunoscut\u0103 \u0219i sub numele de orhideea cu franjuri sau orhideea macara, are un centru lung sub\u021bire \u00eenconjurat de dou\u0103 franjuri asem\u0103n\u0103toare unor aripi.<\/p>\n<p>De nuan\u021b\u0103 alb\u0103, floarea prezint\u0103 dou\u0103 petale care sugereaz\u0103 coada unei p\u0103s\u0103ri. \u00cempreun\u0103 cu o petal\u0103 central\u0103, de forma unei torpile, expune vederii corpul \u201ep\u0103s\u0103rii\u201d. Tulpinile sunt \u00eempodobite de dou\u0103 sau trei flori \u0219i ating la maturitate 15-30 cm.<\/p>\n<p>Floarea provine din Japonia, Coreea, China \u0219i Rusia, unde cre\u0219te \u00een mla\u0219tini \u0219i poiene, \u00een zone ferite de lumina direct\u0103 a soarelui. Florile, ap\u0103rute la sf\u00e2r\u0219itul verii, dureaz\u0103 p\u00e2n\u0103 la patru s\u0103pt\u0103m\u00e2ni.<\/p>\n<p><strong>Orhideea r\u0103\u021bu\u0219ca zbur\u0103toare<\/strong><em> (Caleana major)<\/em>, redat\u0103 pe timbrul cu valoarea nominal\u0103 de <strong>6,50 lei<\/strong>, este o plant\u0103 de mici dimensiuni, \u00eent\u00e2lnit\u0103 \u00een sudul \u0219i estul Australiei. Florile acesteia seam\u0103n\u0103 cu o ra\u021b\u0103 \u00een zbor. Cre\u0219te pe sol, la umbra p\u0103durilor de eucalipt, precum \u0219i \u00een zone ml\u0103\u0219tinoase. Rareori este descoperit\u0103 \u0219i \u00een zone montane. Numele ei este \u00eemprumutat de la botanistul englez George Cali. \u00cencerc\u0103rile de adaptare a plantei la cultura domestic\u0103 au dat gre\u0219. Planta are o durat\u0103 de via\u021b\u0103 scurt\u0103. Insectele care poposesc pe floarea de <em>Caleana<\/em> sunt prinse ca \u00eentr-o capcan\u0103 care le oblig\u0103 s\u0103 se zbat\u0103 pentru a sc\u0103pa, asigur\u00e2nd polenizarea florii. \u00cenflorirea are loc prim\u0103vara \u0219i vara.<\/p>\n<p><strong>Floarea \u00eengerului<\/strong> <em>(Peristeria elata)<\/em>, orhideea porumbel sau floarea \u201eDuhului Sf\u00e2nt\u201d, reprezentat\u0103 pe timbrul cu valoarea nominal\u0103 de <strong>10 lei<\/strong>, cre\u0219te \u00een Panama, unde este adoptat\u0103 ca floare na\u021bional\u0103. Are o inflorescen\u021b\u0103 unic\u0103 \u0219i este o orhidee rar\u0103. \u00cenflore\u0219te o dat\u0103 pe an. \u00cenainte de \u00eenflorire, mugurii au aspectul unor c\u0103lug\u0103ri care se roag\u0103. Dup\u0103 \u00eenflorire, mugurii se transform\u0103 \u00een \u201eporumbei\u201d. Floarea este \u00een pericol de dispari\u021bie. Cre\u0219te \u00een p\u0103duri umede, la \u00een\u0103l\u021bimi de p\u00e2n\u0103 la 1.000 metri, av\u00e2nd perioade de \u00eenflorire \u00een intervalul iunie-noiembrie, dup\u0103 o a\u0219teptare de cinci ani.<\/p>\n<p><strong>Floarea papagalului<\/strong><em> (<\/em><em>Impatiens psittacina)<\/em> este ilustrat\u0103 pe timbrul cu valoarea nominal\u0103 de <strong>10,50 lei<\/strong>.<\/p>\n<p>Descoperit\u0103 \u00een anul 1889 \u00een Burma, planta este \u00eent\u00e2lnit\u0103 ast\u0103zi \u00een Thailanda \u0219i Birmania. Este o plant\u0103 foarte rar\u0103, protejat\u0103 prin lege \u0219i nu se export\u0103.<\/p>\n<p>Floarea seam\u0103n\u0103 vizibil cu un papagal care \u00ee\u0219i ia zborul. \u00ce\u0219i deschide petalele par\u021bial \u0219i este foarte sensibil\u0103 la temperaturi sc\u0103zute. Are o ramificare abundent\u0103 \u0219i cre\u0219te compact p\u00e2n\u0103 la o \u00een\u0103l\u021bime de aproximativ jum\u0103tate de metru. Denumirea thailandez\u0103 a plantei care \u00eenflore\u0219te \u00een octombrie-noiembrie este Dork Nok Khaev\u201d.<\/p>\n<p><strong>Pas\u0103rea paradisului<\/strong> <em>(Strelitzia reginae)<\/em> este redat\u0103 pe plicul \u201eprima zi\u201d a emisiunii.<\/p>\n<p>Originar\u0103 din Africa de Sud, este o plant\u0103 peren\u0103, cu aspect de tuf\u0103 care poate atinge o \u00een\u0103l\u021bime de p\u00e2n\u0103 la 2 metri. Florile impun\u0103toare, colorate \u00een portocaliu \u0219i mov, \u00een fundalul frunzelor de culoare verde-gri, \u00eei dau un aspect decorativ deosebit. Este renumit\u0103 ca plant\u0103 ornamental\u0103, introdus\u0103 \u00een premier\u0103 \u00een Gr\u0103dinile Botanice Regale din Kew. Epitetul \u201e<em>reginae<\/em>\u201d (al reginei) cinste\u0219te numele reginei britanice Charlotte de Mecklenburg-Strelitz. Planta, r\u0103sp\u00e2ndit\u0103 \u0219i \u00een California, a fost aleas\u0103 ca floare oficial\u0103 a ora\u0219ului Los Angeles. Forma florilor seam\u0103n\u0103 cu creasta \u0219i ciocul unei p\u0103s\u0103ri exotice de unde \u0219i denumirea de <em>pas\u0103re a paradisului<\/em>.<em>\u00a0 <\/em><\/p>\n<p><em>Romfilatelia mul\u021bume\u0219te<\/em> <em>Dnei Prof. dr. Paulina Anastasiu, Directorul Gr\u0103dinii Botanice \u201eDimitrie Brandza\u201d a Universit\u0103\u021bii din Bucure\u0219ti pentru sprijinul documentar acordat la realizarea acestei emisiuni de m\u0103rci po\u0219tale. <\/em><\/p>\n<p><img decoding=\"async\" loading=\"lazy\" class=\"aligncenter wp-image-2030417 size-full\" src=\"https:\/\/romfilatelia.ro\/magazin\/wp-content\/uploads\/2022\/03\/caract_Fanteziile-florei.jpg\" alt=\"\" width=\"1704\" height=\"1782\" srcset=\"https:\/\/romfilatelia.ro\/magazin\/wp-content\/uploads\/2022\/03\/caract_Fanteziile-florei.jpg 1704w, https:\/\/romfilatelia.ro\/magazin\/wp-content\/uploads\/2022\/03\/caract_Fanteziile-florei-500x523.jpg 500w, https:\/\/romfilatelia.ro\/magazin\/wp-content\/uploads\/2022\/03\/caract_Fanteziile-florei-64x67.jpg 64w, https:\/\/romfilatelia.ro\/magazin\/wp-content\/uploads\/2022\/03\/caract_Fanteziile-florei-287x300.jpg 287w, https:\/\/romfilatelia.ro\/magazin\/wp-content\/uploads\/2022\/03\/caract_Fanteziile-florei-765x800.jpg 765w, https:\/\/romfilatelia.ro\/magazin\/wp-content\/uploads\/2022\/03\/caract_Fanteziile-florei-768x803.jpg 768w, https:\/\/romfilatelia.ro\/magazin\/wp-content\/uploads\/2022\/03\/caract_Fanteziile-florei-1469x1536.jpg 1469w\" sizes=\"(max-width: 1704px) 100vw, 1704px\" \/><\/p>\n","protected":false},"excerpt":{"rendered":"<p>Romfilatelia continu\u0103 seria emisiunilor de m\u0103rci po\u0219tale dedicate Florei \u0219i introduce \u00een circula\u021bie, mar\u021bi, 29 martie a.c. o emisiune \u00eenscris\u0103 ca o premier\u0103 filatelic\u0103 tematic\u0103. Emisiunea este alc\u0103tuit\u0103 din patru timbre, patru minicoli, un plic \u201eprima zi\u201d \u0219i o map\u0103 filatelic\u0103 special\u0103. Diversitatea, din mediul natural, se prezint\u0103 uneori, aparent, ca rezultat al unui artist&hellip;&nbsp;<a href=\"https:\/\/romfilatelia.ro\/magazin\/produs\/uncategorized\/fanteziile-florei\/\" class=\"\" rel=\"bookmark\">Cite\u0219te mai mult &raquo;<span class=\"screen-reader-text\">FANTEZIILE FLOREI<\/span><\/a><\/p>\n","protected":false},"featured_media":2030418,"template":"","meta":{"neve_meta_sidebar":"","neve_meta_container":"","neve_meta_enable_content_width":"","neve_meta_content_width":0,"neve_meta_title_alignment":"","neve_meta_author_avatar":"","neve_post_elements_order":"","neve_meta_disable_header":"","neve_meta_disable_footer":"","neve_meta_disable_title":""},"product_cat":[171],"product_tag":[],"_links":{"self":[{"href":"https:\/\/romfilatelia.ro\/magazin\/wp-json\/wp\/v2\/product\/2030412"}],"collection":[{"href":"https:\/\/romfilatelia.ro\/magazin\/wp-json\/wp\/v2\/product"}],"about":[{"href":"https:\/\/romfilatelia.ro\/magazin\/wp-json\/wp\/v2\/types\/product"}],"wp:featuredmedia":[{"embeddable":true,"href":"https:\/\/romfilatelia.ro\/magazin\/wp-json\/wp\/v2\/media\/2030418"}],"wp:attachment":[{"href":"https:\/\/romfilatelia.ro\/magazin\/wp-json\/wp\/v2\/media?parent=2030412"}],"wp:term":[{"taxonomy":"product_cat","embeddable":true,"href":"https:\/\/romfilatelia.ro\/magazin\/wp-json\/wp\/v2\/product_cat?post=2030412"},{"taxonomy":"product_tag","embeddable":true,"href":"https:\/\/romfilatelia.ro\/magazin\/wp-json\/wp\/v2\/product_tag?post=2030412"}],"curies":[{"name":"wp","href":"https:\/\/api.w.org\/{rel}","templated":true}]}}