{"id":2030203,"date":"2022-02-17T09:34:19","date_gmt":"2022-02-17T07:34:19","guid":{"rendered":"https:\/\/romfilatelia.ro\/magazin\/?post_type=product&#038;p=2030203"},"modified":"2022-03-30T09:20:13","modified_gmt":"2022-03-30T07:20:13","slug":"mapa-filatelica-octav-bancila-150-de-ani-de-la-nastere","status":"publish","type":"product","link":"https:\/\/romfilatelia.ro\/magazin\/produs\/mapa-filatelica\/mapa-filatelica-octav-bancila-150-de-ani-de-la-nastere\/","title":{"rendered":"Map\u0103 Filatelic\u0103 OCTAV B\u0102NCIL\u0102, 150 DE ANI DE LA NA\u0218TERE"},"content":{"rendered":"","protected":false},"excerpt":{"rendered":"","protected":false},"featured_media":2030207,"template":"","meta":{"neve_meta_sidebar":"","neve_meta_container":"","neve_meta_enable_content_width":"","neve_meta_content_width":0,"neve_meta_title_alignment":"","neve_meta_author_avatar":"","neve_post_elements_order":"","neve_meta_disable_header":"","neve_meta_disable_footer":"","neve_meta_disable_title":""},"product_cat":[124],"product_tag":[],"_links":{"self":[{"href":"https:\/\/romfilatelia.ro\/magazin\/wp-json\/wp\/v2\/product\/2030203"}],"collection":[{"href":"https:\/\/romfilatelia.ro\/magazin\/wp-json\/wp\/v2\/product"}],"about":[{"href":"https:\/\/romfilatelia.ro\/magazin\/wp-json\/wp\/v2\/types\/product"}],"wp:featuredmedia":[{"embeddable":true,"href":"https:\/\/romfilatelia.ro\/magazin\/wp-json\/wp\/v2\/media\/2030207"}],"wp:attachment":[{"href":"https:\/\/romfilatelia.ro\/magazin\/wp-json\/wp\/v2\/media?parent=2030203"}],"wp:term":[{"taxonomy":"product_cat","embeddable":true,"href":"https:\/\/romfilatelia.ro\/magazin\/wp-json\/wp\/v2\/product_cat?post=2030203"},{"taxonomy":"product_tag","embeddable":true,"href":"https:\/\/romfilatelia.ro\/magazin\/wp-json\/wp\/v2\/product_tag?post=2030203"}],"curies":[{"name":"wp","href":"https:\/\/api.w.org\/{rel}","templated":true}]}}