{"id":2029533,"date":"2021-11-10T14:13:13","date_gmt":"2021-11-10T12:13:13","guid":{"rendered":"https:\/\/romfilatelia.ro\/magazin\/?post_type=product&#038;p=2029533"},"modified":"2021-11-10T16:36:27","modified_gmt":"2021-11-10T14:36:27","slug":"la-multi-ani-nadia","status":"publish","type":"product","link":"https:\/\/romfilatelia.ro\/magazin\/produs\/colectii-anuale\/2021\/la-multi-ani-nadia\/","title":{"rendered":"LA MUL\u021aI ANI, NADIA!"},"content":{"rendered":"<p><img decoding=\"async\" loading=\"lazy\" class=\"size-medium wp-image-2029539 alignleft\" src=\"https:\/\/romfilatelia.ro\/magazin\/wp-content\/uploads\/2021\/11\/SITE_Mc_-Nadia-2021-262x300.jpg\" alt=\"\" width=\"262\" height=\"300\" srcset=\"https:\/\/romfilatelia.ro\/magazin\/wp-content\/uploads\/2021\/11\/SITE_Mc_-Nadia-2021-262x300.jpg 262w, https:\/\/romfilatelia.ro\/magazin\/wp-content\/uploads\/2021\/11\/SITE_Mc_-Nadia-2021-500x572.jpg 500w, https:\/\/romfilatelia.ro\/magazin\/wp-content\/uploads\/2021\/11\/SITE_Mc_-Nadia-2021-64x73.jpg 64w, https:\/\/romfilatelia.ro\/magazin\/wp-content\/uploads\/2021\/11\/SITE_Mc_-Nadia-2021-700x800.jpg 700w, https:\/\/romfilatelia.ro\/magazin\/wp-content\/uploads\/2021\/11\/SITE_Mc_-Nadia-2021-768x878.jpg 768w, https:\/\/romfilatelia.ro\/magazin\/wp-content\/uploads\/2021\/11\/SITE_Mc_-Nadia-2021.jpg 1010w\" sizes=\"(max-width: 262px) 100vw, 262px\" \/><em>S-a n\u0103scut o stea!<\/em> (Newsweek, 2 august 1976)<\/p>\n<p>Pentru a onora pe marea campioan\u0103 a gimnasticii mondiale \u0219i o frumoas\u0103 aniversare, <strong>Romfilatelia<\/strong> \u00eei dedic\u0103 Nadiei Com\u0103neci emisiunea de m\u0103rci po\u0219tale<br \/>\n<strong><em>\u201eLa mul\u021bi ani, Nadia!\u201d<\/em><\/strong><em>.<\/em><\/p>\n<p>Emisiunea, alc\u0103tuit\u0103 dintr-un timbru, cu valoarea de <strong>9 lei<\/strong>, o coli\u021b\u0103 nedantelat\u0103, cu valoarea de <strong>31,50 lei<\/strong> \u0219i un plic \u201eprima zi\u201d,<br \/>\nva intra \u00een circula\u021bie vineri, <em>12 noiembrie a.c.<\/em>, ziua anivers\u0103rii marii sportive.<\/p>\n<p>Pe timbrul coli\u021bei emisiunii este redat\u0103 o secven\u021b\u0103 dintr-un exerci\u021biu la b\u00e2rn\u0103 al Nadiei Com\u0103neci, iar pe plicul \u201eprima zi\u201d sunt ilustrate timbre \u0219i coli\u021be filatelice dedicate, de-a lungul timpului, renumitei sportive.<\/p>\n<p>Acest proiect filatelic reprezint\u0103 un prilej pentru to\u021bi cei care o iubesc pe Nadia Com\u0103neci de a retr\u0103i emo\u021bia de la Jocurile Olimpice de Var\u0103 din 1976, de la Montreal, c\u00e2nd o copil\u0103 a plaiurilor moldave devenea o stea interna\u021bional\u0103.<\/p>\n<p>Relat\u0103rile presei anului 1976 au explodat odat\u0103 cu performa\u021ba ei de la <em>Jocurile Olimpice de Var\u0103<\/em> de la Montreal. Prima not\u0103 de zece din istoria gimnasticii mondiale \u00eei era atribuit\u0103 unei micu\u021be sportive de 14 ani din Rom\u00e2nia.<\/p>\n<p>Dup\u0103 remarcabila sa evolu\u021bie de la Jocurile Olimpice, dou\u0103 dintre elementele prezentate \u00een concurs, \u00eei poart\u0103 \u0219i azi numele: \u201eCobor\u00e2re Com\u0103neci\u201d \u0219i \u201eSalt Com\u0103neci\u201d, fiind supranumit\u0103 \u0219i \u201eZei\u021ba de la Montreal\u201d. Considerat\u0103 a fi una dintre cele mai bune sportive ale secolului XX, este \u0219i prima gimnast\u0103 rom\u00e2nc\u0103 inclus\u0103 \u00een International Gymnastics Hall of Fame in 1993<strong>. <\/strong><\/p>\n<p>Pentru Rom\u00e2nia \u0219i rom\u00e2nii de pretutindeni, Nadia apar\u021bine patrimoniului na\u021bional, numele ei fiind asociat cu Rom\u00e2nia mai mult dec\u00e2t oricare altul. Aprecierea \u0219i admira\u021bia pentru meritele deosebite avute de-a lungul carierei sportive au f\u0103cut \u00eenconjurul lumii, r\u0103m\u00e2n\u00e2nd \u00een sufletele tuturor rom\u00e2nilor de pretutindeni.<\/p>\n<p><strong><em>Respect, admira\u021bie, recuno\u0219tin\u021b\u0103 pentru steaua gimnasticii feminine mondiale!<\/em><\/strong><\/p>\n<p><em>Romfilatelia mul\u021bume\u0219te Doamnei Nadia Com\u0103neci \u0219i Funda\u021biei Nadia Com\u0103neci din Rom\u00e2nia pentru sprijinul documentar \u0219i fotografic acordat la realizarea acestei emisiuni de m\u0103rci po\u0219tale.<\/em><\/p>\n<p><em> <img decoding=\"async\" loading=\"lazy\" class=\"aligncenter wp-image-2029538 size-full\" src=\"https:\/\/romfilatelia.ro\/magazin\/wp-content\/uploads\/2021\/11\/caract_Nadia-La-multi-ani.jpg\" alt=\"\" width=\"1702\" height=\"1059\" srcset=\"https:\/\/romfilatelia.ro\/magazin\/wp-content\/uploads\/2021\/11\/caract_Nadia-La-multi-ani.jpg 1702w, https:\/\/romfilatelia.ro\/magazin\/wp-content\/uploads\/2021\/11\/caract_Nadia-La-multi-ani-500x311.jpg 500w, https:\/\/romfilatelia.ro\/magazin\/wp-content\/uploads\/2021\/11\/caract_Nadia-La-multi-ani-64x40.jpg 64w, https:\/\/romfilatelia.ro\/magazin\/wp-content\/uploads\/2021\/11\/caract_Nadia-La-multi-ani-300x187.jpg 300w, https:\/\/romfilatelia.ro\/magazin\/wp-content\/uploads\/2021\/11\/caract_Nadia-La-multi-ani-800x498.jpg 800w, https:\/\/romfilatelia.ro\/magazin\/wp-content\/uploads\/2021\/11\/caract_Nadia-La-multi-ani-768x478.jpg 768w, https:\/\/romfilatelia.ro\/magazin\/wp-content\/uploads\/2021\/11\/caract_Nadia-La-multi-ani-1536x956.jpg 1536w\" sizes=\"(max-width: 1702px) 100vw, 1702px\" \/><\/em><\/p>\n","protected":false},"excerpt":{"rendered":"<p>S-a n\u0103scut o stea! (Newsweek, 2 august 1976) Pentru a onora pe marea campioan\u0103 a gimnasticii mondiale \u0219i o frumoas\u0103 aniversare, Romfilatelia \u00eei dedic\u0103 Nadiei Com\u0103neci emisiunea de m\u0103rci po\u0219tale \u201eLa mul\u021bi ani, Nadia!\u201d. Emisiunea, alc\u0103tuit\u0103 dintr-un timbru, cu valoarea de 9 lei, o coli\u021b\u0103 nedantelat\u0103, cu valoarea de 31,50 lei \u0219i un plic \u201eprima&hellip;&nbsp;<a href=\"https:\/\/romfilatelia.ro\/magazin\/produs\/colectii-anuale\/2021\/la-multi-ani-nadia\/\" class=\"\" rel=\"bookmark\">Cite\u0219te mai mult &raquo;<span class=\"screen-reader-text\">LA MUL\u021aI ANI, NADIA!<\/span><\/a><\/p>\n","protected":false},"featured_media":2029537,"template":"","meta":{"neve_meta_sidebar":"","neve_meta_container":"","neve_meta_enable_content_width":"","neve_meta_content_width":0,"neve_meta_title_alignment":"","neve_meta_author_avatar":"","neve_post_elements_order":"","neve_meta_disable_header":"","neve_meta_disable_footer":"","neve_meta_disable_title":""},"product_cat":[169,6],"product_tag":[],"_links":{"self":[{"href":"https:\/\/romfilatelia.ro\/magazin\/wp-json\/wp\/v2\/product\/2029533"}],"collection":[{"href":"https:\/\/romfilatelia.ro\/magazin\/wp-json\/wp\/v2\/product"}],"about":[{"href":"https:\/\/romfilatelia.ro\/magazin\/wp-json\/wp\/v2\/types\/product"}],"wp:featuredmedia":[{"embeddable":true,"href":"https:\/\/romfilatelia.ro\/magazin\/wp-json\/wp\/v2\/media\/2029537"}],"wp:attachment":[{"href":"https:\/\/romfilatelia.ro\/magazin\/wp-json\/wp\/v2\/media?parent=2029533"}],"wp:term":[{"taxonomy":"product_cat","embeddable":true,"href":"https:\/\/romfilatelia.ro\/magazin\/wp-json\/wp\/v2\/product_cat?post=2029533"},{"taxonomy":"product_tag","embeddable":true,"href":"https:\/\/romfilatelia.ro\/magazin\/wp-json\/wp\/v2\/product_tag?post=2029533"}],"curies":[{"name":"wp","href":"https:\/\/api.w.org\/{rel}","templated":true}]}}