{"id":2028492,"date":"2021-08-04T13:38:00","date_gmt":"2021-08-04T11:38:00","guid":{"rendered":"https:\/\/romfilatelia.ro\/magazin\/?post_type=product&#038;p=2028492"},"modified":"2021-08-04T13:42:49","modified_gmt":"2021-08-04T11:42:49","slug":"neagoe-basarab-500-de-ani-de-la-trecerea-la-cele-vesnice","status":"publish","type":"product","link":"https:\/\/romfilatelia.ro\/magazin\/produs\/colectii-anuale\/2021\/neagoe-basarab-500-de-ani-de-la-trecerea-la-cele-vesnice\/","title":{"rendered":"NEAGOE BASARAB, 500 DE ANI DE LA TRECEREA LA CELE VE\u0218NICE"},"content":{"rendered":"<p><a href=\"https:\/\/romfilatelia.ro\/magazin\/wp-content\/uploads\/2021\/08\/SITE_Mc_Neagoe-Basarab-500-ani-de-la-moarte.jpg\"><img decoding=\"async\" loading=\"lazy\" class=\"wp-image-2028493 size-medium alignleft\" src=\"https:\/\/romfilatelia.ro\/magazin\/wp-content\/uploads\/2021\/08\/SITE_Mc_Neagoe-Basarab-500-ani-de-la-moarte-277x300.jpg\" alt=\"\" width=\"277\" height=\"300\" srcset=\"https:\/\/romfilatelia.ro\/magazin\/wp-content\/uploads\/2021\/08\/SITE_Mc_Neagoe-Basarab-500-ani-de-la-moarte-277x300.jpg 277w, https:\/\/romfilatelia.ro\/magazin\/wp-content\/uploads\/2021\/08\/SITE_Mc_Neagoe-Basarab-500-ani-de-la-moarte-500x541.jpg 500w, https:\/\/romfilatelia.ro\/magazin\/wp-content\/uploads\/2021\/08\/SITE_Mc_Neagoe-Basarab-500-ani-de-la-moarte-64x69.jpg 64w, https:\/\/romfilatelia.ro\/magazin\/wp-content\/uploads\/2021\/08\/SITE_Mc_Neagoe-Basarab-500-ani-de-la-moarte.jpg 718w\" sizes=\"(max-width: 277px) 100vw, 277px\" \/><\/a><strong>Romfilatelia<\/strong> introduce \u00een circula\u021bie, <em>joi, 5 august 2021<\/em>, emisiunea de m\u0103rci po\u0219tale <strong><em>Neagoe Basarab, 500 de ani de la trecerea la cele ve\u0219nice<\/em><\/strong><em>.<\/em><\/p>\n<p>Neagoe Basarab (1482-1521) pare a se fi n\u0103scut ca urmare a rela\u021biei mamei sale, Neaga, cu Basarab al IV-lea cel T\u00e2n\u0103r, supranumit \u021aepelu\u0219. \u00cen urma c\u0103s\u0103toriei mamei cu P\u00e2rvu Craiovescu, este adoptat de acesta \u0219i, \u00een consecin\u021b\u0103, prime\u0219te o educa\u021bie deosebit\u0103, st\u0103p\u00e2nind greaca, slavona \u0219i latina.<\/p>\n<p>De foarte t\u00e2n\u0103r ajunge s\u0103 ocupe locuri importante la curtea domneasc\u0103 \u2013 mare postelnic, mare comis. \u00cen timpul domniei lui Mihnea Vod\u0103 (cel R\u0103u) conduce corpul de armat\u0103 al celor r\u0103zvr\u0103ti\u021bi care \u00eel \u00eendep\u0103rteaz\u0103 pe acesta de pe tron (1510). Urma\u0219ul la tron, Vlad cel T\u00e2n\u0103r sau Vl\u0103du\u021b (1510-1512), este \u0219i el \u00eenvins de trupele lui Neagoe \u0219i decapitat (1512).<\/p>\n<p>Tronul \u021b\u0103rii, pentru urm\u0103torii zece ani, este ocupat de Neagoe, care, spre a se legitima, \u00ee\u0219i ia numele de Basarab, nume la care ar fi avut dreptul prin na\u0219tere.<\/p>\n<p>Domnia lui Neagoe Basarab (1512-1521) a fost una de durat\u0103 medie, dar cu efecte spectaculoase. A construit mai multe biserici, dar cea mai important\u0103 r\u0103m\u00e2ne cea de la Curtea de Arge\u0219. Este o capodoper\u0103, pe seama c\u0103reia s-a n\u0103scut celebra balad\u0103 a me\u0219terului Manole, \u00een care Neagoe devine Negru Vod\u0103, ctitorul nemul\u021bumit de \u00eent\u00e2rzierea lucr\u0103rii. Se pare c\u0103 voievodul era m\u00e2ndru de ctitoria sa, pentru c\u0103 a \u021binut s\u0103 fie \u00eenmorm\u00e2ntat acolo.<\/p>\n<p>Pe l\u00e2ng\u0103 frumoasa m\u0103n\u0103stire pe care a ctitorit-o, trebuie s\u0103 ad\u0103ug\u0103m \u0219i o scriere: <em>\u00cenv\u0103\u021b\u0103turile lui Neagoe Basarab c\u0103tre fiul s\u0103u Teodosie<\/em>. Scrise \u00een limba slavon\u0103, limba liturgic\u0103 a epocii \u0219i, totodat\u0103, limba de cancelarie, a actelor oficiale, <em>\u00cenv\u0103\u021b\u0103turile<\/em> r\u0103m\u00e2n un martor important al unui timp \u0219i al unui mod de a \u00een\u021belege lumea la nivelul celui chemat s\u0103 conduc\u0103 locuitorii unui teritoriu. \u00cen mod aproape sincron, \u00een Occident ap\u0103rea o lucrare, apar\u021bin\u00e2nd lui Niccol\u0148 Machiavelli, dedicat\u0103 aceluia\u0219i subiect \u2013 <em>Principele.<\/em> Ca \u0219i celebrul italian, Neagoe caut\u0103 s\u0103 stabileasc\u0103 locul \u0219i menirea celui chemat s\u0103 conduc\u0103 ajutat de autoritatea tronului.<\/p>\n<p>Concluzia care transpare pare a fi aceea c\u0103 exist\u0103 o ordine moral\u0103 a lumii de care cel chemat s\u0103 conduc\u0103 este obligat s\u0103 \u021bin\u0103 seama. Lucrarea implic\u0103 un mod de a concepe rolul domnului, al unui domn \u00eenv\u0103\u021bat \u0219i \u00een\u021belept. Exist\u0103, ne las\u0103 autorul s\u0103 \u00een\u021belegem, o art\u0103 a conducerii pe care o st\u0103p\u00e2ne\u0219te numai cel preg\u0103tit s\u0103 ocupe tronul \u021b\u0103rii. Acesta este, \u00een mod evident, rostul paginilor ce compun <em>\u00cenv\u0103\u021b\u0103turile<\/em> \u0219i \u00een\u021belegem de ce, datorit\u0103 unui c\u0103lug\u0103r, prin schimbarea numelor, lucrarea i-a fost atribuit\u0103 \u021barului Ivan cel Groaznic, scris\u0103 pentru fiul s\u0103u, \u021bareviciul Vasile. Dar, cum numele feminine au r\u0103mas cele din original, paternitatea lucr\u0103rii nu poate fi pus\u0103 la \u00eendoial\u0103.<\/p>\n<p>Emisiunea de m\u0103rci po\u0219tale este alc\u0103tuit\u0103 dintr-un timbru \u0219i o coli\u021b\u0103 dantelat\u0103.<\/p>\n<p>Pe timbrul cu valoarea nominal\u0103 de <strong>9 lei<\/strong> este reprodus portretul lui Neagoe Basarab, a\u0219a cum apare \u00een pictura votiv\u0103 de la M\u0103n\u0103stirea Curtea de Arge\u0219, executat\u0103 \u00een secolul al XVI-lea de Dobromir. Cu prilejul restaur\u0103rii \u00eentreprinse \u00een secolul al XIX-lea, pictura a fost desprins\u0103 de pe peretele bisericii \u0219i, dup\u0103 un periplu de mai multe decenii prin diferite institu\u021bii muzeale, a ajuns la Muzeul Na\u021bional de Istorie a Rom\u00e2niei, unde a fost supus\u0103, \u00een anii 2008 \u0219i 2009, unui meticulos proces de restaurare.<\/p>\n<p>Pe timbrul coli\u021bei dantelate, cu valoarea nominal\u0103 de <strong>31,50 lei<\/strong>, este ilustrat\u0103 o icoan\u0103 reprezent\u00e2ndu-l pe Sf\u00e2ntul Voievod Neagoe Basarab, canonizat \u00een anul 2009, iar \u00een compozi\u021bia grafic\u0103 a coli\u021bei emisiunii se reg\u0103se\u0219te reproducerea picturii votive din biserica M\u0103n\u0103stirii Curtea de Arge\u0219 \u00een care, al\u0103turi de domnitor, apar Doamna Despina Mili\u021ba \u0219i cei \u0219ase copii ai lor (al treilea din st\u00e2nga este fiul s\u0103u Teodosie).<\/p>\n<p><em>Romfilatelia mul\u021bume\u0219te Arhiepiscopiei Arge\u0219ului \u0219i Muscelului, Muzeului Na\u021bional de Istorie a Rom\u00e2niei \u0219i domnului Silviu Angelescu pentru sprijinul acordat la realizare acestei emisiuni de m\u0103rci po\u0219tale. <\/em><\/p>\n<p><a href=\"https:\/\/romfilatelia.ro\/magazin\/wp-content\/uploads\/2021\/08\/caract_Neagoe-Basarab-500-ani-de-la-moarte.jpg\"><img decoding=\"async\" loading=\"lazy\" class=\"aligncenter size-full wp-image-2028494\" src=\"https:\/\/romfilatelia.ro\/magazin\/wp-content\/uploads\/2021\/08\/caract_Neagoe-Basarab-500-ani-de-la-moarte.jpg\" alt=\"\" width=\"1666\" height=\"1029\" srcset=\"https:\/\/romfilatelia.ro\/magazin\/wp-content\/uploads\/2021\/08\/caract_Neagoe-Basarab-500-ani-de-la-moarte.jpg 1666w, https:\/\/romfilatelia.ro\/magazin\/wp-content\/uploads\/2021\/08\/caract_Neagoe-Basarab-500-ani-de-la-moarte-500x309.jpg 500w, https:\/\/romfilatelia.ro\/magazin\/wp-content\/uploads\/2021\/08\/caract_Neagoe-Basarab-500-ani-de-la-moarte-64x40.jpg 64w, https:\/\/romfilatelia.ro\/magazin\/wp-content\/uploads\/2021\/08\/caract_Neagoe-Basarab-500-ani-de-la-moarte-300x185.jpg 300w, https:\/\/romfilatelia.ro\/magazin\/wp-content\/uploads\/2021\/08\/caract_Neagoe-Basarab-500-ani-de-la-moarte-800x494.jpg 800w, https:\/\/romfilatelia.ro\/magazin\/wp-content\/uploads\/2021\/08\/caract_Neagoe-Basarab-500-ani-de-la-moarte-768x474.jpg 768w, https:\/\/romfilatelia.ro\/magazin\/wp-content\/uploads\/2021\/08\/caract_Neagoe-Basarab-500-ani-de-la-moarte-1536x949.jpg 1536w\" sizes=\"(max-width: 1666px) 100vw, 1666px\" \/><\/a><\/p>\n","protected":false},"excerpt":{"rendered":"<p>Romfilatelia introduce \u00een circula\u021bie, joi, 5 august 2021, emisiunea de m\u0103rci po\u0219tale Neagoe Basarab, 500 de ani de la trecerea la cele ve\u0219nice. Neagoe Basarab (1482-1521) pare a se fi n\u0103scut ca urmare a rela\u021biei mamei sale, Neaga, cu Basarab al IV-lea cel T\u00e2n\u0103r, supranumit \u021aepelu\u0219. \u00cen urma c\u0103s\u0103toriei mamei cu P\u00e2rvu Craiovescu, este adoptat&hellip;&nbsp;<a href=\"https:\/\/romfilatelia.ro\/magazin\/produs\/colectii-anuale\/2021\/neagoe-basarab-500-de-ani-de-la-trecerea-la-cele-vesnice\/\" class=\"\" rel=\"bookmark\">Cite\u0219te mai mult &raquo;<span class=\"screen-reader-text\">NEAGOE BASARAB, 500 DE ANI DE LA TRECEREA LA CELE VE\u0218NICE<\/span><\/a><\/p>\n","protected":false},"featured_media":2028495,"template":"","meta":{"neve_meta_sidebar":"","neve_meta_container":"","neve_meta_enable_content_width":"","neve_meta_content_width":0,"neve_meta_title_alignment":"","neve_meta_author_avatar":"","neve_post_elements_order":"","neve_meta_disable_header":"","neve_meta_disable_footer":"","neve_meta_disable_title":""},"product_cat":[169,6],"product_tag":[],"_links":{"self":[{"href":"https:\/\/romfilatelia.ro\/magazin\/wp-json\/wp\/v2\/product\/2028492"}],"collection":[{"href":"https:\/\/romfilatelia.ro\/magazin\/wp-json\/wp\/v2\/product"}],"about":[{"href":"https:\/\/romfilatelia.ro\/magazin\/wp-json\/wp\/v2\/types\/product"}],"wp:featuredmedia":[{"embeddable":true,"href":"https:\/\/romfilatelia.ro\/magazin\/wp-json\/wp\/v2\/media\/2028495"}],"wp:attachment":[{"href":"https:\/\/romfilatelia.ro\/magazin\/wp-json\/wp\/v2\/media?parent=2028492"}],"wp:term":[{"taxonomy":"product_cat","embeddable":true,"href":"https:\/\/romfilatelia.ro\/magazin\/wp-json\/wp\/v2\/product_cat?post=2028492"},{"taxonomy":"product_tag","embeddable":true,"href":"https:\/\/romfilatelia.ro\/magazin\/wp-json\/wp\/v2\/product_tag?post=2028492"}],"curies":[{"name":"wp","href":"https:\/\/api.w.org\/{rel}","templated":true}]}}