{"id":2028420,"date":"2021-07-22T13:06:35","date_gmt":"2021-07-22T11:06:35","guid":{"rendered":"https:\/\/romfilatelia.ro\/magazin\/?post_type=product&#038;p=2028420"},"modified":"2021-07-22T13:10:06","modified_gmt":"2021-07-22T11:10:06","slug":"jocurile-olimpice-de-vara-tokyo-2020","status":"publish","type":"product","link":"https:\/\/romfilatelia.ro\/magazin\/produs\/colectii-anuale\/2021\/jocurile-olimpice-de-vara-tokyo-2020\/","title":{"rendered":"JOCURILE OLIMPICE DE VAR\u0102, TOKYO 2020"},"content":{"rendered":"<p><a href=\"https:\/\/romfilatelia.ro\/magazin\/wp-content\/uploads\/2021\/07\/SITE_mc_JO-de-vara-Tokyo-2020.jpg\"><img decoding=\"async\" loading=\"lazy\" class=\"wp-image-2028421 size-medium alignleft\" src=\"https:\/\/romfilatelia.ro\/magazin\/wp-content\/uploads\/2021\/07\/SITE_mc_JO-de-vara-Tokyo-2020-300x223.jpg\" alt=\"\" width=\"300\" height=\"223\" srcset=\"https:\/\/romfilatelia.ro\/magazin\/wp-content\/uploads\/2021\/07\/SITE_mc_JO-de-vara-Tokyo-2020-300x223.jpg 300w, https:\/\/romfilatelia.ro\/magazin\/wp-content\/uploads\/2021\/07\/SITE_mc_JO-de-vara-Tokyo-2020-500x371.jpg 500w, https:\/\/romfilatelia.ro\/magazin\/wp-content\/uploads\/2021\/07\/SITE_mc_JO-de-vara-Tokyo-2020-64x47.jpg 64w, https:\/\/romfilatelia.ro\/magazin\/wp-content\/uploads\/2021\/07\/SITE_mc_JO-de-vara-Tokyo-2020-800x594.jpg 800w, https:\/\/romfilatelia.ro\/magazin\/wp-content\/uploads\/2021\/07\/SITE_mc_JO-de-vara-Tokyo-2020-768x570.jpg 768w, https:\/\/romfilatelia.ro\/magazin\/wp-content\/uploads\/2021\/07\/SITE_mc_JO-de-vara-Tokyo-2020-1536x1140.jpg 1536w, https:\/\/romfilatelia.ro\/magazin\/wp-content\/uploads\/2021\/07\/SITE_mc_JO-de-vara-Tokyo-2020-2048x1520.jpg 2048w, https:\/\/romfilatelia.ro\/magazin\/wp-content\/uploads\/2021\/07\/SITE_mc_JO-de-vara-Tokyo-2020.jpg 2000w\" sizes=\"(max-width: 300px) 100vw, 300px\" \/><\/a>Cu prilejul celui mai a\u0219teptat eveniment sportiv al anului 2021, <strong>Romfilatelia<\/strong> introduce \u00een circula\u021bie, <em>vineri 23 iulie a.c.<\/em>, emisiunea de m\u0103rci po\u0219tale <strong><em>Jocurile Olimpice de var\u0103, Tokyo 2020<\/em><\/strong>.<\/p>\n<p>La <em>Tokyo 2020<\/em>, cea de-a XXXII-a edi\u021bie de var\u0103 a Jocurilor Olimpice, prima din istorie care a fost am\u00e2nat\u0103, \u00een jur de 100 de sportivi sub culorile tricolorului rom\u00e2nesc vor ataca podiumul olimpic la 17 discipline sportive. Na\u021bionala de <strong>fotbal<\/strong> a Rom\u00e2niei revine \u00een \u00eentrecerea olimpic\u0103 dup\u0103 47 de ani de la ultima participare, tot \u00een capitala Soarelui R\u0103sare.<\/p>\n<p>Echipa feminin\u0103 de <strong>baschet 3&#215;3<\/strong> va debuta la JO odat\u0103 cu aceast\u0103 disciplin\u0103 sportiv\u0103.<\/p>\n<p>La <strong>canotaj<\/strong>, nu mai pu\u021bin de 36 de canotori se vor lupta pentru medaliile olimpice \u00een 9 probe.<\/p>\n<p>Tot \u00een premier\u0103, tricolorii vor participa \u00een \u00eentrecerile olimpice de <strong>ciclism<\/strong> mountain bike \u0219i <strong>triatlon<\/strong>.<\/p>\n<p>La<strong> gimnastic\u0103<\/strong>, la cea de-a 5-a participare a sa la JO, Marian Dr\u0103gulescu se va lupta s\u0103 scrie istorie la 40 de ani \u0219i s\u0103 cucereasc\u0103 titlul olimpic, singurul care-i lipse\u0219te din bogatul palmares. Al\u0103turi de el vor concura colegele din lotul feminin de gimnastic\u0103, Maria Holbur\u0103 \u0219i Larisa Iordache.<\/p>\n<p>La<strong> scrim\u0103<\/strong>, Ana-Maria Popescu, num\u0103rul 1 \u00een clasamentul mondial la spad\u0103 \u00eenainte de Jocuri, se va duela pentru \u00eenc\u0103 un titlu olimpic la cea de-a 5-a participare olimpic\u0103 a sa, \u00een timp ce Iulian Teodosiu, medaliat cu bronz olimpic cu echipa de sabie, se va bate la Tokyo pentru medalii la individual.<\/p>\n<p>La<strong> \u00eenot<\/strong>, Robert Glin\u021b\u0103, primul rom\u00e2n care a ob\u021binut biletele pentru Tokyo 2020, \u0219i Daniel Martin se vor \u00eentrece la 100 m spate, iar David Popovici, cel mai t\u00e2n\u0103r component al TEAM ROMANIA la cei 16 ani ai s\u0103i, va ataca un loc c\u00e2t mai sus \u00een clasament la 100 m liber.<\/p>\n<p>La<strong> canoe<\/strong>, C\u0103t\u0103lin Chiril\u0103 \u0219i Victor Mihalachi, coordona\u021bi de campionul olimpic Florin Popescu, vor lupta s\u0103 transforme aurul european \u00een aur olimpic.<\/p>\n<p>La <strong>lupte<\/strong>, Albert Saritov, medaliat cu bronz olimpic la Rio, \u0219i vice-campioana mondial\u0103 Alina Vuc, \u00eempreun\u0103 cu Alin Alexuc-Ciurariu, prezent pentru a 3-a oar\u0103 la o edi\u021bie a JO, \u0219i debutantele la cele mai importante \u00eentreceri sportive din lume, Andreea Ana \u0219i Kriszta Incze, lupt\u0103 pentru a se autodep\u0103\u0219i.<\/p>\n<p>La<strong> tir sportiv<\/strong>, Laura Ilie, tripl\u0103 campioan\u0103 european\u0103, viseaz\u0103 la prima treapt\u0103 a podiumului olimpic la 10 m pu\u0219c\u0103 aer comprimat, iar la <strong>tenis de mas\u0103<\/strong>, cei patru tricolori din lot vor \u00eencerca s\u0103 escaladeze uria\u0219ul zid al asiaticilor \u0219i s\u0103 ajung\u0103 pe podium la cel pu\u021bin una dintre cele 5 probe la care particip\u0103 \u2013 echipe feminin, simplu feminin &amp; masculin, dublu mixt.<\/p>\n<p>La <strong>atletism<\/strong>, patru fete \u2013 Florentina Iu\u0219co (s\u0103ritura \u00een lungime), Alina Rotaru (s\u0103ritura \u00een lungime), Claudia Bobocea (1.500 m), Daniela Stanciu (s\u0103ritura \u00een \u00een\u0103l\u021bime) \u2013 \u0219i trei b\u0103ie\u021bi \u2013 Alin Firfiric\u0103 (aruncarea discului), Marius Cocioran (50 km mar\u0219), Rare\u0219 Andrei Toader (aruncarea greut\u0103\u021bii) \u2013 vor evolua pe magnificul Stadion Olimpic din Tokyo, gazda ceremoniilor de deschidere \u0219i \u00eenchidere a Jocurilor.<\/p>\n<p>La <strong>box<\/strong>, Cosmin G\u00eerleanu \u0219i Claudia Nechita, care vor urca \u00een premier\u0103 \u00een ringul olimpic, viseaz\u0103 s\u0103-\u0219i \u00eencruci\u0219eze m\u0103nu\u0219ile pentru cele mai str\u0103lucitoare medalii.<\/p>\n<p>Pentru to\u021bi tricolorii, la fel ca pentru performerii de pe \u00eentreg mapamondul, este o onoare s\u0103 participe la Jocurile Olimpice Tokyo 2020, reprogramate \u00een 2021, competi\u021bia considerat\u0103 simbolul victoriei sportului \u0219i a Mi\u0219c\u0103rii Olimpice \u00een lupta cu pandemia de coronavirus.<\/p>\n<p>De la prima sa participare la Jocurile Olimpice, \u00een 1924, la Paris, c\u00e2nd a ob\u021binut \u0219i cea dint\u00e2i medalie \u2013 bronz la rugby \u2013, Echipa Olimpic\u0103 a Rom\u00e2niei nu a lipsit dec\u00e2t la edi\u021biile de var\u0103 ale JO din 1932 \u0219i 1948 \u0219i la edi\u021bia de iarn\u0103 din 1960.<\/p>\n<p>TEAM ROMANIA are \u00een palmares 305 medalii \u2013 89 de aur, 94 de argint \u0219i 122 de bronz, o medalie de bronz fiind ob\u021binut\u0103 la JO de iarn\u0103.<\/p>\n<p>Cele \u0219ase timbre ale emisiunii, cu valorile nominale de <strong>1,70 Lei, 2 Lei, 2,20 Lei, 7 Lei, 9 Lei, 10,50 Lei<\/strong> \u0219i coli\u021ba dantelat\u0103 cu valoarea nominal\u0103 de <strong>31,50 Lei<\/strong> prezint\u0103 imagini stilizate ale unor sportivi din diferite domenii: fotbal, canotaj, \u00eenot, aruncarea discului, tenis de c\u00e2mp, tenis de mas\u0103, respectiv scrim\u0103.<\/p>\n<p>Cele dou\u0103 plicuri \u201eprima zi\u201d a emisiunii prezint\u0103 sportivi din domeniul gimnasticii artistice evolu\u00e2nd la diferite aparate.<\/p>\n<p><em>Romfilatelia mul\u021bume\u0219te Comitetului Olimpic \u0219i Sportiv Rom\u00e2n pentru sprijinul documentar oferit la realizarea acestei emisiuni de m\u0103rci po\u0219tale. <\/em><\/p>\n<p>&nbsp;<\/p>\n<p><a href=\"https:\/\/romfilatelia.ro\/magazin\/wp-content\/uploads\/2021\/07\/TIRAJ.jpg\"><img decoding=\"async\" loading=\"lazy\" class=\"aligncenter size-full wp-image-2028422\" src=\"https:\/\/romfilatelia.ro\/magazin\/wp-content\/uploads\/2021\/07\/TIRAJ.jpg\" alt=\"\" width=\"1081\" height=\"393\" srcset=\"https:\/\/romfilatelia.ro\/magazin\/wp-content\/uploads\/2021\/07\/TIRAJ.jpg 1081w, https:\/\/romfilatelia.ro\/magazin\/wp-content\/uploads\/2021\/07\/TIRAJ-500x182.jpg 500w, https:\/\/romfilatelia.ro\/magazin\/wp-content\/uploads\/2021\/07\/TIRAJ-64x23.jpg 64w, https:\/\/romfilatelia.ro\/magazin\/wp-content\/uploads\/2021\/07\/TIRAJ-300x109.jpg 300w, https:\/\/romfilatelia.ro\/magazin\/wp-content\/uploads\/2021\/07\/TIRAJ-800x291.jpg 800w, https:\/\/romfilatelia.ro\/magazin\/wp-content\/uploads\/2021\/07\/TIRAJ-768x279.jpg 768w\" sizes=\"(max-width: 1081px) 100vw, 1081px\" \/><\/a><\/p>\n","protected":false},"excerpt":{"rendered":"<p>Cu prilejul celui mai a\u0219teptat eveniment sportiv al anului 2021, Romfilatelia introduce \u00een circula\u021bie, vineri 23 iulie a.c., emisiunea de m\u0103rci po\u0219tale Jocurile Olimpice de var\u0103, Tokyo 2020. La Tokyo 2020, cea de-a XXXII-a edi\u021bie de var\u0103 a Jocurilor Olimpice, prima din istorie care a fost am\u00e2nat\u0103, \u00een jur de 100 de sportivi sub culorile&hellip;&nbsp;<a href=\"https:\/\/romfilatelia.ro\/magazin\/produs\/colectii-anuale\/2021\/jocurile-olimpice-de-vara-tokyo-2020\/\" class=\"\" rel=\"bookmark\">Cite\u0219te mai mult &raquo;<span class=\"screen-reader-text\">JOCURILE OLIMPICE DE VAR\u0102, TOKYO 2020<\/span><\/a><\/p>\n","protected":false},"featured_media":2028423,"template":"","meta":{"neve_meta_sidebar":"","neve_meta_container":"","neve_meta_enable_content_width":"","neve_meta_content_width":0,"neve_meta_title_alignment":"","neve_meta_author_avatar":"","neve_post_elements_order":"","neve_meta_disable_header":"","neve_meta_disable_footer":"","neve_meta_disable_title":""},"product_cat":[169,6],"product_tag":[],"_links":{"self":[{"href":"https:\/\/romfilatelia.ro\/magazin\/wp-json\/wp\/v2\/product\/2028420"}],"collection":[{"href":"https:\/\/romfilatelia.ro\/magazin\/wp-json\/wp\/v2\/product"}],"about":[{"href":"https:\/\/romfilatelia.ro\/magazin\/wp-json\/wp\/v2\/types\/product"}],"wp:featuredmedia":[{"embeddable":true,"href":"https:\/\/romfilatelia.ro\/magazin\/wp-json\/wp\/v2\/media\/2028423"}],"wp:attachment":[{"href":"https:\/\/romfilatelia.ro\/magazin\/wp-json\/wp\/v2\/media?parent=2028420"}],"wp:term":[{"taxonomy":"product_cat","embeddable":true,"href":"https:\/\/romfilatelia.ro\/magazin\/wp-json\/wp\/v2\/product_cat?post=2028420"},{"taxonomy":"product_tag","embeddable":true,"href":"https:\/\/romfilatelia.ro\/magazin\/wp-json\/wp\/v2\/product_tag?post=2028420"}],"curies":[{"name":"wp","href":"https:\/\/api.w.org\/{rel}","templated":true}]}}