{"id":2028382,"date":"2021-07-15T10:16:18","date_gmt":"2021-07-15T08:16:18","guid":{"rendered":"https:\/\/romfilatelia.ro\/magazin\/?post_type=product&#038;p=2028382"},"modified":"2021-07-15T10:44:07","modified_gmt":"2021-07-15T08:44:07","slug":"ziua-marcii-postale-romanesti-peceti-ale-domnitorilor-romani-ii","status":"publish","type":"product","link":"https:\/\/romfilatelia.ro\/magazin\/produs\/colectii-anuale\/2021\/ziua-marcii-postale-romanesti-peceti-ale-domnitorilor-romani-ii\/","title":{"rendered":"ZIUA M\u0102RCII PO\u0218TALE ROM\u00c2NE\u0218TI PECE\u021aI ALE DOMNITORILOR ROM\u00c2NI (II)"},"content":{"rendered":"<p><a href=\"https:\/\/romfilatelia.ro\/magazin\/wp-content\/uploads\/2021\/07\/minic-scaled.jpg\"><img decoding=\"async\" loading=\"lazy\" class=\"wp-image-2028383 size-medium alignleft\" src=\"https:\/\/romfilatelia.ro\/magazin\/wp-content\/uploads\/2021\/07\/minic-300x263.jpg\" alt=\"\" width=\"300\" height=\"263\" srcset=\"https:\/\/romfilatelia.ro\/magazin\/wp-content\/uploads\/2021\/07\/minic-300x263.jpg 300w, https:\/\/romfilatelia.ro\/magazin\/wp-content\/uploads\/2021\/07\/minic-scaled-500x439.jpg 500w, https:\/\/romfilatelia.ro\/magazin\/wp-content\/uploads\/2021\/07\/minic-scaled-64x56.jpg 64w, https:\/\/romfilatelia.ro\/magazin\/wp-content\/uploads\/2021\/07\/minic-800x702.jpg 800w, https:\/\/romfilatelia.ro\/magazin\/wp-content\/uploads\/2021\/07\/minic-768x673.jpg 768w, https:\/\/romfilatelia.ro\/magazin\/wp-content\/uploads\/2021\/07\/minic-1536x1347.jpg 1536w, https:\/\/romfilatelia.ro\/magazin\/wp-content\/uploads\/2021\/07\/minic-2048x1796.jpg 2048w, https:\/\/romfilatelia.ro\/magazin\/wp-content\/uploads\/2021\/07\/minic-scaled.jpg 2000w\" sizes=\"(max-width: 300px) 100vw, 300px\" \/><\/a><strong>Continu\u00e2nd o tem\u0103 ini\u021biat\u0103 \u00een anul 2019, Romfilatelia introduce \u00een circula\u021bie, joi, 15 iulie a.c., emisiunea de m\u0103rci po\u0219tale <em>Pece\u021bi ale domnitorilor rom\u00e2ni (II).<\/em><\/strong><\/p>\n<p>Documentele redactate \u0219i scrise pe h\u00e2rtie sau pergament, emise de cancelariile domne\u0219ti din \u021a\u0103rile Rom\u00e2ne, erau validate, al\u0103turi de semn\u0103turile olografe, prin folosirea unor sigilii de diferite dimensiuni. Pece\u021bile domne\u0219ti, aplicate de obicei \u00een cear\u0103 de culoare ro\u0219ie, preluau elementele \u00een relief ale sigiliilor \u0219i constituie ele \u00eensele un obiect de studiu, fiind protejate \u00een c\u0103u\u0219 de cear\u0103, \u00een capsule de lemn sau metal.<\/p>\n<p>Pece\u021bile, elemente care confereau actelor domne\u0219ti autenticitate, prezint\u0103 diferen\u021be vizibile, dac\u0103 ne referim la cur\u021bile domne\u0219ti din Moldova \u0219i \u021aara Rom\u00e2neasc\u0103. Astfel, \u00een Moldova, \u00een imaginea a pece\u021bilor se reg\u0103se\u0219te\u00a0 ca \u00eensemn capul de bour, v\u0103zut din fa\u021b\u0103, cu o stea \u00eentre coarne. \u00cen cancelariile \u021a\u0103rii Rom\u00e2ne\u0219ti, sigiliile \u0219i pece\u021bile au avut drept simbol acvila purt\u0103toare de cruce, \u00eenso\u021bit\u0103 de soare \u0219i de lun\u0103 \u201ecrai nou\u201d, conturnat\u0103.<\/p>\n<p>Pece\u021bile at\u00e2rnate care \u00eenso\u021beau actele de mare importan\u021b\u0103 emise \u00een ambele teritorii rom\u00e2ne\u0219ti erau, \u00een general, din cear\u0103 natural\u0103. \u00cens\u0103 categoria cea mai valoroas\u0103 este reprezentat\u0103 de pece\u021bile din metal, ap\u0103rute la mijlocul secolului al XVI-lea. Cunoscute sub denumirea de <em>bule sigilare<\/em> sau <em>hrisobule<\/em>, acestea erau de dou\u0103 feluri: simple capsule metalice menite s\u0103 protejeze pecetea de cear\u0103 sau adev\u0103rate \u201ebule de aur\u201d, care au pe fa\u021b\u0103 \u0219i pe revers reprezent\u0103ri \u0219i inscrip\u021bii.<\/p>\n<p>Pece\u021bile, ca element de autenticitate a actelor de prim\u0103 importan\u021b\u0103 emise de cancelariile domne\u0219ti, au \u00eenso\u021bit documentele externe care legiferau tratatele de alian\u021b\u0103 \u0219i acte interne, precum cum erau, de pild\u0103, stabilirea propriet\u0103\u021bilor sau confirmarea daniilor domne\u0219ti (dona\u021biilor).<\/p>\n<p>Al\u0103turi de pece\u021bile \u00een cear\u0103 \u0219i hrisobule, trebuie amintit\u0103 \u0219i autentificarea actelor cancelariilor domne\u0219ti sau ale dreg\u0103torilor \u0219i marilor boieri cu pece\u021bi \u00een chinovar, realizate prin aplicarea imaginii sigiliului metalic (utilizat ca o \u0219tampil\u0103) cu sulfur\u0103 ro\u0219ie de mercur, direct pe pergament \u0219i sub semn\u0103tura emitentului. \u00cen acest caz, uneori, un contur desenat imita c\u0103u\u0219ul pece\u021bilor clasice.<\/p>\n<p>Emisiunea de m\u0103rci po\u0219tale <em>Pece\u021bi ale domnitorilor rom\u00e2ni (II)<\/em><em>,<\/em> este alc\u0103tuit\u0103 din patru timbre \u0219i o coli\u021b\u0103 nedantelat\u0103.<\/p>\n<p>Cele patru timbre ale seriei prezint\u0103 sigilii \u00een cear\u0103 \u0219i hrisobule ale unor domnitori ai \u021a\u0103rii Rom\u00e2ne\u0219ti din secolele al XVI-lea, al XVII-lea \u0219i al XVIII-lea: Petru Cercel, Radu Mihnea, Grigore I Ghica, Constantin Br\u00e2ncoveanu. Fiec\u0103rui sigiliu \u00eei este asociat portretul domnitorului respectiv, pe fundal fiind reproduse documente emise \u00een timpul domniilor acestor principi valahi.<\/p>\n<p>Pe\u00a0 primul timbru al seriei, cu valoarea nominal\u0103 de <strong>1,40<\/strong> <strong>lei<\/strong>, este reprezentat\u0103 o hrisobul\u0103 a lui <strong>Petru Cercel<\/strong>, din colec\u021biile Muzeului Na\u021bional de Istorie a Rom\u00e2niei, pe fundal fiind reprodus un document isc\u0103lit de acest domnitor, document aflat la Arhivele Na\u021bionale ale Rom\u00e2niei. Petru Cercel (Petru P\u0103tra\u0219cu), domn al \u021a\u0103rii Rom\u00e2ne\u0219ti (1583-1585), a fost cel de-al doilea fiu al lui P\u0103tra\u0219cu cel Bun. \u00cen scurta sa domnie, a mutat capitala \u021a\u0103rii Rom\u00e2ne\u0219ti de la Bucure\u0219ti la T\u00e2rgovi\u0219te, dup\u0103 ce a ref\u0103cut construc\u021biile vechii cur\u021bi domne\u0219ti. A fost preocupat de organizarea \u0219i \u00eenzestrarea armatei. Mazilit de turci, s-a retras \u00een Transilvania.<\/p>\n<p>Pe cel de-al doilea timbru al seriei, cu valoarea nominal\u0103 de <strong>1,50 lei<\/strong>, este reprezentat\u0103 o pecete \u00een cear\u0103 ro\u0219ie a lui<strong> Radu Mihnea. <\/strong>Acesta a fost domn al \u021a\u0103rii Rom\u00e2ne\u0219ti \u00een mai multe perioade \u00eentre anii 1601 \u0219i 1623 \u0219i, vremelnic, a ocupat \u0219i tronul Moldovei, \u00eentre anii 1616-1619 \u0219i 1623-1626. A avut un comportament de supus al Imperiului Otoman, fiind sprijinit \u00een mod deosebit de reprezentan\u021bi ai boierilor greci, \u00een condi\u021bii de manifest\u0103ri ostile ale boierilor p\u0103m\u00e2nteni. A ini\u021biat m\u0103suri de eliberare a rum\u00e2nilor (\u021b\u0103rani dependen\u021bi de st\u0103p\u00e2nii lor feudali). Pecetea \u0219i documentul reprodus \u00een fundal se afl\u0103 \u00een colec\u021biile Bibliotecii Academiei Rom\u00e2ne.<\/p>\n<p>Pe cel de-al treilea timbru al seriei, cu valoarea nominal\u0103 de <strong>7 lei<\/strong>, este reprezentat\u0103 o hrisobul\u0103 a domnitorului<strong> Grigore I Ghica. <\/strong>Apar\u021bin\u0103tor al unei importante familii de boieri de origine albanez\u0103, cu un important rol public \u00een secolele al XVII-lea \u0219i al XIX-lea, acesta a domnit \u00een \u021aara Rom\u00e2neasc\u0103 \u00een perioadele 1660-1664 \u0219i 1672-1673. Hrisobula \u0219i documentul ilustrat pe fundal se g\u0103sesc la Biblioteca Academiei Rom\u00e2ne.<strong>\u00a0<\/strong><\/p>\n<p>Pe cel de-al patrulea timbru al seriei, cu valoarea nominal\u0103 de <strong>19,50<\/strong> <strong>lei<\/strong>, este reprezentat sigiliul domnitorului <strong>Constantin Br\u00e2ncoveanu. <\/strong>Aflat pe tronul \u021a\u0103rii Rom\u00e2ne\u0219ti pentru o perioad\u0103 lung\u0103 de domnie (1688-1714), Constantin Br\u00e2ncoveanu a asigurat \u021b\u0103rii o stare stabil\u0103 de pace, de \u00eenflorire cultural\u0103 \u0219i de dezvoltare a vie\u021bii spirituale, l\u0103s\u00e2nd drept m\u0103rturii un mare num\u0103r de ctitorii religioase \u0219i un stil arhitectural eclectic ce-i poart\u0103 numele. Sigiliul \u0219i documentul pe care este aplicat se afl\u0103 la Biblioteca Academiei Rom\u00e2ne.<\/p>\n<p>Pe coli\u021ba nedantelat\u0103, cu valoarea de <strong>31,50<\/strong> <strong>lei<\/strong>, este reprezentat\u0103 (avers \u0219i revers) hrisobula lui <strong>Grigore I Ghica<\/strong>, deosebit de valoroas\u0103, unul dintre pu\u021binele obiecte de acest fel existente \u00een \u021bara noastr\u0103. Ea poart\u0103 pe avers textul \u201e<em>Io Gligorie Ghica voevod a<\/em><em> toat\u0103 \u021aara Rom\u00e2neasc\u0103 \u00een anul 7172<\/em>\u201d (1664), iar pe revers \u201e<em>Acest hrisov f\u0103cutu-l-a Io Gligorie Ghica voevod, a toat\u0103 Sfetagora a 20 de sfinte m\u0103n\u0103stiri ce sunt \u00eenprejurul Sf\u00e2ntului munte Atonului <\/em>(Athos)<em> v\u0103leat 7172<\/em>\u201d (1664).<\/p>\n<p><em>Romfilatelia mul\u021bume\u0219te Bibliotecii Academiei Rom\u00e2ne, Muzeului Na\u021bional de Istorie a Rom\u00e2niei, Arhivelor Na\u021bionale ale Rom\u00e2niei \u0219i dlui muzeograf dr. Sorin Iftimi, de la Complexul Na\u021bional Muzeal \u201eMoldova\u201d din Ia\u0219i, pentru sprijinul oferit la realizarea acestei emisiuni de m\u0103rci po\u0219tale.<\/em><\/p>\n<p>Mapa filatelic\u0103, realizat in tiraj limitat de 236 de exemplare, con\u021bine blocul special de patru timbre nedantelate al emisiunii. Mapa filatelic\u0103 este numerotat\u0103 de la 001 la 236.<\/p>\n<p><em> <a href=\"https:\/\/romfilatelia.ro\/magazin\/wp-content\/uploads\/2021\/07\/caracteristici_Page_1.jpg\"><img decoding=\"async\" loading=\"lazy\" class=\"aligncenter size-full wp-image-2028384\" src=\"https:\/\/romfilatelia.ro\/magazin\/wp-content\/uploads\/2021\/07\/caracteristici_Page_1.jpg\" alt=\"\" width=\"1280\" height=\"559\" srcset=\"https:\/\/romfilatelia.ro\/magazin\/wp-content\/uploads\/2021\/07\/caracteristici_Page_1.jpg 1280w, https:\/\/romfilatelia.ro\/magazin\/wp-content\/uploads\/2021\/07\/caracteristici_Page_1-500x218.jpg 500w, https:\/\/romfilatelia.ro\/magazin\/wp-content\/uploads\/2021\/07\/caracteristici_Page_1-64x28.jpg 64w, https:\/\/romfilatelia.ro\/magazin\/wp-content\/uploads\/2021\/07\/caracteristici_Page_1-300x131.jpg 300w, https:\/\/romfilatelia.ro\/magazin\/wp-content\/uploads\/2021\/07\/caracteristici_Page_1-800x349.jpg 800w, https:\/\/romfilatelia.ro\/magazin\/wp-content\/uploads\/2021\/07\/caracteristici_Page_1-768x335.jpg 768w\" sizes=\"(max-width: 1280px) 100vw, 1280px\" \/><\/a><\/em><\/p>\n<p>&nbsp;<\/p>\n","protected":false},"excerpt":{"rendered":"<p>Continu\u00e2nd o tem\u0103 ini\u021biat\u0103 \u00een anul 2019, Romfilatelia introduce \u00een circula\u021bie, joi, 15 iulie a.c., emisiunea de m\u0103rci po\u0219tale Pece\u021bi ale domnitorilor rom\u00e2ni (II). Documentele redactate \u0219i scrise pe h\u00e2rtie sau pergament, emise de cancelariile domne\u0219ti din \u021a\u0103rile Rom\u00e2ne, erau validate, al\u0103turi de semn\u0103turile olografe, prin folosirea unor sigilii de diferite dimensiuni. Pece\u021bile domne\u0219ti, aplicate&hellip;&nbsp;<a href=\"https:\/\/romfilatelia.ro\/magazin\/produs\/colectii-anuale\/2021\/ziua-marcii-postale-romanesti-peceti-ale-domnitorilor-romani-ii\/\" class=\"\" rel=\"bookmark\">Cite\u0219te mai mult &raquo;<span class=\"screen-reader-text\">ZIUA M\u0102RCII PO\u0218TALE ROM\u00c2NE\u0218TI PECE\u021aI ALE DOMNITORILOR ROM\u00c2NI (II)<\/span><\/a><\/p>\n","protected":false},"featured_media":2028385,"template":"","meta":{"neve_meta_sidebar":"","neve_meta_container":"","neve_meta_enable_content_width":"","neve_meta_content_width":0,"neve_meta_title_alignment":"","neve_meta_author_avatar":"","neve_post_elements_order":"","neve_meta_disable_header":"","neve_meta_disable_footer":"","neve_meta_disable_title":""},"product_cat":[169,6],"product_tag":[],"_links":{"self":[{"href":"https:\/\/romfilatelia.ro\/magazin\/wp-json\/wp\/v2\/product\/2028382"}],"collection":[{"href":"https:\/\/romfilatelia.ro\/magazin\/wp-json\/wp\/v2\/product"}],"about":[{"href":"https:\/\/romfilatelia.ro\/magazin\/wp-json\/wp\/v2\/types\/product"}],"wp:featuredmedia":[{"embeddable":true,"href":"https:\/\/romfilatelia.ro\/magazin\/wp-json\/wp\/v2\/media\/2028385"}],"wp:attachment":[{"href":"https:\/\/romfilatelia.ro\/magazin\/wp-json\/wp\/v2\/media?parent=2028382"}],"wp:term":[{"taxonomy":"product_cat","embeddable":true,"href":"https:\/\/romfilatelia.ro\/magazin\/wp-json\/wp\/v2\/product_cat?post=2028382"},{"taxonomy":"product_tag","embeddable":true,"href":"https:\/\/romfilatelia.ro\/magazin\/wp-json\/wp\/v2\/product_tag?post=2028382"}],"curies":[{"name":"wp","href":"https:\/\/api.w.org\/{rel}","templated":true}]}}