{"id":2028320,"date":"2021-07-01T07:03:53","date_gmt":"2021-07-01T05:03:53","guid":{"rendered":"https:\/\/romfilatelia.ro\/magazin\/?post_type=product&#038;p=2028320"},"modified":"2021-07-01T15:24:45","modified_gmt":"2021-07-01T13:24:45","slug":"ion-d-berindei-150-de-ani-de-la-nastere","status":"publish","type":"product","link":"https:\/\/romfilatelia.ro\/magazin\/produs\/colectii-anuale\/2021\/ion-d-berindei-150-de-ani-de-la-nastere\/","title":{"rendered":"ION D. BERINDEI, 150 DE ANI DE LA NA\u0218TERE"},"content":{"rendered":"<p style=\"padding-left: 40px;\"><a href=\"https:\/\/romfilatelia.ro\/magazin\/wp-content\/uploads\/2021\/07\/SITE_mc_Berindei-150-ani-nastere.jpg\"><img decoding=\"async\" loading=\"lazy\" class=\"wp-image-2028323 size-medium alignleft\" src=\"https:\/\/romfilatelia.ro\/magazin\/wp-content\/uploads\/2021\/07\/SITE_mc_Berindei-150-ani-nastere-300x224.jpg\" alt=\"\" width=\"300\" height=\"224\" srcset=\"https:\/\/romfilatelia.ro\/magazin\/wp-content\/uploads\/2021\/07\/SITE_mc_Berindei-150-ani-nastere-300x224.jpg 300w, https:\/\/romfilatelia.ro\/magazin\/wp-content\/uploads\/2021\/07\/SITE_mc_Berindei-150-ani-nastere-500x374.jpg 500w, https:\/\/romfilatelia.ro\/magazin\/wp-content\/uploads\/2021\/07\/SITE_mc_Berindei-150-ani-nastere-64x48.jpg 64w, https:\/\/romfilatelia.ro\/magazin\/wp-content\/uploads\/2021\/07\/SITE_mc_Berindei-150-ani-nastere-800x598.jpg 800w, https:\/\/romfilatelia.ro\/magazin\/wp-content\/uploads\/2021\/07\/SITE_mc_Berindei-150-ani-nastere-768x574.jpg 768w, https:\/\/romfilatelia.ro\/magazin\/wp-content\/uploads\/2021\/07\/SITE_mc_Berindei-150-ani-nastere-1536x1148.jpg 1536w, https:\/\/romfilatelia.ro\/magazin\/wp-content\/uploads\/2021\/07\/SITE_mc_Berindei-150-ani-nastere-380x285.jpg 380w, https:\/\/romfilatelia.ro\/magazin\/wp-content\/uploads\/2021\/07\/SITE_mc_Berindei-150-ani-nastere-285x214.jpg 285w, https:\/\/romfilatelia.ro\/magazin\/wp-content\/uploads\/2021\/07\/SITE_mc_Berindei-150-ani-nastere.jpg 1918w\" sizes=\"(max-width: 300px) 100vw, 300px\" \/><\/a><strong>Romfilatelia<\/strong> introduce \u00een circula\u021bie, <em>vineri, 2 iulie a.c.<\/em>, emisiunea de m\u0103rci po\u0219tale <strong><em>Ion D. Berindei, 150 de ani de la na\u0219tere<\/em><\/strong>, dedicat\u0103 unuia dintre marii arhitec\u021bi ai Rom\u00e2niei, autor al unor edificii care reprezint\u0103 \u0219i azi adev\u0103rate podoabe ale patrimoniului construit din \u021bara noastr\u0103.<\/p>\n<p>Fiu al arhitectului Dimitrie Berindey (1831-1884), Ion D. Berindei (Berindey), 1871-1928, a absolvit \u0218coala de Arte Frumoase din Paris \u00een anul 1897. \u00centors \u00een Rom\u00e2nia, a proiectat, \u00een cei 30 de ani de carier\u0103, un num\u0103r impresionant de cl\u0103diri monumentale, de uz public sau re\u0219edin\u021be particulare. \u00cen Bucure\u0219ti, exemple sunt: Palatul Cantacuzino, Casa Assan, Palatul Sindicatului Ziari\u0219tilor (unde se afl\u0103 Teatrul Foarte Mic), Observatorul Astronomic \u201eAmiral Vasile Urseanu\u201d, casa Toma Stelian, Azilul Regina Elisabeta (azi Institutul de Geriatrie \u0219i Gerontologie \u201eAna Aslan\u201d). Tot el a construit Palatul Cantacuzino de la Flore\u0219ti (jud. Prahova) \u0219i somptuosul Palat al Culturii din Ia\u0219i.<\/p>\n<p>Dintre cele peste 60 de lucr\u0103ri realizate de Ion D. Berindei, 29 sunt monumente istorice, ceea ce demonstreaz\u0103 c\u0103 arhitectura pe care a creat-o se bucur\u0103 \u0219i ast\u0103zi de apreciere, situ\u00e2ndu-se pe un loc de seam\u0103 \u00een istoria arhitecturii moderne din Rom\u00e2nia. Crea\u021bia sa \u00eembin\u0103 elemente de eclectism de factur\u0103 Beaux-Arts, romantism, neorococo, cu tendin\u021be neorom\u00e2ne\u0219ti \u0219i cu elemente moderne de concep\u021bie 1900, at\u00e2t \u00een compozi\u021bia de ansamblu, c\u00e2t \u0219i \u00een rezolvarea decora\u021biei, bogat reprezentat\u0103.<\/p>\n<p>Moartea sa brusc\u0103, \u00een 1928, la numai 57 de ani, a suscitat un imens regret pentru tot ceea ce ar mai fi putut \u00eenf\u0103ptui dac\u0103 soarta i-ar fi d\u0103ruit mai mul\u021bi ani de via\u021b\u0103, dar \u0219i o imens\u0103 admira\u021bie pentru ceea ce izbutise s\u0103 \u00eenf\u0103ptuiasc\u0103. Ziaristul \u0219i memorialistul Constantin Bacalba\u0219a scria: \u201eIon Berindeiu, \u00abcl\u0103ditorul\u00bb pe care moartea ni l-a r\u0103pit alalt\u0103ieri cu o lovitur\u0103 de tr\u0103snet, a fost unul dintre superioarele suflete artistice, arhitectul care \u00een cl\u0103dirile sale suprapunea nu numai c\u0103r\u0103mizi \u0219i tencuial\u0103, dar \u0219i geniul constructor de mare estetic\u0103. [&#8230;] Berindeiu a fost arhitectul care las\u0103 \u00een urma lui nu numai ziduri \u00een\u0103l\u021bate, dar podoabe arhitecturale, demne de orice mare ora\u0219 civilizat\u201d.<\/p>\n<p>Pe timbrele emisiunii sunt ilustrate patru opere reprezentative ale lui Ion D. Berindei din capitala Rom\u00e2niei.<\/p>\n<p>Pe timbrul cu valoarea nominal\u0103 de <strong>2 lei<\/strong> este reprezentat\u0103 <strong><em>Casa Assan<\/em><\/strong>, azi <strong><em>Casa Oamenilor de \u0218tiin\u021b\u0103<\/em><\/strong> (Pia\u021ba Lahovari nr. 9). Cl\u0103direa a fost construit\u0103, \u00een anul 1904, de Ion D. Berindei pentru George G. Assan (fiu al industria\u0219ului George Assan, fratele lui Bazil G. Assan, industria\u0219, pre\u0219edinte al Camerei de Comer\u021b, deputat din partea Partidului Na\u021bional Liberal). Cl\u0103direa a intrat \u00een patrimoniul Academiei Rom\u00e2ne \u0219i din 1945 a devenit Casa Oamenilor de \u0218tiin\u021b\u0103.<\/p>\n<p>Stilistic, cl\u0103direa apar\u021bine tipologiei palatului Cantacuzino, academismului \u0219colii franceze ad\u0103ug\u00e2ndu-i-se \u0219i aici elemente Art Nouveau. Intrarea se deta\u0219eaz\u0103 ca volum de corpul casei, fiind marcat\u0103 de acoperi\u0219ul mai \u00eenalt \u00een dreptul ei \u0219i de o copertin\u0103 din sticl\u0103 \u0219i metal, \u00een form\u0103 de scoic\u0103. Balustradele balcoanelor \u0219i ale sc\u0103rii c\u0103tre gr\u0103din\u0103, precum \u0219i grilajul dinspre pia\u021b\u0103 sunt executate din fier forjat, iar formele lor \u0219i structura metalic\u0103 a copertinei de sticl\u0103 apar\u021bin limbajului Art Nouveau.<\/p>\n<p>Pe timbrul cu valoarea nominal\u0103 de <strong>7 lei<\/strong> este reprezentat\u0103 <strong><em>Casa Titulescu<\/em><\/strong> din Bucure\u0219ti, ast\u0103zi sediul <strong><em>Funda\u021biei Europene Titulescu<\/em><\/strong> (\u0218os. Kiseleff nr. 47). Casa a fost construit\u0103 pentru marele diplomat rom\u00e2n Nicolae Titulescu, care a locuit aici \u00een perioada 1912\u20131937.<\/p>\n<p>Arhitectura este de factur\u0103 eclectic\u0103, cu elemente neoclasice (frontonul triunghiular) \u0219i Art Nouveau. Un element semnificativ este loggia monumental\u0103, orientat\u0103 spre strad\u0103. Accesibil\u0103 at\u00e2t din interior, prin vestibul, c\u00e2t \u0219i din exterior, prin gr\u0103dina din fa\u021ba casei, loggia, cu colonada sa dubl\u0103, aminte\u0219te de Palatul Cantacuzino de la Flore\u0219ti \u0219i de palatul francez Micul Trianon.<\/p>\n<p>Pe timbrul cu valoarea nominal\u0103 de <strong>9 lei<\/strong> este ilustrat <strong><em>Palatul Cantacuzino din Bucure\u0219ti<\/em><\/strong>, ast\u0103zi sediu al <strong><em>Muzeul Na\u021bional \u201eGeorge Enescu\u201d<\/em><\/strong> (Calea Victoriei nr. 141).<\/p>\n<p>Ion D. Berindei a construit acest impozant imobil \u00een anii 1901-1906, pentru Gheorghe Grigore Cantacuzino, poreclit ,,Nababul\u201d (\u0219ef al Partidului Conservator, fost prim-ministru). Intrarea poart\u0103 deasupra stema princiar\u0103 a Cantacuzinilor, este ornamentat\u0103 cu o copertin\u0103 din sticl\u0103 \u0219i fier forjat \u0219i str\u0103juit\u0103 de doi lei de piatr\u0103. Colaborarea lui Berindei cu c\u00e2\u021biva renumi\u021bi arti\u0219ti ai vremii \u0219i furnizori de bunuri de lux a dat ca rezultat un decor interior de o mare bog\u0103\u021bie \u0219i elegan\u021b\u0103: picturi murale realizate de G. D. Mirea, Nicolae Vermont, Costin Petrescu \u0219i Arthur Verona; bronzuri \u0219i statuete realizate de sculptorul Storck, ornamenta\u021bii sculpturale exterioare \u0219i interioare de Emil Wilhelm von Becker, la acestea ad\u0103ug\u00e2ndu-se tapiserii, candelabre, vitralii, l\u0103mpi, mobilier \u00een stil Ludovic al XIV-lea \u0219i Ludovic al XVI-lea, ce provin de la Casa Kriger \u0219i Mercier din Paris.<\/p>\n<p>Dup\u0103 moartea Nababului, \u00een 1913, palatul a intrat \u00een posesia fiului s\u0103u, Mihail G. Cantacuzino, \u0219i a so\u021biei acestuia, Maria (Maruca). R\u0103mas\u0103 v\u0103duv\u0103, aceasta s-a rec\u0103s\u0103torit cu George Enescu \u00een 1937. Dup\u0103 moartea lui (1955), so\u021bia sa a donat imobilul statului rom\u00e2n, \u00een scopul \u00eenfiin\u021b\u0103rii muzeului dedicat memoriei compozitorului. Din 2007, Palatul Cantacuzino este inclus pe Lista Patrimoniului European.<\/p>\n<p>Pe timbrul cu valoarea nominal\u0103 de <strong>10,50 lei<\/strong> este reprezentat <strong><em>Observatorul Astronomic \u201eAmiral Vasile Urseanu\u201d<\/em><\/strong> (Bulevardul Lasc\u0103r Catargiu nr. 21), singurul observator astronomic din capital\u0103 deschis publicului, aflat azi \u00een administrarea Muzeului Municipiului Bucure\u0219ti. Ideea unui Observator Astronomic a prins contur \u00een 1908, c\u00e2nd a fost ales \u00een func\u021bia de pre\u0219edinte al Societ\u0103\u021bii Astronomice Rom\u00e2ne amiralul Vasile Urseanu (care se distinsese \u00een R\u0103zboiul de Independen\u021b\u0103 \u0219i contribuise la modernizarea marinei rom\u00e2ne\u0219ti), pasionat de astronomie, care \u0219i-a ridicat o cas\u0103 \u00eenzestrat\u0103 cu o cupol\u0103 destinat\u0103 efectu\u0103rii de observa\u021bii astronomice. Dup\u0103 moartea amiralului, v\u0103duva sa a donat cl\u0103direa municipalit\u0103\u021bii ora\u0219ului Bucure\u0219ti.<\/p>\n<p>Dup\u0103 cel de-al Doilea R\u0103zboi Mondial, observatorul a fost redeschis pentru public \u00een luna mai 1950. Dotat cu aparatur\u0103 modernizat\u0103, Observatorul are ca obiect de activitate at\u00e2t popularizarea astronomiei (oferind celor interesa\u021bi posibilitatea de a observa cerul prin lunete), c\u00e2t \u0219i efectuarea de observa\u021bii \u0219i cercet\u0103ri de c\u0103tre astronomii amatori. \u00cen anul 2017 a fost inaugurat\u0103 o expozi\u021bie permanent\u0103, atractiv\u0103 \u0219i modern\u0103, denumit\u0103 \u201eDescoperim \u00eempreun\u0103 Universul\u201d.<\/p>\n<p>Pe plicul \u201eprima zi\u201d a emisiunii a fost realizat un colaj de imagini: un detaliu al fa\u021badei <strong><em>Palatului Cantacuzino<\/em><\/strong> din Bucure\u0219ti, o fotografie de epoc\u0103 \u00eenf\u0103\u021bi\u0219\u00e2ndu-l pe arhitectul Ion D. Berindei \u00een mijlocul unui grup de colaboratori, <strong><em>Palatul Culturii din Ia\u0219i<\/em><\/strong> \u0219i <strong><em>Hipodromul de la B\u0103neasa.<\/em><\/strong><\/p>\n<p><strong><em>Palatul Culturii din Ia\u0219i<\/em><\/strong> este un adev\u0103rat edificiu-simbol al ora\u0219ului. \u00cen aspectul s\u0103u se reg\u0103se\u0219te o combina\u021bie de stiluri: neogotic, romantic \u0219i neobaroc. Are 298 \u00eenc\u0103peri, cu o suprafa\u021b\u0103 de aproximativ 36.000 m<sup>2<\/sup>. Construit\u0103 \u00een perioada 1906\u20131925, pe temeliile fostei Cur\u021bi Domne\u0219ti a Moldovei, cl\u0103direa a func\u021bionat ini\u021bial ca Palat Administrativ \u0219i de Justi\u021bie. Ast\u0103zi este sediul Complexului Muzeal Na\u021bional \u201eMoldova\u201d.<\/p>\n<p><strong><em>Hipodromul de la B\u0103neasa<\/em><\/strong> era o construc\u021bie proiectat\u0103 dup\u0103 modelul unor hipodromuri franceze \u0219i ridicat\u0103 \u00eentre anii 1905 \u0219i 1909. Era proprietatea Jockey Club-ului rom\u00e2n \u0219i ocupa o suprafa\u021b\u0103 de 62 ha \u00een nordul Bucure\u0219tiului. La vremea sa, era considerat unul dintre cele mai frumoase hipodromuri din Europa.<\/p>\n<p>Pavilionul tribunelor era prev\u0103zut cu o copertin\u0103 sus\u021binut\u0103 de ferme metalice care ie\u0219eau 10 metri \u00een consol\u0103, a\u0219adar f\u0103r\u0103 st\u00e2lpi de sus\u021binere, pentru a nu \u00eempiedica vizibilitatea. Era o solu\u021bie constructiv\u0103 \u00eendr\u0103znea\u021b\u0103 pentru acea vreme. Nepotul arhitectului, scriitorul Mircea I. Berindei, povestea: \u201eVerificarea rezisten\u021bei acestei copertine a fost f\u0103cut\u0103, conform relat\u0103rilor, prin \u00eenc\u0103rcarea ei cu un regiment de osta\u0219i av\u00e2nd \u00een frunte pe \u00eensu\u0219i proiectantul, \u0219i anume arhitectul Ion D. Berindey\u201d.<\/p>\n<p>Construc\u021bia nu mai exist\u0103; a fost demolat\u0103 de autorit\u0103\u021bile comuniste, \u00een 1952 \u0219i 1960, pe acest loc fiind ridicate Casa Sc\u00e2nteii (azi Casa Presei Libere) \u0219i Complexul Expozi\u021bional (ROMEXPO).<\/p>\n<p><em>Romfilatelia mul\u021bume\u0219te Academiei Rom\u00e2ne, Bibliotecii Academiei Rom\u00e2ne, doamnei lector univ. dr. Sidonia Teodorescu, Institutului Na\u021bional al Patrimoniului \u0219i Muzeului Na\u021bional \u201eGeorge Enescu\u201d, Muzeului Municipiului Bucure\u0219ti, Funda\u021biei Europene Titulescu pentru sprijinul documentar \u0219i fotografic oferit la realizarea acestei emisiuni de m\u0103rci po\u0219tale.<\/em><\/p>\n<p><strong><em> <a href=\"https:\/\/romfilatelia.ro\/magazin\/wp-content\/uploads\/2021\/07\/caract_Ion-D.-Berindei-150-ani-nastere_tript-1.jpg\"><img decoding=\"async\" loading=\"lazy\" class=\"aligncenter size-full wp-image-2028324\" src=\"https:\/\/romfilatelia.ro\/magazin\/wp-content\/uploads\/2021\/07\/caract_Ion-D.-Berindei-150-ani-nastere_tript-1.jpg\" alt=\"\" width=\"1714\" height=\"1530\" srcset=\"https:\/\/romfilatelia.ro\/magazin\/wp-content\/uploads\/2021\/07\/caract_Ion-D.-Berindei-150-ani-nastere_tript-1.jpg 1714w, https:\/\/romfilatelia.ro\/magazin\/wp-content\/uploads\/2021\/07\/caract_Ion-D.-Berindei-150-ani-nastere_tript-1-500x446.jpg 500w, https:\/\/romfilatelia.ro\/magazin\/wp-content\/uploads\/2021\/07\/caract_Ion-D.-Berindei-150-ani-nastere_tript-1-64x57.jpg 64w, https:\/\/romfilatelia.ro\/magazin\/wp-content\/uploads\/2021\/07\/caract_Ion-D.-Berindei-150-ani-nastere_tript-1-300x268.jpg 300w, https:\/\/romfilatelia.ro\/magazin\/wp-content\/uploads\/2021\/07\/caract_Ion-D.-Berindei-150-ani-nastere_tript-1-800x714.jpg 800w, https:\/\/romfilatelia.ro\/magazin\/wp-content\/uploads\/2021\/07\/caract_Ion-D.-Berindei-150-ani-nastere_tript-1-768x686.jpg 768w, https:\/\/romfilatelia.ro\/magazin\/wp-content\/uploads\/2021\/07\/caract_Ion-D.-Berindei-150-ani-nastere_tript-1-1536x1371.jpg 1536w\" sizes=\"(max-width: 1714px) 100vw, 1714px\" \/><\/a><\/em><\/strong><\/p>\n<p>&nbsp;<\/p>\n","protected":false},"excerpt":{"rendered":"<p>Romfilatelia introduce \u00een circula\u021bie, vineri, 2 iulie a.c., emisiunea de m\u0103rci po\u0219tale Ion D. Berindei, 150 de ani de la na\u0219tere, dedicat\u0103 unuia dintre marii arhitec\u021bi ai Rom\u00e2niei, autor al unor edificii care reprezint\u0103 \u0219i azi adev\u0103rate podoabe ale patrimoniului construit din \u021bara noastr\u0103. Fiu al arhitectului Dimitrie Berindey (1831-1884), Ion D. Berindei (Berindey), 1871-1928,&hellip;&nbsp;<a href=\"https:\/\/romfilatelia.ro\/magazin\/produs\/colectii-anuale\/2021\/ion-d-berindei-150-de-ani-de-la-nastere\/\" class=\"\" rel=\"bookmark\">Cite\u0219te mai mult &raquo;<span class=\"screen-reader-text\">ION D. BERINDEI, 150 DE ANI DE LA NA\u0218TERE<\/span><\/a><\/p>\n","protected":false},"featured_media":2028325,"template":"","meta":{"neve_meta_sidebar":"","neve_meta_container":"","neve_meta_enable_content_width":"","neve_meta_content_width":0,"neve_meta_title_alignment":"","neve_meta_author_avatar":"","neve_post_elements_order":"","neve_meta_disable_header":"","neve_meta_disable_footer":"","neve_meta_disable_title":""},"product_cat":[169,6],"product_tag":[],"_links":{"self":[{"href":"https:\/\/romfilatelia.ro\/magazin\/wp-json\/wp\/v2\/product\/2028320"}],"collection":[{"href":"https:\/\/romfilatelia.ro\/magazin\/wp-json\/wp\/v2\/product"}],"about":[{"href":"https:\/\/romfilatelia.ro\/magazin\/wp-json\/wp\/v2\/types\/product"}],"wp:featuredmedia":[{"embeddable":true,"href":"https:\/\/romfilatelia.ro\/magazin\/wp-json\/wp\/v2\/media\/2028325"}],"wp:attachment":[{"href":"https:\/\/romfilatelia.ro\/magazin\/wp-json\/wp\/v2\/media?parent=2028320"}],"wp:term":[{"taxonomy":"product_cat","embeddable":true,"href":"https:\/\/romfilatelia.ro\/magazin\/wp-json\/wp\/v2\/product_cat?post=2028320"},{"taxonomy":"product_tag","embeddable":true,"href":"https:\/\/romfilatelia.ro\/magazin\/wp-json\/wp\/v2\/product_tag?post=2028320"}],"curies":[{"name":"wp","href":"https:\/\/api.w.org\/{rel}","templated":true}]}}