{"id":2028260,"date":"2021-06-18T15:03:31","date_gmt":"2021-06-18T13:03:31","guid":{"rendered":"https:\/\/romfilatelia.ro\/magazin\/?post_type=product&#038;p=2028260"},"modified":"2021-06-24T12:49:39","modified_gmt":"2021-06-24T10:49:39","slug":"revolutia-lui-tudor-vladimirescu-200-de-ani","status":"publish","type":"product","link":"https:\/\/romfilatelia.ro\/magazin\/produs\/colectii-anuale\/2021\/revolutia-lui-tudor-vladimirescu-200-de-ani\/","title":{"rendered":"REVOLU\u021aIA LUI TUDOR VLADIMIRESCU, 200 DE ANI"},"content":{"rendered":"<p><a href=\"https:\/\/romfilatelia.ro\/magazin\/wp-content\/uploads\/2021\/06\/SITE_mc_Revol-Tudor-Vladimirescu-200-ani.jpg\"><img decoding=\"async\" loading=\"lazy\" class=\"wp-image-2028261 size-medium alignleft\" src=\"https:\/\/romfilatelia.ro\/magazin\/wp-content\/uploads\/2021\/06\/SITE_mc_Revol-Tudor-Vladimirescu-200-ani-300x241.jpg\" alt=\"\" width=\"300\" height=\"241\" srcset=\"https:\/\/romfilatelia.ro\/magazin\/wp-content\/uploads\/2021\/06\/SITE_mc_Revol-Tudor-Vladimirescu-200-ani-300x241.jpg 300w, https:\/\/romfilatelia.ro\/magazin\/wp-content\/uploads\/2021\/06\/SITE_mc_Revol-Tudor-Vladimirescu-200-ani-500x401.jpg 500w, https:\/\/romfilatelia.ro\/magazin\/wp-content\/uploads\/2021\/06\/SITE_mc_Revol-Tudor-Vladimirescu-200-ani-64x51.jpg 64w, https:\/\/romfilatelia.ro\/magazin\/wp-content\/uploads\/2021\/06\/SITE_mc_Revol-Tudor-Vladimirescu-200-ani-800x642.jpg 800w, https:\/\/romfilatelia.ro\/magazin\/wp-content\/uploads\/2021\/06\/SITE_mc_Revol-Tudor-Vladimirescu-200-ani-768x616.jpg 768w, https:\/\/romfilatelia.ro\/magazin\/wp-content\/uploads\/2021\/06\/SITE_mc_Revol-Tudor-Vladimirescu-200-ani.jpg 1052w\" sizes=\"(max-width: 300px) 100vw, 300px\" \/><\/a><strong>Romfilatelia<\/strong> introduce \u00een circula\u021bie, <em>mar\u021bi, 22 iunie a.c.<\/em>, emisiunea de m\u0103rci po\u0219tale <strong><em>Revolu\u021bia lui Tudor Vladimirescu, 200 de ani<\/em><\/strong>, dedicat\u0103 unui moment istoric \u0219i unei personalit\u0103\u021bi de excep\u021bie: Revolu\u021bia din 1821 \u0219i conduc\u0103torul acesteia, Tudor Vladimirescu.<\/p>\n<p>De\u0219i a fost \u00eenfr\u00e2nt\u0103 de for\u021bele militare otomane, mi\u0219carea revolu\u021bionar\u0103 din 1821 a avut o importan\u021b\u0103 capital\u0103 pentru istoria modern\u0103 a Rom\u00e2niei, \u00eentruc\u00e2t a pus cap\u0103t domniilor fanariote \u00een Moldova \u0219i \u021aara Rom\u00e2neasc\u0103. Istoricii definesc Revolu\u021bia din 1821 drept \u00eenceputul procesului de rena\u0219tere na\u021bional\u0103 a Rom\u00e2niei.<\/p>\n<p>Anul 2021, \u00een care celebr\u0103m \u00eemplinirea a dou\u0103 secole de la acest eveniment, a fost instituit drept \u201eAnul Tudor Vladimirescu\u201d, printr-un proiect de lege adoptat de Parlamentul Rom\u00e2niei, iar Tudor Vladimirescu a fost declarat <em>Erou al na\u021biunii rom\u00e2ne<\/em>.<\/p>\n<p>Emisiunea de m\u0103rci po\u0219tale <strong><em>Revolu\u021bia lui Tudor Vladimirescu, 200 de ani<\/em><\/strong><em>, <\/em>alc\u0103tuit\u0103 dintr-o marc\u0103 po\u0219tal\u0103, o coli\u021b\u0103 dantelat\u0103, un bloc special aniversar \u0219i un plic<em> \u201eprima zi\u201d,<\/em> se \u00eenscrie \u00een seria proiectelor menite s\u0103 \u00eel omagieze pe erou \u0219i s\u0103 celebreze <em>Anul Tudor Vladimirescu<\/em>.<\/p>\n<p>Pe timbrul cu valoarea nominal\u0103 de <strong>9 lei<\/strong> este reprodus portretul lui Tudor Vladimirescu, dup\u0103 o gravur\u0103 de Theodor Aman.<\/p>\n<p>\u00cen compozi\u021bia coli\u021bei emisiunii sunt reproduse urm\u0103toarele elemente: <em>Tudor Vladimirescu<\/em>, gravur\u0103 de Theodor Aman, \u0219i o tip\u0103ritur\u0103 din sec. XIX, ce ilustreaz\u0103 <em>Trupele de panduri conduse de Tudor Vladimirescu trec\u00e2nd Oltul la 10 martie 1821<\/em>. Pe timbrul coli\u021bei, cu valoarea nominal\u0103 de <strong>31,50 lei<\/strong>, este redat portretul lui Tudor Vladimirescu, dup\u0103 o litografie din sec. XIX.<\/p>\n<p>Pe plicul \u201eprima zi\u201d a emisiunii este \u00eenf\u0103\u021bi\u0219at Tudor Vladimirescu, reproducere dup\u0103 o pictur\u0103 \u00een ulei, realizat\u0103 de Theodor Aman, considerat\u0103 cel mai cunoscut portret al eroului.<\/p>\n<p>Theodor Aman este cel care a fixat \u00een memoria popular\u0103 \u00eenf\u0103\u021bi\u0219area lui Tudor Vladimirescu, de\u0219i toate variantele de portret au fost realizate postum, \u00eentruc\u00e2t Aman s-a n\u0103scut \u00een 1831, la zece ani dup\u0103 moartea lui Tudor. Chipul s\u0103u a fost reconstituit de pictor cu ajutorul m\u0103rturiilor unor veterani panduri, supravie\u021buitori ai Revolu\u021biei din 1821, \u0219i mai ales cu ajutorul informa\u021biilor \u0219i certificarea autenticit\u0103\u021bii din partea unuia dintre apropia\u021bii lui Tudor Vladimirescu, Petrache Poenaru (1799\u20131875), bine-cunoscutul inventator al stiloului. La 22 de ani, a intrat \u00een slujb\u0103 la Cancelaria lui Tudor, redact\u00e2nd documente \u0219i lu\u00e2nd parte la misiuni diplomatice. Spre sf\u00e2r\u0219itul vie\u021bii, l-a ajutat pe Theodor Aman s\u0103 prind\u0103 pe p\u00e2nz\u0103 \u00eenf\u0103\u021bi\u0219area \u201eDomnului Tudor\u201d \u00een tabloul realizat probabil \u00een perioada 1874-1876, la peste o jum\u0103tate de veac de la moartea acestuia. Mai recent, au fost descoperite la Viena, unde Tudor Vladimirescu c\u0103l\u0103torise, litografii care \u00eel reprezint\u0103 (cu o expresie aprig\u0103, dur\u0103), dar e pu\u021bin probabil ca Aman s\u0103 le fi cunoscut. Portretul realizat de el seam\u0103n\u0103 destul de bine cu litografiile men\u021bionate, dar prezint\u0103 o versiune idealizat\u0103: un b\u0103rbat chipe\u0219, demn, cu o expresie calm\u0103, sigur de el, capabil s\u0103 domine oamenii \u0219i situa\u021biile \u2013 portretul unui adev\u0103rat erou na\u021bional, foarte necesar \u00een contextul acelor vremuri, c\u00e2nd Rom\u00e2nia avea s\u0103-\u0219i proclame independen\u021ba fa\u021b\u0103 de Imperiul Otoman \u0219i s\u0103 o cucereasc\u0103 printr-un r\u0103zboi. Iar imaginea aceasta a r\u0103mas \u00eencrustat\u0103 pentru totdeauna \u00een mentalul colectiv: pentru to\u021bi rom\u00e2nii, \u201ea\u0219a ar\u0103ta\u201d Tudor Vladimirescu \u2013 omul din portretul pictat de Aman.<\/p>\n<p>Lucr\u0103rile de grafic\u0103 \u0219i pictur\u0103 reproduse \u00een cadrul acestei emisiuni de m\u0103rci po\u0219tale fac parte din patrimoniul Muzeul Municipiului Bucure\u0219ti.<strong><em>\u00a0<\/em><\/strong><\/p>\n<p><em>Romfilatelia mul\u021bume\u0219te Muzeului Municipiului Bucure\u0219ti, Prim\u0103riei Municipiului T\u00e2rgu Jiu \u0219i Muzeului Jude\u021bean Gorj \u201eAlexandru \u0218tefulescu\u201d pentru sprijinul oferit la realizarea acestei emisiuni de m\u0103rci po\u0219tale. <\/em><\/p>\n<p><strong><em>Mapa filatelic\u0103<\/em><\/strong><em>, realizat\u0103 \u00eentr-un tiraj limitat de <strong>211 <\/strong>exemplare, este echipat\u0103 cu un bloc special aniversar de dou\u0103 timbre: un timbru nedantelat \u0219i al doilea timbru realizat, \u00eentr-o prezentare \u00een premier\u0103, cu dantelur\u0103 dubl\u0103, format dreptunghiular. O imagine tematic\u0103 \u00eentrege\u0219te conceptul grafic al blocului, numerotat de la <strong>001<\/strong> la <strong>211<\/strong>. <\/em><\/p>\n<p>&nbsp;<\/p>\n<p><a href=\"https:\/\/romfilatelia.ro\/magazin\/wp-content\/uploads\/2021\/06\/caract_Revolutia-lui-Tudor-Vladimirescu.jpg\"><img decoding=\"async\" loading=\"lazy\" class=\"aligncenter size-full wp-image-2028262\" src=\"https:\/\/romfilatelia.ro\/magazin\/wp-content\/uploads\/2021\/06\/caract_Revolutia-lui-Tudor-Vladimirescu.jpg\" alt=\"\" width=\"1704\" height=\"1579\" srcset=\"https:\/\/romfilatelia.ro\/magazin\/wp-content\/uploads\/2021\/06\/caract_Revolutia-lui-Tudor-Vladimirescu.jpg 1704w, https:\/\/romfilatelia.ro\/magazin\/wp-content\/uploads\/2021\/06\/caract_Revolutia-lui-Tudor-Vladimirescu-500x463.jpg 500w, https:\/\/romfilatelia.ro\/magazin\/wp-content\/uploads\/2021\/06\/caract_Revolutia-lui-Tudor-Vladimirescu-64x59.jpg 64w, https:\/\/romfilatelia.ro\/magazin\/wp-content\/uploads\/2021\/06\/caract_Revolutia-lui-Tudor-Vladimirescu-300x278.jpg 300w, https:\/\/romfilatelia.ro\/magazin\/wp-content\/uploads\/2021\/06\/caract_Revolutia-lui-Tudor-Vladimirescu-800x741.jpg 800w, https:\/\/romfilatelia.ro\/magazin\/wp-content\/uploads\/2021\/06\/caract_Revolutia-lui-Tudor-Vladimirescu-768x712.jpg 768w, https:\/\/romfilatelia.ro\/magazin\/wp-content\/uploads\/2021\/06\/caract_Revolutia-lui-Tudor-Vladimirescu-1536x1423.jpg 1536w\" sizes=\"(max-width: 1704px) 100vw, 1704px\" \/><\/a><\/p>\n","protected":false},"excerpt":{"rendered":"<p>Romfilatelia introduce \u00een circula\u021bie, mar\u021bi, 22 iunie a.c., emisiunea de m\u0103rci po\u0219tale Revolu\u021bia lui Tudor Vladimirescu, 200 de ani, dedicat\u0103 unui moment istoric \u0219i unei personalit\u0103\u021bi de excep\u021bie: Revolu\u021bia din 1821 \u0219i conduc\u0103torul acesteia, Tudor Vladimirescu. De\u0219i a fost \u00eenfr\u00e2nt\u0103 de for\u021bele militare otomane, mi\u0219carea revolu\u021bionar\u0103 din 1821 a avut o importan\u021b\u0103 capital\u0103 pentru istoria&hellip;&nbsp;<a href=\"https:\/\/romfilatelia.ro\/magazin\/produs\/colectii-anuale\/2021\/revolutia-lui-tudor-vladimirescu-200-de-ani\/\" class=\"\" rel=\"bookmark\">Cite\u0219te mai mult &raquo;<span class=\"screen-reader-text\">REVOLU\u021aIA LUI TUDOR VLADIMIRESCU, 200 DE ANI<\/span><\/a><\/p>\n","protected":false},"featured_media":2028263,"template":"","meta":{"neve_meta_sidebar":"","neve_meta_container":"","neve_meta_enable_content_width":"","neve_meta_content_width":0,"neve_meta_title_alignment":"","neve_meta_author_avatar":"","neve_post_elements_order":"","neve_meta_disable_header":"","neve_meta_disable_footer":"","neve_meta_disable_title":""},"product_cat":[169,6],"product_tag":[],"_links":{"self":[{"href":"https:\/\/romfilatelia.ro\/magazin\/wp-json\/wp\/v2\/product\/2028260"}],"collection":[{"href":"https:\/\/romfilatelia.ro\/magazin\/wp-json\/wp\/v2\/product"}],"about":[{"href":"https:\/\/romfilatelia.ro\/magazin\/wp-json\/wp\/v2\/types\/product"}],"wp:featuredmedia":[{"embeddable":true,"href":"https:\/\/romfilatelia.ro\/magazin\/wp-json\/wp\/v2\/media\/2028263"}],"wp:attachment":[{"href":"https:\/\/romfilatelia.ro\/magazin\/wp-json\/wp\/v2\/media?parent=2028260"}],"wp:term":[{"taxonomy":"product_cat","embeddable":true,"href":"https:\/\/romfilatelia.ro\/magazin\/wp-json\/wp\/v2\/product_cat?post=2028260"},{"taxonomy":"product_tag","embeddable":true,"href":"https:\/\/romfilatelia.ro\/magazin\/wp-json\/wp\/v2\/product_tag?post=2028260"}],"curies":[{"name":"wp","href":"https:\/\/api.w.org\/{rel}","templated":true}]}}