{"id":2028082,"date":"2021-05-13T12:52:34","date_gmt":"2021-05-13T10:52:34","guid":{"rendered":"https:\/\/romfilatelia.ro\/magazin\/?post_type=product&#038;p=2028082"},"modified":"2021-05-13T12:55:49","modified_gmt":"2021-05-13T10:55:49","slug":"cosmonautica-aniversari","status":"publish","type":"product","link":"https:\/\/romfilatelia.ro\/magazin\/produs\/colectii-anuale\/2021\/cosmonautica-aniversari\/","title":{"rendered":"COSMONAUTIC\u0102. ANIVERS\u0102RI"},"content":{"rendered":"<p><a href=\"https:\/\/romfilatelia.ro\/magazin\/wp-content\/uploads\/2021\/05\/SITE_Mc_Cosmonautica-2021.jpg\">\u00a0<img decoding=\"async\" loading=\"lazy\" class=\"wp-image-2028083 size-medium alignleft\" src=\"https:\/\/romfilatelia.ro\/magazin\/wp-content\/uploads\/2021\/05\/SITE_Mc_Cosmonautica-2021-300x175.jpg\" alt=\"\" width=\"300\" height=\"175\" srcset=\"https:\/\/romfilatelia.ro\/magazin\/wp-content\/uploads\/2021\/05\/SITE_Mc_Cosmonautica-2021-300x175.jpg 300w, https:\/\/romfilatelia.ro\/magazin\/wp-content\/uploads\/2021\/05\/SITE_Mc_Cosmonautica-2021-500x291.jpg 500w, https:\/\/romfilatelia.ro\/magazin\/wp-content\/uploads\/2021\/05\/SITE_Mc_Cosmonautica-2021-64x37.jpg 64w, https:\/\/romfilatelia.ro\/magazin\/wp-content\/uploads\/2021\/05\/SITE_Mc_Cosmonautica-2021-800x466.jpg 800w, https:\/\/romfilatelia.ro\/magazin\/wp-content\/uploads\/2021\/05\/SITE_Mc_Cosmonautica-2021-768x448.jpg 768w, https:\/\/romfilatelia.ro\/magazin\/wp-content\/uploads\/2021\/05\/SITE_Mc_Cosmonautica-2021.jpg 1280w\" sizes=\"(max-width: 300px) 100vw, 300px\" \/><\/a>Prezen\u021ba \u00een spa\u021biul extraterestru poate determina apari\u021bia unor manifest\u0103ri ciudate, de la g\u00e2ndirea deformat\u0103 la senza\u021bii de dezorientare stranii.<\/p>\n<p>\u00cen timp ce se \u00eendrepta spre zona stabilit\u0103 a zborului orbital, cosmonautul Gherman Titov avea impresia c\u0103 corpul s\u0103u se rote\u0219te prin aer. A \u00eenceput s\u0103 se simt\u0103 astfel imediat ce nava spa\u021bial\u0103 <em>Vostok 2<\/em> s-a separat de racheta purt\u0103toare \u0219i a ajuns \u00een imponderabilitate. \u201eM-am sim\u021bit brusc ca \u0219i cum a\u0219 executa o tumb\u0103 \u0219i apoi a\u0219 zbura cu picioarele \u00een sus\u201d, a spus el mai t\u00e2rziu. \u00cen realitate, nu exist\u0103 nici o rostogolire \u2013 sentimentul era pur \u0219i simplu o iluzie, ceva asem\u0103n\u0103tor cu o experien\u021b\u0103 \u00een afara corpului.<\/p>\n<p>Pentru mul\u021bi astronau\u021bi, aceste senza\u021bii tind s\u0103 dispar\u0103 dup\u0103 c\u00e2teva zile \u00een spa\u021biu, dar al\u021bii sufer\u0103 sentimentele bulversante pe tot parcursul c\u0103l\u0103toriei lor. \u201e\u0218tiam c\u0103 stau \u00een picioare &#8230; \u0219i cu toate acestea m\u0103 sim\u021beam cu capul \u00een jos, \u00een ciuda faptului c\u0103 totul era normal orientat \u00een jurul meu\u201d \u2013 a\u0219a a descris un astronaut experien\u021ba sa la bordul sta\u021biei spa\u021biale <em>Spacelab<\/em>.<\/p>\n<p>\u00cencerc\u00e2nd s\u0103 ilustreze fenomenul \u201edezorient\u0103rii spa\u021biale\u201d, grafica emisiunii de m\u0103rci po\u0219tale <strong><em>Cosmonautic\u0103. Anivers\u0103ri<\/em><\/strong><em>,<\/em> ce va fi introdus\u0103 \u00een circula\u021bie de c\u0103tre <strong>Romfilatelia<\/strong> la data de <em>14 mai 2021<\/em>, \u00ee\u0219i propune s\u0103 induc\u0103 privitorului c\u00e2t mai aproape impresia de imponderabilitate resim\u021bit\u0103 de cosmonau\u021bi.<\/p>\n<p>Emisiunea celebreaz\u0103 \u00eemplinirea a 60 de ani de la primul zbor al omului \u00een Cosmos (Iuri Gagarin, 12 aprilie 1961) \u0219i 40 de ani de la prima c\u0103l\u0103torie spa\u021bial\u0103 la care a luat parte un cosmonaut rom\u00e2n \u2013 Dumitru-Dorin Prunariu (14 mai 1981).<\/p>\n<p>N\u0103scut la 27 septembrie 1952, la Bra\u0219ov, Dumitru-Dorin Prunariu a absolvit \u00een 1976 Universitatea Politehnic\u0103 din Bucure\u0219ti, cu specializarea Inginerie aeronautic\u0103. \u00cen 1978 a fost selectat pentru programul Intercosmos, un program de preg\u0103tire pentru zboruri spa\u021biale, iar \u00eentre 14 \u0219i 22 mai 1981 a participat, al\u0103turi de cosmonautul rus Leonid Ivanovici Popov, la un zbor spa\u021bial la bordul navei cosmice <em>Soiuz 40<\/em> \u0219i a petrecut o s\u0103pt\u0103m\u00e2n\u0103 la bordul Complexului Orbital <em>Saliut 6<\/em>, realiz\u00e2nd o serie de experimente \u0219tiin\u021bifice.<\/p>\n<p>Filatelia rom\u00e2neasc\u0103 a omagiat \u00een repetate r\u00e2nduri aceast\u0103 performan\u021b\u0103, cosmonautului rom\u00e2n fiindu-i dedicate mai multe emisiuni de m\u0103rci po\u0219tale.<\/p>\n<p>Prima dintre acestea a fost pus\u0103 \u00een circula\u021bie chiar \u00een luna mai a anului 1981. Intitulat\u0103 <em>Zborul \u00een cosmos rom\u00e2no-sovietic<\/em>, ea cuprindea dou\u0103 timbre (pe care erau ilustrate nava <em>Soiuz 40<\/em> \u0219i, respectiv, Complexul Orbital <em>Saliut 6<\/em>) \u0219i o coli\u021b\u0103 dantelat\u0103, cu portretele celor doi cosmonau\u021bi participan\u021bi la misiune, Dumitru Prunariu \u0219i Leonid Popov.<\/p>\n<p>O emisiune aniversar\u0103, care celebra \u00eemplinirea a 15 ani de la zborul cosmic al lui Dumitru Prunariu, a fost introdus\u0103 \u00een circula\u021bie \u00een anul 1996, cu ocazia <em>Expozi\u021biei Mondiale de Filatelie ESPAMER \u201996 <\/em>de la Sevilla (Spania).<\/p>\n<p>Zece ani mai t\u00e2rziu, \u00een 2006, Romfilatelia a celebrat \u00eemplinirea a <strong>25 de ani de la primul zbor \u00een Cosmos al unui rom\u00e2n<\/strong>, introduc\u00e2nd \u00een circula\u021bie o emisiune de m\u0103rci po\u0219tale de un tip special. Pe coli\u021ba emisiunii din 1996, pe care era ilustrat\u0103 figura cosmonautului Dumitru-Dorin Prunariu, a fost aplicat un supratipar cu folio aur pe jum\u0103tate din tiraj \u0219i cu folio argint pe cealalt\u0103 jum\u0103tate.<\/p>\n<p>\u00cen 2011, <strong>Romfilatelia<\/strong> marca s\u0103rb\u0103torirea a 50 de ani de la primul zbor al omului \u00een Cosmos \u0219i 30 de ani de la zborul spa\u021bial la care a participat Dumitru Prunariu, prin emisiunea de m\u0103rci po\u0219tale <strong>COSMOS 2011<\/strong>. Pe timbre figurau portretele eroilor acestor dou\u0103 evenimente, cosmonau\u021bii Iuri Gagarin \u0219i Dumitru Prunariu.<\/p>\n<p>La 10 ani de la apari\u021bia acestei emisiuni, <strong>Romfilatelia<\/strong> al\u0103tur\u0103 din nou, \u00eentr-o emisiune de m\u0103rci po\u0219tale, figurile celor doi participan\u021bi la zborul cosmic din 1981, \u00een emisiunea <strong><em>Cosmonautic\u0103. Anivers\u0103ri<\/em><\/strong> din acest an, alc\u0103tuit\u0103 din dou\u0103 timbre, o coli\u021b\u0103 dantelat\u0103 \u0219i un plic \u201eprima zi\u201d.<\/p>\n<p>Timbrul cu valoarea nominal\u0103 de <strong>2,20 lei<\/strong> \u00eei este dedicat primului cosmonaut al omenirii, Iuri Gagarin. Acesta este \u00eenf\u0103\u021bi\u0219at la bordul navei spa\u021biale <em>Vostok<\/em> cu care a zburat la 12 aprilie 1961. Silueta navei <em>Vostok<\/em> se reg\u0103se\u0219te \u00een fundal, iar \u00een col\u021bul din dreapta jos, \u00een cadrul logoului 60 (ani) Gagarin, este vizibil ecusonul de epoc\u0103 al misiunii Vostok.<\/p>\n<p>Al doilea timbru al emisiunii, cu valoarea nominal\u0103 de <strong>19,50 lei<\/strong>, \u00eel ilustreaz\u0103 pe Dumitru-Dorin Prunariu \u00een costum de cosmonaut, detalii din planurile tehnice ale rachetei Soiuz \u0219i logoul aniversar 40 (ani) Prunariu.<\/p>\n<p>Coli\u021ba emisiunii, cu o valoare nominal\u0103 de <strong>31,50 lei<\/strong>, \u00eel ilustreaz\u0103 \u00een manier\u0103 stilizat\u0103 pe primul cosmonaut rom\u00e2n, Dumitru-Dorin Prunariu, \u00eentr-o sugerat\u0103 stare de imponderabilitate, plutind la bordul complexului orbital <em>Soiuz 40-Saliut 6-Soiuz T4<\/em>, cu aparatul s\u0103u de fotografiat.<\/p>\n<p>Desenul tehnic din fundal reproduce detalii ale planurilor tehnice ale rachetei Soiuz \u0219i ale complexului orbital <em>Soiuz 40-Saliut 6-Soiuz T4<\/em>, la bordul c\u0103ruia \u0219i-a desf\u0103\u0219urat activitatea cosmonautul rom\u00e2n timp de 7 zile, 20 ore, 41 minute \u0219i 52 secunde. Al\u0103turi de perforul simulat ce sugereaz\u0103 orbitele spa\u021biale, se reg\u0103se\u0219te logoul aniversar oficial al cosmonautului rom\u00e2n \u2013 40 (ani) Prunariu.<\/p>\n<p>Pe l\u00e2ng\u0103 elementele compozi\u021bionale descrise mai sus ale fiec\u0103rui timbru, man\u0219etele minicolilor \u00eenf\u0103\u021bi\u0219eaz\u0103 P\u0103m\u00e2ntul v\u0103zut noaptea din Cosmos. \u00cen col\u021bul din dreapta jos, colec\u021bionarii tematicieni vor avea bucuria de a g\u0103si silueta navetei spa\u021biale americane STS-1 (Space Transportation System-1) Columbia, ce a efectuat primul s\u0103u zbor \u00een urm\u0103 cu 40 ani, la data de 12 aprilie 1981.<\/p>\n<p>\u00cen acela\u0219i spirit al \u201edezorient\u0103rii spa\u021biale\u201d, \u0219tiut fiind c\u0103 \u201e\u00een Cosmos nu exist\u0103 sus \u0219i jos\u201d, ilustra\u021bia plicului \u201eprima zi\u201d a emisiunii \u00eenf\u0103\u021bi\u0219eaz\u0103 un astronaut \u00een timpul EVA (Extravehicular Activity \u2013 activitate \u00een afara navei spa\u021biale), al\u0103turi de cele dou\u0103 logouri aniversare \u2013 40 (ani) Prunariu \u0219i 60 (ani) Gagarin.<\/p>\n<p>Imaginea \u0219tampilei \u201eprima zi\u201d a emisiunii con\u021bine elemente spa\u021biale stilizate, profilul unui cosmonaut, un corp ceresc, orbite cosmice \u0219i simbolul unei rachete sub forma unui vector spa\u021bial, element des \u00eent\u00e2lnit \u00een logourile multor agen\u021bii spa\u021biale.<\/p>\n<p><a href=\"https:\/\/romfilatelia.ro\/magazin\/wp-content\/uploads\/2021\/05\/caract_Cosmonautica_tript.jpg\"><img decoding=\"async\" loading=\"lazy\" class=\"aligncenter size-full wp-image-2028084\" src=\"https:\/\/romfilatelia.ro\/magazin\/wp-content\/uploads\/2021\/05\/caract_Cosmonautica_tript.jpg\" alt=\"\" width=\"1698\" height=\"1716\" srcset=\"https:\/\/romfilatelia.ro\/magazin\/wp-content\/uploads\/2021\/05\/caract_Cosmonautica_tript.jpg 1698w, https:\/\/romfilatelia.ro\/magazin\/wp-content\/uploads\/2021\/05\/caract_Cosmonautica_tript-100x100.jpg 100w, https:\/\/romfilatelia.ro\/magazin\/wp-content\/uploads\/2021\/05\/caract_Cosmonautica_tript-500x505.jpg 500w, https:\/\/romfilatelia.ro\/magazin\/wp-content\/uploads\/2021\/05\/caract_Cosmonautica_tript-64x65.jpg 64w, https:\/\/romfilatelia.ro\/magazin\/wp-content\/uploads\/2021\/05\/caract_Cosmonautica_tript-297x300.jpg 297w, https:\/\/romfilatelia.ro\/magazin\/wp-content\/uploads\/2021\/05\/caract_Cosmonautica_tript-792x800.jpg 792w, https:\/\/romfilatelia.ro\/magazin\/wp-content\/uploads\/2021\/05\/caract_Cosmonautica_tript-768x776.jpg 768w, https:\/\/romfilatelia.ro\/magazin\/wp-content\/uploads\/2021\/05\/caract_Cosmonautica_tript-1520x1536.jpg 1520w, https:\/\/romfilatelia.ro\/magazin\/wp-content\/uploads\/2021\/05\/caract_Cosmonautica_tript-53x53.jpg 53w, https:\/\/romfilatelia.ro\/magazin\/wp-content\/uploads\/2021\/05\/caract_Cosmonautica_tript-85x85.jpg 85w\" sizes=\"(max-width: 1698px) 100vw, 1698px\" \/><\/a><\/p>\n<p>&nbsp;<\/p>\n","protected":false},"excerpt":{"rendered":"<p>\u00a0Prezen\u021ba \u00een spa\u021biul extraterestru poate determina apari\u021bia unor manifest\u0103ri ciudate, de la g\u00e2ndirea deformat\u0103 la senza\u021bii de dezorientare stranii. \u00cen timp ce se \u00eendrepta spre zona stabilit\u0103 a zborului orbital, cosmonautul Gherman Titov avea impresia c\u0103 corpul s\u0103u se rote\u0219te prin aer. A \u00eenceput s\u0103 se simt\u0103 astfel imediat ce nava spa\u021bial\u0103 Vostok 2 s-a&hellip;&nbsp;<a href=\"https:\/\/romfilatelia.ro\/magazin\/produs\/colectii-anuale\/2021\/cosmonautica-aniversari\/\" class=\"\" rel=\"bookmark\">Cite\u0219te mai mult &raquo;<span class=\"screen-reader-text\">COSMONAUTIC\u0102. ANIVERS\u0102RI<\/span><\/a><\/p>\n","protected":false},"featured_media":2028085,"template":"","meta":{"neve_meta_sidebar":"","neve_meta_container":"","neve_meta_enable_content_width":"","neve_meta_content_width":0,"neve_meta_title_alignment":"","neve_meta_author_avatar":"","neve_post_elements_order":"","neve_meta_disable_header":"","neve_meta_disable_footer":"","neve_meta_disable_title":""},"product_cat":[169,6],"product_tag":[],"_links":{"self":[{"href":"https:\/\/romfilatelia.ro\/magazin\/wp-json\/wp\/v2\/product\/2028082"}],"collection":[{"href":"https:\/\/romfilatelia.ro\/magazin\/wp-json\/wp\/v2\/product"}],"about":[{"href":"https:\/\/romfilatelia.ro\/magazin\/wp-json\/wp\/v2\/types\/product"}],"wp:featuredmedia":[{"embeddable":true,"href":"https:\/\/romfilatelia.ro\/magazin\/wp-json\/wp\/v2\/media\/2028085"}],"wp:attachment":[{"href":"https:\/\/romfilatelia.ro\/magazin\/wp-json\/wp\/v2\/media?parent=2028082"}],"wp:term":[{"taxonomy":"product_cat","embeddable":true,"href":"https:\/\/romfilatelia.ro\/magazin\/wp-json\/wp\/v2\/product_cat?post=2028082"},{"taxonomy":"product_tag","embeddable":true,"href":"https:\/\/romfilatelia.ro\/magazin\/wp-json\/wp\/v2\/product_tag?post=2028082"}],"curies":[{"name":"wp","href":"https:\/\/api.w.org\/{rel}","templated":true}]}}