{"id":2027591,"date":"2021-03-05T09:23:28","date_gmt":"2021-03-05T07:23:28","guid":{"rendered":"https:\/\/romfilatelia.ro\/magazin\/?post_type=product&#038;p=2027591"},"modified":"2021-03-05T11:09:47","modified_gmt":"2021-03-05T09:09:47","slug":"femei-celebre-din-romania","status":"publish","type":"product","link":"https:\/\/romfilatelia.ro\/magazin\/produs\/colectii-anuale\/2021\/femei-celebre-din-romania\/","title":{"rendered":"FEMEI CELEBRE DIN ROM\u00c2NIA"},"content":{"rendered":"<p><a href=\"https:\/\/romfilatelia.ro\/magazin\/wp-content\/uploads\/2021\/03\/SITE_mc_Femei-celebre-din-Romania.jpg\"><img decoding=\"async\" loading=\"lazy\" class=\"alignleft wp-image-2027592 size-medium\" src=\"https:\/\/romfilatelia.ro\/magazin\/wp-content\/uploads\/2021\/03\/SITE_mc_Femei-celebre-din-Romania-300x267.jpg\" alt=\"\" width=\"300\" height=\"267\" \/><\/a>Luna martie debuteaz\u0103 cu o nou\u0103 emisiune de m\u0103rci po\u0219tale: <em>vineri, 5 martie 2021<\/em>, <strong>Romfilatelia<\/strong> introduce \u00een circula\u021bie emisiunea intitulat\u0103 <strong><em>Femei celebre din Rom\u00e2nia<\/em><\/strong>, dedicat\u0103 unor personalit\u0103\u021bi feminine de excep\u021bie.<\/p>\n<p><strong><em>Alice Voinescu<\/em><\/strong> (1885-1961), ilustrat\u0103 pe timbrul cu valoarea nominal\u0103 de <strong>1,40 lei<\/strong>, a fost prima rom\u00e2nc\u0103 doctor \u00een filosofie. Scriitoare, traduc\u0103toare \u0219i critic de teatru, a absolvit Facultatea de Litere \u0219i Filosofie din Bucure\u0219ti, iar \u00een 1913 a ob\u021binut doctoratul \u00een filosofie la Universitatea Sorbona din Paris, devenind prima femeie din Rom\u00e2nia cu titlul de doctor \u00een aceast\u0103 disciplin\u0103. A primit propuneri de angajare \u00een universit\u0103\u021bi din Fran\u021ba \u0219i SUA, dar le-a refuzat, \u00eentorc\u00e2ndu-se \u00een Rom\u00e2nia. La \u00eenceputul secolului XX, a deveni profesor universitar de filosofie \u00een \u021bar\u0103 s-a dovedit imposibil \u2013 asemenea posturi erau apanajul b\u0103rba\u021bilor \u2013, astfel \u00eenc\u00e2t s-a concentrat asupra esteticii \u0219i istoriei teatrului, devenind, \u00een 1922, profesor titular la Conservatorul de Muzic\u0103 \u0219i Art\u0103 Dramatic\u0103 din Bucure\u0219ti.<\/p>\n<p>Dup\u0103 venirea comuni\u0219tilor la putere, deoarece \u00ee\u0219i exprimase dezacordul fa\u021b\u0103 de politica autorit\u0103\u021bilor, existen\u021ba ei a devenit extrem de dificil\u0103: \u00een 1948, a fost pensionat\u0103 for\u021bat, iar \u00een 1951 a fost arestat\u0103 \u0219i a petrecut un an \u0219i \u0219apte luni \u00een \u00eenchisoare. Ulterior, a avut domiciliu obligatoriu \u00een comuna Coste\u0219ti din jude\u021bul Ia\u0219i, p\u00e2n\u0103 \u00een 1954. Dup\u0103 ce s-a \u00eentors \u00een Bucure\u0219ti, a supravie\u021buit datorit\u0103 unei mici pensii \u0219i c\u00e2\u0219tigului ob\u021binut din munca de traduc\u0103tor. A r\u0103mas \u00een istoria culturii rom\u00e2ne\u0219ti prin c\u0103r\u021bile de filosofie, estetic\u0103 \u0219i teatru pe care le-a publicat, dar \u0219i prin remarcabilul ei <em>Jurnal<\/em>, care cuprinde, pe l\u00e2ng\u0103 \u00eent\u00e2mpl\u0103ri din propria-i via\u021b\u0103, pagini-document despre oameni \u0219i evenimente din perioada interbelic\u0103 \u0219i cea comunist\u0103.<\/p>\n<p><strong><em>Smaranda Br\u0103escu<\/em><\/strong> (1897-1948), reprezentat\u0103 pe timbrul cu valoarea nominal\u0103 de <strong>1,50 lei,<\/strong> a fost prima femeie para\u0219utist cu brevet din Rom\u00e2nia \u0219i a de\u021binut, \u00een anii 1930, recorduri mondiale \u00een para\u0219utism.<\/p>\n<p>A devenit pasionat\u0103 de avia\u021bie de la o v\u00e2rst\u0103 t\u00e2n\u0103r\u0103 \u0219i a urmat cursuri \u00een Germania, ob\u021bin\u00e2nd brevetul interna\u021bional de para\u0219utist.<\/p>\n<p>La 2 octombrie 1931, a stabilit primul ei record, pe care a \u021binut s\u0103 \u00eel realizeze \u00een Rom\u00e2nia: a dobor\u00e2t recordul feminin mondial \u0219i recordul european masculin la para\u0219utism, s\u0103rind de la \u00een\u0103l\u021bimea de 6.000 m. Apoi, ambi\u021bia ei a dus-o mai departe, \u00een America, pentru a \u00eencerca s\u0103 doboare \u0219i recordul mondial absolut. Dup\u0103 antrenamente dure \u0219i mari dificult\u0103\u021bi \u00een ob\u021binerea unui avion \u0219i a autoriza\u021biei de a efectua saltul, a reu\u0219it. La 19 mai 1932, la Sacramento, SUA, a stabilit un nou record mondial la saltul cu para\u0219uta: 7233 m.<\/p>\n<p>Ulterior, a ob\u021binut \u0219i brevet de pilot, iar \u00een timpul celui de-al Doilea R\u0103zboi Mondial a activat \u00een Rom\u00e2nia ca instructor de para\u0219uti\u0219ti \u0219i ca pilot voluntar \u00een avia\u021bia sanitar\u0103.<\/p>\n<p>Condamnat\u0103 \u00een contumacie la \u00eenchisoare, de c\u0103tre regimul comunist, pentru semnarea unui protest \u00eempotriva falsific\u0103rii alegerilor din 1946, a fost nevoit\u0103 s\u0103 se ascund\u0103, sub nume de \u00eemprumut, p\u00e2n\u0103 c\u00e2nd s-a stins din via\u021b\u0103, \u00een anul 1948.<\/p>\n<p>Chiar dac\u0103 azi recordul mondial de salt cu para\u0219uta este de peste 41.000 m, performan\u021bele Smarandei Br\u0103escu r\u0103m\u00e2n excep\u021bionale pentru acea vreme. Pentru recordurile ob\u021binute, a fost declarat\u0103 \u00een 1932 \u201esportiva nr. 1 a lumii\u201d.<\/p>\n<p><strong><em>Sarmiza Bilcescu<\/em><\/strong> (1867-1935), cunoscut\u0103 ca Sarmiza Bilcescu-Alim\u0103ni\u0219teanu, \u00een urma c\u0103s\u0103toriei cu inginerul Constantin Alim\u0103ni\u0219teanu, a c\u0103rei imagine este ilustrat\u0103 pe timbrul cu valoarea nominal\u0103 de <strong>19,50 lei<\/strong>, a fost prima femeie avocat din Rom\u00e2nia, prima femeie care a studiat dreptul la Universitatea Sorbona din Paris \u0219i prima femeie din lume care a ob\u021binut un doctorat \u00een drept.<\/p>\n<p>\u00censcriindu-se la Facultatea de Drept de la Universitatea Sorbona, a devenit cea dint\u00e2i reprezentant\u0103 a sexului feminin care urma cursurile acestei facult\u0103\u021bi. Colegii ei au acceptat-o cu u\u0219urin\u021b\u0103; \u00een schimb, nu to\u021bi profesorii s-au ar\u0103tat la fel de lipsi\u021bi de prejudec\u0103\u021bi: unii au mers p\u00e2n\u0103 la a-i interzice s\u0103 asiste la cursurile lor.<\/p>\n<p>Totu\u0219i, Sarmiza Bilcescu a perseverat, \u0219i-a luat examenele cu brio, ob\u021bin\u00e2nd \u00een 1887 licen\u021ba \u00een \u0219tiin\u021be juridice, iar \u00een 1890 a devenit prima femeie din lume care a ob\u021binut titlul academic de doctor \u00een drept, cu teza \u201eDespre condi\u021biunea legal\u0103 a mamei \u00een dreptul rom\u00e2n \u0219i francez\u201c, \u00een care pleda pentru egalitatea dintre femeie \u0219i b\u0103rbat \u00een c\u0103snicie \u0219i \u00een ceea ce prive\u0219te drepturile asupra copilului.<\/p>\n<p>Revenind \u00een Rom\u00e2nia, a solicitat \u00eenscrierea \u00een Baroul de Ilfov. De\u0219i cererea ei i-a derutat pe profesori, a fost acceptat\u0103, Sarmiza Bilcescu devenind astfel, \u00een 1891, prima femeie avocat din Rom\u00e2nia. Totu\u0219i, nu a profesat avocatura, c\u0103ci mentalitatea clien\u021bilor \u00eei determina pe ace\u0219tia s\u0103 apeleze la avoca\u021bi b\u0103rba\u021bi. \u00cen schimb, s-a dedicat activit\u0103\u021bii filantropice, \u00eembun\u0103t\u0103\u021birii condi\u021biei \u0219i a drepturilor femeilor, educa\u021biei, promov\u0103rii culturii rom\u00e2ne\u0219ti.<strong><em>\u00a0<\/em><\/strong><\/p>\n<p><em>Romfilatelia mul\u021bume\u0219te Bibliotecii Academiei Rom\u00e2ne, Muzeului Na\u021bional al Literaturii Rom\u00e2ne \u0219i Asocia\u021biei Rom\u00e2ne pentru Propaganda \u0219i Istoria Aeronauticii (ARPIA), pentru sprijinul documentar acordat la realizarea acestei emisiuni de m\u0103rci po\u0219tale.<\/em><\/p>\n<p><strong><em>\u00a0<img decoding=\"async\" loading=\"lazy\" class=\"aligncenter wp-image-2027601 size-full\" src=\"https:\/\/romfilatelia.ro\/magazin\/wp-content\/uploads\/2021\/03\/caract_Femei-celebre-din-Romania-2.jpg\" alt=\"\" width=\"1672\" height=\"927\" srcset=\"https:\/\/romfilatelia.ro\/magazin\/wp-content\/uploads\/2021\/03\/caract_Femei-celebre-din-Romania-2.jpg 1672w, https:\/\/romfilatelia.ro\/magazin\/wp-content\/uploads\/2021\/03\/caract_Femei-celebre-din-Romania-2-500x277.jpg 500w, https:\/\/romfilatelia.ro\/magazin\/wp-content\/uploads\/2021\/03\/caract_Femei-celebre-din-Romania-2-64x35.jpg 64w, https:\/\/romfilatelia.ro\/magazin\/wp-content\/uploads\/2021\/03\/caract_Femei-celebre-din-Romania-2-300x166.jpg 300w, https:\/\/romfilatelia.ro\/magazin\/wp-content\/uploads\/2021\/03\/caract_Femei-celebre-din-Romania-2-768x426.jpg 768w, https:\/\/romfilatelia.ro\/magazin\/wp-content\/uploads\/2021\/03\/caract_Femei-celebre-din-Romania-2-800x444.jpg 800w\" sizes=\"(max-width: 1672px) 100vw, 1672px\" \/><\/em><\/strong><\/p>\n<p><strong><em>\u00a0<\/em><\/strong><\/p>\n","protected":false},"excerpt":{"rendered":"<p>Luna martie debuteaz\u0103 cu o nou\u0103 emisiune de m\u0103rci po\u0219tale: vineri, 5 martie 2021, Romfilatelia introduce \u00een circula\u021bie emisiunea intitulat\u0103 Femei celebre din Rom\u00e2nia, dedicat\u0103 unor personalit\u0103\u021bi feminine de excep\u021bie. Alice Voinescu (1885-1961), ilustrat\u0103 pe timbrul cu valoarea nominal\u0103 de 1,40 lei, a fost prima rom\u00e2nc\u0103 doctor \u00een filosofie. Scriitoare, traduc\u0103toare \u0219i critic de teatru,&hellip;&nbsp;<a href=\"https:\/\/romfilatelia.ro\/magazin\/produs\/colectii-anuale\/2021\/femei-celebre-din-romania\/\" class=\"\" rel=\"bookmark\">Cite\u0219te mai mult &raquo;<span class=\"screen-reader-text\">FEMEI CELEBRE DIN ROM\u00c2NIA<\/span><\/a><\/p>\n","protected":false},"featured_media":2027592,"template":"","meta":{"neve_meta_sidebar":"","neve_meta_container":"","neve_meta_enable_content_width":"","neve_meta_content_width":0,"neve_meta_title_alignment":"","neve_meta_author_avatar":"","neve_post_elements_order":"","neve_meta_disable_header":"","neve_meta_disable_footer":"","neve_meta_disable_title":""},"product_cat":[169,6],"product_tag":[],"_links":{"self":[{"href":"https:\/\/romfilatelia.ro\/magazin\/wp-json\/wp\/v2\/product\/2027591"}],"collection":[{"href":"https:\/\/romfilatelia.ro\/magazin\/wp-json\/wp\/v2\/product"}],"about":[{"href":"https:\/\/romfilatelia.ro\/magazin\/wp-json\/wp\/v2\/types\/product"}],"wp:featuredmedia":[{"embeddable":true,"href":"https:\/\/romfilatelia.ro\/magazin\/wp-json\/wp\/v2\/media\/2027592"}],"wp:attachment":[{"href":"https:\/\/romfilatelia.ro\/magazin\/wp-json\/wp\/v2\/media?parent=2027591"}],"wp:term":[{"taxonomy":"product_cat","embeddable":true,"href":"https:\/\/romfilatelia.ro\/magazin\/wp-json\/wp\/v2\/product_cat?post=2027591"},{"taxonomy":"product_tag","embeddable":true,"href":"https:\/\/romfilatelia.ro\/magazin\/wp-json\/wp\/v2\/product_tag?post=2027591"}],"curies":[{"name":"wp","href":"https:\/\/api.w.org\/{rel}","templated":true}]}}