{"id":2027063,"date":"2020-12-09T18:49:51","date_gmt":"2020-12-09T16:49:51","guid":{"rendered":"https:\/\/romfilatelia.ro\/magazin\/?post_type=product&#038;p=2027063"},"modified":"2020-12-09T18:53:47","modified_gmt":"2020-12-09T16:53:47","slug":"flori-de-iarna","status":"publish","type":"product","link":"https:\/\/romfilatelia.ro\/magazin\/produs\/colectii-anuale\/2020\/flori-de-iarna\/","title":{"rendered":"FLORI DE IARN\u0102"},"content":{"rendered":"<p><a href=\"https:\/\/romfilatelia.ro\/magazin\/wp-content\/uploads\/2020\/12\/SITE_minicoli_flori-de-iarna.jpg\"><img decoding=\"async\" loading=\"lazy\" class=\"alignleft wp-image-2027064 size-medium\" src=\"https:\/\/romfilatelia.ro\/magazin\/wp-content\/uploads\/2020\/12\/SITE_minicoli_flori-de-iarna-300x251.jpg\" alt=\"\" width=\"300\" height=\"251\" srcset=\"https:\/\/romfilatelia.ro\/magazin\/wp-content\/uploads\/2020\/12\/SITE_minicoli_flori-de-iarna-300x251.jpg 300w, https:\/\/romfilatelia.ro\/magazin\/wp-content\/uploads\/2020\/12\/SITE_minicoli_flori-de-iarna-500x418.jpg 500w, https:\/\/romfilatelia.ro\/magazin\/wp-content\/uploads\/2020\/12\/SITE_minicoli_flori-de-iarna-64x53.jpg 64w, https:\/\/romfilatelia.ro\/magazin\/wp-content\/uploads\/2020\/12\/SITE_minicoli_flori-de-iarna-768x642.jpg 768w, https:\/\/romfilatelia.ro\/magazin\/wp-content\/uploads\/2020\/12\/SITE_minicoli_flori-de-iarna-800x668.jpg 800w, https:\/\/romfilatelia.ro\/magazin\/wp-content\/uploads\/2020\/12\/SITE_minicoli_flori-de-iarna.jpg 1575w\" sizes=\"(max-width: 300px) 100vw, 300px\" \/><\/a><strong>Romfilatelia<\/strong> introduce \u00een circula\u021bie, <em>joi, 10 decembrie a. c.<\/em>, o emisiune de m\u0103rci po\u0219tale care \u00eembin\u0103 o tematic\u0103 foarte iubit\u0103 de colec\u021bionari \u2013 florile \u2013 cu actualitatea anotimpului: <strong><em>Flori de iarn\u0103<\/em><\/strong><em>.<\/em><\/p>\n<p>Cele mai multe dintre plantele spontane \u0219i cultivate din \u021bara noastr\u0103 \u00eenfloresc prim\u0103vara \u0219i vara, dar un mic num\u0103r de specii produce flori \u00een anotimpul rece. Unele dintre acestea sunt plante autohtone, din flora spontan\u0103 a Rom\u00e2niei, altele sunt specii exotice, cultivate la noi fie \u00een gr\u0103dini, fie ca plante de apartament, tocmai pentru florile decorative care apar \u00een cursul iernii.<\/p>\n<p>Cr\u0103ciuni\u021ba, numit\u0103 \u0219i <strong>steaua Cr\u0103ciunului<\/strong> sau <strong>poinsettia<\/strong> (<em>Euphorbia<\/em> <em>pulcherrima<\/em>), este ilustrat\u0103 pe primul timbru, cu valoarea nominal\u0103 de <strong><em>2 lei<\/em><\/strong>. Planta este originar\u0103 din America Central\u0103 \u2013 Mexic \u0219i Guatemala. Tr\u0103s\u0103tura ei distinctiv\u0103 o reprezint\u0103 frunzele colorate care \u00eenconjoar\u0103 inflorescen\u021ba; nu e vorba despre petale, cum se crede adesea, ci despre frunze modificate, numite bractee. La plantele s\u0103lbatice, aceste bractee sunt ro\u0219ii; \u00een cultur\u0103 au fost ob\u021binute \u0219i soiuri cu bractee roz, crem etc. \u00cen lumea anglo-saxon\u0103 este numit\u0103 <em>poinsettia<\/em>, dup\u0103 numele botanistului Joel Roberts Poinsett, primul ambasador al SUA \u00een Mexic, care a introdus aceast\u0103 plant\u0103 \u00een SUA, \u00een prima jum\u0103tate a secolului al XIX-lea. Ast\u0103zi, sute de milioane de exemplare de stea a Cr\u0103ciunului sunt v\u00e2ndute \u00een \u00eentreaga lume, \u00een perioada s\u0103rb\u0103torilor de iarn\u0103.<\/p>\n<p><strong>Anemona de iarn\u0103<\/strong><em> (Eranthis hyemalis)<\/em> este ilustrat\u0103 pe cel de-al doilea timbru al emisiunii, care are valoarea nominal\u0103 de <strong><em>2,20 lei<\/em><\/strong>. Este o plant\u0103 de p\u0103dure, de mici dimensiuni, originar\u0103 din Europa. \u00cenflore\u0219te la sf\u00e2r\u0219itul iernii sau prim\u0103vara foarte devreme, chiar c\u00e2nd p\u0103m\u00e2ntul este \u00eenc\u0103 acoperit de z\u0103pad\u0103. Este o plant\u0103 efemer\u0103 (adic\u0103 are un ciclu de vegeta\u021bie foarte scurt). \u00cenflore\u0219te atunci c\u00e2nd cantitatea de lumin\u0103 care ajunge la sol este maxim\u0103, c\u00e2nd arborii sunt desfrunzi\u021bi; produce rapid semin\u021be, apoi partea aerian\u0103 a plantei se usuc\u0103, \u00een p\u0103m\u00e2nt r\u0103m\u00e2n\u00e2nd un bulb din care planta va r\u0103s\u0103ri din nou \u00een anul urm\u0103tor.<\/p>\n<p>Pe cel de-al treilea timbru al emisiunii, cu valoarea nominal\u0103 de <strong><em>5 lei<\/em><\/strong>, este ilustrat<strong> crinul de apartament<\/strong> sau <strong>crinul de ghiveci<\/strong><em> (Hippeastrum <\/em>sp.). Plantele din genul <em>Hippeastrum<\/em> sunt originare din America de Sud \u0219i\u00a0 Central\u0103. Diferite specii de <em>Hippeastrum<\/em> sunt cultivate \u00een Europa ca plante de apartament. (Termenul \u201esp.\u201d din denumirea \u0219tiin\u021bific\u0103 a plantei este o prescurtare a cuv\u00e2ntului latin \u201especies\u201d \u0219i indic\u0103 faptul c\u0103 imaginea este a unei plante din genul <em>Hippeastrum<\/em>, f\u0103r\u0103 a fi precizat\u0103 specia, care adesea nu poate fi determinat\u0103 dec\u00e2t de speciali\u0219ti, printr-o analiz\u0103 mai aprofundat\u0103.) Florile sunt mari, spectaculoase, de culoare alb\u0103, ro\u0219ie, roz, portocalie, uneori \u00een combina\u021bii de culori, cu puncte sau dungi. \u00cen func\u021bie de specie, plantele pot avea \u00eentre 2 \u0219i 15 flori. <em>Hippeastrum<\/em> este adesea numit <em>Amaryllis<\/em>, acesta fiind \u00eens\u0103 numele unui alt gen de plante, foarte asem\u0103n\u0103toare cu <em>Hippeastrum<\/em>, dar originare din Africa, nu din America.<\/p>\n<p>Pe cel de-al patrulea timbru al emisiunii, cu valoarea nominal\u0103 de <strong><em>19 lei<\/em><\/strong>, apare <strong>sp\u00e2nzul<\/strong><em> (Helleborus niger)<\/em>. Este o plant\u0103 ve\u0219nic verde, originar\u0103 din zonele muntoase ale Europei. Are flori albe sau roz. Este cunoscut\u0103 \u00eenc\u0103 din Antichitate ca plant\u0103 medicinal\u0103, de\u0219i este foarte toxic\u0103. De-a lungul timpului, a fost utilizat\u0103 \u00een medicina tradi\u021bional\u0103, pentru prepararea unor remedii; ast\u0103zi s-a renun\u021bat \u00een mare m\u0103sur\u0103 la utilizarea ei.<\/p>\n<p>Este cultivat\u0103 \u0219i ca plant\u0103 de apartament sau de gr\u0103din\u0103, \u00eenflorind de iarna p\u00e2n\u0103 prim\u0103vara devreme. Prin selec\u021bii \u0219i \u00eencruci\u0219\u0103ri \u00eentre diferite specii de sp\u00e2nz, au fost ob\u021binute soiuri cu flori de diverse culori, de la alb p\u00e2n\u0103 la violet-\u00eenchis.<\/p>\n<p>Pe plicul \u201eprima zi\u201d a emisiunii este reprezentat <strong>cactusul de<\/strong> <strong>Cr\u0103ciun<\/strong> (<em>Schlumbergera<\/em> <em>truncata<\/em>). Planta este originar\u0103 din zona muntoas\u0103 din sud-estul Braziliei. Spre deosebire de al\u021bi cactu\u0219i, care prefer\u0103 zonele aride, acesta cre\u0219te \u00een zone umede \u0219i mai r\u0103coroase. \u00cen Brazilia \u00eenflore\u0219te \u00een luna mai, purt\u00e2nd chiar numele de <em>floare de mai<\/em>. \u00cen emisfera nordic\u0103, unde este cultivat ca plant\u0103 de apartament, \u00eenflore\u0219te adesea \u00een timpul iernii, de unde \u0219i numele de <em>cr\u0103ciuni\u021b\u0103, cr\u0103ciunel<\/em> sau <em>cactus de Cr\u0103ciun<\/em>.<\/p>\n<p><em>Romfilatelia mul\u021bume\u0219te Gr\u0103dinii\u00a0 Botanice \u201eDimitrie Br\u00e2ndz\u0103\u201d a Universit\u0103\u021bii din Bucure\u0219ti \u0219i Institutului de Biologie al Academiei Rom\u00e2ne pentru sprijinul documentar \u0219i fotografic acordat la realizarea acestei emisiuni de m\u0103rci po\u0219tale.\u00a0 <\/em><\/p>\n<p><a href=\"https:\/\/romfilatelia.ro\/magazin\/wp-content\/uploads\/2020\/12\/caract_pliant-Flori-de-iarna2.jpg\"><img decoding=\"async\" loading=\"lazy\" class=\"aligncenter size-full wp-image-2027065\" src=\"https:\/\/romfilatelia.ro\/magazin\/wp-content\/uploads\/2020\/12\/caract_pliant-Flori-de-iarna2.jpg\" alt=\"\" width=\"1098\" height=\"638\" srcset=\"https:\/\/romfilatelia.ro\/magazin\/wp-content\/uploads\/2020\/12\/caract_pliant-Flori-de-iarna2.jpg 1098w, https:\/\/romfilatelia.ro\/magazin\/wp-content\/uploads\/2020\/12\/caract_pliant-Flori-de-iarna2-500x291.jpg 500w, https:\/\/romfilatelia.ro\/magazin\/wp-content\/uploads\/2020\/12\/caract_pliant-Flori-de-iarna2-64x37.jpg 64w, https:\/\/romfilatelia.ro\/magazin\/wp-content\/uploads\/2020\/12\/caract_pliant-Flori-de-iarna2-300x174.jpg 300w, https:\/\/romfilatelia.ro\/magazin\/wp-content\/uploads\/2020\/12\/caract_pliant-Flori-de-iarna2-768x446.jpg 768w, https:\/\/romfilatelia.ro\/magazin\/wp-content\/uploads\/2020\/12\/caract_pliant-Flori-de-iarna2-800x465.jpg 800w\" sizes=\"(max-width: 1098px) 100vw, 1098px\" \/><\/a><\/p>\n","protected":false},"excerpt":{"rendered":"<p>Romfilatelia introduce \u00een circula\u021bie, joi, 10 decembrie a. c., o emisiune de m\u0103rci po\u0219tale care \u00eembin\u0103 o tematic\u0103 foarte iubit\u0103 de colec\u021bionari \u2013 florile \u2013 cu actualitatea anotimpului: Flori de iarn\u0103. Cele mai multe dintre plantele spontane \u0219i cultivate din \u021bara noastr\u0103 \u00eenfloresc prim\u0103vara \u0219i vara, dar un mic num\u0103r de specii produce flori \u00een&hellip;&nbsp;<a href=\"https:\/\/romfilatelia.ro\/magazin\/produs\/colectii-anuale\/2020\/flori-de-iarna\/\" class=\"\" rel=\"bookmark\">Cite\u0219te mai mult &raquo;<span class=\"screen-reader-text\">FLORI DE IARN\u0102<\/span><\/a><\/p>\n","protected":false},"featured_media":2027068,"template":"","meta":{"neve_meta_sidebar":"","neve_meta_container":"","neve_meta_enable_content_width":"","neve_meta_content_width":0,"neve_meta_title_alignment":"","neve_meta_author_avatar":"","neve_post_elements_order":"","neve_meta_disable_header":"","neve_meta_disable_footer":"","neve_meta_disable_title":""},"product_cat":[165,6],"product_tag":[],"_links":{"self":[{"href":"https:\/\/romfilatelia.ro\/magazin\/wp-json\/wp\/v2\/product\/2027063"}],"collection":[{"href":"https:\/\/romfilatelia.ro\/magazin\/wp-json\/wp\/v2\/product"}],"about":[{"href":"https:\/\/romfilatelia.ro\/magazin\/wp-json\/wp\/v2\/types\/product"}],"wp:featuredmedia":[{"embeddable":true,"href":"https:\/\/romfilatelia.ro\/magazin\/wp-json\/wp\/v2\/media\/2027068"}],"wp:attachment":[{"href":"https:\/\/romfilatelia.ro\/magazin\/wp-json\/wp\/v2\/media?parent=2027063"}],"wp:term":[{"taxonomy":"product_cat","embeddable":true,"href":"https:\/\/romfilatelia.ro\/magazin\/wp-json\/wp\/v2\/product_cat?post=2027063"},{"taxonomy":"product_tag","embeddable":true,"href":"https:\/\/romfilatelia.ro\/magazin\/wp-json\/wp\/v2\/product_tag?post=2027063"}],"curies":[{"name":"wp","href":"https:\/\/api.w.org\/{rel}","templated":true}]}}