{"id":2027025,"date":"2020-12-02T13:14:20","date_gmt":"2020-12-02T11:14:20","guid":{"rendered":"https:\/\/romfilatelia.ro\/magazin\/?post_type=product&#038;p=2027025"},"modified":"2020-12-02T13:20:53","modified_gmt":"2020-12-02T11:20:53","slug":"ursi","status":"publish","type":"product","link":"https:\/\/romfilatelia.ro\/magazin\/produs\/colectii-anuale\/2020\/ursi\/","title":{"rendered":"UR\u0218I"},"content":{"rendered":"<p><a href=\"https:\/\/romfilatelia.ro\/magazin\/wp-content\/uploads\/2020\/12\/SITE_minicoli_Ursi.jpg\"><img decoding=\"async\" loading=\"lazy\" class=\"alignleft wp-image-2027026 size-medium\" src=\"https:\/\/romfilatelia.ro\/magazin\/wp-content\/uploads\/2020\/12\/SITE_minicoli_Ursi-295x300.jpg\" alt=\"\" width=\"295\" height=\"300\" srcset=\"https:\/\/romfilatelia.ro\/magazin\/wp-content\/uploads\/2020\/12\/SITE_minicoli_Ursi-295x300.jpg 295w, https:\/\/romfilatelia.ro\/magazin\/wp-content\/uploads\/2020\/12\/SITE_minicoli_Ursi-500x508.jpg 500w, https:\/\/romfilatelia.ro\/magazin\/wp-content\/uploads\/2020\/12\/SITE_minicoli_Ursi-64x65.jpg 64w, https:\/\/romfilatelia.ro\/magazin\/wp-content\/uploads\/2020\/12\/SITE_minicoli_Ursi-768x780.jpg 768w, https:\/\/romfilatelia.ro\/magazin\/wp-content\/uploads\/2020\/12\/SITE_minicoli_Ursi-787x800.jpg 787w, https:\/\/romfilatelia.ro\/magazin\/wp-content\/uploads\/2020\/12\/SITE_minicoli_Ursi-53x53.jpg 53w, https:\/\/romfilatelia.ro\/magazin\/wp-content\/uploads\/2020\/12\/SITE_minicoli_Ursi-85x85.jpg 85w, https:\/\/romfilatelia.ro\/magazin\/wp-content\/uploads\/2020\/12\/SITE_minicoli_Ursi.jpg 1382w\" sizes=\"(max-width: 295px) 100vw, 295px\" \/><\/a><strong>Romfilatelia<\/strong> continu\u0103 tematica <em>Faun\u0103<\/em>, foarte apreciat\u0103 de colec\u021bionari, introduc\u00e2nd \u00een circula\u021bie, <strong><em>joi, 3 decembrie a.c.,<\/em><\/strong> emisiunea de m\u0103rci po\u0219tale intitulat\u0103 <strong><em>Ur\u0219i<\/em><\/strong>, alc\u0103tuit\u0103 din patru m\u0103rci po\u015ftale \u00een care este ilustrat ursul brun, specie emblematic\u0103 a faunei s\u0103lbatice din Rom\u00e2nia. Pe cele patru timbre, av\u00e2nd valorile nominale de <strong>2 lei, 3,30 lei, 5 lei \u0219i 19 lei,<\/strong> este reprezentat <strong><em>ursul brun<\/em><\/strong> (<em>Ursus arctos<\/em>) \u00een patru ipostaze, corespunz\u00e2nd celor patru anotimpuri ce caracterizeaz\u0103 natura Rom\u00e2niei.<\/p>\n<p>Ursul brun este o specie r\u0103sp\u00e2ndit\u0103 \u00een Europa, Asia \u0219i America de Nord.<\/p>\n<p>\u00cen Europa, arealul s\u0103u s-a restr\u00e2ns continuu \u00eencep\u00e2nd din Antichitate, odat\u0103 cu restr\u00e2ngerea suprafe\u021bei p\u0103durilor. Ast\u0103zi, specia mai este prezent\u0103 \u00een aproximativ 20 de \u021b\u0103ri europene. Rom\u00e2nia are una dintre cele mai mari popula\u021bii de ur\u0219i bruni din Europa, estimat\u0103 la cca 6.000 de exemplare.<\/p>\n<p>Ursul brun este unul dintre cele mai mari carnivore terestre actuale. Masculii c\u00e2nt\u0103resc 250-300 kg, put\u00e2nd dep\u0103\u0219i, \u00een mod excep\u021bional, 400 kg. Femelele au 150-250 kg.<\/p>\n<p>Sunt animale masive, cu un schelet robust, cu membre puternice, \u00eenzestrate cu gheare care pot ajunge la 10 cm lungime. Capul este mare, cu craniul lat. Denti\u021bia cuprinde 42 de din\u021bi.<\/p>\n<p>Blana are diferite nuan\u021be de brun \u2013 cafeniu-\u00eenchis, brun-ro\u0219cat, brun-g\u0103lbui \u2013, rareori put\u00e2nd fi \u00eent\u00e2lnite exemplare albinoase, a c\u0103ror blan\u0103 este alb-g\u0103lbuie. Blana este deas\u0103 \u0219i poate avea 10 cm lungime.<\/p>\n<p>Ur\u0219ii bruni sunt omnivori, av\u00e2nd o alimenta\u021bie extrem de variat\u0103. Pe l\u00e2ng\u0103 hrana de origine animal\u0103 (mamifere, ou\u0103 \u0219i pui de p\u0103s\u0103ri, pe\u0219ti, insecte \u0219i larvele acestora), consum\u0103 \u0219i fructe de p\u0103dure, ghind\u0103, semin\u021be de conifere, flori \u0219i l\u0103stari, r\u0103d\u0103cini \u0219i tuberculi de plante, ciuperci. \u00cen special la \u00eenceputul prim\u0103verii, c\u00e2nd ies din somnul de iarn\u0103, se hr\u0103nesc adesea din cadavre ale unor animale care nu au supravie\u021buit iernii. Apropierea de a\u0219ez\u0103rile umane \u00eei determin\u0103 pe ur\u0219i s\u0103 recurg\u0103 \u0219i la alte surse de hran\u0103: ei atac\u0103 adesea animalele domestice, devasteaz\u0103 pris\u0103cile, consum\u00e2nd at\u00e2t mierea, c\u00e2t \u0219i albinele \u2013 adul\u021bi \u0219i larve \u2013 \u0219i m\u0103n\u00e2nc\u0103 plante cultivate (porumb \u0219i gr\u00e2u, fructe).<\/p>\n<p>Sunt animale solitare, masculii \u0219i femelele \u00eent\u00e2lnindu-se doar prim\u0103vara, \u00een perioada \u00eemperecherii. Femelele nasc de obicei 1-3 pui, care r\u0103m\u00e2n al\u0103turi de mam\u0103 timp de aproximativ 2 ani. \u00cen stare liber\u0103, ur\u0219ii tr\u0103iesc 20-30 de ani.<\/p>\n<p>Datorit\u0103 m\u0103rimii \u0219i for\u021bei sale, precum \u0219i modului s\u0103u de via\u021b\u0103, cu impact asupra vie\u021bii oamenilor, ursul apare adesea \u00een mitologia popular\u0103, \u00een legende, pove\u0219ti \u0219i obiceiuri, av\u00e2nd astfel, dincolo de importan\u021ba ecologic\u0103 \u00een ecosistemele \u00een care tr\u0103ie\u0219te, \u0219i o importan\u021b\u0103 cultural\u0103 deosebit\u0103.<em>\u00a0<\/em><\/p>\n<p><em>Romfilatelia mul\u021bume\u0219te Muzeului Na\u021bional de Istorie Natural\u0103 \u201eGrigore Antipa\u201d din Bucure\u0219ti \u0219i fotografilor Silviu Matei, Zolt\u00e1n Nagy \u0219i Daniel Petrescu pentru sprijinul documentar \u0219i fotografic acordat la realizarea acestei emisiuni de m\u0103rci po\u0219tale.<\/em><\/p>\n<p><em>\u00a0<a href=\"https:\/\/romfilatelia.ro\/magazin\/wp-content\/uploads\/2020\/12\/caract-Ursi.jpg\"><img decoding=\"async\" loading=\"lazy\" class=\"aligncenter size-full wp-image-2027027\" src=\"https:\/\/romfilatelia.ro\/magazin\/wp-content\/uploads\/2020\/12\/caract-Ursi.jpg\" alt=\"\" width=\"1108\" height=\"708\" srcset=\"https:\/\/romfilatelia.ro\/magazin\/wp-content\/uploads\/2020\/12\/caract-Ursi.jpg 1108w, https:\/\/romfilatelia.ro\/magazin\/wp-content\/uploads\/2020\/12\/caract-Ursi-500x319.jpg 500w, https:\/\/romfilatelia.ro\/magazin\/wp-content\/uploads\/2020\/12\/caract-Ursi-64x41.jpg 64w, https:\/\/romfilatelia.ro\/magazin\/wp-content\/uploads\/2020\/12\/caract-Ursi-300x192.jpg 300w, https:\/\/romfilatelia.ro\/magazin\/wp-content\/uploads\/2020\/12\/caract-Ursi-768x491.jpg 768w, https:\/\/romfilatelia.ro\/magazin\/wp-content\/uploads\/2020\/12\/caract-Ursi-800x511.jpg 800w\" sizes=\"(max-width: 1108px) 100vw, 1108px\" \/><\/a><\/em><\/p>\n","protected":false},"excerpt":{"rendered":"<p>Romfilatelia continu\u0103 tematica Faun\u0103, foarte apreciat\u0103 de colec\u021bionari, introduc\u00e2nd \u00een circula\u021bie, joi, 3 decembrie a.c., emisiunea de m\u0103rci po\u0219tale intitulat\u0103 Ur\u0219i, alc\u0103tuit\u0103 din patru m\u0103rci po\u015ftale \u00een care este ilustrat ursul brun, specie emblematic\u0103 a faunei s\u0103lbatice din Rom\u00e2nia. Pe cele patru timbre, av\u00e2nd valorile nominale de 2 lei, 3,30 lei, 5 lei \u0219i 19&hellip;&nbsp;<a href=\"https:\/\/romfilatelia.ro\/magazin\/produs\/colectii-anuale\/2020\/ursi\/\" class=\"\" rel=\"bookmark\">Cite\u0219te mai mult &raquo;<span class=\"screen-reader-text\">UR\u0218I<\/span><\/a><\/p>\n","protected":false},"featured_media":2027030,"template":"","meta":{"neve_meta_sidebar":"","neve_meta_container":"","neve_meta_enable_content_width":"","neve_meta_content_width":0,"neve_meta_title_alignment":"","neve_meta_author_avatar":"","neve_post_elements_order":"","neve_meta_disable_header":"","neve_meta_disable_footer":"","neve_meta_disable_title":""},"product_cat":[165,6],"product_tag":[],"_links":{"self":[{"href":"https:\/\/romfilatelia.ro\/magazin\/wp-json\/wp\/v2\/product\/2027025"}],"collection":[{"href":"https:\/\/romfilatelia.ro\/magazin\/wp-json\/wp\/v2\/product"}],"about":[{"href":"https:\/\/romfilatelia.ro\/magazin\/wp-json\/wp\/v2\/types\/product"}],"wp:featuredmedia":[{"embeddable":true,"href":"https:\/\/romfilatelia.ro\/magazin\/wp-json\/wp\/v2\/media\/2027030"}],"wp:attachment":[{"href":"https:\/\/romfilatelia.ro\/magazin\/wp-json\/wp\/v2\/media?parent=2027025"}],"wp:term":[{"taxonomy":"product_cat","embeddable":true,"href":"https:\/\/romfilatelia.ro\/magazin\/wp-json\/wp\/v2\/product_cat?post=2027025"},{"taxonomy":"product_tag","embeddable":true,"href":"https:\/\/romfilatelia.ro\/magazin\/wp-json\/wp\/v2\/product_tag?post=2027025"}],"curies":[{"name":"wp","href":"https:\/\/api.w.org\/{rel}","templated":true}]}}