{"id":2026971,"date":"2020-11-24T09:25:51","date_gmt":"2020-11-24T07:25:51","guid":{"rendered":"https:\/\/romfilatelia.ro\/magazin\/?post_type=product&#038;p=2026971"},"modified":"2020-11-24T09:28:41","modified_gmt":"2020-11-24T07:28:41","slug":"nuduri-in-pictura-romaneasca-2","status":"publish","type":"product","link":"https:\/\/romfilatelia.ro\/magazin\/produs\/colectii-anuale\/2020\/nuduri-in-pictura-romaneasca-2\/","title":{"rendered":"NUDURI \u00ceN PICTURA ROM\u00c2NEASC\u0102"},"content":{"rendered":"<p><a href=\"https:\/\/romfilatelia.ro\/magazin\/wp-content\/uploads\/2020\/11\/MC_nuduri-2020.jpg\"><img decoding=\"async\" loading=\"lazy\" class=\"alignleft wp-image-2026972 size-medium\" src=\"https:\/\/romfilatelia.ro\/magazin\/wp-content\/uploads\/2020\/11\/MC_nuduri-2020-191x300.jpg\" alt=\"\" width=\"191\" height=\"300\" srcset=\"https:\/\/romfilatelia.ro\/magazin\/wp-content\/uploads\/2020\/11\/MC_nuduri-2020-191x300.jpg 191w, https:\/\/romfilatelia.ro\/magazin\/wp-content\/uploads\/2020\/11\/MC_nuduri-2020-scaled-500x784.jpg 500w, https:\/\/romfilatelia.ro\/magazin\/wp-content\/uploads\/2020\/11\/MC_nuduri-2020-scaled-64x100.jpg 64w, https:\/\/romfilatelia.ro\/magazin\/wp-content\/uploads\/2020\/11\/MC_nuduri-2020-768x1204.jpg 768w, https:\/\/romfilatelia.ro\/magazin\/wp-content\/uploads\/2020\/11\/MC_nuduri-2020-510x800.jpg 510w, https:\/\/romfilatelia.ro\/magazin\/wp-content\/uploads\/2020\/11\/MC_nuduri-2020-scaled.jpg 1276w\" sizes=\"(max-width: 191px) 100vw, 191px\" \/><\/a><strong>Romfilatelia<\/strong> continu\u0103 seria de emisiuni dedicate picturii rom\u00e2ne\u0219ti \u0219i introduce \u00een circula\u021bie, <em>miercuri, 25 noiembrie a.c.<\/em>, emisiunea de m\u0103rci po\u0219tale intitulat\u0103 <strong><em>Nuduri \u00een pictura rom\u00e2neasc\u0103<\/em><\/strong>, \u00een care sunt ilustrate opere de acest gen apar\u021bin\u00e2nd lui Theodor Pallady.<\/p>\n<p>Theodor Pallady (1871-1956) a studiat ini\u021bial ingineria la Politehnica din Dresda, dar, \u00eendemnat \u0219i \u00eencurajat de cei care i-au recunoscut talentul, s-a \u00eendreptat cur\u00e2nd spre art\u0103. A studiat, a lucrat \u0219i a expus mult la Paris, \u00eentorc\u00e2ndu-se \u00een \u021bar\u0103 \u00een 1904. \u00cen pictura sa, influen\u021bat\u0103 de simbolism, nudurile ocup\u0103 un loc aparte. Artistul ocole\u0219te contrastele violente de umbre \u0219i lumini, traseaz\u0103 conturul corpului feminin cu o linie net\u0103 \u0219i, mai ales, surprinde tulbur\u0103tor expresiile chipurilor femeilor \u2013 concentrate sau destinse, g\u00e2nditoare, calme, vis\u0103toare \u2013 care le dezv\u0103luie subtil via\u021ba interioar\u0103.<\/p>\n<p>Pe primul timbru al emisiunii, av\u00e2nd valoarea nominal\u0103 de <strong>2,20 lei<\/strong>, este reprodus\u0103 lucrarea <strong><em>Toujours du Baudelaire<\/em><\/strong><em>, <\/em>un omagiu dedicat de Theodor Pallady marelui poet simbolist. Compozi\u021bia este \u00eendr\u0103znea\u021b\u0103. Pictura \u00eenf\u0103\u021bi\u0219eaz\u0103 dou\u0103 nuduri de tinere femei \u2013 prima odihnindu-se pe canapea, iar a doua a\u0219ezat\u0103 pe un covor cu motive geometrice, sprijinindu-se \u00een m\u00e2ini \u2013 \u00eentr-o ipostaz\u0103 relaxat\u0103, pline de senzualitate \u0219i dezinvoltur\u0103. Remarcabil\u0103 din punct de vedere artistic, lucrarea a fost pictat\u0103 \u00eentr-o gam\u0103 cromatic\u0103 bazat\u0103 pe contrastul cald-rece. Tabloul apar\u021bine Muzeului Na\u021bional de Art\u0103 al Rom\u00e2niei din Bucure\u0219ti.<\/p>\n<p>Al doilea timbru al emisiunii, av\u00e2nd valoarea nominal\u0103 de <strong>3,30 lei<\/strong>, ilustreaz\u0103 tabloul <strong><em>Femeie nud<\/em><\/strong>. Compozi\u021bia str\u00e2nge m\u0103nunchi, \u00een mijlocul ei, silueta tinerei femei \u0219i buchetul de flori, \u00eentre care pare c\u0103 se \u021bese un tainic dialog. Tonalitatea luminoas\u0103 a carna\u021biei, ale c\u0103rei ecouri se reg\u0103sesc \u00een por\u021belanul vasului, este pre\u021bios pus\u0103 \u00een valoare de nuan\u021bele \u00eentunecate din jurul desenului. Tabloul apar\u021bine Muzeului Jude\u021bean de Art\u0103 Prahova \u201eIon Ionescu-Quintus\u201d din Ploie\u0219ti.<\/p>\n<p>Tabloul <strong><em>Femeie pe canapea<\/em><\/strong>, ilustrat pe cel de-al treilea timbru al seriei, cu valoarea nominal\u0103 de <strong>5 lei<\/strong>, face parte din ciclul de nuduri cu \u0219osete gri \u0219i \u00eenf\u0103\u021bi\u0219eaz\u0103 o t\u00e2n\u0103r\u0103 femeie culcat\u0103 pe o canapea, cu capul sprijinit pe bra\u021bul acesteia \u0219i un picior \u00eendoit peste faldurile unei draperii verzi. Femeia este surprins\u0103 \u00eentr-o postur\u0103 relaxat\u0103, care eman\u0103 senzualitate \u0219i feminitate. Tabloul apar\u021bine Muzeului Na\u021bional de Art\u0103 al Rom\u00e2niei din Bucure\u0219ti.<\/p>\n<p>Pictura intitulat\u0103 <strong><em>Nud la mare<\/em><\/strong>, care \u00eenf\u0103\u021bi\u0219eaz\u0103 o t\u00e2n\u0103r\u0103 femeie a\u0219ezat\u0103 pe plaj\u0103, la malul m\u0103rii, este redat\u0103 pe ultimul timbru al seriei, av\u00e2nd valoarea nominal\u0103 de <strong>19 lei<\/strong>. T\u00e2n\u0103ra este redat\u0103 \u00eentr-o ipostaz\u0103 destins\u0103, \u021bin\u00e2ndu-\u0219i palma deasupra ochilor \u0219i scrut\u00e2nd melancolic\u0103 zarea. Compozi\u021bia este echilibrat\u0103, desenul este riguros, iar paleta cromatic\u0103 este bazat\u0103 pe contrastul cald-rece. Tabloul apar\u021bine Muzeului Na\u021bional de Art\u0103 al Rom\u00e2niei din Bucure\u0219ti.<\/p>\n<p>Pe cele dou\u0103 plicuri <em>prima zi<\/em> a emisiunii este reprodus\u0103 pictura <strong><em>Odalisc\u0103<\/em><\/strong><em>, <\/em>ce \u00eenf\u0103\u021bi\u0219eaz\u0103 un nud de turcoaic\u0103 t\u00e2n\u0103r\u0103, st\u00e2nd turce\u0219te \u0219i fum\u00e2nd din narghilea. Silueta tinerei,<br \/>\nextrem de expresiv\u0103, eman\u0103 senzualitate, feminitate \u0219i dezinvoltur\u0103. Din punct de vedere plastic, lucrarea se remarc\u0103 printr-un desen riguros, o palet\u0103 cromatic\u0103 bazat\u0103 pe contrastul de complementaritate ro\u0219u-verde, precum \u0219i printr-o compozi\u021bie echilibrat\u0103. Tabloul apar\u021bine Muzeului Na\u021bional de Art\u0103 al Rom\u00e2niei din Bucure\u0219ti.<strong><em>\u00a0<\/em><\/strong><\/p>\n<p><em>Romfilatelia mul\u021bume\u0219te Muzeului Na\u021bional de Art\u0103 al Rom\u00e2niei din Bucure\u0219ti \u0219i Muzeului Jude\u021bean de Art\u0103 Prahova \u201eIon Ionescu-Quintus\u201d din Ploie\u0219ti pentru sprijinul documentar \u0219i fotografic acordat la realizarea acestei emisiuni de m\u0103rci po\u0219tale.<\/em><\/p>\n<p><strong><em>\u00a0<a href=\"https:\/\/romfilatelia.ro\/magazin\/wp-content\/uploads\/2020\/11\/caract_Nuduri.jpg\"><img decoding=\"async\" loading=\"lazy\" class=\"aligncenter size-full wp-image-2026973\" src=\"https:\/\/romfilatelia.ro\/magazin\/wp-content\/uploads\/2020\/11\/caract_Nuduri.jpg\" alt=\"\" width=\"1121\" height=\"658\" srcset=\"https:\/\/romfilatelia.ro\/magazin\/wp-content\/uploads\/2020\/11\/caract_Nuduri.jpg 1121w, https:\/\/romfilatelia.ro\/magazin\/wp-content\/uploads\/2020\/11\/caract_Nuduri-500x293.jpg 500w, https:\/\/romfilatelia.ro\/magazin\/wp-content\/uploads\/2020\/11\/caract_Nuduri-64x38.jpg 64w, https:\/\/romfilatelia.ro\/magazin\/wp-content\/uploads\/2020\/11\/caract_Nuduri-300x176.jpg 300w, https:\/\/romfilatelia.ro\/magazin\/wp-content\/uploads\/2020\/11\/caract_Nuduri-768x451.jpg 768w, https:\/\/romfilatelia.ro\/magazin\/wp-content\/uploads\/2020\/11\/caract_Nuduri-800x470.jpg 800w\" sizes=\"(max-width: 1121px) 100vw, 1121px\" \/><\/a><\/em><\/strong><\/p>\n","protected":false},"excerpt":{"rendered":"<p>Romfilatelia continu\u0103 seria de emisiuni dedicate picturii rom\u00e2ne\u0219ti \u0219i introduce \u00een circula\u021bie, miercuri, 25 noiembrie a.c., emisiunea de m\u0103rci po\u0219tale intitulat\u0103 Nuduri \u00een pictura rom\u00e2neasc\u0103, \u00een care sunt ilustrate opere de acest gen apar\u021bin\u00e2nd lui Theodor Pallady. Theodor Pallady (1871-1956) a studiat ini\u021bial ingineria la Politehnica din Dresda, dar, \u00eendemnat \u0219i \u00eencurajat de cei care&hellip;&nbsp;<a href=\"https:\/\/romfilatelia.ro\/magazin\/produs\/colectii-anuale\/2020\/nuduri-in-pictura-romaneasca-2\/\" class=\"\" rel=\"bookmark\">Cite\u0219te mai mult &raquo;<span class=\"screen-reader-text\">NUDURI \u00ceN PICTURA ROM\u00c2NEASC\u0102<\/span><\/a><\/p>\n","protected":false},"featured_media":2026974,"template":"","meta":{"neve_meta_sidebar":"","neve_meta_container":"","neve_meta_enable_content_width":"","neve_meta_content_width":0,"neve_meta_title_alignment":"","neve_meta_author_avatar":"","neve_post_elements_order":"","neve_meta_disable_header":"","neve_meta_disable_footer":"","neve_meta_disable_title":""},"product_cat":[165,6],"product_tag":[],"_links":{"self":[{"href":"https:\/\/romfilatelia.ro\/magazin\/wp-json\/wp\/v2\/product\/2026971"}],"collection":[{"href":"https:\/\/romfilatelia.ro\/magazin\/wp-json\/wp\/v2\/product"}],"about":[{"href":"https:\/\/romfilatelia.ro\/magazin\/wp-json\/wp\/v2\/types\/product"}],"wp:featuredmedia":[{"embeddable":true,"href":"https:\/\/romfilatelia.ro\/magazin\/wp-json\/wp\/v2\/media\/2026974"}],"wp:attachment":[{"href":"https:\/\/romfilatelia.ro\/magazin\/wp-json\/wp\/v2\/media?parent=2026971"}],"wp:term":[{"taxonomy":"product_cat","embeddable":true,"href":"https:\/\/romfilatelia.ro\/magazin\/wp-json\/wp\/v2\/product_cat?post=2026971"},{"taxonomy":"product_tag","embeddable":true,"href":"https:\/\/romfilatelia.ro\/magazin\/wp-json\/wp\/v2\/product_tag?post=2026971"}],"curies":[{"name":"wp","href":"https:\/\/api.w.org\/{rel}","templated":true}]}}