{"id":2026210,"date":"2020-07-27T07:56:18","date_gmt":"2020-07-27T05:56:18","guid":{"rendered":"https:\/\/romfilatelia.ro\/magazin\/?post_type=product&#038;p=2026210"},"modified":"2020-07-27T07:59:20","modified_gmt":"2020-07-27T05:59:20","slug":"ludwig-van-beethoven-250-de-ani-de-la-nastere","status":"publish","type":"product","link":"https:\/\/romfilatelia.ro\/magazin\/produs\/colectii-anuale\/2020\/ludwig-van-beethoven-250-de-ani-de-la-nastere\/","title":{"rendered":"LUDWIG VAN BEETHOVEN, 250 DE ANI DE LA NA\u0218TERE"},"content":{"rendered":"<p><img decoding=\"async\" loading=\"lazy\" class=\"size-medium wp-image-2026211 alignleft\" src=\"https:\/\/romfilatelia.ro\/magazin\/wp-content\/uploads\/2020\/07\/SITE_MC_Beethoven-196x300.jpg\" alt=\"\" width=\"196\" height=\"300\" srcset=\"https:\/\/romfilatelia.ro\/magazin\/wp-content\/uploads\/2020\/07\/SITE_MC_Beethoven-196x300.jpg 196w, https:\/\/romfilatelia.ro\/magazin\/wp-content\/uploads\/2020\/07\/SITE_MC_Beethoven-500x764.jpg 500w, https:\/\/romfilatelia.ro\/magazin\/wp-content\/uploads\/2020\/07\/SITE_MC_Beethoven-64x98.jpg 64w, https:\/\/romfilatelia.ro\/magazin\/wp-content\/uploads\/2020\/07\/SITE_MC_Beethoven-524x800.jpg 524w, https:\/\/romfilatelia.ro\/magazin\/wp-content\/uploads\/2020\/07\/SITE_MC_Beethoven.jpg 754w\" sizes=\"(max-width: 196px) 100vw, 196px\" \/><\/p>\n<p><strong>Romfilatelia<\/strong> continu\u0103 seria tematicilor dedicate anivers\u0103rilor culturale cu o emisiune de m\u0103rci po\u0219tale consacrat\u0103 muzicii clasice &#8211; <strong><em>Ludwig van Beethoven, 250 de ani de la na\u0219tere<\/em><\/strong>, care va intra \u00een circula\u021bie <em>mar\u021bi, 28 iulie 2020<\/em>.<\/p>\n<p>Unul dintre cei mai mari compozitori ai lumii din toate timpurile, Ludwig van Beethoven (1770-1827) a fost un muzician talentat \u0219i un lupt\u0103tor deopotriv\u0103, capodoperele sale fiind realizate dup\u0103 declan\u0219area surzeniei: simfoniile Eroica, Destinului, Pastorala, sonatele Appassionata, Sonata Lunii, Concertul pentru vioar\u0103 \u0219i orchestr\u0103 sau Concertul nr. 5 pentru pian \u0219i orchestr\u0103, Simfonia a IX-a (cu vestita Od\u0103 a Bucuriei &#8211; imnul Uniunii Europene) \u0219i Missa Solemnis.<\/p>\n<p>Familia lui Beethoven avea origini flamande, iar tat\u0103l s\u0103u, Johann, a fost, de asemenea, muzician la Curtea din Bonn. \u00cen primii ani, Ludwig a fost ini\u021biat \u00een tainele muzicii clasice de tat\u0103l s\u0103u, care l-a \u00eencurajat s\u0103 sus\u021bin\u0103 concerte publice \u00eenc\u0103 de copil, asemenea lui Mozart.<\/p>\n<p>Dup\u0103 prima audi\u021bie public\u0103, la v\u00e2rsta de 8 ani, apreciat\u0103 de melomani, instruirea lui Beethoven a fost preluat\u0103 de Gottlob Neefe, un profesor renumit din Bonn, care, pe l\u00e2ng\u0103 lec\u021bii de muzic\u0103, i-a \u021binut \u0219i cursuri de filosofie antic\u0103 \u0219i modern\u0103.<\/p>\n<p>Apreciat de aristocra\u021bia din ora\u0219ul natal, la v\u00e2rsta de 17 ani, \u00een 1787, Beethoven a fost trimis la Curtea de la Viena, ora\u0219 considerat centrul cultural al Sf\u00e2ntului Imperiu Roman de Na\u021biune German\u0103. Aici a cunoscut mari muzicieni ai timpului, fiind elev al lui Joseph Haydn, Johann Georg Albrechtsberger sau Antonio Salieri. Se spune c\u0103 atunci c\u00e2nd Mozart l-a v\u0103zut pe Beethoven \u201ela lucru\u201d, ar fi spus: \u201e\u021aine\u021bi-i minte numele, o s\u0103 tot auzi\u021bi de el\u201d.<\/p>\n<p>Intui\u021bia lui Mozart a fost confirmat\u0103 de cariera str\u0103lucit\u0103 a lui Beethoven, valoarea acestuia fiind apreciat\u0103 deplin \u00eenc\u0103 din timpul vie\u021bii. Spre deosebire de al\u021bi arti\u0219ti ai timpului, care erau angaja\u021bii cur\u021bilor regale sau aristocratice, Ludwig van Beethoven a avut libertate de crea\u021bie, dup\u0103 ce a primit o subven\u021bie anual\u0103 din partea ora\u0219ului Viena. Unica \u00eendatorire a muzicianului era s\u0103 nu se mute din aceast\u0103 cetate a culturii, fiind liber s\u0103 compun\u0103 ce dorea, c\u00e2nd dorea, s\u0103 accepte sau s\u0103 resping\u0103 comenzile.<\/p>\n<p>Compozitorului \u00eei f\u0103cea pl\u0103cere s\u0103 ias\u0103 \u00een societate \u0219i s\u0103 interac\u021bioneze cu personalit\u0103\u021bile timpului. Beethoven nu era simpatic pentru toat\u0103 lumea, Johann Wolfgang von Goethe consider\u00e2ndu-l, spre exemplu, \u201eun s\u0103lbatic\u201d. Totu\u0219i, rela\u021bii personale nu au influen\u021bat muzica, iar numeroase poeme ale lui Goethe se reg\u0103sesc \u00een compozi\u021biile lui Beethoven.<\/p>\n<p>Artistul a compus cu repeziciunea celui care nu mai are mult de tr\u0103it, \u00eencerc\u00e2nd s\u0103 foloseasc\u0103 fiecare timp liber pe care-l avea la dispozi\u021bie, neglij\u00e2nd somnul, m\u00e2ncarea, prietenii. S-a preocupat \u0219i de viitorul muzicii clasice, select\u00e2nd tineri promi\u021b\u0103tori pentru a-i instrui \u0219i promova.<\/p>\n<p>\u00cencep\u00e2nd cu anul 1972, un fragment din preludiul la <em>Oda bucuriei<\/em>, din Simfonia a IX-a de Beethoven, a devenit imnul european.<\/p>\n<p>Pe timbrele emisiunii, ambele cu aceea\u0219i valoare nominal\u0103 de <strong>8,50 lei<\/strong>, se reg\u0103sesc portrete ale lui Ludwig van Beethoven, precum \u0219i partituri ale compozitorului. Pe plicul <em>\u201eprima zi\u201d <\/em>a emisiunii este reprodus un fragment din Simfonia a V-a \u00een Do minor, al\u0103turi de semn\u0103tura muzicianului.<\/p>\n<p><img decoding=\"async\" loading=\"lazy\" class=\"aligncenter wp-image-2026212 size-full\" src=\"https:\/\/romfilatelia.ro\/magazin\/wp-content\/uploads\/2020\/07\/caract_Beethoven-1.jpg\" alt=\"\" width=\"1658\" height=\"1044\" srcset=\"https:\/\/romfilatelia.ro\/magazin\/wp-content\/uploads\/2020\/07\/caract_Beethoven-1.jpg 1658w, https:\/\/romfilatelia.ro\/magazin\/wp-content\/uploads\/2020\/07\/caract_Beethoven-1-500x315.jpg 500w, https:\/\/romfilatelia.ro\/magazin\/wp-content\/uploads\/2020\/07\/caract_Beethoven-1-64x40.jpg 64w, https:\/\/romfilatelia.ro\/magazin\/wp-content\/uploads\/2020\/07\/caract_Beethoven-1-300x189.jpg 300w, https:\/\/romfilatelia.ro\/magazin\/wp-content\/uploads\/2020\/07\/caract_Beethoven-1-768x484.jpg 768w, https:\/\/romfilatelia.ro\/magazin\/wp-content\/uploads\/2020\/07\/caract_Beethoven-1-800x504.jpg 800w\" sizes=\"(max-width: 1658px) 100vw, 1658px\" \/><\/p>\n","protected":false},"excerpt":{"rendered":"<p>Romfilatelia continu\u0103 seria tematicilor dedicate anivers\u0103rilor culturale cu o emisiune de m\u0103rci po\u0219tale consacrat\u0103 muzicii clasice &#8211; Ludwig van Beethoven, 250 de ani de la na\u0219tere, care va intra \u00een circula\u021bie mar\u021bi, 28 iulie 2020. Unul dintre cei mai mari compozitori ai lumii din toate timpurile, Ludwig van Beethoven (1770-1827) a fost un muzician talentat&hellip;&nbsp;<a href=\"https:\/\/romfilatelia.ro\/magazin\/produs\/colectii-anuale\/2020\/ludwig-van-beethoven-250-de-ani-de-la-nastere\/\" class=\"\" rel=\"bookmark\">Cite\u0219te mai mult &raquo;<span class=\"screen-reader-text\">LUDWIG VAN BEETHOVEN, 250 DE ANI DE LA NA\u0218TERE<\/span><\/a><\/p>\n","protected":false},"featured_media":2026213,"template":"","meta":{"neve_meta_sidebar":"","neve_meta_container":"","neve_meta_enable_content_width":"","neve_meta_content_width":0,"neve_meta_title_alignment":"","neve_meta_author_avatar":"","neve_post_elements_order":"","neve_meta_disable_header":"","neve_meta_disable_footer":"","neve_meta_disable_title":""},"product_cat":[165,6],"product_tag":[],"_links":{"self":[{"href":"https:\/\/romfilatelia.ro\/magazin\/wp-json\/wp\/v2\/product\/2026210"}],"collection":[{"href":"https:\/\/romfilatelia.ro\/magazin\/wp-json\/wp\/v2\/product"}],"about":[{"href":"https:\/\/romfilatelia.ro\/magazin\/wp-json\/wp\/v2\/types\/product"}],"wp:featuredmedia":[{"embeddable":true,"href":"https:\/\/romfilatelia.ro\/magazin\/wp-json\/wp\/v2\/media\/2026213"}],"wp:attachment":[{"href":"https:\/\/romfilatelia.ro\/magazin\/wp-json\/wp\/v2\/media?parent=2026210"}],"wp:term":[{"taxonomy":"product_cat","embeddable":true,"href":"https:\/\/romfilatelia.ro\/magazin\/wp-json\/wp\/v2\/product_cat?post=2026210"},{"taxonomy":"product_tag","embeddable":true,"href":"https:\/\/romfilatelia.ro\/magazin\/wp-json\/wp\/v2\/product_tag?post=2026210"}],"curies":[{"name":"wp","href":"https:\/\/api.w.org\/{rel}","templated":true}]}}