{"id":2025950,"date":"2020-07-02T19:04:19","date_gmt":"2020-07-02T17:04:19","guid":{"rendered":"https:\/\/romfilatelia.ro\/magazin\/?post_type=product&#038;p=2025950"},"modified":"2024-05-10T08:22:56","modified_gmt":"2024-05-10T06:22:56","slug":"kit-album-filatelic-pesti-album-filatelicpasari-acvatice-cadou-album-filatelicemisiune-comuna-romania-spaniafauna-montana","status":"publish","type":"product","link":"https:\/\/romfilatelia.ro\/magazin\/produs\/produse-filatelice-cu-surprize\/kit-album-filatelic-pesti-album-filatelicpasari-acvatice-cadou-album-filatelicemisiune-comuna-romania-spaniafauna-montana\/","title":{"rendered":"Kit Album filatelic Pe\u0219ti + Album filatelic\tP\u0103s\u0103ri acvatice + CADOU Album filatelic\tEmisiune comun\u0103 Rom\u00e2nia &#8211; Spania:Faun\u0103 montan\u0103"},"content":{"rendered":"","protected":false},"excerpt":{"rendered":"","protected":false},"featured_media":2025951,"template":"","meta":{"neve_meta_sidebar":"","neve_meta_container":"","neve_meta_enable_content_width":"","neve_meta_content_width":0,"neve_meta_title_alignment":"","neve_meta_author_avatar":"","neve_post_elements_order":"","neve_meta_disable_header":"","neve_meta_disable_footer":"","neve_meta_disable_title":""},"product_cat":[167],"product_tag":[],"_links":{"self":[{"href":"https:\/\/romfilatelia.ro\/magazin\/wp-json\/wp\/v2\/product\/2025950"}],"collection":[{"href":"https:\/\/romfilatelia.ro\/magazin\/wp-json\/wp\/v2\/product"}],"about":[{"href":"https:\/\/romfilatelia.ro\/magazin\/wp-json\/wp\/v2\/types\/product"}],"wp:featuredmedia":[{"embeddable":true,"href":"https:\/\/romfilatelia.ro\/magazin\/wp-json\/wp\/v2\/media\/2025951"}],"wp:attachment":[{"href":"https:\/\/romfilatelia.ro\/magazin\/wp-json\/wp\/v2\/media?parent=2025950"}],"wp:term":[{"taxonomy":"product_cat","embeddable":true,"href":"https:\/\/romfilatelia.ro\/magazin\/wp-json\/wp\/v2\/product_cat?post=2025950"},{"taxonomy":"product_tag","embeddable":true,"href":"https:\/\/romfilatelia.ro\/magazin\/wp-json\/wp\/v2\/product_tag?post=2025950"}],"curies":[{"name":"wp","href":"https:\/\/api.w.org\/{rel}","templated":true}]}}