{"id":2025948,"date":"2020-07-02T19:05:58","date_gmt":"2020-07-02T17:05:58","guid":{"rendered":"https:\/\/romfilatelia.ro\/magazin\/?post_type=product&#038;p=2025948"},"modified":"2024-05-10T08:23:22","modified_gmt":"2024-05-10T06:23:22","slug":"kit-mapa-filatelica-traieste-sanatos-album-filatelic-traieste-sanatos-2013-cadou-colita-dantelata-numerotata-inserata-in-carte-ilie-nastase-un-as-intre-asi","status":"publish","type":"product","link":"https:\/\/romfilatelia.ro\/magazin\/produs\/produse-filatelice-cu-surprize\/kit-mapa-filatelica-traieste-sanatos-album-filatelic-traieste-sanatos-2013-cadou-colita-dantelata-numerotata-inserata-in-carte-ilie-nastase-un-as-intre-asi\/","title":{"rendered":"Kit Map\u0103 filatelic\u0103 Tr\u0103ie\u0219te s\u0103n\u0103tos! + Album filatelic Tr\u0103ie\u0219te s\u0103n\u0103tos! 2013 + CADOU Coli\u021b\u0103 dantelat\u0103 numerotat\u0103 inserat\u0103 \u00een carte &#8222;Ilie N\u0103stase &#8211; Un as \u00eentre a\u0219i &#8222;"},"content":{"rendered":"","protected":false},"excerpt":{"rendered":"","protected":false},"featured_media":2025949,"template":"","meta":{"neve_meta_sidebar":"","neve_meta_container":"","neve_meta_enable_content_width":"","neve_meta_content_width":0,"neve_meta_title_alignment":"","neve_meta_author_avatar":"","neve_post_elements_order":"","neve_meta_disable_header":"","neve_meta_disable_footer":"","neve_meta_disable_title":""},"product_cat":[167],"product_tag":[],"_links":{"self":[{"href":"https:\/\/romfilatelia.ro\/magazin\/wp-json\/wp\/v2\/product\/2025948"}],"collection":[{"href":"https:\/\/romfilatelia.ro\/magazin\/wp-json\/wp\/v2\/product"}],"about":[{"href":"https:\/\/romfilatelia.ro\/magazin\/wp-json\/wp\/v2\/types\/product"}],"wp:featuredmedia":[{"embeddable":true,"href":"https:\/\/romfilatelia.ro\/magazin\/wp-json\/wp\/v2\/media\/2025949"}],"wp:attachment":[{"href":"https:\/\/romfilatelia.ro\/magazin\/wp-json\/wp\/v2\/media?parent=2025948"}],"wp:term":[{"taxonomy":"product_cat","embeddable":true,"href":"https:\/\/romfilatelia.ro\/magazin\/wp-json\/wp\/v2\/product_cat?post=2025948"},{"taxonomy":"product_tag","embeddable":true,"href":"https:\/\/romfilatelia.ro\/magazin\/wp-json\/wp\/v2\/product_tag?post=2025948"}],"curies":[{"name":"wp","href":"https:\/\/api.w.org\/{rel}","templated":true}]}}