{"id":2025945,"date":"2020-07-02T19:07:54","date_gmt":"2020-07-02T17:07:54","guid":{"rendered":"https:\/\/romfilatelia.ro\/magazin\/?post_type=product&#038;p=2025945"},"modified":"2021-03-04T09:58:22","modified_gmt":"2021-03-04T07:58:22","slug":"kit-album-filatelic-craciun-2012-album-filatelic-craciun-2013-cadou-album-filatelic-craciun-2011","status":"publish","type":"product","link":"https:\/\/romfilatelia.ro\/magazin\/produs\/produse-filatelice-cu-surprize\/kit-album-filatelic-craciun-2012-album-filatelic-craciun-2013-cadou-album-filatelic-craciun-2011\/","title":{"rendered":"Kit Album filatelic Cr\u0103ciun 2012 + Album filatelic Cr\u0103ciun 2013  + CADOU Album filatelic Cr\u0103ciun 2011"},"content":{"rendered":"","protected":false},"excerpt":{"rendered":"","protected":false},"featured_media":2025946,"template":"","meta":{"neve_meta_sidebar":"","neve_meta_container":"","neve_meta_enable_content_width":"","neve_meta_content_width":0,"neve_meta_title_alignment":"","neve_meta_author_avatar":"","neve_post_elements_order":"","neve_meta_disable_header":"","neve_meta_disable_footer":"","neve_meta_disable_title":""},"product_cat":[167],"product_tag":[],"_links":{"self":[{"href":"https:\/\/romfilatelia.ro\/magazin\/wp-json\/wp\/v2\/product\/2025945"}],"collection":[{"href":"https:\/\/romfilatelia.ro\/magazin\/wp-json\/wp\/v2\/product"}],"about":[{"href":"https:\/\/romfilatelia.ro\/magazin\/wp-json\/wp\/v2\/types\/product"}],"wp:featuredmedia":[{"embeddable":true,"href":"https:\/\/romfilatelia.ro\/magazin\/wp-json\/wp\/v2\/media\/2025946"}],"wp:attachment":[{"href":"https:\/\/romfilatelia.ro\/magazin\/wp-json\/wp\/v2\/media?parent=2025945"}],"wp:term":[{"taxonomy":"product_cat","embeddable":true,"href":"https:\/\/romfilatelia.ro\/magazin\/wp-json\/wp\/v2\/product_cat?post=2025945"},{"taxonomy":"product_tag","embeddable":true,"href":"https:\/\/romfilatelia.ro\/magazin\/wp-json\/wp\/v2\/product_tag?post=2025945"}],"curies":[{"name":"wp","href":"https:\/\/api.w.org\/{rel}","templated":true}]}}