{"id":2025940,"date":"2020-07-02T19:09:37","date_gmt":"2020-07-02T17:09:37","guid":{"rendered":"https:\/\/romfilatelia.ro\/magazin\/?post_type=product&#038;p=2025940"},"modified":"2024-05-10T08:25:54","modified_gmt":"2024-05-10T06:25:54","slug":"kit-album-filatelic-sfintele-pasti-2012-album-filatelicsfintele-pasti-2013-cadou-cromolitografie-sfintele-pasti-2013","status":"publish","type":"product","link":"https:\/\/romfilatelia.ro\/magazin\/produs\/produse-filatelice-cu-surprize\/kit-album-filatelic-sfintele-pasti-2012-album-filatelicsfintele-pasti-2013-cadou-cromolitografie-sfintele-pasti-2013\/","title":{"rendered":"Kit Album filatelic Flora Rom\u00e2niei I &#8211; &#8222;Florile Faunei&#8221; + Album filatelic Flora Rom\u00e2niei II &#8211; &#8222;Florile faunei&#8221; + CADOU Album filatelic Reptile din Rom\u00e2nia"},"content":{"rendered":"","protected":false},"excerpt":{"rendered":"","protected":false},"featured_media":2025939,"template":"","meta":{"neve_meta_sidebar":"","neve_meta_container":"","neve_meta_enable_content_width":"","neve_meta_content_width":0,"neve_meta_title_alignment":"","neve_meta_author_avatar":"","neve_post_elements_order":"","neve_meta_disable_header":"","neve_meta_disable_footer":"","neve_meta_disable_title":""},"product_cat":[167],"product_tag":[],"_links":{"self":[{"href":"https:\/\/romfilatelia.ro\/magazin\/wp-json\/wp\/v2\/product\/2025940"}],"collection":[{"href":"https:\/\/romfilatelia.ro\/magazin\/wp-json\/wp\/v2\/product"}],"about":[{"href":"https:\/\/romfilatelia.ro\/magazin\/wp-json\/wp\/v2\/types\/product"}],"wp:featuredmedia":[{"embeddable":true,"href":"https:\/\/romfilatelia.ro\/magazin\/wp-json\/wp\/v2\/media\/2025939"}],"wp:attachment":[{"href":"https:\/\/romfilatelia.ro\/magazin\/wp-json\/wp\/v2\/media?parent=2025940"}],"wp:term":[{"taxonomy":"product_cat","embeddable":true,"href":"https:\/\/romfilatelia.ro\/magazin\/wp-json\/wp\/v2\/product_cat?post=2025940"},{"taxonomy":"product_tag","embeddable":true,"href":"https:\/\/romfilatelia.ro\/magazin\/wp-json\/wp\/v2\/product_tag?post=2025940"}],"curies":[{"name":"wp","href":"https:\/\/api.w.org\/{rel}","templated":true}]}}