{"id":2025938,"date":"2020-07-02T19:10:12","date_gmt":"2020-07-02T17:10:12","guid":{"rendered":"https:\/\/romfilatelia.ro\/magazin\/?post_type=product&#038;p=2025938"},"modified":"2024-05-10T08:25:37","modified_gmt":"2024-05-10T06:25:37","slug":"kit-album-filatelic-ziua-marcii-postale-romanesti-150-de-ani-de-la-infiintarea-asociatiunii-si-a-bibliotecii-astra-album-filatelic-a-xx-a-editie-a-festivalului-si-concursului-international-george","status":"publish","type":"product","link":"https:\/\/romfilatelia.ro\/magazin\/produs\/produse-filatelice-cu-surprize\/kit-album-filatelic-ziua-marcii-postale-romanesti-150-de-ani-de-la-infiintarea-asociatiunii-si-a-bibliotecii-astra-album-filatelic-a-xx-a-editie-a-festivalului-si-concursului-international-george\/","title":{"rendered":"Kit Album filatelic Ziua M\u0103rcii Po\u0219tale Rom\u00e2ne\u0219ti-150 de ani de la \u00eenfiin\u021barea Asocia\u0163iunii \u0219i a Bibliotecii Astra + Album filatelic A XX-a Edi\u021bie a Festivalului \u0219i Concursului Interna\u021bional &#8222;George Enescu&#8221; + CADOU Album filatelic Emisiune comun\u0103 Rom\u00e2nia \u2013 Hong Kong, China: Art\u0103 popular\u0103 tradi\u0163ional\u0103"},"content":{"rendered":"","protected":false},"excerpt":{"rendered":"","protected":false},"featured_media":2025929,"template":"","meta":{"neve_meta_sidebar":"","neve_meta_container":"","neve_meta_enable_content_width":"","neve_meta_content_width":0,"neve_meta_title_alignment":"","neve_meta_author_avatar":"","neve_post_elements_order":"","neve_meta_disable_header":"","neve_meta_disable_footer":"","neve_meta_disable_title":""},"product_cat":[167],"product_tag":[],"_links":{"self":[{"href":"https:\/\/romfilatelia.ro\/magazin\/wp-json\/wp\/v2\/product\/2025938"}],"collection":[{"href":"https:\/\/romfilatelia.ro\/magazin\/wp-json\/wp\/v2\/product"}],"about":[{"href":"https:\/\/romfilatelia.ro\/magazin\/wp-json\/wp\/v2\/types\/product"}],"wp:featuredmedia":[{"embeddable":true,"href":"https:\/\/romfilatelia.ro\/magazin\/wp-json\/wp\/v2\/media\/2025929"}],"wp:attachment":[{"href":"https:\/\/romfilatelia.ro\/magazin\/wp-json\/wp\/v2\/media?parent=2025938"}],"wp:term":[{"taxonomy":"product_cat","embeddable":true,"href":"https:\/\/romfilatelia.ro\/magazin\/wp-json\/wp\/v2\/product_cat?post=2025938"},{"taxonomy":"product_tag","embeddable":true,"href":"https:\/\/romfilatelia.ro\/magazin\/wp-json\/wp\/v2\/product_tag?post=2025938"}],"curies":[{"name":"wp","href":"https:\/\/api.w.org\/{rel}","templated":true}]}}