{"id":2025919,"date":"2020-07-20T13:03:51","date_gmt":"2020-07-20T11:03:51","guid":{"rendered":"https:\/\/romfilatelia.ro\/magazin\/?post_type=product&#038;p=2025919"},"modified":"2020-07-20T15:59:40","modified_gmt":"2020-07-20T13:59:40","slug":"produse-filatelice-cu-surprize","status":"publish","type":"product","link":"https:\/\/romfilatelia.ro\/magazin\/produs\/produse-filatelice-cu-surprize\/produse-filatelice-cu-surprize\/","title":{"rendered":"Produse filatelice cu surprize"},"content":{"rendered":"<p><a href=\"https:\/\/romfilatelia.ro\/magazin\/wp-content\/uploads\/2020\/07\/Promo_pachete_surpriza_2020-1.jpg\"><img decoding=\"async\" loading=\"lazy\" class=\"alignleft wp-image-2025920 size-medium\" src=\"https:\/\/romfilatelia.ro\/magazin\/wp-content\/uploads\/2020\/07\/Promo_pachete_surpriza_2020-1-210x300.jpg\" alt=\"\" width=\"210\" height=\"300\" \/><\/a>Dragi filateli\u0219ti,<\/p>\n<p>Vacan\u021b\u0103 de vara vine cu multe <strong>surprize la pachet<\/strong>. Pentru noi \u0219i pentru voi, acestea au un nume\u00a0: <strong>produsele filatelice cu surprize<\/strong>.<\/p>\n<p>Cu siguran\u021b\u0103 v-am st\u00e2rnit curiozitatea, a\u0219a c\u0103 v\u0103 provoc\u0103m s\u0103 intra\u021bi pe site-ul oficial <a href=\"http:\/\/www.romfilatelia.ro\">www.romfilatelia.ro<\/a> , sectiunea magazin online \u0219i , de asemenea, pe pagina de facebook: <a href=\"https:\/\/www.facebook.com\/romfilatelia\">https:\/\/www.facebook.com\/romfilatelia<\/a> \u0219i pagina de instagram : <a href=\"https:\/\/www.instagram.com\/romfilatelia\/\">https:\/\/www.instagram.com\/romfilatelia\/<\/a><\/p>\n<p><a href=\"https:\/\/romfilatelia.ro\/magazin\/wp-content\/uploads\/2020\/07\/tabel.png\"><img decoding=\"async\" loading=\"lazy\" class=\"aligncenter size-full wp-image-2025969\" src=\"https:\/\/romfilatelia.ro\/magazin\/wp-content\/uploads\/2020\/07\/tabel.png\" alt=\"\" width=\"909\" height=\"916\" srcset=\"https:\/\/romfilatelia.ro\/magazin\/wp-content\/uploads\/2020\/07\/tabel.png 909w, https:\/\/romfilatelia.ro\/magazin\/wp-content\/uploads\/2020\/07\/tabel-100x100.png 100w, https:\/\/romfilatelia.ro\/magazin\/wp-content\/uploads\/2020\/07\/tabel-500x504.png 500w, https:\/\/romfilatelia.ro\/magazin\/wp-content\/uploads\/2020\/07\/tabel-64x64.png 64w, https:\/\/romfilatelia.ro\/magazin\/wp-content\/uploads\/2020\/07\/tabel-150x150.png 150w, https:\/\/romfilatelia.ro\/magazin\/wp-content\/uploads\/2020\/07\/tabel-298x300.png 298w, https:\/\/romfilatelia.ro\/magazin\/wp-content\/uploads\/2020\/07\/tabel-768x774.png 768w, https:\/\/romfilatelia.ro\/magazin\/wp-content\/uploads\/2020\/07\/tabel-794x800.png 794w, https:\/\/romfilatelia.ro\/magazin\/wp-content\/uploads\/2020\/07\/tabel-53x53.png 53w, https:\/\/romfilatelia.ro\/magazin\/wp-content\/uploads\/2020\/07\/tabel-85x85.png 85w\" sizes=\"(max-width: 909px) 100vw, 909px\" \/><\/a><\/p>\n","protected":false},"excerpt":{"rendered":"<p>Dragi filateli\u0219ti, Vacan\u021b\u0103 de vara vine cu multe surprize la pachet. Pentru noi \u0219i pentru voi, acestea au un nume\u00a0: produsele filatelice cu surprize. Cu siguran\u021b\u0103 v-am st\u00e2rnit curiozitatea, a\u0219a c\u0103 v\u0103 provoc\u0103m s\u0103 intra\u021bi pe site-ul oficial www.romfilatelia.ro , sectiunea magazin online \u0219i , de asemenea, pe pagina de facebook: https:\/\/www.facebook.com\/romfilatelia \u0219i pagina de&hellip;&nbsp;<a href=\"https:\/\/romfilatelia.ro\/magazin\/produs\/produse-filatelice-cu-surprize\/produse-filatelice-cu-surprize\/\" class=\"\" rel=\"bookmark\">Cite\u0219te mai mult &raquo;<span class=\"screen-reader-text\">Produse filatelice cu surprize<\/span><\/a><\/p>\n","protected":false},"featured_media":2025920,"template":"","meta":{"neve_meta_sidebar":"","neve_meta_container":"","neve_meta_enable_content_width":"","neve_meta_content_width":0,"neve_meta_title_alignment":"","neve_meta_author_avatar":"","neve_post_elements_order":"","neve_meta_disable_header":"","neve_meta_disable_footer":"","neve_meta_disable_title":""},"product_cat":[167],"product_tag":[],"_links":{"self":[{"href":"https:\/\/romfilatelia.ro\/magazin\/wp-json\/wp\/v2\/product\/2025919"}],"collection":[{"href":"https:\/\/romfilatelia.ro\/magazin\/wp-json\/wp\/v2\/product"}],"about":[{"href":"https:\/\/romfilatelia.ro\/magazin\/wp-json\/wp\/v2\/types\/product"}],"wp:featuredmedia":[{"embeddable":true,"href":"https:\/\/romfilatelia.ro\/magazin\/wp-json\/wp\/v2\/media\/2025920"}],"wp:attachment":[{"href":"https:\/\/romfilatelia.ro\/magazin\/wp-json\/wp\/v2\/media?parent=2025919"}],"wp:term":[{"taxonomy":"product_cat","embeddable":true,"href":"https:\/\/romfilatelia.ro\/magazin\/wp-json\/wp\/v2\/product_cat?post=2025919"},{"taxonomy":"product_tag","embeddable":true,"href":"https:\/\/romfilatelia.ro\/magazin\/wp-json\/wp\/v2\/product_tag?post=2025919"}],"curies":[{"name":"wp","href":"https:\/\/api.w.org\/{rel}","templated":true}]}}