{"id":2025793,"date":"2020-06-15T06:20:45","date_gmt":"2020-06-15T04:20:45","guid":{"rendered":"https:\/\/romfilatelia.ro\/magazin\/?post_type=product&#038;p=2025793"},"modified":"2020-06-15T07:55:47","modified_gmt":"2020-06-15T05:55:47","slug":"mihai-eminescu-poet-al-credintei-neamului-romanesc","status":"publish","type":"product","link":"https:\/\/romfilatelia.ro\/magazin\/produs\/colectii-anuale\/2020\/mihai-eminescu-poet-al-credintei-neamului-romanesc\/","title":{"rendered":"MIHAI EMINESCU, POET AL CREDIN\u021aEI NEAMULUI ROM\u00c2NESC"},"content":{"rendered":"<p><a href=\"https:\/\/romfilatelia.ro\/magazin\/wp-content\/uploads\/2020\/06\/SITE_MC_Eminescu-poet.jpg\"><img decoding=\"async\" loading=\"lazy\" class=\"alignleft wp-image-2025794 size-medium\" src=\"https:\/\/romfilatelia.ro\/magazin\/wp-content\/uploads\/2020\/06\/SITE_MC_Eminescu-poet-300x166.jpg\" alt=\"\" width=\"300\" height=\"166\" srcset=\"https:\/\/romfilatelia.ro\/magazin\/wp-content\/uploads\/2020\/06\/SITE_MC_Eminescu-poet-300x166.jpg 300w, https:\/\/romfilatelia.ro\/magazin\/wp-content\/uploads\/2020\/06\/SITE_MC_Eminescu-poet-500x277.jpg 500w, https:\/\/romfilatelia.ro\/magazin\/wp-content\/uploads\/2020\/06\/SITE_MC_Eminescu-poet-64x36.jpg 64w, https:\/\/romfilatelia.ro\/magazin\/wp-content\/uploads\/2020\/06\/SITE_MC_Eminescu-poet-768x426.jpg 768w, https:\/\/romfilatelia.ro\/magazin\/wp-content\/uploads\/2020\/06\/SITE_MC_Eminescu-poet-800x444.jpg 800w, https:\/\/romfilatelia.ro\/magazin\/wp-content\/uploads\/2020\/06\/SITE_MC_Eminescu-poet.jpg 1128w\" sizes=\"(max-width: 300px) 100vw, 300px\" \/><\/a><strong>Romfilatelia<\/strong> continu\u0103 seria evenimentelor filatelice aniversare dedicate poetului na\u021bional, n\u0103scut \u00een urm\u0103 cu 170 de ani, prin introducerea \u00een circula\u021bie, <em>luni, 15 iunie 2020,<\/em> a emisiunii de m\u0103rci po\u0219tale <strong><em>Mihai Eminescu, poet al credin\u021bei neamului rom\u00e2nesc<\/em><\/strong><em>.<\/em><\/p>\n<p>Anvergura de poet cre\u0219tin a lui Mihai Eminescu (1850-1889) este definit\u0103 chiar de convingerile personale ale scriitorului, exprimate \u00eentr-o fraz\u0103 istoric\u0103: \u201eBiserica este mama Neamului Rom\u00e2nesc de totdeauna\u201d.<\/p>\n<p>La s\u0103rb\u0103toarea Pa\u0219tilor din 1881, \u00eentr-un articol din ziarul <em>Timpul<\/em>, Eminescu scria urm\u0103toarele:<\/p>\n<p><em>\u201e\u0218i iat\u0103 bat la poart\u0103 cu degetele moi florile prim\u0103verii \u0219i unde acum cinci sute de ani turmele lui Bucur ciobanul se pierdeau \u00een orizontul \u0219esului, ast\u0103zi mii de gr\u0103dini contrasteaz\u0103 \u00een t\u00e2n\u0103ra verdea\u021b\u0103 cu zidurile bisericilor; iar duiosul ritm al clopotelor ne veste\u0219te vechea \u0219i trista legend\u0103 c\u0103 ast\u0103zi \u00eenc\u0103 Hristos e \u00een morm\u00e2nt, c\u0103 m\u00e2ine se va \u00een\u0103l\u021ba din giulgiul alb ca floarea de crin, ridic\u00e2ndu-\u0219i fruntea sa radioas\u0103 la ceruri. Iat\u0103, dou\u0103 mii de ani aproape de c\u00e2nd ea (Evanghelia) a ridicat popoare din \u00eentuneric, le-a constituit pe principiul iubirii aproapelui, dou\u0103 mii de ani de c\u00e2nd biografia Fiului lui Dumnezeu e cartea dup\u0103 care se cre\u0219te omenirea\u201d.<\/em><\/p>\n<p>Preafericitul P\u0103rinte Patriarh Daniel, \u00eentr-o cuv\u00e2ntare rostit\u0103 \u00een 2014, la Academia Rom\u00e2n\u0103, cu ocazia <em>Zilei Culturii Na\u021bionale<\/em>, afirma despre Eminescu: <em>\u201eAta\u0219amentul, respectul \u0219i admira\u021bia lui Eminescu pentru Biserica neamului, pe care a v\u0103zut-o mereu prezent\u0103 \u00een dezvoltarea culturii \u0219i identit\u0103\u021bii na\u021bionale a poporului rom\u00e2n, le-a dob\u00e2ndit din familia sa, de la surorile mamei sale care erau c\u0103lug\u0103ri\u021be\u2026 A\u0219a s-a familiarizat el de foarte timpuriu cu slujbele \u0219i c\u00e2nt\u0103rile biserice\u0219ti, reflect\u00e2ndu-le mai t\u00e2rziu \u00een unele din crea\u021biile sale, \u00een care folose\u0219te metafore inspirate din universul liturgic ortodox, ca de pild\u0103 \u00een poezia <strong>Rug\u0103ciune<\/strong>\u201d.<\/em><em>\u00a0<\/em><\/p>\n<p style=\"text-align: center;\"><em>Cr\u0103ias\u0103 aleg\u00e2ndu-te<br \/>\n\u00cengenunchem rug\u00e2ndu-te,<br \/>\n\u00cenal\u021b\u0103-ne, ne m\u00e2ntuie<br \/>\nDin valul ce ne b\u00e2ntuie,<br \/>\nFii scut de \u00eent\u0103rire<br \/>\n\u0218i zid de m\u00e2ntuire,<br \/>\nPrivirea-\u021bi adorat\u0103<br \/>\nAsupr\u0103-ne coboar\u0103,<br \/>\nO, maic\u0103 prea curat\u0103,<br \/>\n\u0218i pururea fecioar\u0103, <\/em><\/p>\n<p style=\"text-align: center;\"><em>Marie!<\/em><\/p>\n<p>Ca o expresie a manifest\u0103rii credin\u021bei \u0219i patriotismului, la v\u00e2rsta de 20 de ani, la marele praznic al M\u0103n\u0103stirii Putna, aflat\u0103 sub protec\u021bia Sfintei Fecioare Maria, poetul se adreseaz\u0103 astfel participan\u021bilor: <em>\u201eRom\u00e2nii \u00een genere serbeaz\u0103 ziua Sfintei Marii, vergin\u0103, cast\u0103 \u0219i totu\u0219i mama care din s\u00e2nul ei a n\u0103scut pe reprezentantul libert\u0103\u021bii, pe martirul omenirii l\u0103n\u021buite, pe Christ\u201d<\/em> \u2013 \u0219i spune mai departe poetul <em>\u201eChrist a \u00eenvins cu litera de aur a adev\u0103rului \u0219i iubirii, \u0218tefan cu spada cea de flac\u0103r\u0103 a dreptului. Unul a fost Libertatea, cel\u0103lalt ap\u0103r\u0103torul Evangheliei. Vom depune deci o urn\u0103 de argint pe morm\u00e2ntul lui \u0218tefan, pe morm\u00e2ntul cre\u0219tinului pios, al rom\u00e2nului mare.\u201d<\/em><\/p>\n<p>Ambele timbre ale emisiunii au valoarea nominal\u0103 de <strong>8,50 lei<\/strong>. Pe unul dintre acestea se reg\u0103se\u0219te un bust al lui Mihai Eminescu aflat \u00een curtea M\u0103n\u0103stirii Putna, al\u0103turi de imaginea m\u0103n\u0103stirii. Cel\u0103lalt timbru este ilustrat cu un detaliu al statuii lui Mihai Eminescu, care poate fi admirat\u0103 \u00een fa\u021ba Ateneului Rom\u00e2n din Bucure\u0219ti (oper\u0103 a sculptorului Gheorghe D. Anghel), al\u0103turi de primele versuri ale poeziei <em>Rug\u0103ciune<\/em>. Pe plicul \u201eprima zi\u201d este reprodus integral bustul lui Mihai Eminescu de la M\u0103n\u0103stirea Putna.<\/p>\n<p><em>Romfilatelia mul\u021bume\u0219te M\u0103n\u0103stirii Putna \u0219i Administra\u021biei Monumentelor \u0219i Patrimoniului Turistic, din cadrul Prim\u0103riei Municipiului Bucure\u0219ti, pentru sprijinul documentar acordat la realizarea acestei emisiuni de m\u0103rci po\u0219tale. <\/em><\/p>\n<p><a href=\"https:\/\/romfilatelia.ro\/magazin\/wp-content\/uploads\/2020\/06\/caract_Eminescu-poet.jpg\"><img decoding=\"async\" loading=\"lazy\" class=\"aligncenter size-full wp-image-2025795\" src=\"https:\/\/romfilatelia.ro\/magazin\/wp-content\/uploads\/2020\/06\/caract_Eminescu-poet.jpg\" alt=\"\" width=\"1660\" height=\"834\" srcset=\"https:\/\/romfilatelia.ro\/magazin\/wp-content\/uploads\/2020\/06\/caract_Eminescu-poet.jpg 1660w, https:\/\/romfilatelia.ro\/magazin\/wp-content\/uploads\/2020\/06\/caract_Eminescu-poet-500x251.jpg 500w, https:\/\/romfilatelia.ro\/magazin\/wp-content\/uploads\/2020\/06\/caract_Eminescu-poet-64x32.jpg 64w\" sizes=\"(max-width: 1660px) 100vw, 1660px\" \/><\/a><\/p>\n","protected":false},"excerpt":{"rendered":"<p>Romfilatelia continu\u0103 seria evenimentelor filatelice aniversare dedicate poetului na\u021bional, n\u0103scut \u00een urm\u0103 cu 170 de ani, prin introducerea \u00een circula\u021bie, luni, 15 iunie 2020, a emisiunii de m\u0103rci po\u0219tale Mihai Eminescu, poet al credin\u021bei neamului rom\u00e2nesc. Anvergura de poet cre\u0219tin a lui Mihai Eminescu (1850-1889) este definit\u0103 chiar de convingerile personale ale scriitorului, exprimate \u00eentr-o&hellip;&nbsp;<a href=\"https:\/\/romfilatelia.ro\/magazin\/produs\/colectii-anuale\/2020\/mihai-eminescu-poet-al-credintei-neamului-romanesc\/\" class=\"\" rel=\"bookmark\">Cite\u0219te mai mult &raquo;<span class=\"screen-reader-text\">MIHAI EMINESCU, POET AL CREDIN\u021aEI NEAMULUI ROM\u00c2NESC<\/span><\/a><\/p>\n","protected":false},"featured_media":2025796,"template":"","meta":{"neve_meta_sidebar":"","neve_meta_container":"","neve_meta_enable_content_width":"","neve_meta_content_width":0,"neve_meta_title_alignment":"","neve_meta_author_avatar":"","neve_post_elements_order":"","neve_meta_disable_header":"","neve_meta_disable_footer":"","neve_meta_disable_title":""},"product_cat":[165,6],"product_tag":[],"_links":{"self":[{"href":"https:\/\/romfilatelia.ro\/magazin\/wp-json\/wp\/v2\/product\/2025793"}],"collection":[{"href":"https:\/\/romfilatelia.ro\/magazin\/wp-json\/wp\/v2\/product"}],"about":[{"href":"https:\/\/romfilatelia.ro\/magazin\/wp-json\/wp\/v2\/types\/product"}],"wp:featuredmedia":[{"embeddable":true,"href":"https:\/\/romfilatelia.ro\/magazin\/wp-json\/wp\/v2\/media\/2025796"}],"wp:attachment":[{"href":"https:\/\/romfilatelia.ro\/magazin\/wp-json\/wp\/v2\/media?parent=2025793"}],"wp:term":[{"taxonomy":"product_cat","embeddable":true,"href":"https:\/\/romfilatelia.ro\/magazin\/wp-json\/wp\/v2\/product_cat?post=2025793"},{"taxonomy":"product_tag","embeddable":true,"href":"https:\/\/romfilatelia.ro\/magazin\/wp-json\/wp\/v2\/product_tag?post=2025793"}],"curies":[{"name":"wp","href":"https:\/\/api.w.org\/{rel}","templated":true}]}}